{"id":110,"date":"2021-06-21T09:33:30","date_gmt":"2021-06-21T09:33:30","guid":{"rendered":"https:\/\/bpicakmiedzychod.pl\/?page_id=110"},"modified":"2021-08-10T10:25:53","modified_gmt":"2021-08-10T10:25:53","slug":"2016-2","status":"publish","type":"page","link":"https:\/\/bpicakmiedzychod.pl\/index.php\/centrum-animacji-kultury\/galeria\/2016-2\/","title":{"rendered":"2016"},"content":{"rendered":"\t\t<div data-elementor-type=\"wp-page\" data-elementor-id=\"110\" class=\"elementor elementor-110\" data-elementor-post-type=\"page\">\n\t\t\t\t\t\t<section data-particle_enable=\"false\" data-particle-mobile-disabled=\"false\" class=\"elementor-section elementor-top-section elementor-element elementor-element-419c9bf elementor-section-full_width elementor-section-height-default elementor-section-height-default\" data-id=\"419c9bf\" data-element_type=\"section\" data-settings=\"{&quot;background_background&quot;:&quot;classic&quot;}\">\n\t\t\t\t\t\t<div class=\"elementor-container elementor-column-gap-wider\">\n\t\t\t\t\t<div class=\"elementor-column elementor-col-50 elementor-top-column elementor-element elementor-element-0cd1cbc\" data-id=\"0cd1cbc\" data-element_type=\"column\" data-settings=\"{&quot;background_background&quot;:&quot;classic&quot;}\">\n\t\t\t<div class=\"elementor-widget-wrap elementor-element-populated\">\n\t\t\t\t\t<div class=\"elementor-background-overlay\"><\/div>\n\t\t\t\t\t\t<div class=\"elementor-element elementor-element-c526d91 elementor-widget elementor-widget-eael-creative-button\" data-id=\"c526d91\" data-element_type=\"widget\" data-widget_type=\"eael-creative-button.default\">\n\t\t\t\t<div class=\"elementor-widget-container\">\n\t\t\t\t\t        <div class=\"eael-creative-button-wrapper\">\n\n            <a class=\"eael-creative-button eael-creative-button--wave\" href=\"https:\/\/bpicakmiedzychod.pl\/index.php\/centrum-animacji-kultury\/galeria\/\" data-text=\"Sprawd\u017a\">\n            \t    \n                <div class=\"creative-button-inner\">\n\n                                            <span class=\"eael-creative-button-icon-left\"><\/span>                    \n                    <span class=\"cretive-button-text\">POWR\u00d3T<\/span>\n\n                                    <\/div>\n\t                        <\/a>\n        <\/div>\n        \t\t\t\t<\/div>\n\t\t\t\t<\/div>\n\t\t\t\t\t<\/div>\n\t\t<\/div>\n\t\t\t\t<div class=\"elementor-column elementor-col-50 elementor-top-column elementor-element elementor-element-85887a9\" data-id=\"85887a9\" data-element_type=\"column\" data-settings=\"{&quot;background_background&quot;:&quot;classic&quot;}\">\n\t\t\t<div class=\"elementor-widget-wrap elementor-element-populated\">\n\t\t\t\t\t\t<div class=\"elementor-element elementor-element-5072502 elementor-widget-divider--view-line elementor-widget elementor-widget-divider\" data-id=\"5072502\" data-element_type=\"widget\" data-widget_type=\"divider.default\">\n\t\t\t\t<div class=\"elementor-widget-container\">\n\t\t\t\t\t\t\t<div class=\"elementor-divider\">\n\t\t\t<span class=\"elementor-divider-separator\">\n\t\t\t\t\t\t<\/span>\n\t\t<\/div>\n\t\t\t\t\t\t<\/div>\n\t\t\t\t<\/div>\n\t\t\t\t<div class=\"elementor-element elementor-element-5837411 elementor-widget elementor-widget-heading\" data-id=\"5837411\" data-element_type=\"widget\" data-widget_type=\"heading.default\">\n\t\t\t\t<div class=\"elementor-widget-container\">\n\t\t\t\t\t<h2 class=\"elementor-heading-title elementor-size-default\">Galeria 2016<\/h2>\t\t\t\t<\/div>\n\t\t\t\t<\/div>\n\t\t\t\t<div class=\"elementor-element elementor-element-0019ac1 elementor-widget elementor-widget-html\" data-id=\"0019ac1\" data-element_type=\"widget\" data-widget_type=\"html.default\">\n\t\t\t\t<div class=\"elementor-widget-container\">\n\t\t\t\t\t<style>\n\n@media screen and (max-width: 1000px) {\nbody{margin-left:0px;}\n}\n\n@media screen and (min-width: 1000px) {\nbody{margin-left:60px;}\n}\n\n\n\n<\/style>\t\t\t\t<\/div>\n\t\t\t\t<\/div>\n\t\t\t\t\t<\/div>\n\t\t<\/div>\n\t\t\t\t\t<\/div>\n\t\t<\/section>\n\t\t\t\t<section data-particle_enable=\"false\" data-particle-mobile-disabled=\"false\" class=\"elementor-section elementor-top-section elementor-element elementor-element-8c4af47 elementor-section-full_width elementor-section-height-default elementor-section-height-default\" data-id=\"8c4af47\" data-element_type=\"section\" data-settings=\"{&quot;background_background&quot;:&quot;classic&quot;}\">\n\t\t\t\t\t\t<div class=\"elementor-container elementor-column-gap-no\">\n\t\t\t\t\t<div class=\"elementor-column elementor-col-100 elementor-top-column elementor-element elementor-element-61c93cb\" data-id=\"61c93cb\" data-element_type=\"column\">\n\t\t\t<div class=\"elementor-widget-wrap elementor-element-populated\">\n\t\t\t\t\t\t<div class=\"elementor-element elementor-element-2972898 eael_advanced_menu_hamburger_disable_selected_menu_no eael-advanced-menu-hamburger-align-right eael-advanced-menu--no eael-hamburger--tablet elementor-widget elementor-widget-eael-advanced-menu\" data-id=\"2972898\" data-element_type=\"widget\" data-widget_type=\"eael-advanced-menu.skin-seven\">\n\t\t\t\t<div class=\"elementor-widget-container\">\n\t\t\t\t\t<style>\n                        @media screen and (max-width: 1024px) {\n                            .eael-hamburger--tablet {\n                                .eael-advanced-menu-horizontal,\n                                .eael-advanced-menu-vertical {\n                                    display: none;\n                                }\n                            }\n                            .eael-hamburger--tablet {\n                                .eael-advanced-menu-container .eael-advanced-menu-toggle {\n                                    display: block;\n                                }\n                            }\n                        }\n                    <\/style>            <div data-hamburger-icon=\"&lt;i aria-hidden=&quot;true&quot; class=&quot;fas fa-bars&quot;&gt;&lt;\/i&gt;\" data-indicator-class=\"&lt;i aria-hidden=&quot;true&quot; class=&quot;fas fa-angle-down&quot;&gt;&lt;\/i&gt;\" data-dropdown-indicator-class=\"&lt;i aria-hidden=&quot;true&quot; class=&quot;fas fa-angle-down&quot;&gt;&lt;\/i&gt;\" class=\"eael-advanced-menu-container eael-advanced-menu-align-center eael-advanced-menu-dropdown-align-left\" data-hamburger-breakpoints=\"{&quot;mobile&quot;:&quot;Mobilny pionowy (&gt; 767px)&quot;,&quot;tablet&quot;:&quot;Pionowy tablet (&gt; 1024px)&quot;,&quot;desktop&quot;:&quot;Desktop (&gt; 2400px)&quot;,&quot;none&quot;:&quot;None&quot;}\" data-hamburger-device=\"tablet\">\n                <ul id=\"menu-2016-centrum\" class=\"eael-advanced-menu eael-advanced-menu-dropdown-animate-to-top eael-advanced-menu-indicator eael-advanced-menu-vertical\"><li id=\"menu-item-4408\" class=\"menu-item menu-item-type-post_type menu-item-object-page menu-item-4408\"><a href=\"https:\/\/bpicakmiedzychod.pl\/index.php\/centrum-animacji-kultury\/galeria\/2016-2\/wystrzalowy-sylwester-pod-gwiazdami-31-grudnia-2016\/\">Wystrza\u0142owy Sylwester pod Gwiazdami \u2013 31 grudnia 2016.<\/a><\/li>\n<li id=\"menu-item-4392\" class=\"menu-item menu-item-type-post_type menu-item-object-page menu-item-4392\"><a href=\"https:\/\/bpicakmiedzychod.pl\/index.php\/centrum-animacji-kultury\/galeria\/2016-2\/wspolne-spiewanie-koled-przy-choince-studio-piosenki-jakub-zachcial-22-grudnia-2016\/\">Wsp\u00f3lne \u015bpiewanie Kol\u0119d przy choince \u2013 Studio Piosenki &#038; Jakub Zachcia\u0142 \u2013 22 grudnia 2016.<\/a><\/li>\n<li id=\"menu-item-4373\" class=\"menu-item menu-item-type-post_type menu-item-object-page menu-item-4373\"><a href=\"https:\/\/bpicakmiedzychod.pl\/index.php\/centrum-animacji-kultury\/galeria\/2016-2\/anioly-u-kowalskich-przedstawienie-przygotowane-przez-sekcje-studio-piosenki-pod-kierownictwem-pani-ewy-gajewskiej-kiepury-20-grudnia-2016\/\">Anio\u0142y u Kowalskich \u2013 przedstawienie przygotowane przez sekcj\u0119 Studio Piosenki pod kierownictwem Pani Ewy Gajewskiej-Kiepury \u2013 20 grudnia 2016.<\/a><\/li>\n<li id=\"menu-item-4336\" class=\"menu-item menu-item-type-post_type menu-item-object-page menu-item-4336\"><a href=\"https:\/\/bpicakmiedzychod.pl\/index.php\/centrum-animacji-kultury\/galeria\/2016-2\/koncert-jazz-zima-trio-jaroslaw-kostka-instrumenty-klawiszowe-damian-kostka-kontrabas-jan-adamczewski-saksofony-17-grudnia-2016\/\">Koncert Jazz Zim\u0105. TRIO: Jaros\u0142aw Kostka \u2013 instrumenty klawiszowe, Damian Kostka \u2013 kontrabas , Jan Adamczewski \u2013 saksofony \u2013 17 grudnia 2016.<\/a><\/li>\n<li id=\"menu-item-4320\" class=\"menu-item menu-item-type-post_type menu-item-object-page menu-item-4320\"><a href=\"https:\/\/bpicakmiedzychod.pl\/index.php\/centrum-animacji-kultury\/galeria\/2016-2\/kiermasz-swiateczny-10-grudnia-2016\/\">Kiermasz \u015awi\u0105teczny \u2013 10 grudnia 2016.<\/a><\/li>\n<li id=\"menu-item-4276\" class=\"menu-item menu-item-type-post_type menu-item-object-page menu-item-4276\"><a href=\"https:\/\/bpicakmiedzychod.pl\/index.php\/centrum-animacji-kultury\/galeria\/2016-2\/wigilijne-spotkanie-przygotowane-przez-burmistrza-miedzychodu-osrodek-pomocy-spolecznej-w-miedzychodzie-gminna-komisje-rozwiazywania-problemow-alkoholowych-oraz-cak-9-grudnia-2016\/\">Wigilijne Spotkanie przygotowane przez Burmistrza Mi\u0119dzychodu, O\u015brodek Pomocy Spo\u0142ecznej w Mi\u0119dzychodzie, Gminn\u0105 Komisj\u0119 Rozwi\u0105zywania Problem\u00f3w Alkoholowych oraz CAK \u2013 9 grudnia 2016.<\/a><\/li>\n<li id=\"menu-item-4247\" class=\"menu-item menu-item-type-post_type menu-item-object-page menu-item-4247\"><a href=\"https:\/\/bpicakmiedzychod.pl\/index.php\/centrum-animacji-kultury\/galeria\/2016-2\/adaptacja-teatralna-powiesci-o-malutkiej-czarownicy-w-wykonaniu-mlodych-artystow-sekcji-krok-do-nibylandii-7-grudnia-2016\/\">Adaptacja teatralna powie\u015bci o Malutkiej Czarownicy \u2013 w wykonaniu m\u0142odych artyst\u00f3w sekcji \u201eKrok do Nibylandii\u201d \u2013 7 grudnia 2016.<\/a><\/li>\n<li id=\"menu-item-4215\" class=\"menu-item menu-item-type-post_type menu-item-object-page menu-item-4215\"><a href=\"https:\/\/bpicakmiedzychod.pl\/index.php\/centrum-animacji-kultury\/galeria\/2016-2\/i-urodziny-studia-tanca-remix-miedzychod-gwiazda-wieczoru-adam-stachowiak-z-zespolem-i-przyjaciele-gosciennie-studio-tanca-remix-skwierzyna-4-grudnia-2016\/\">I urodziny Studia Ta\u0144ca REMIX Mi\u0119dzych\u00f3d \u2013 Gwiazda wieczoru: Adam Stachowiak z zespo\u0142em i przyjaciele *go\u015bciennie Studio Ta\u0144ca Remix Skwierzyna \u2013 4 grudnia 2016.<\/a><\/li>\n<li id=\"menu-item-4132\" class=\"menu-item menu-item-type-post_type menu-item-object-page menu-item-4132\"><a href=\"https:\/\/bpicakmiedzychod.pl\/index.php\/centrum-animacji-kultury\/galeria\/2016-2\/miedzynarodowy-dzien-osob-niepelnosprawnych-1-grudnia-2016\/\">Mi\u0119dzynarodowy Dzie\u0144 Os\u00f3b Niepe\u0142nosprawnych \u2013 1 grudnia 2016.<\/a><\/li>\n<li id=\"menu-item-4120\" class=\"menu-item menu-item-type-post_type menu-item-object-page menu-item-4120\"><a href=\"https:\/\/bpicakmiedzychod.pl\/index.php\/centrum-animacji-kultury\/galeria\/2016-2\/spotkanie-autorskie-przemek-kossakowski-26-listopada-2016\/\">Spotkanie Autorskie \u2013 Przemek Kossakowski \u2013 26 listopada 2016.<\/a><\/li>\n<li id=\"menu-item-4095\" class=\"menu-item menu-item-type-post_type menu-item-object-page menu-item-4095\"><a href=\"https:\/\/bpicakmiedzychod.pl\/index.php\/centrum-animacji-kultury\/galeria\/2016-2\/swiateczne-warsztaty-kule-sniezne-24-listopada-2016\/\">\u015awi\u0105teczne Warsztaty \u2013 kule \u015bnie\u017cne \u2013 24 listopada 2016.<\/a><\/li>\n<li id=\"menu-item-4080\" class=\"menu-item menu-item-type-post_type menu-item-object-page menu-item-4080\"><a href=\"https:\/\/bpicakmiedzychod.pl\/index.php\/centrum-animacji-kultury\/galeria\/2016-2\/miedzynarodowy-dzien-seniora-23-listopada-2016\/\">Mi\u0119dzynarodowy Dzie\u0144 Seniora \u2013 23 listopada 2016.<\/a><\/li>\n<li id=\"menu-item-4060\" class=\"menu-item menu-item-type-post_type menu-item-object-page menu-item-4060\"><a href=\"https:\/\/bpicakmiedzychod.pl\/index.php\/centrum-animacji-kultury\/galeria\/2016-2\/akademia-wiedzy-o-regionie-zakonczenie-projektu-18-listopada-2016\/\">Akademia Wiedzy o Regionie \u2013 zako\u0144czenie projektu. \u2013 18 listopada 2016.<\/a><\/li>\n<li id=\"menu-item-4045\" class=\"menu-item menu-item-type-post_type menu-item-object-page menu-item-4045\"><a href=\"https:\/\/bpicakmiedzychod.pl\/index.php\/centrum-animacji-kultury\/galeria\/2016-2\/koncert-happy-jazz-band-12-listopada-2016\/\">Koncert Happy Jazz Band \u2013 12 listopada 2016.<\/a><\/li>\n<li id=\"menu-item-4018\" class=\"menu-item menu-item-type-post_type menu-item-object-page menu-item-4018\"><a href=\"https:\/\/bpicakmiedzychod.pl\/index.php\/centrum-animacji-kultury\/galeria\/2016-2\/miedzychodzki-dzien-z-rogalem-12-listopada-2016\/\">Mi\u0119dzychodzki Dzie\u0144 z Rogalem \u2013 12 listopada 2016.<\/a><\/li>\n<li id=\"menu-item-3987\" class=\"menu-item menu-item-type-post_type menu-item-object-page menu-item-3987\"><a href=\"https:\/\/bpicakmiedzychod.pl\/index.php\/centrum-animacji-kultury\/galeria\/2016-2\/zaduszkowy-koncert-poetycko-muzyczny-janowi-pawlowi-ii-pamiec-i-czesc-w-piesniach-totus-tuus-i-wierszach-marianny-batury-6-listopada-2016\/\">Zaduszkowy Koncert Poetycko Muzyczny \u2013 \u201eJANOWI PAW\u0141OWI II PAMI\u0118\u0106 I CZE\u015a\u0106 W PIE\u015aNIACH \u201eTOTUS TUUS\u201d I WIERSZACH MARIANNY BATURY\u201d. \u2013 6 listopada 2016.<\/a><\/li>\n<li id=\"menu-item-3957\" class=\"menu-item menu-item-type-post_type menu-item-object-page menu-item-3957\"><a href=\"https:\/\/bpicakmiedzychod.pl\/index.php\/centrum-animacji-kultury\/galeria\/2016-2\/akademia-wiedzy-o-regionie-awor-spotkanie-x-dofinansowane-z-narodowego-centrum-kultury-w-ramach-programu-dom-kultury-inicjatywy-lokalne-2016-4-listopada-2016\/\">Akademia Wiedzy o Regionie \u2013 AWOR (spotkanie X) Dofinansowane z Narodowego Centrum Kultury w ramach programu Dom Kultury + Inicjatywy Lokalne 2016 \u2013 4 listopada 2016.<\/a><\/li>\n<li id=\"menu-item-3943\" class=\"menu-item menu-item-type-post_type menu-item-object-page menu-item-3943\"><a href=\"https:\/\/bpicakmiedzychod.pl\/index.php\/centrum-animacji-kultury\/galeria\/2016-2\/tam-gdzie-kwitna-poziomki-katarzyny-kedzierskiej-projekt-zostal-zrealizowany-dzieki-dofinansowaniu-z-narodowego-centrum-kultury-w-ramach-dom-kultury-inicjatywy-lokal-3-listopada-2016\/\">\u201eTam, gdzie kwitn\u0105 poziomki..\u201d \u2013 Katarzyny K\u0119dzierskiej. *projekt zosta\u0142 zrealizowany dzi\u0119ki dofinansowaniu z Narodowego Centrum Kultury w ramach Dom Kultury + Inicjatywy Lokal \u2013 3 listopada 2016.<\/a><\/li>\n<li id=\"menu-item-3926\" class=\"menu-item menu-item-type-post_type menu-item-object-page menu-item-3926\"><a href=\"https:\/\/bpicakmiedzychod.pl\/index.php\/centrum-animacji-kultury\/galeria\/2016-2\/akademia-wiedzy-o-regionie-awor-spotkanie-ix-dofinansowane-z-narodowego-centrum-kultury-w-ramach-programu-dom-kultury-inicjatywy-lokalne-2016-28-pazdziernika-2016\/\">Akademia Wiedzy o Regionie \u2013 AWOR (spotkanie IX) Dofinansowane z Narodowego Centrum Kultury w ramach programu Dom Kultury + Inicjatywy Lokalne 2016 \u2013 28 pa\u017adziernika 2016.<\/a><\/li>\n<li id=\"menu-item-3914\" class=\"menu-item menu-item-type-post_type menu-item-object-page menu-item-3914\"><a href=\"https:\/\/bpicakmiedzychod.pl\/index.php\/centrum-animacji-kultury\/galeria\/2016-2\/koncert-organek-28-pazdziernik-2016\/\">Koncert \u00d8RGANEK \u2013 28 pa\u017adziernik 2016.<\/a><\/li>\n<li id=\"menu-item-3880\" class=\"menu-item menu-item-type-post_type menu-item-object-page menu-item-3880\"><a href=\"https:\/\/bpicakmiedzychod.pl\/index.php\/centrum-animacji-kultury\/galeria\/2016-2\/akademia-wiedzy-o-regionie-od-dworu-do-dworu-slopanowo-kobylniki-rudki-oporowo-kwilcz-chudobczyce-mosciejewo-zrealizowano-z-projektu-dom-kultury-inicjatywy-lokalne-20-23-pazdziernik-2016\/\">Akademia Wiedzy o Regionie \u2013 od dworu do dworu: S\u0142opanowo, Kobylniki, Rudki, Oporowo, Kwilcz, Chudobczyce, Mo\u015bciejewo *zrealizowano z projektu Dom Kultury + Inicjatywy Lokalne 20 \u2013 23 pa\u017adziernik 2016.<\/a><\/li>\n<li id=\"menu-item-3835\" class=\"menu-item menu-item-type-post_type menu-item-object-page menu-item-3835\"><a href=\"https:\/\/bpicakmiedzychod.pl\/index.php\/centrum-animacji-kultury\/galeria\/2016-2\/swiatowy-dzien-latawca-one-sky-one-world-dofinansowane-z-narodowego-centrum-kultury-w-ramach-programu-dom-kultury-inicjatywy-lokalne-2016-18-pazdziernika-2016\/\">\u015awiatowy Dzie\u0144 Latawca \u201eOne Sky One World\u201d *dofinansowane z Narodowego Centrum Kultury w ramach programu Dom Kultury + Inicjatywy Lokalne 2016. \u2013 18 pa\u017adziernika 2016.<\/a><\/li>\n<li id=\"menu-item-3799\" class=\"menu-item menu-item-type-post_type menu-item-object-page menu-item-3799\"><a href=\"https:\/\/bpicakmiedzychod.pl\/index.php\/centrum-animacji-kultury\/galeria\/2016-2\/koncert-urszula-z-kwartetem-smyczkowym-aukso-16-pazdziernika-2016\/\">Koncert URSZULA z Kwartetem Smyczkowym AUKSO \u2013 16 pa\u017adziernika 2016.<\/a><\/li>\n<li id=\"menu-item-3762\" class=\"menu-item menu-item-type-post_type menu-item-object-page menu-item-3762\"><a href=\"https:\/\/bpicakmiedzychod.pl\/index.php\/centrum-animacji-kultury\/galeria\/2016-2\/zajecia-dla-dzieci-i-rodzicow-wspolny-spacer-i-zabawa-quest-dotyczacy-miedzychodu-sobota-15-pazdziernika-15-pazdziernika-2016\/\">Zaj\u0119cia dla dzieci i rodzic\u00f3w \u2013 wsp\u00f3lny spacer i zabawa \u2013 quest dotycz\u0105cy Mi\u0119dzychodu \u2013 sobota 15 pa\u017adziernika. \u2013 15 pa\u017adziernika 2016.<\/a><\/li>\n<li id=\"menu-item-3751\" class=\"menu-item menu-item-type-post_type menu-item-object-page menu-item-3751\"><a href=\"https:\/\/bpicakmiedzychod.pl\/index.php\/centrum-animacji-kultury\/galeria\/2016-2\/warsztaty-z-robienia-latawcow-projekt-one-sky-one-world-dofinansowane-z-narodowego-centrum-kultury-w-ramach-programu-dom-kultury-inicjatywy-lokalne-2016-10-pazdziernika-2016\/\">Warsztaty z robienia Latawc\u00f3w \u2013 Projekt \u201eOne Sky One World\u201d Dofinansowane z Narodowego Centrum Kultury w ramach programu Dom Kultury + Inicjatywy Lokalne 2016 \u2013 10 pa\u017adziernika 2016.<\/a><\/li>\n<li id=\"menu-item-3735\" class=\"menu-item menu-item-type-post_type menu-item-object-page menu-item-3735\"><a href=\"https:\/\/bpicakmiedzychod.pl\/index.php\/centrum-animacji-kultury\/galeria\/2016-2\/koncert-elektro-akustyczny-przemyslawa-sledzia-sledziuha-8-pazdziernika-2016\/\">Koncert elektro-akustyczny Przemys\u0142awa \u015aledzia -\u015aLEDZIUHA- \u2013 8 pa\u017adziernika 2016.<\/a><\/li>\n<li id=\"menu-item-3714\" class=\"menu-item menu-item-type-post_type menu-item-object-page menu-item-3714\"><a href=\"https:\/\/bpicakmiedzychod.pl\/index.php\/centrum-animacji-kultury\/galeria\/2016-2\/festiwal-piosenki-karaoke-z-kawiarenka-w-tle-final-zmagan-szkol-projekt-dofinansowany-z-narodowego-centrum-kultury-w-ramach-programu-dom-kultury-inicjatywy-lokalne-2016-5-pazdziernika-2016\/\">Festiwal Piosenki Karaoke z Kawiarenk\u0105 w tle \u2013 FINA\u0141 zmaga\u0144 szk\u00f3\u0142. Projekt dofinansowany z Narodowego Centrum Kultury w ramach programu Dom Kultury + Inicjatywy Lokalne 2016 \u2013 5 pa\u017adziernika 2016.<\/a><\/li>\n<li id=\"menu-item-3689\" class=\"menu-item menu-item-type-post_type menu-item-object-page menu-item-3689\"><a href=\"https:\/\/bpicakmiedzychod.pl\/index.php\/centrum-animacji-kultury\/galeria\/2016-2\/festiwal-piosenki-karaoke-z-kawiarenka-w-tle-zmagania-szkol-projekt-dofinansowany-z-narodowego-centrum-kultury-w-ramach-programu-dom-kultury-inicjatywy-lokalne-2016-28-wrzesnia-2016\/\">Festiwal Piosenki Karaoke z Kawiarenk\u0105 w tle \u2013 zmagania szk\u00f3\u0142. Projekt dofinansowany z Narodowego Centrum Kultury w ramach programu Dom Kultury + Inicjatywy Lokalne 2016 \u2013 28 wrze\u015bnia 2016.<\/a><\/li>\n<li id=\"menu-item-3658\" class=\"menu-item menu-item-type-post_type menu-item-object-page menu-item-3658\"><a href=\"https:\/\/bpicakmiedzychod.pl\/index.php\/centrum-animacji-kultury\/galeria\/2016-2\/cztery-pory-na-fortepian-muzyka-dla-sienkiewicza-koncert-fortepianowy-michala-sobierajskiego-25-wrzesnia-2016\/\">Cztery pory na Fortepian \u2013 Muzyka dla Sienkiewicza \u2013 Koncert Fortepianowy Micha\u0142a Sobierajskiego \u2013 25 wrze\u015bnia 2016.<\/a><\/li>\n<li id=\"menu-item-3642\" class=\"menu-item menu-item-type-post_type menu-item-object-page menu-item-3642\"><a href=\"https:\/\/bpicakmiedzychod.pl\/index.php\/centrum-animacji-kultury\/galeria\/2016-2\/artystyczne-tworzenie-mebli-z-materialow-z-recyklingu-i-starych-palet-zajecia-dla-uczniow-szkol-dofinansowane-z-narodowego-centrum-kultury-w-ramach-programu-dk-12-wrzesnia-2016\/\">Artystyczne tworzenie mebli z materia\u0142\u00f3w z recyklingu i starych palet \u2013 zaj\u0119cia dla uczni\u00f3w szk\u00f3\u0142. Dofinansowane z Narodowego Centrum Kultury w ramach programu DK+ \u2013 12 wrze\u015bnia 2016.<\/a><\/li>\n<li id=\"menu-item-3626\" class=\"menu-item menu-item-type-post_type menu-item-object-page menu-item-3626\"><a href=\"https:\/\/bpicakmiedzychod.pl\/index.php\/centrum-animacji-kultury\/galeria\/2016-2\/wystepy-remix-miedzychod-i-studio-piosenki-swieto-podgrzybka-w-swiniarach-10-wrzesnia-2016\/\">Wyst\u0119py REMIX Mi\u0119dzych\u00f3d i Studio Piosenki \u2013 \u015awi\u0119to Podgrzybka w \u015awiniarach \u2013 10 wrze\u015bnia 2016.<\/a><\/li>\n<li id=\"menu-item-3612\" class=\"menu-item menu-item-type-post_type menu-item-object-page menu-item-3612\"><a href=\"https:\/\/bpicakmiedzychod.pl\/index.php\/centrum-animacji-kultury\/galeria\/2016-2\/akademia-wiedzy-o-regionie-prelekcje-wyklady-wyjazdy-dofinansowano-z-narodowego-centrum-kultury-w-ramach-programu-dom-kultury-inicjatywy-lokalne-2016-10-wrzesnia-2016\/\">Akademia Wiedzy o Regionie \u2013 prelekcje, wyk\u0142ady, wyjazdy *dofinansowano z Narodowego Centrum Kultury w ramach programu Dom Kultury + Inicjatywy Lokalne 2016. \u2013 10 wrze\u015bnia 2016.<\/a><\/li>\n<li id=\"menu-item-3570\" class=\"menu-item menu-item-type-post_type menu-item-object-page menu-item-3570\"><a href=\"https:\/\/bpicakmiedzychod.pl\/index.php\/centrum-animacji-kultury\/galeria\/2016-2\/wystep-zespolu-tanecznego-remix-miedzychod-na-dni-ziemi-kwileckiej-w-kwilczu-4-wrzesnia-2016\/\">Wyst\u0119p Zespo\u0142u Tanecznego REMIX Mi\u0119dzych\u00f3d na Dni Ziemi Kwileckiej w Kwilczu \u2013 4 wrze\u015bnia 2016.<\/a><\/li>\n<li id=\"menu-item-3542\" class=\"menu-item menu-item-type-post_type menu-item-object-page menu-item-3542\"><a href=\"https:\/\/bpicakmiedzychod.pl\/index.php\/centrum-animacji-kultury\/galeria\/2016-2\/klubowy-projekt-plaza-k-miedzychodu-mierzyn-projekt-dofinansowany-z-narodowego-centrum-kultury-w-ramach-programu-dom-kultury-inicjatywy-lokalne-2016-13-sierpnia-2016\/\">Klubowy Projekt pla\u017ca k\/Mi\u0119dzychodu Mierzyn. Projekt dofinansowany z Narodowego Centrum Kultury w ramach programu Dom Kultury + Inicjatywy Lokalne 2016 \u2013 13 sierpnia 2016.<\/a><\/li>\n<\/ul>                <button class=\"eael-advanced-menu-toggle\" aria-label=\"Essential Addons Toggle Menu\">\n                    <i aria-hidden=\"true\" class=\"fas fa-bars\"><\/i>                <\/button>\n            <\/div>\n            \t\t\t\t<\/div>\n\t\t\t\t<\/div>\n\t\t\t\t\t<\/div>\n\t\t<\/div>\n\t\t\t\t\t<\/div>\n\t\t<\/section>\n\t\t\t\t<\/div>\n\t\t","protected":false},"excerpt":{"rendered":"<p>POWR\u00d3T Galeria 2016 Wystrza\u0142owy Sylwester pod Gwiazdami \u2013 31 grudnia 2016. Wsp\u00f3lne \u015bpiewanie Kol\u0119d przy choince \u2013 Studio Piosenki &#038; Jakub Zachcia\u0142 \u2013 22 grudnia 2016. Anio\u0142y u Kowalskich \u2013 przedstawienie przygotowane przez sekcj\u0119 Studio Piosenki pod kierownictwem Pani Ewy Gajewskiej-Kiepury \u2013 20 grudnia 2016. Koncert Jazz Zim\u0105. TRIO: Jaros\u0142aw Kostka \u2013 instrumenty klawiszowe, Damian [&hellip;]<\/p>\n","protected":false},"author":1,"featured_media":0,"parent":84,"menu_order":0,"comment_status":"closed","ping_status":"closed","template":"elementor_header_footer","meta":{"footnotes":""},"class_list":["post-110","page","type-page","status-publish","hentry"],"_links":{"self":[{"href":"https:\/\/bpicakmiedzychod.pl\/index.php\/wp-json\/wp\/v2\/pages\/110","targetHints":{"allow":["GET"]}}],"collection":[{"href":"https:\/\/bpicakmiedzychod.pl\/index.php\/wp-json\/wp\/v2\/pages"}],"about":[{"href":"https:\/\/bpicakmiedzychod.pl\/index.php\/wp-json\/wp\/v2\/types\/page"}],"author":[{"embeddable":true,"href":"https:\/\/bpicakmiedzychod.pl\/index.php\/wp-json\/wp\/v2\/users\/1"}],"replies":[{"embeddable":true,"href":"https:\/\/bpicakmiedzychod.pl\/index.php\/wp-json\/wp\/v2\/comments?post=110"}],"version-history":[{"count":10,"href":"https:\/\/bpicakmiedzychod.pl\/index.php\/wp-json\/wp\/v2\/pages\/110\/revisions"}],"predecessor-version":[{"id":15045,"href":"https:\/\/bpicakmiedzychod.pl\/index.php\/wp-json\/wp\/v2\/pages\/110\/revisions\/15045"}],"up":[{"embeddable":true,"href":"https:\/\/bpicakmiedzychod.pl\/index.php\/wp-json\/wp\/v2\/pages\/84"}],"wp:attachment":[{"href":"https:\/\/bpicakmiedzychod.pl\/index.php\/wp-json\/wp\/v2\/media?parent=110"}],"curies":[{"name":"wp","href":"https:\/\/api.w.org\/{rel}","templated":true}]}}