{"id":12405,"date":"2021-07-12T12:59:01","date_gmt":"2021-07-12T12:59:01","guid":{"rendered":"https:\/\/bpicakmiedzychod.pl\/?page_id=12405"},"modified":"2021-08-30T12:19:57","modified_gmt":"2021-08-30T12:19:57","slug":"warsztaty-ginacych-zawodow-2","status":"publish","type":"page","link":"https:\/\/bpicakmiedzychod.pl\/index.php\/centrum-animacji-kultury\/projekty\/warsztaty-ginacych-zawodow-2\/","title":{"rendered":"&#8222;Warsztaty gin\u0105cych zawod\u00f3w&#8221;"},"content":{"rendered":"\t\t<div data-elementor-type=\"wp-page\" data-elementor-id=\"12405\" class=\"elementor elementor-12405\" data-elementor-post-type=\"page\">\n\t\t\t\t\t\t<section data-particle_enable=\"false\" data-particle-mobile-disabled=\"false\" class=\"elementor-section elementor-top-section elementor-element elementor-element-7869f22 elementor-section-full_width elementor-section-height-default elementor-section-height-default\" data-id=\"7869f22\" data-element_type=\"section\">\n\t\t\t\t\t\t<div class=\"elementor-container elementor-column-gap-wider\">\n\t\t\t\t\t<div class=\"elementor-column elementor-col-100 elementor-top-column elementor-element elementor-element-b694922\" data-id=\"b694922\" data-element_type=\"column\">\n\t\t\t<div class=\"elementor-widget-wrap elementor-element-populated\">\n\t\t\t\t\t\t<div class=\"elementor-element elementor-element-58934b2 elementor-widget elementor-widget-html\" data-id=\"58934b2\" data-element_type=\"widget\" data-widget_type=\"html.default\">\n\t\t\t\t<div class=\"elementor-widget-container\">\n\t\t\t\t\t<style>\n\n@media screen and (max-width: 1000px) {\nbody{margin-left:0px;}\n}\n\n@media screen and (min-width: 1000px) {\nbody{margin-left:60px;}\n}\n\n\n\n<\/style>\t\t\t\t<\/div>\n\t\t\t\t<\/div>\n\t\t\t\t<div class=\"elementor-element elementor-element-7b2ef92 elementor-widget-divider--view-line elementor-widget elementor-widget-divider\" data-id=\"7b2ef92\" data-element_type=\"widget\" data-widget_type=\"divider.default\">\n\t\t\t\t<div class=\"elementor-widget-container\">\n\t\t\t\t\t\t\t<div class=\"elementor-divider\">\n\t\t\t<span class=\"elementor-divider-separator\">\n\t\t\t\t\t\t<\/span>\n\t\t<\/div>\n\t\t\t\t\t\t<\/div>\n\t\t\t\t<\/div>\n\t\t\t\t<div class=\"elementor-element elementor-element-275d560 elementor-widget elementor-widget-heading\" data-id=\"275d560\" data-element_type=\"widget\" data-widget_type=\"heading.default\">\n\t\t\t\t<div class=\"elementor-widget-container\">\n\t\t\t\t\t<h2 class=\"elementor-heading-title elementor-size-default\">\u201eWarsztaty gin\u0105cych zawod\u00f3w\u201d<\/h2>\t\t\t\t<\/div>\n\t\t\t\t<\/div>\n\t\t\t\t\t<\/div>\n\t\t<\/div>\n\t\t\t\t\t<\/div>\n\t\t<\/section>\n\t\t\t\t<section data-particle_enable=\"false\" data-particle-mobile-disabled=\"false\" class=\"elementor-section elementor-top-section elementor-element elementor-element-2ff9fed elementor-section-boxed elementor-section-height-default elementor-section-height-default\" data-id=\"2ff9fed\" data-element_type=\"section\">\n\t\t\t\t\t\t<div class=\"elementor-container elementor-column-gap-default\">\n\t\t\t\t\t<div class=\"elementor-column elementor-col-100 elementor-top-column elementor-element elementor-element-177f6bf\" data-id=\"177f6bf\" data-element_type=\"column\">\n\t\t\t<div class=\"elementor-widget-wrap elementor-element-populated\">\n\t\t\t\t\t\t<div class=\"elementor-element elementor-element-f40f435 elementor-widget elementor-widget-image\" data-id=\"f40f435\" data-element_type=\"widget\" data-widget_type=\"image.default\">\n\t\t\t\t<div class=\"elementor-widget-container\">\n\t\t\t\t\t\t\t\t\t\t\t\t\t\t\t<img fetchpriority=\"high\" decoding=\"async\" width=\"667\" height=\"162\" src=\"https:\/\/bpicakmiedzychod.pl\/wp-content\/uploads\/2021\/07\/xloga5.jpg.pagespeed.ic_.ksHiaQYMwB.jpg\" class=\"attachment-large size-large wp-image-9774\" alt=\"\" srcset=\"https:\/\/bpicakmiedzychod.pl\/wp-content\/uploads\/2021\/07\/xloga5.jpg.pagespeed.ic_.ksHiaQYMwB.jpg 667w, https:\/\/bpicakmiedzychod.pl\/wp-content\/uploads\/2021\/07\/xloga5.jpg.pagespeed.ic_.ksHiaQYMwB-300x73.jpg 300w\" sizes=\"(max-width: 667px) 100vw, 667px\" \/>\t\t\t\t\t\t\t\t\t\t\t\t\t\t\t<\/div>\n\t\t\t\t<\/div>\n\t\t\t\t\t<\/div>\n\t\t<\/div>\n\t\t\t\t\t<\/div>\n\t\t<\/section>\n\t\t\t\t<section data-particle_enable=\"false\" data-particle-mobile-disabled=\"false\" class=\"elementor-section elementor-top-section elementor-element elementor-element-172dbce elementor-section-full_width elementor-section-height-default elementor-section-height-default\" data-id=\"172dbce\" data-element_type=\"section\">\n\t\t\t\t\t\t<div class=\"elementor-container elementor-column-gap-wider\">\n\t\t\t\t\t<div class=\"elementor-column elementor-col-100 elementor-top-column elementor-element elementor-element-f48b9e7\" data-id=\"f48b9e7\" data-element_type=\"column\">\n\t\t\t<div class=\"elementor-widget-wrap elementor-element-populated\">\n\t\t\t\t\t\t<div class=\"elementor-element elementor-element-4c0c62e elementor-widget elementor-widget-text-editor\" data-id=\"4c0c62e\" data-element_type=\"widget\" data-widget_type=\"text-editor.default\">\n\t\t\t\t<div class=\"elementor-widget-container\">\n\t\t\t\t\t\t\t\t\t<p align=\" justify\">W Centrum Edukacji Regionalnej i Przyrodniczej w Mniszkach &#8211; Oddziale Biblioteki Publicznej i Centrum Animacji Kultury w Mi\u0119dzychodzie, realizowane jest zadanie dofinansowane w ramach Programu Ministra Kultury i Dziedzictwa Narodowego Wspieranie Dzia\u0142a\u0144 Muzealnych 2018. Instytucj\u0105 zarz\u0105dzaj\u0105c\u0105 jest Narodowy Instytut Muzealnictwa i Ochrony Zbior\u00f3w.<\/p><p>Zadanie nasze polega na modernizacji istniej\u0105cej ju\u017c wystawy sta\u0142ej p.n. \u201eWarsztaty gin\u0105cych zawod\u00f3w\u201d znajduj\u0105cej si\u0119 w Mniszkach. Efekty ogl\u0105da\u0107 b\u0119dzie mo\u017cna od 15 grudnia b.r. &#8211; w\u0142a\u015bnie w tym dniu nast\u0105pi uroczysta prezentacja zmodernizowanych ekspozycji \u2013 w warsztacie kowalskim, bednarskim, szewskim, u pszczelarza, rybaka, praczki, w sk\u0142adzie kolonialnym, w dawnej klasie szkolnej, drukarni, w warsztacie fotografa, fryzjera, zegarmistrza i krawca.<\/p><p>W wyniku prac zobaczy\u0107 b\u0119dzie mo\u017cna na wystawach w CERiP wiele kolejnych przedmiot\u00f3w &#8211; dawnych narz\u0119dzi i urz\u0105dze\u0144. Poszczeg\u00f3lne fragmenty scenografii uzupe\u0142ni\u0105 nowoczesne techniki multimedialne, kt\u00f3re w spos\u00f3b dyskretny, g\u0142\u00f3wnie d\u017awi\u0119kiem, przekazywa\u0107 b\u0119d\u0105 tre\u015bci dotycz\u0105ce ka\u017cdego z rzemios\u0142. S\u0142u\u017cy\u0107 temu b\u0119dzie, odtwarzana ze szczeg\u00f3\u0142ami, wzorowana na r\u00f3\u017cnych elementach i detalach architektonicznych z wielkopolskich ma\u0142ych miasteczek, scenografia przedstawiaj\u0105ca uliczk\u0119 z domami, bramami do warsztat\u00f3w, oknami i okiennicami, szyldami, latarniami, pomp\u0105&#8230;<\/p><p>Ca\u0142o\u015b\u0107 projektu to koszt 37.730,00 zl. Dofinansowanie ze \u015brodk\u00f3w Ministra Kultury i Dziedzictwa Narodowego \u2013 programu Wspieranie Dzia\u0142a\u0144 Muzealnych 2018 to 29.750,00 z\u0142, \u015brodki w\u0142asne przeznaczone na zadanie \u2013 7.980,00 z\u0142<\/p>\t\t\t\t\t\t\t\t<\/div>\n\t\t\t\t<\/div>\n\t\t\t\t<div class=\"elementor-element elementor-element-7137a99 elementor-widget elementor-widget-text-editor\" data-id=\"7137a99\" data-element_type=\"widget\" data-widget_type=\"text-editor.default\">\n\t\t\t\t<div class=\"elementor-widget-container\">\n\t\t\t\t\t\t\t\t\t<p align=\" justify\">Z rado\u015bci\u0105 informujemy, i\u017c dzi\u0119ki dofinanoswaniu, kt\u00f3re otrzymali\u015bmy w ramach programu <strong>Ministerstwo Kultury i Dziedzictwa Narodowego<\/strong> <strong>&#8211; WSPIERANIE DZIA\u0141A\u0143 MUZEALNYCH 2018<\/strong> realizuje projekt wystawy &#8222;Warsztaty gin\u0105cych zawod\u00f3w&#8221; w dawnym zespole dworskim w Mniszkach. Wsparcie ze \u015brodk\u00f3w MKiDN to 29 750 z\u0142. Warto\u015b\u0107 ca\u0142ego projektu to: 37 730 z\u0142.<\/p><p align=\" justify\">Instytucj\u0105 zarz\u0105dziaj\u0105com programem jest Narodowy Instytut Muzealnictwa i Ochrony Zbior\u00f3w. <strong>Projekt pod nazw\u0105: Modernizacja wystawy &#8222;Warsztaty gin\u0105cych zawod\u00f3w&#8221; dofinansowany jest ze \u015bdok\u00f3w Ministra Kultury i Dziedzictwa Narodowego z<\/strong> <strong>FUNDUSZU PROMOCJI KULTURY.<\/strong><\/p><p>Ju\u017c dzi\u015b zapraszamy na prezentacj\u0119 efekt\u00f3w naszych prac &#8211; 15 grudnia od 11:00!<\/p><p>Wszystkie informacje na stronie CERIP: <a href=\"http:\/\/mniszki.pl\"><strong>mniszki.pl<\/strong><\/a><\/p>\t\t\t\t\t\t\t\t<\/div>\n\t\t\t\t<\/div>\n\t\t\t\t\t<\/div>\n\t\t<\/div>\n\t\t\t\t\t<\/div>\n\t\t<\/section>\n\t\t\t\t<\/div>\n\t\t","protected":false},"excerpt":{"rendered":"<p>\u201eWarsztaty gin\u0105cych zawod\u00f3w\u201d W Centrum Edukacji Regionalnej i Przyrodniczej w Mniszkach &#8211; Oddziale Biblioteki Publicznej i Centrum Animacji Kultury w Mi\u0119dzychodzie, realizowane jest zadanie dofinansowane w ramach Programu Ministra Kultury i Dziedzictwa Narodowego Wspieranie Dzia\u0142a\u0144 Muzealnych 2018. Instytucj\u0105 zarz\u0105dzaj\u0105c\u0105 jest Narodowy Instytut Muzealnictwa i Ochrony Zbior\u00f3w. Zadanie nasze polega na modernizacji istniej\u0105cej ju\u017c wystawy sta\u0142ej [&hellip;]<\/p>\n","protected":false},"author":1,"featured_media":0,"parent":80,"menu_order":0,"comment_status":"closed","ping_status":"closed","template":"elementor_header_footer","meta":{"footnotes":""},"class_list":["post-12405","page","type-page","status-publish","hentry"],"_links":{"self":[{"href":"https:\/\/bpicakmiedzychod.pl\/index.php\/wp-json\/wp\/v2\/pages\/12405","targetHints":{"allow":["GET"]}}],"collection":[{"href":"https:\/\/bpicakmiedzychod.pl\/index.php\/wp-json\/wp\/v2\/pages"}],"about":[{"href":"https:\/\/bpicakmiedzychod.pl\/index.php\/wp-json\/wp\/v2\/types\/page"}],"author":[{"embeddable":true,"href":"https:\/\/bpicakmiedzychod.pl\/index.php\/wp-json\/wp\/v2\/users\/1"}],"replies":[{"embeddable":true,"href":"https:\/\/bpicakmiedzychod.pl\/index.php\/wp-json\/wp\/v2\/comments?post=12405"}],"version-history":[{"count":31,"href":"https:\/\/bpicakmiedzychod.pl\/index.php\/wp-json\/wp\/v2\/pages\/12405\/revisions"}],"predecessor-version":[{"id":16508,"href":"https:\/\/bpicakmiedzychod.pl\/index.php\/wp-json\/wp\/v2\/pages\/12405\/revisions\/16508"}],"up":[{"embeddable":true,"href":"https:\/\/bpicakmiedzychod.pl\/index.php\/wp-json\/wp\/v2\/pages\/80"}],"wp:attachment":[{"href":"https:\/\/bpicakmiedzychod.pl\/index.php\/wp-json\/wp\/v2\/media?parent=12405"}],"curies":[{"name":"wp","href":"https:\/\/api.w.org\/{rel}","templated":true}]}}