{"id":12670,"date":"2021-07-13T09:44:09","date_gmt":"2021-07-13T09:44:09","guid":{"rendered":"https:\/\/bpicakmiedzychod.pl\/?page_id=12670"},"modified":"2023-11-24T13:53:18","modified_gmt":"2023-11-24T13:53:18","slug":"cool-kids-taniec-hip-hop","status":"publish","type":"page","link":"https:\/\/bpicakmiedzychod.pl\/index.php\/centrum-animacji-kultury\/zajecia\/cool-kids-taniec-hip-hop\/","title":{"rendered":"Cool Kids"},"content":{"rendered":"\t\t<div data-elementor-type=\"wp-page\" data-elementor-id=\"12670\" class=\"elementor elementor-12670\" data-elementor-post-type=\"page\">\n\t\t\t\t\t\t<section data-particle_enable=\"false\" data-particle-mobile-disabled=\"false\" class=\"elementor-section elementor-top-section elementor-element elementor-element-686f5f8 elementor-section-full_width elementor-section-height-default elementor-section-height-default\" data-id=\"686f5f8\" data-element_type=\"section\">\n\t\t\t\t\t\t<div class=\"elementor-container elementor-column-gap-wider\">\n\t\t\t\t\t<div class=\"elementor-column elementor-col-100 elementor-top-column elementor-element elementor-element-eb41be2\" data-id=\"eb41be2\" data-element_type=\"column\">\n\t\t\t<div class=\"elementor-widget-wrap elementor-element-populated\">\n\t\t\t\t\t\t<div class=\"elementor-element elementor-element-40c56d8 elementor-widget elementor-widget-html\" data-id=\"40c56d8\" data-element_type=\"widget\" data-widget_type=\"html.default\">\n\t\t\t\t<div class=\"elementor-widget-container\">\n\t\t\t\t\t<style>\n\n@media screen and (max-width: 1000px) {\nbody{margin-left:0px;}\n}\n\n@media screen and (min-width: 1000px) {\nbody{margin-left:60px;}\n}\n\n\n\n<\/style>\t\t\t\t<\/div>\n\t\t\t\t<\/div>\n\t\t\t\t<div class=\"elementor-element elementor-element-82cb1c5 elementor-widget-divider--view-line elementor-widget elementor-widget-divider\" data-id=\"82cb1c5\" data-element_type=\"widget\" data-widget_type=\"divider.default\">\n\t\t\t\t<div class=\"elementor-widget-container\">\n\t\t\t\t\t\t\t<div class=\"elementor-divider\">\n\t\t\t<span class=\"elementor-divider-separator\">\n\t\t\t\t\t\t<\/span>\n\t\t<\/div>\n\t\t\t\t\t\t<\/div>\n\t\t\t\t<\/div>\n\t\t\t\t<div class=\"elementor-element elementor-element-f109186 elementor-widget elementor-widget-heading\" data-id=\"f109186\" data-element_type=\"widget\" data-widget_type=\"heading.default\">\n\t\t\t\t<div class=\"elementor-widget-container\">\n\t\t\t\t\t<h2 class=\"elementor-heading-title elementor-size-default\">Cool Kids<\/h2>\t\t\t\t<\/div>\n\t\t\t\t<\/div>\n\t\t\t\t\t<\/div>\n\t\t<\/div>\n\t\t\t\t\t<\/div>\n\t\t<\/section>\n\t\t\t\t<section data-particle_enable=\"false\" data-particle-mobile-disabled=\"false\" class=\"elementor-section elementor-top-section elementor-element elementor-element-111aa32 elementor-section-full_width elementor-section-height-default elementor-section-height-default\" data-id=\"111aa32\" data-element_type=\"section\">\n\t\t\t\t\t\t<div class=\"elementor-container elementor-column-gap-wider\">\n\t\t\t\t\t<div class=\"elementor-column elementor-col-100 elementor-top-column elementor-element elementor-element-24e2d5a\" data-id=\"24e2d5a\" data-element_type=\"column\">\n\t\t\t<div class=\"elementor-widget-wrap elementor-element-populated\">\n\t\t\t\t\t\t<div class=\"elementor-element elementor-element-2a37416 elementor-widget elementor-widget-text-editor\" data-id=\"2a37416\" data-element_type=\"widget\" data-widget_type=\"text-editor.default\">\n\t\t\t\t<div class=\"elementor-widget-container\">\n\t\t\t\t\t\t\t\t\t<p>\u0141\u0105czymy elementy break dance, hip-hop, oraz&nbsp;inne techniki taneczne, tak&nbsp;by&nbsp;umo\u017cliwi\u0107 tancerzom pe\u0142en rozw\u00f3j artystyczny. M\u0142odzie\u017c na zaj\u0119ciach poznaje r\u00f3wnie\u017c podstawy ta\u0144ca nowoczesnego, \u0142\u0105czy nauk\u0119 techniki i choreografii ze \u015bwiadomo\u015bci\u0105 w\u0142asnego cia\u0142a i umiej\u0119tno\u015bci\u0105 improwizacji na scenie. Cool Kids to nasza duma, maj\u0105 na swoim koncie wiele sukces\u00f3w na scenach og\u00f3lnopolskich, &nbsp;a ich lokalne wyst\u0119py przyjmowane s\u0105 zawsze z wielkim entuzjazmem.<\/p>\n<p>Instruktor sekcji:&nbsp;<span style=\"font-weight: bolder;\">Karolina Bie\u0144kowska&nbsp;<\/span>pedagog, animator kultury, choreograf, trener. Specjalizuje si\u0119 w ta\u0144cu towarzyskim i nowoczesnym. Wsp\u00f3\u0142pracuje z Centrum Animacji Kultury od 2007 roku.<br><\/p>\t\t\t\t\t\t\t\t<\/div>\n\t\t\t\t<\/div>\n\t\t\t\t\t<\/div>\n\t\t<\/div>\n\t\t\t\t\t<\/div>\n\t\t<\/section>\n\t\t\t\t<section data-particle_enable=\"false\" data-particle-mobile-disabled=\"false\" class=\"elementor-section elementor-top-section elementor-element elementor-element-d193e69 elementor-section-full_width elementor-section-height-default elementor-section-height-default\" data-id=\"d193e69\" data-element_type=\"section\">\n\t\t\t\t\t\t<div class=\"elementor-container elementor-column-gap-default\">\n\t\t\t\t\t<div class=\"elementor-column elementor-col-100 elementor-top-column elementor-element elementor-element-24b8084\" data-id=\"24b8084\" data-element_type=\"column\">\n\t\t\t<div class=\"elementor-widget-wrap elementor-element-populated\">\n\t\t\t\t\t\t<div class=\"elementor-element elementor-element-9af69bd elementor-widget elementor-widget-gallery\" data-id=\"9af69bd\" data-element_type=\"widget\" data-settings=\"{&quot;gallery_layout&quot;:&quot;masonry&quot;,&quot;columns&quot;:4,&quot;columns_tablet&quot;:2,&quot;columns_mobile&quot;:1,&quot;gap&quot;:{&quot;unit&quot;:&quot;px&quot;,&quot;size&quot;:10,&quot;sizes&quot;:[]},&quot;gap_tablet&quot;:{&quot;unit&quot;:&quot;px&quot;,&quot;size&quot;:10,&quot;sizes&quot;:[]},&quot;gap_mobile&quot;:{&quot;unit&quot;:&quot;px&quot;,&quot;size&quot;:10,&quot;sizes&quot;:[]},&quot;link_to&quot;:&quot;file&quot;,&quot;overlay_background&quot;:&quot;yes&quot;,&quot;content_hover_animation&quot;:&quot;fade-in&quot;}\" data-widget_type=\"gallery.default\">\n\t\t\t\t<div class=\"elementor-widget-container\">\n\t\t\t\t\t\t\t<div class=\"elementor-gallery__container\">\n\t\t\t\t\t\t\t<a class=\"e-gallery-item elementor-gallery-item elementor-animated-content\" href=\"https:\/\/bpicakmiedzychod.pl\/wp-content\/uploads\/2023\/11\/403737948_746992644139498_214278631210543335_n.jpg\" data-elementor-open-lightbox=\"yes\" data-elementor-lightbox-slideshow=\"9af69bd\" data-elementor-lightbox-title=\"403737948_746992644139498_214278631210543335_n\" data-e-action-hash=\"#elementor-action%3Aaction%3Dlightbox%26settings%3DeyJpZCI6NDAyNTUsInVybCI6Imh0dHBzOlwvXC9icGljYWttaWVkenljaG9kLnBsXC93cC1jb250ZW50XC91cGxvYWRzXC8yMDIzXC8xMVwvNDAzNzM3OTQ4Xzc0Njk5MjY0NDEzOTQ5OF8yMTQyNzg2MzEyMTA1NDMzMzVfbi5qcGciLCJzbGlkZXNob3ciOiI5YWY2OWJkIn0%3D\">\n\t\t\t\t\t<div class=\"e-gallery-image elementor-gallery-item__image\" data-thumbnail=\"https:\/\/bpicakmiedzychod.pl\/wp-content\/uploads\/2023\/11\/403737948_746992644139498_214278631210543335_n-1024x725.jpg\" data-width=\"800\" data-height=\"566\" aria-label=\"\" role=\"img\" ><\/div>\n\t\t\t\t\t\t\t\t\t\t\t<div class=\"elementor-gallery-item__overlay\"><\/div>\n\t\t\t\t\t\t\t\t\t\t\t\t\t\t<\/a>\n\t\t\t\t\t\t\t<a class=\"e-gallery-item elementor-gallery-item elementor-animated-content\" href=\"https:\/\/bpicakmiedzychod.pl\/wp-content\/uploads\/2023\/11\/403855443_746992147472881_8617307905639951593_n.jpg\" data-elementor-open-lightbox=\"yes\" data-elementor-lightbox-slideshow=\"9af69bd\" data-elementor-lightbox-title=\"403855443_746992147472881_8617307905639951593_n\" data-e-action-hash=\"#elementor-action%3Aaction%3Dlightbox%26settings%3DeyJpZCI6NDAyNTksInVybCI6Imh0dHBzOlwvXC9icGljYWttaWVkenljaG9kLnBsXC93cC1jb250ZW50XC91cGxvYWRzXC8yMDIzXC8xMVwvNDAzODU1NDQzXzc0Njk5MjE0NzQ3Mjg4MV84NjE3MzA3OTA1NjM5OTUxNTkzX24uanBnIiwic2xpZGVzaG93IjoiOWFmNjliZCJ9\">\n\t\t\t\t\t<div class=\"e-gallery-image elementor-gallery-item__image\" data-thumbnail=\"https:\/\/bpicakmiedzychod.pl\/wp-content\/uploads\/2023\/11\/403855443_746992147472881_8617307905639951593_n-1024x685.jpg\" data-width=\"800\" data-height=\"535\" aria-label=\"\" role=\"img\" ><\/div>\n\t\t\t\t\t\t\t\t\t\t\t<div class=\"elementor-gallery-item__overlay\"><\/div>\n\t\t\t\t\t\t\t\t\t\t\t\t\t\t<\/a>\n\t\t\t\t\t\t\t<a class=\"e-gallery-item elementor-gallery-item elementor-animated-content\" href=\"https:\/\/bpicakmiedzychod.pl\/wp-content\/uploads\/2023\/11\/403910310_746992137472882_6509055615935272626_n.jpg\" data-elementor-open-lightbox=\"yes\" data-elementor-lightbox-slideshow=\"9af69bd\" data-elementor-lightbox-title=\"403910310_746992137472882_6509055615935272626_n\" data-e-action-hash=\"#elementor-action%3Aaction%3Dlightbox%26settings%3DeyJpZCI6NDAyNjEsInVybCI6Imh0dHBzOlwvXC9icGljYWttaWVkenljaG9kLnBsXC93cC1jb250ZW50XC91cGxvYWRzXC8yMDIzXC8xMVwvNDAzOTEwMzEwXzc0Njk5MjEzNzQ3Mjg4Ml82NTA5MDU1NjE1OTM1MjcyNjI2X24uanBnIiwic2xpZGVzaG93IjoiOWFmNjliZCJ9\">\n\t\t\t\t\t<div class=\"e-gallery-image elementor-gallery-item__image\" data-thumbnail=\"https:\/\/bpicakmiedzychod.pl\/wp-content\/uploads\/2023\/11\/403910310_746992137472882_6509055615935272626_n-1024x758.jpg\" data-width=\"800\" data-height=\"592\" aria-label=\"\" role=\"img\" ><\/div>\n\t\t\t\t\t\t\t\t\t\t\t<div class=\"elementor-gallery-item__overlay\"><\/div>\n\t\t\t\t\t\t\t\t\t\t\t\t\t\t<\/a>\n\t\t\t\t\t\t\t<a class=\"e-gallery-item elementor-gallery-item elementor-animated-content\" href=\"https:\/\/bpicakmiedzychod.pl\/wp-content\/uploads\/2023\/11\/403739240_746992150806214_94538637015163904_n.jpg\" data-elementor-open-lightbox=\"yes\" data-elementor-lightbox-slideshow=\"9af69bd\" data-elementor-lightbox-title=\"403739240_746992150806214_94538637015163904_n\" data-e-action-hash=\"#elementor-action%3Aaction%3Dlightbox%26settings%3DeyJpZCI6NDAyNjIsInVybCI6Imh0dHBzOlwvXC9icGljYWttaWVkenljaG9kLnBsXC93cC1jb250ZW50XC91cGxvYWRzXC8yMDIzXC8xMVwvNDAzNzM5MjQwXzc0Njk5MjE1MDgwNjIxNF85NDUzODYzNzAxNTE2MzkwNF9uLmpwZyIsInNsaWRlc2hvdyI6IjlhZjY5YmQifQ%3D%3D\">\n\t\t\t\t\t<div class=\"e-gallery-image elementor-gallery-item__image\" data-thumbnail=\"https:\/\/bpicakmiedzychod.pl\/wp-content\/uploads\/2023\/11\/403739240_746992150806214_94538637015163904_n-1024x726.jpg\" data-width=\"800\" data-height=\"567\" aria-label=\"\" role=\"img\" ><\/div>\n\t\t\t\t\t\t\t\t\t\t\t<div class=\"elementor-gallery-item__overlay\"><\/div>\n\t\t\t\t\t\t\t\t\t\t\t\t\t\t<\/a>\n\t\t\t\t\t\t\t<a class=\"e-gallery-item elementor-gallery-item elementor-animated-content\" href=\"https:\/\/bpicakmiedzychod.pl\/wp-content\/uploads\/2023\/11\/403748690_746992544139508_178202064066072261_n.jpg\" data-elementor-open-lightbox=\"yes\" data-elementor-lightbox-slideshow=\"9af69bd\" data-elementor-lightbox-title=\"403748690_746992544139508_178202064066072261_n\" data-e-action-hash=\"#elementor-action%3Aaction%3Dlightbox%26settings%3DeyJpZCI6NDAyNTYsInVybCI6Imh0dHBzOlwvXC9icGljYWttaWVkenljaG9kLnBsXC93cC1jb250ZW50XC91cGxvYWRzXC8yMDIzXC8xMVwvNDAzNzQ4NjkwXzc0Njk5MjU0NDEzOTUwOF8xNzgyMDIwNjQwNjYwNzIyNjFfbi5qcGciLCJzbGlkZXNob3ciOiI5YWY2OWJkIn0%3D\">\n\t\t\t\t\t<div class=\"e-gallery-image elementor-gallery-item__image\" data-thumbnail=\"https:\/\/bpicakmiedzychod.pl\/wp-content\/uploads\/2023\/11\/403748690_746992544139508_178202064066072261_n-682x1024.jpg\" data-width=\"682\" data-height=\"1024\" aria-label=\"\" role=\"img\" ><\/div>\n\t\t\t\t\t\t\t\t\t\t\t<div class=\"elementor-gallery-item__overlay\"><\/div>\n\t\t\t\t\t\t\t\t\t\t\t\t\t\t<\/a>\n\t\t\t\t\t\t\t<a class=\"e-gallery-item elementor-gallery-item elementor-animated-content\" href=\"https:\/\/bpicakmiedzychod.pl\/wp-content\/uploads\/2023\/11\/403857979_746992540806175_3919305235989247942_n.jpg\" data-elementor-open-lightbox=\"yes\" data-elementor-lightbox-slideshow=\"9af69bd\" data-elementor-lightbox-title=\"403857979_746992540806175_3919305235989247942_n\" data-e-action-hash=\"#elementor-action%3Aaction%3Dlightbox%26settings%3DeyJpZCI6NDAyNjAsInVybCI6Imh0dHBzOlwvXC9icGljYWttaWVkenljaG9kLnBsXC93cC1jb250ZW50XC91cGxvYWRzXC8yMDIzXC8xMVwvNDAzODU3OTc5Xzc0Njk5MjU0MDgwNjE3NV8zOTE5MzA1MjM1OTg5MjQ3OTQyX24uanBnIiwic2xpZGVzaG93IjoiOWFmNjliZCJ9\">\n\t\t\t\t\t<div class=\"e-gallery-image elementor-gallery-item__image\" data-thumbnail=\"https:\/\/bpicakmiedzychod.pl\/wp-content\/uploads\/2023\/11\/403857979_746992540806175_3919305235989247942_n-689x1024.jpg\" data-width=\"689\" data-height=\"1024\" aria-label=\"\" role=\"img\" ><\/div>\n\t\t\t\t\t\t\t\t\t\t\t<div class=\"elementor-gallery-item__overlay\"><\/div>\n\t\t\t\t\t\t\t\t\t\t\t\t\t\t<\/a>\n\t\t\t\t\t\t\t<a class=\"e-gallery-item elementor-gallery-item elementor-animated-content\" href=\"https:\/\/bpicakmiedzychod.pl\/wp-content\/uploads\/2023\/11\/403729490_746992554139507_5015823888507026552_n.jpg\" data-elementor-open-lightbox=\"yes\" data-elementor-lightbox-slideshow=\"9af69bd\" data-elementor-lightbox-title=\"403729490_746992554139507_5015823888507026552_n\" data-e-action-hash=\"#elementor-action%3Aaction%3Dlightbox%26settings%3DeyJpZCI6NDAyNTIsInVybCI6Imh0dHBzOlwvXC9icGljYWttaWVkenljaG9kLnBsXC93cC1jb250ZW50XC91cGxvYWRzXC8yMDIzXC8xMVwvNDAzNzI5NDkwXzc0Njk5MjU1NDEzOTUwN181MDE1ODIzODg4NTA3MDI2NTUyX24uanBnIiwic2xpZGVzaG93IjoiOWFmNjliZCJ9\">\n\t\t\t\t\t<div class=\"e-gallery-image elementor-gallery-item__image\" data-thumbnail=\"https:\/\/bpicakmiedzychod.pl\/wp-content\/uploads\/2023\/11\/403729490_746992554139507_5015823888507026552_n-1024x690.jpg\" data-width=\"800\" data-height=\"539\" aria-label=\"\" role=\"img\" ><\/div>\n\t\t\t\t\t\t\t\t\t\t\t<div class=\"elementor-gallery-item__overlay\"><\/div>\n\t\t\t\t\t\t\t\t\t\t\t\t\t\t<\/a>\n\t\t\t\t\t\t\t<a class=\"e-gallery-item elementor-gallery-item elementor-animated-content\" href=\"https:\/\/bpicakmiedzychod.pl\/wp-content\/uploads\/2023\/11\/403734679_746992430806186_3267077001515951583_n.jpg\" data-elementor-open-lightbox=\"yes\" data-elementor-lightbox-slideshow=\"9af69bd\" data-elementor-lightbox-title=\"403734679_746992430806186_3267077001515951583_n\" data-e-action-hash=\"#elementor-action%3Aaction%3Dlightbox%26settings%3DeyJpZCI6NDAyNTMsInVybCI6Imh0dHBzOlwvXC9icGljYWttaWVkenljaG9kLnBsXC93cC1jb250ZW50XC91cGxvYWRzXC8yMDIzXC8xMVwvNDAzNzM0Njc5Xzc0Njk5MjQzMDgwNjE4Nl8zMjY3MDc3MDAxNTE1OTUxNTgzX24uanBnIiwic2xpZGVzaG93IjoiOWFmNjliZCJ9\">\n\t\t\t\t\t<div class=\"e-gallery-image elementor-gallery-item__image\" data-thumbnail=\"https:\/\/bpicakmiedzychod.pl\/wp-content\/uploads\/2023\/11\/403734679_746992430806186_3267077001515951583_n-1024x687.jpg\" data-width=\"800\" data-height=\"537\" aria-label=\"\" role=\"img\" ><\/div>\n\t\t\t\t\t\t\t\t\t\t\t<div class=\"elementor-gallery-item__overlay\"><\/div>\n\t\t\t\t\t\t\t\t\t\t\t\t\t\t<\/a>\n\t\t\t\t\t\t\t<a class=\"e-gallery-item elementor-gallery-item elementor-animated-content\" href=\"https:\/\/bpicakmiedzychod.pl\/wp-content\/uploads\/2023\/11\/403832699_746992454139517_2047375830066795943_n.jpg\" data-elementor-open-lightbox=\"yes\" data-elementor-lightbox-slideshow=\"9af69bd\" data-elementor-lightbox-title=\"403832699_746992454139517_2047375830066795943_n\" data-e-action-hash=\"#elementor-action%3Aaction%3Dlightbox%26settings%3DeyJpZCI6NDAyNTcsInVybCI6Imh0dHBzOlwvXC9icGljYWttaWVkenljaG9kLnBsXC93cC1jb250ZW50XC91cGxvYWRzXC8yMDIzXC8xMVwvNDAzODMyNjk5Xzc0Njk5MjQ1NDEzOTUxN18yMDQ3Mzc1ODMwMDY2Nzk1OTQzX24uanBnIiwic2xpZGVzaG93IjoiOWFmNjliZCJ9\">\n\t\t\t\t\t<div class=\"e-gallery-image elementor-gallery-item__image\" data-thumbnail=\"https:\/\/bpicakmiedzychod.pl\/wp-content\/uploads\/2023\/11\/403832699_746992454139517_2047375830066795943_n-1024x658.jpg\" data-width=\"800\" data-height=\"514\" aria-label=\"\" role=\"img\" ><\/div>\n\t\t\t\t\t\t\t\t\t\t\t<div class=\"elementor-gallery-item__overlay\"><\/div>\n\t\t\t\t\t\t\t\t\t\t\t\t\t\t<\/a>\n\t\t\t\t\t\t\t<a class=\"e-gallery-item elementor-gallery-item elementor-animated-content\" href=\"https:\/\/bpicakmiedzychod.pl\/wp-content\/uploads\/2023\/11\/403854626_746992450806184_3230494466758821615_n.jpg\" data-elementor-open-lightbox=\"yes\" data-elementor-lightbox-slideshow=\"9af69bd\" data-elementor-lightbox-title=\"403854626_746992450806184_3230494466758821615_n\" data-e-action-hash=\"#elementor-action%3Aaction%3Dlightbox%26settings%3DeyJpZCI6NDAyNTgsInVybCI6Imh0dHBzOlwvXC9icGljYWttaWVkenljaG9kLnBsXC93cC1jb250ZW50XC91cGxvYWRzXC8yMDIzXC8xMVwvNDAzODU0NjI2Xzc0Njk5MjQ1MDgwNjE4NF8zMjMwNDk0NDY2NzU4ODIxNjE1X24uanBnIiwic2xpZGVzaG93IjoiOWFmNjliZCJ9\">\n\t\t\t\t\t<div class=\"e-gallery-image elementor-gallery-item__image\" data-thumbnail=\"https:\/\/bpicakmiedzychod.pl\/wp-content\/uploads\/2023\/11\/403854626_746992450806184_3230494466758821615_n-1024x649.jpg\" data-width=\"800\" data-height=\"507\" aria-label=\"\" role=\"img\" ><\/div>\n\t\t\t\t\t\t\t\t\t\t\t<div class=\"elementor-gallery-item__overlay\"><\/div>\n\t\t\t\t\t\t\t\t\t\t\t\t\t\t<\/a>\n\t\t\t\t\t<\/div>\n\t\t\t\t\t<\/div>\n\t\t\t\t<\/div>\n\t\t\t\t\t<\/div>\n\t\t<\/div>\n\t\t\t\t\t<\/div>\n\t\t<\/section>\n\t\t\t\t<\/div>\n\t\t","protected":false},"excerpt":{"rendered":"<p>Cool Kids \u0141\u0105czymy elementy break dance, hip-hop, oraz&nbsp;inne techniki taneczne, tak&nbsp;by&nbsp;umo\u017cliwi\u0107 tancerzom pe\u0142en rozw\u00f3j artystyczny. M\u0142odzie\u017c na zaj\u0119ciach poznaje r\u00f3wnie\u017c podstawy ta\u0144ca nowoczesnego, \u0142\u0105czy nauk\u0119 techniki i choreografii ze \u015bwiadomo\u015bci\u0105 w\u0142asnego cia\u0142a i umiej\u0119tno\u015bci\u0105 improwizacji na scenie. Cool Kids to nasza duma, maj\u0105 na swoim koncie wiele sukces\u00f3w na scenach og\u00f3lnopolskich, &nbsp;a ich lokalne wyst\u0119py [&hellip;]<\/p>\n","protected":false},"author":1,"featured_media":0,"parent":82,"menu_order":0,"comment_status":"closed","ping_status":"closed","template":"elementor_header_footer","meta":{"footnotes":""},"class_list":["post-12670","page","type-page","status-publish","hentry"],"_links":{"self":[{"href":"https:\/\/bpicakmiedzychod.pl\/index.php\/wp-json\/wp\/v2\/pages\/12670","targetHints":{"allow":["GET"]}}],"collection":[{"href":"https:\/\/bpicakmiedzychod.pl\/index.php\/wp-json\/wp\/v2\/pages"}],"about":[{"href":"https:\/\/bpicakmiedzychod.pl\/index.php\/wp-json\/wp\/v2\/types\/page"}],"author":[{"embeddable":true,"href":"https:\/\/bpicakmiedzychod.pl\/index.php\/wp-json\/wp\/v2\/users\/1"}],"replies":[{"embeddable":true,"href":"https:\/\/bpicakmiedzychod.pl\/index.php\/wp-json\/wp\/v2\/comments?post=12670"}],"version-history":[{"count":26,"href":"https:\/\/bpicakmiedzychod.pl\/index.php\/wp-json\/wp\/v2\/pages\/12670\/revisions"}],"predecessor-version":[{"id":40268,"href":"https:\/\/bpicakmiedzychod.pl\/index.php\/wp-json\/wp\/v2\/pages\/12670\/revisions\/40268"}],"up":[{"embeddable":true,"href":"https:\/\/bpicakmiedzychod.pl\/index.php\/wp-json\/wp\/v2\/pages\/82"}],"wp:attachment":[{"href":"https:\/\/bpicakmiedzychod.pl\/index.php\/wp-json\/wp\/v2\/media?parent=12670"}],"curies":[{"name":"wp","href":"https:\/\/api.w.org\/{rel}","templated":true}]}}