{"id":12744,"date":"2021-07-13T10:18:20","date_gmt":"2021-07-13T10:18:20","guid":{"rendered":"https:\/\/bpicakmiedzychod.pl\/?page_id=12744"},"modified":"2025-08-22T09:25:00","modified_gmt":"2025-08-22T09:25:00","slug":"wybryki-z-plastyki","status":"publish","type":"page","link":"https:\/\/bpicakmiedzychod.pl\/index.php\/centrum-animacji-kultury\/zajecia\/wybryki-z-plastyki\/","title":{"rendered":"Wybryki z plastyki"},"content":{"rendered":"\t\t<div data-elementor-type=\"wp-page\" data-elementor-id=\"12744\" class=\"elementor elementor-12744\" data-elementor-post-type=\"page\">\n\t\t\t\t\t\t<section data-particle_enable=\"false\" data-particle-mobile-disabled=\"false\" class=\"elementor-section elementor-top-section elementor-element elementor-element-a8ac214 elementor-section-full_width elementor-section-height-default elementor-section-height-default\" data-id=\"a8ac214\" data-element_type=\"section\">\n\t\t\t\t\t\t<div class=\"elementor-container elementor-column-gap-wider\">\n\t\t\t\t\t<div class=\"elementor-column elementor-col-100 elementor-top-column elementor-element elementor-element-58ad7fe\" data-id=\"58ad7fe\" data-element_type=\"column\">\n\t\t\t<div class=\"elementor-widget-wrap elementor-element-populated\">\n\t\t\t\t\t\t<div class=\"elementor-element elementor-element-d37d204 elementor-widget elementor-widget-html\" data-id=\"d37d204\" data-element_type=\"widget\" data-widget_type=\"html.default\">\n\t\t\t\t<div class=\"elementor-widget-container\">\n\t\t\t\t\t<style>\n\n@media screen and (max-width: 1000px) {\nbody{margin-left:0px;}\n}\n\n@media screen and (min-width: 1000px) {\nbody{margin-left:60px;}\n}\n\n\n\n<\/style>\t\t\t\t<\/div>\n\t\t\t\t<\/div>\n\t\t\t\t<div class=\"elementor-element elementor-element-0119211 elementor-widget-divider--view-line elementor-widget elementor-widget-divider\" data-id=\"0119211\" data-element_type=\"widget\" data-widget_type=\"divider.default\">\n\t\t\t\t<div class=\"elementor-widget-container\">\n\t\t\t\t\t\t\t<div class=\"elementor-divider\">\n\t\t\t<span class=\"elementor-divider-separator\">\n\t\t\t\t\t\t<\/span>\n\t\t<\/div>\n\t\t\t\t\t\t<\/div>\n\t\t\t\t<\/div>\n\t\t\t\t<div class=\"elementor-element elementor-element-1b3aa99 elementor-widget elementor-widget-heading\" data-id=\"1b3aa99\" data-element_type=\"widget\" data-widget_type=\"heading.default\">\n\t\t\t\t<div class=\"elementor-widget-container\">\n\t\t\t\t\t<h2 class=\"elementor-heading-title elementor-size-default\">Wybryki z Plastyki<\/h2>\t\t\t\t<\/div>\n\t\t\t\t<\/div>\n\t\t\t\t\t<\/div>\n\t\t<\/div>\n\t\t\t\t\t<\/div>\n\t\t<\/section>\n\t\t\t\t<section data-particle_enable=\"false\" data-particle-mobile-disabled=\"false\" class=\"elementor-section elementor-top-section elementor-element elementor-element-f4d2b97 elementor-section-full_width elementor-section-height-default elementor-section-height-default\" data-id=\"f4d2b97\" data-element_type=\"section\">\n\t\t\t\t\t\t<div class=\"elementor-container elementor-column-gap-wider\">\n\t\t\t\t\t<div class=\"elementor-column elementor-col-100 elementor-top-column elementor-element elementor-element-8317123\" data-id=\"8317123\" data-element_type=\"column\">\n\t\t\t<div class=\"elementor-widget-wrap elementor-element-populated\">\n\t\t\t\t\t\t<div class=\"elementor-element elementor-element-e71da12 elementor-widget elementor-widget-text-editor\" data-id=\"e71da12\" data-element_type=\"widget\" data-widget_type=\"text-editor.default\">\n\t\t\t\t<div class=\"elementor-widget-container\">\n\t\t\t\t\t\t\t\t\t<p data-start=\"271\" data-end=\"566\"><strong data-start=\"347\" data-end=\"371\">Wybryki z Plastyki <\/strong>\u00a0to wyj\u0105tkowe zaj\u0119cia, kt\u00f3re rozbudzaj\u0105 wyobra\u017ani\u0119 i pozwalaj\u0105 dzieciom oraz m\u0142odzie\u017cy tworzy\u0107 bez ogranicze\u0144. Tu nie ma z\u0142ych pomys\u0142\u00f3w \u2013 liczy si\u0119 rado\u015b\u0107 tworzenia i w\u0142asny, niepowtarzalny styl! Na zaj\u0119ciach eksperymentujemy z r\u00f3\u017cnymi technikami plastycznymi \u2013 od klasycznego rysunku i malarstwa, przez kola\u017ce, a\u017c po formy przestrzenne i r\u0119kodzie\u0142o. Uczestnicy ucz\u0105 si\u0119 nie tylko pracy z materia\u0142ami, ale te\u017c cierpliwo\u015bci, wytrwa\u0142o\u015bci i wiary w swoje pomys\u0142y.<\/p><p>Instruktor sekcji: <b>Agnieszka \u0141abecka <\/b>do\u015bwiadczona terapeutka zaj\u0119ciowa z wieloletnim sta\u017cem pracy w \u015arodowiskowym Domu Samopomocy im. \u015awi\u0119tego Jana Paw\u0142a II w Mi\u0119dzychodzie. Wielokrotnie, w ramach wsp\u00f3\u0142pracy z innymi instytucjami, prowadzi\u0142a warsztaty manualne z dzie\u0107mi w wieku szkolnym i przedszkolnym. Specjalizuje si\u0119 w pracach plastycznych i r\u0119kodzielniczych.<\/p>\t\t\t\t\t\t\t\t<\/div>\n\t\t\t\t<\/div>\n\t\t\t\t\t<\/div>\n\t\t<\/div>\n\t\t\t\t\t<\/div>\n\t\t<\/section>\n\t\t\t\t<\/div>\n\t\t","protected":false},"excerpt":{"rendered":"<p>Wybryki z Plastyki Wybryki z Plastyki \u00a0to wyj\u0105tkowe zaj\u0119cia, kt\u00f3re rozbudzaj\u0105 wyobra\u017ani\u0119 i pozwalaj\u0105 dzieciom oraz m\u0142odzie\u017cy tworzy\u0107 bez ogranicze\u0144. Tu nie ma z\u0142ych pomys\u0142\u00f3w \u2013 liczy si\u0119 rado\u015b\u0107 tworzenia i w\u0142asny, niepowtarzalny styl! Na zaj\u0119ciach eksperymentujemy z r\u00f3\u017cnymi technikami plastycznymi \u2013 od klasycznego rysunku i malarstwa, przez kola\u017ce, a\u017c po formy przestrzenne i r\u0119kodzie\u0142o. [&hellip;]<\/p>\n","protected":false},"author":1,"featured_media":0,"parent":82,"menu_order":0,"comment_status":"closed","ping_status":"closed","template":"elementor_header_footer","meta":{"footnotes":""},"class_list":["post-12744","page","type-page","status-publish","hentry"],"_links":{"self":[{"href":"https:\/\/bpicakmiedzychod.pl\/index.php\/wp-json\/wp\/v2\/pages\/12744","targetHints":{"allow":["GET"]}}],"collection":[{"href":"https:\/\/bpicakmiedzychod.pl\/index.php\/wp-json\/wp\/v2\/pages"}],"about":[{"href":"https:\/\/bpicakmiedzychod.pl\/index.php\/wp-json\/wp\/v2\/types\/page"}],"author":[{"embeddable":true,"href":"https:\/\/bpicakmiedzychod.pl\/index.php\/wp-json\/wp\/v2\/users\/1"}],"replies":[{"embeddable":true,"href":"https:\/\/bpicakmiedzychod.pl\/index.php\/wp-json\/wp\/v2\/comments?post=12744"}],"version-history":[{"count":69,"href":"https:\/\/bpicakmiedzychod.pl\/index.php\/wp-json\/wp\/v2\/pages\/12744\/revisions"}],"predecessor-version":[{"id":55809,"href":"https:\/\/bpicakmiedzychod.pl\/index.php\/wp-json\/wp\/v2\/pages\/12744\/revisions\/55809"}],"up":[{"embeddable":true,"href":"https:\/\/bpicakmiedzychod.pl\/index.php\/wp-json\/wp\/v2\/pages\/82"}],"wp:attachment":[{"href":"https:\/\/bpicakmiedzychod.pl\/index.php\/wp-json\/wp\/v2\/media?parent=12744"}],"curies":[{"name":"wp","href":"https:\/\/api.w.org\/{rel}","templated":true}]}}