{"id":129,"date":"2021-06-21T09:42:42","date_gmt":"2021-06-21T09:42:42","guid":{"rendered":"https:\/\/bpicakmiedzychod.pl\/?page_id=129"},"modified":"2021-12-03T13:08:05","modified_gmt":"2021-12-03T13:08:05","slug":"archiwum","status":"publish","type":"page","link":"https:\/\/bpicakmiedzychod.pl\/index.php\/biblioteka-publiczna\/aktualnosci\/archiwum\/","title":{"rendered":"Archiwum"},"content":{"rendered":"\t\t<div data-elementor-type=\"wp-page\" data-elementor-id=\"129\" class=\"elementor elementor-129\" data-elementor-post-type=\"page\">\n\t\t\t\t\t\t<section data-particle_enable=\"false\" data-particle-mobile-disabled=\"false\" class=\"elementor-section elementor-top-section elementor-element elementor-element-6acf110 elementor-section-full_width elementor-section-height-default elementor-section-height-default\" data-id=\"6acf110\" data-element_type=\"section\">\n\t\t\t\t\t\t<div class=\"elementor-container elementor-column-gap-wider\">\n\t\t\t\t\t<div class=\"elementor-column elementor-col-100 elementor-top-column elementor-element elementor-element-8a808bd\" data-id=\"8a808bd\" data-element_type=\"column\">\n\t\t\t<div class=\"elementor-widget-wrap elementor-element-populated\">\n\t\t\t\t\t\t<section data-particle_enable=\"false\" data-particle-mobile-disabled=\"false\" class=\"elementor-section elementor-inner-section elementor-element elementor-element-d1fef66 elementor-section-full_width elementor-section-height-default elementor-section-height-default\" data-id=\"d1fef66\" data-element_type=\"section\">\n\t\t\t\t\t\t<div class=\"elementor-container elementor-column-gap-no\">\n\t\t\t\t\t<div class=\"elementor-column elementor-col-50 elementor-inner-column elementor-element elementor-element-785d784\" data-id=\"785d784\" data-element_type=\"column\">\n\t\t\t<div class=\"elementor-widget-wrap elementor-element-populated\">\n\t\t\t\t\t\t<div class=\"elementor-element elementor-element-606b3b9 elementor-widget-divider--view-line elementor-widget elementor-widget-divider\" data-id=\"606b3b9\" data-element_type=\"widget\" data-widget_type=\"divider.default\">\n\t\t\t\t<div class=\"elementor-widget-container\">\n\t\t\t\t\t\t\t<div class=\"elementor-divider\">\n\t\t\t<span class=\"elementor-divider-separator\">\n\t\t\t\t\t\t<\/span>\n\t\t<\/div>\n\t\t\t\t\t\t<\/div>\n\t\t\t\t<\/div>\n\t\t\t\t<div class=\"elementor-element elementor-element-175ed41 elementor-widget elementor-widget-heading\" data-id=\"175ed41\" data-element_type=\"widget\" data-widget_type=\"heading.default\">\n\t\t\t\t<div class=\"elementor-widget-container\">\n\t\t\t\t\t<h2 class=\"elementor-heading-title elementor-size-default\">Archiwum<\/h2>\t\t\t\t<\/div>\n\t\t\t\t<\/div>\n\t\t\t\t<div class=\"elementor-element elementor-element-6ec8a69 elementor-widget elementor-widget-html\" data-id=\"6ec8a69\" data-element_type=\"widget\" data-widget_type=\"html.default\">\n\t\t\t\t<div class=\"elementor-widget-container\">\n\t\t\t\t\t<style>\n\n@media screen and (max-width: 1000px) {\nbody{margin-left:0px;}\n}\n\n@media screen and (min-width: 1000px) {\nbody{margin-left:60px;}\n}\n\n\n\n<\/style>\t\t\t\t<\/div>\n\t\t\t\t<\/div>\n\t\t\t\t\t<\/div>\n\t\t<\/div>\n\t\t\t\t<div class=\"elementor-column elementor-col-50 elementor-inner-column elementor-element elementor-element-28f570b\" data-id=\"28f570b\" data-element_type=\"column\">\n\t\t\t<div class=\"elementor-widget-wrap elementor-element-populated\">\n\t\t\t\t\t\t<div class=\"elementor-element elementor-element-effbb5a elementor-grid-4 elementor-posts--align-left elementor-posts__hover-none elementor-grid-tablet-2 elementor-grid-mobile-1 elementor-posts--thumbnail-top elementor-widget elementor-widget-posts\" data-id=\"effbb5a\" data-element_type=\"widget\" data-settings=\"{&quot;cards_columns&quot;:&quot;4&quot;,&quot;pagination_type&quot;:&quot;numbers_and_prev_next&quot;,&quot;cards_columns_tablet&quot;:&quot;2&quot;,&quot;cards_columns_mobile&quot;:&quot;1&quot;,&quot;cards_row_gap&quot;:{&quot;unit&quot;:&quot;px&quot;,&quot;size&quot;:35,&quot;sizes&quot;:[]},&quot;cards_row_gap_tablet&quot;:{&quot;unit&quot;:&quot;px&quot;,&quot;size&quot;:&quot;&quot;,&quot;sizes&quot;:[]},&quot;cards_row_gap_mobile&quot;:{&quot;unit&quot;:&quot;px&quot;,&quot;size&quot;:&quot;&quot;,&quot;sizes&quot;:[]}}\" data-widget_type=\"posts.cards\">\n\t\t\t\t<div class=\"elementor-widget-container\">\n\t\t\t\t\t\t\t<div class=\"elementor-posts-container elementor-posts elementor-posts--skin-cards elementor-grid\" role=\"list\">\n\t\t\t\t<article class=\"elementor-post elementor-grid-item post-49795 post type-post status-publish format-standard has-post-thumbnail hentry category-archiwum-biblioteka\" role=\"listitem\">\n\t\t\t<div class=\"elementor-post__card\">\n\t\t\t\t<a class=\"elementor-post__thumbnail__link\" href=\"https:\/\/bpicakmiedzychod.pl\/index.php\/2024\/11\/11\/opowiesc-o-silnej-i-jej-mieszkancach-spotkanie-autorskie-z-jaroslawem-szalata\/\" tabindex=\"-1\" ><div class=\"elementor-post__thumbnail\"><img fetchpriority=\"high\" decoding=\"async\" width=\"1449\" height=\"2048\" src=\"https:\/\/bpicakmiedzychod.pl\/wp-content\/uploads\/2024\/11\/465921432_983338143829136_1710433534608408134_n.jpg\" class=\"attachment-full size-full wp-image-49796\" alt=\"\" srcset=\"https:\/\/bpicakmiedzychod.pl\/wp-content\/uploads\/2024\/11\/465921432_983338143829136_1710433534608408134_n.jpg 1449w, https:\/\/bpicakmiedzychod.pl\/wp-content\/uploads\/2024\/11\/465921432_983338143829136_1710433534608408134_n-212x300.jpg 212w, https:\/\/bpicakmiedzychod.pl\/wp-content\/uploads\/2024\/11\/465921432_983338143829136_1710433534608408134_n-725x1024.jpg 725w, https:\/\/bpicakmiedzychod.pl\/wp-content\/uploads\/2024\/11\/465921432_983338143829136_1710433534608408134_n-768x1085.jpg 768w, https:\/\/bpicakmiedzychod.pl\/wp-content\/uploads\/2024\/11\/465921432_983338143829136_1710433534608408134_n-1087x1536.jpg 1087w\" sizes=\"(max-width: 1449px) 100vw, 1449px\" \/><\/div><\/a>\n\t\t\t\t<div class=\"elementor-post__text\">\n\t\t\t\t<h3 class=\"elementor-post__title\">\n\t\t\t<a href=\"https:\/\/bpicakmiedzychod.pl\/index.php\/2024\/11\/11\/opowiesc-o-silnej-i-jej-mieszkancach-spotkanie-autorskie-z-jaroslawem-szalata\/\" >\n\t\t\t\t\u201eOpowie\u015b\u0107 o Silnej i jej mieszka\u0144cach\u201d &#8211; spotkanie autorskie z Jaros\u0142awem Sza\u0142at\u0105\t\t\t<\/a>\n\t\t<\/h3>\n\t\t\t\t<div class=\"elementor-post__excerpt\">\n\t\t\t<p>Szanowni Pa\u0144stwo, ju\u017c 22 listopada o godz. 17:00 zapraszamy na promocj\u0119 najnowszej ksi\u0105\u017cki Jaros\u0142awa Sza\u0142aty.\u00a0\u201eOpowie\u015b\u0107 o Silnej i jej mieszka\u0144cach\u201d to powie\u015b\u0107 o Silnej, Pszczewie,<\/p>\n\t\t<\/div>\n\t\t\t\t<\/div>\n\t\t\t\t<div class=\"elementor-post__meta-data\">\n\t\t\t\t\t<span class=\"elementor-post-date\">\n\t\t\t11 listopada, 2024\t\t<\/span>\n\t\t\t\t<\/div>\n\t\t\t\t\t<\/div>\n\t\t<\/article>\n\t\t\t\t<article class=\"elementor-post elementor-grid-item post-49774 post type-post status-publish format-standard has-post-thumbnail hentry category-archiwum-biblioteka\" role=\"listitem\">\n\t\t\t<div class=\"elementor-post__card\">\n\t\t\t\t<a class=\"elementor-post__thumbnail__link\" href=\"https:\/\/bpicakmiedzychod.pl\/index.php\/2024\/11\/09\/spotkanie-autorskie-pachnace-szarlotka\/\" tabindex=\"-1\" ><div class=\"elementor-post__thumbnail\"><img decoding=\"async\" width=\"977\" height=\"1416\" src=\"https:\/\/bpicakmiedzychod.pl\/wp-content\/uploads\/2024\/11\/466107011_980777107418573_9060826107084037159_n.jpg\" class=\"attachment-full size-full wp-image-49775\" alt=\"\" srcset=\"https:\/\/bpicakmiedzychod.pl\/wp-content\/uploads\/2024\/11\/466107011_980777107418573_9060826107084037159_n.jpg 977w, https:\/\/bpicakmiedzychod.pl\/wp-content\/uploads\/2024\/11\/466107011_980777107418573_9060826107084037159_n-207x300.jpg 207w, https:\/\/bpicakmiedzychod.pl\/wp-content\/uploads\/2024\/11\/466107011_980777107418573_9060826107084037159_n-707x1024.jpg 707w, https:\/\/bpicakmiedzychod.pl\/wp-content\/uploads\/2024\/11\/466107011_980777107418573_9060826107084037159_n-768x1113.jpg 768w\" sizes=\"(max-width: 977px) 100vw, 977px\" \/><\/div><\/a>\n\t\t\t\t<div class=\"elementor-post__text\">\n\t\t\t\t<h3 class=\"elementor-post__title\">\n\t\t\t<a href=\"https:\/\/bpicakmiedzychod.pl\/index.php\/2024\/11\/09\/spotkanie-autorskie-pachnace-szarlotka\/\" >\n\t\t\t\tSpotkanie autorskie pachn\u0105ce szarlotk\u0105\t\t\t<\/a>\n\t\t<\/h3>\n\t\t\t\t<div class=\"elementor-post__excerpt\">\n\t\t\t<p>Dziewi\u0105ta powie\u015b\u0107 obyczajowa Magdalena Ludwiczak pisarz pachnie jesienn\u0105 szarlotk\u0105. Pachnie wspomnieniem za ciep\u0142em, kt\u00f3re za szybko odesz\u0142o, lecz na zawsze pozostanie w sercu autorki.\u00a0&#8222;\u015acie\u017cki losu&#8221;<\/p>\n\t\t<\/div>\n\t\t\t\t<\/div>\n\t\t\t\t<div class=\"elementor-post__meta-data\">\n\t\t\t\t\t<span class=\"elementor-post-date\">\n\t\t\t9 listopada, 2024\t\t<\/span>\n\t\t\t\t<\/div>\n\t\t\t\t\t<\/div>\n\t\t<\/article>\n\t\t\t\t<article class=\"elementor-post elementor-grid-item post-49768 post type-post status-publish format-standard has-post-thumbnail hentry category-archiwum-biblioteka\" role=\"listitem\">\n\t\t\t<div class=\"elementor-post__card\">\n\t\t\t\t<a class=\"elementor-post__thumbnail__link\" href=\"https:\/\/bpicakmiedzychod.pl\/index.php\/2024\/11\/01\/pracujace-soboty-listopad-2\/\" tabindex=\"-1\" ><div class=\"elementor-post__thumbnail\"><img decoding=\"async\" width=\"940\" height=\"788\" src=\"https:\/\/bpicakmiedzychod.pl\/wp-content\/uploads\/2024\/11\/465036067_972478831581734_7412242929549595286_n.jpg\" class=\"attachment-full size-full wp-image-49769\" alt=\"\" srcset=\"https:\/\/bpicakmiedzychod.pl\/wp-content\/uploads\/2024\/11\/465036067_972478831581734_7412242929549595286_n.jpg 940w, https:\/\/bpicakmiedzychod.pl\/wp-content\/uploads\/2024\/11\/465036067_972478831581734_7412242929549595286_n-300x251.jpg 300w, https:\/\/bpicakmiedzychod.pl\/wp-content\/uploads\/2024\/11\/465036067_972478831581734_7412242929549595286_n-768x644.jpg 768w\" sizes=\"(max-width: 940px) 100vw, 940px\" \/><\/div><\/a>\n\t\t\t\t<div class=\"elementor-post__text\">\n\t\t\t\t<h3 class=\"elementor-post__title\">\n\t\t\t<a href=\"https:\/\/bpicakmiedzychod.pl\/index.php\/2024\/11\/01\/pracujace-soboty-listopad-2\/\" >\n\t\t\t\tPracuj\u0105ce soboty \u2013 listopad\t\t\t<\/a>\n\t\t<\/h3>\n\t\t\t\t<div class=\"elementor-post__excerpt\">\n\t\t\t<p>Wieczory coraz d\u0142u\u017csze \ud83d\ude09<\/p>\n\t\t<\/div>\n\t\t\t\t<\/div>\n\t\t\t\t<div class=\"elementor-post__meta-data\">\n\t\t\t\t\t<span class=\"elementor-post-date\">\n\t\t\t1 listopada, 2024\t\t<\/span>\n\t\t\t\t<\/div>\n\t\t\t\t\t<\/div>\n\t\t<\/article>\n\t\t\t\t<article class=\"elementor-post elementor-grid-item post-49638 post type-post status-publish format-standard has-post-thumbnail hentry category-archiwum-biblioteka\" role=\"listitem\">\n\t\t\t<div class=\"elementor-post__card\">\n\t\t\t\t<a class=\"elementor-post__thumbnail__link\" href=\"https:\/\/bpicakmiedzychod.pl\/index.php\/2024\/10\/30\/ocen-nasza-biblioteke-ankieta-dla-doroslych-uzytkownikow\/\" tabindex=\"-1\" ><div class=\"elementor-post__thumbnail\"><img loading=\"lazy\" decoding=\"async\" width=\"1920\" height=\"1080\" src=\"https:\/\/bpicakmiedzychod.pl\/wp-content\/uploads\/2024\/10\/Zrzut-ekranu-364.png\" class=\"attachment-full size-full wp-image-49645\" alt=\"\" srcset=\"https:\/\/bpicakmiedzychod.pl\/wp-content\/uploads\/2024\/10\/Zrzut-ekranu-364.png 1920w, https:\/\/bpicakmiedzychod.pl\/wp-content\/uploads\/2024\/10\/Zrzut-ekranu-364-300x169.png 300w, https:\/\/bpicakmiedzychod.pl\/wp-content\/uploads\/2024\/10\/Zrzut-ekranu-364-1024x576.png 1024w, https:\/\/bpicakmiedzychod.pl\/wp-content\/uploads\/2024\/10\/Zrzut-ekranu-364-768x432.png 768w, https:\/\/bpicakmiedzychod.pl\/wp-content\/uploads\/2024\/10\/Zrzut-ekranu-364-1536x864.png 1536w\" sizes=\"(max-width: 1920px) 100vw, 1920px\" \/><\/div><\/a>\n\t\t\t\t<div class=\"elementor-post__text\">\n\t\t\t\t<h3 class=\"elementor-post__title\">\n\t\t\t<a href=\"https:\/\/bpicakmiedzychod.pl\/index.php\/2024\/10\/30\/ocen-nasza-biblioteke-ankieta-dla-doroslych-uzytkownikow\/\" >\n\t\t\t\tOce\u0144 nasz\u0105 bibliotek\u0119! &#8211; ankieta dla doros\u0142ych u\u017cytkownik\u00f3w\t\t\t<\/a>\n\t\t<\/h3>\n\t\t\t\t<div class=\"elementor-post__excerpt\">\n\t\t\t<p>Szanowni Pa\u0144stwo,zwracamy si\u0119 do was z pro\u015bb\u0105 o wype\u0142nienie anonimowej ankiety, kt\u00f3rej celem jest ocena jako\u015bci naszych us\u0142ug. Jej wyniki pomog\u0105 nam lepiej dostosowa\u0107 funkcjonowanie<\/p>\n\t\t<\/div>\n\t\t\t\t<\/div>\n\t\t\t\t<div class=\"elementor-post__meta-data\">\n\t\t\t\t\t<span class=\"elementor-post-date\">\n\t\t\t30 pa\u017adziernika, 2024\t\t<\/span>\n\t\t\t\t<\/div>\n\t\t\t\t\t<\/div>\n\t\t<\/article>\n\t\t\t\t<article class=\"elementor-post elementor-grid-item post-49626 post type-post status-publish format-standard has-post-thumbnail hentry category-archiwum-biblioteka\" role=\"listitem\">\n\t\t\t<div class=\"elementor-post__card\">\n\t\t\t\t<a class=\"elementor-post__thumbnail__link\" href=\"https:\/\/bpicakmiedzychod.pl\/index.php\/2024\/10\/30\/spotkanie-autorskie-z-magdalena-ludwiczak-najnowsza-powiesc-sciezki-losu\/\" tabindex=\"-1\" ><div class=\"elementor-post__thumbnail\"><img loading=\"lazy\" decoding=\"async\" width=\"1447\" height=\"2048\" src=\"https:\/\/bpicakmiedzychod.pl\/wp-content\/uploads\/2024\/10\/464600122_971667954996155_3238214803939017590_n.jpg\" class=\"attachment-full size-full wp-image-49627\" alt=\"\" srcset=\"https:\/\/bpicakmiedzychod.pl\/wp-content\/uploads\/2024\/10\/464600122_971667954996155_3238214803939017590_n.jpg 1447w, https:\/\/bpicakmiedzychod.pl\/wp-content\/uploads\/2024\/10\/464600122_971667954996155_3238214803939017590_n-212x300.jpg 212w, https:\/\/bpicakmiedzychod.pl\/wp-content\/uploads\/2024\/10\/464600122_971667954996155_3238214803939017590_n-724x1024.jpg 724w, https:\/\/bpicakmiedzychod.pl\/wp-content\/uploads\/2024\/10\/464600122_971667954996155_3238214803939017590_n-768x1087.jpg 768w, https:\/\/bpicakmiedzychod.pl\/wp-content\/uploads\/2024\/10\/464600122_971667954996155_3238214803939017590_n-1085x1536.jpg 1085w\" sizes=\"(max-width: 1447px) 100vw, 1447px\" \/><\/div><\/a>\n\t\t\t\t<div class=\"elementor-post__text\">\n\t\t\t\t<h3 class=\"elementor-post__title\">\n\t\t\t<a href=\"https:\/\/bpicakmiedzychod.pl\/index.php\/2024\/10\/30\/spotkanie-autorskie-z-magdalena-ludwiczak-najnowsza-powiesc-sciezki-losu\/\" >\n\t\t\t\tSpotkanie autorskie z Magdalen\u0105 Ludwiczak &#8211; najnowsza powie\u015b\u0107 &#8222;\u015acie\u017cki losu&#8221;\t\t\t<\/a>\n\t\t<\/h3>\n\t\t\t\t<div class=\"elementor-post__excerpt\">\n\t\t\t<p>Kochani!Przed Wami wyj\u0105tkowa okazja, by spotka\u0107 si\u0119 z autork\u0105 powie\u015bci &#8222;\u015acie\u017cki Losu&#8221; \u2013 Magdalena Ludwiczak pisarz \u2013 i porozmawia\u0107 o inspiracjach, emocjach i znaczeniach skrywanych<\/p>\n\t\t<\/div>\n\t\t\t\t<\/div>\n\t\t\t\t<div class=\"elementor-post__meta-data\">\n\t\t\t\t\t<span class=\"elementor-post-date\">\n\t\t\t30 pa\u017adziernika, 2024\t\t<\/span>\n\t\t\t\t<\/div>\n\t\t\t\t\t<\/div>\n\t\t<\/article>\n\t\t\t\t<article class=\"elementor-post elementor-grid-item post-49585 post type-post status-publish format-standard has-post-thumbnail hentry category-archiwum-biblioteka\" role=\"listitem\">\n\t\t\t<div class=\"elementor-post__card\">\n\t\t\t\t<a class=\"elementor-post__thumbnail__link\" href=\"https:\/\/bpicakmiedzychod.pl\/index.php\/2024\/10\/18\/na-spokojnie-czy-seniorom-wolno-wiecej\/\" tabindex=\"-1\" ><div class=\"elementor-post__thumbnail\"><img loading=\"lazy\" decoding=\"async\" width=\"1920\" height=\"1080\" src=\"https:\/\/bpicakmiedzychod.pl\/wp-content\/uploads\/2024\/10\/463485367_963763655786585_8890050502935838962_n.jpg\" class=\"attachment-full size-full wp-image-49586\" alt=\"\" \/><\/div><\/a>\n\t\t\t\t<div class=\"elementor-post__text\">\n\t\t\t\t<h3 class=\"elementor-post__title\">\n\t\t\t<a href=\"https:\/\/bpicakmiedzychod.pl\/index.php\/2024\/10\/18\/na-spokojnie-czy-seniorom-wolno-wiecej\/\" >\n\t\t\t\tNA SPOKOJNIE | Czy seniorom wolno wi\u0119cej?\t\t\t<\/a>\n\t\t<\/h3>\n\t\t\t\t<div class=\"elementor-post__excerpt\">\n\t\t\t<p>Wczorajsze spotkanie z naszymi niezast\u0105pionymi seniorami z Klubu \u201eZ\u0142oty Wiek\u201d by\u0142o jak zawsze pe\u0142ne ciep\u0142a, refleksji i\u2026u\u015bmiech\u00f3w. Tym razem w ramach cyklu \u201eNa spokojnie\u201d, kt\u00f3ry<\/p>\n\t\t<\/div>\n\t\t\t\t<\/div>\n\t\t\t\t<div class=\"elementor-post__meta-data\">\n\t\t\t\t\t<span class=\"elementor-post-date\">\n\t\t\t18 pa\u017adziernika, 2024\t\t<\/span>\n\t\t\t\t<\/div>\n\t\t\t\t\t<\/div>\n\t\t<\/article>\n\t\t\t\t<article class=\"elementor-post elementor-grid-item post-49311 post type-post status-publish format-standard has-post-thumbnail hentry category-archiwum-biblioteka\" role=\"listitem\">\n\t\t\t<div class=\"elementor-post__card\">\n\t\t\t\t<a class=\"elementor-post__thumbnail__link\" href=\"https:\/\/bpicakmiedzychod.pl\/index.php\/2024\/10\/18\/jesien-w-wierszach-katarzyny-kedzierskiej\/\" tabindex=\"-1\" ><div class=\"elementor-post__thumbnail\"><img loading=\"lazy\" decoding=\"async\" width=\"2048\" height=\"1636\" src=\"https:\/\/bpicakmiedzychod.pl\/wp-content\/uploads\/2024\/10\/463454788_955653526597852_3214783675101665836_n.jpg\" class=\"attachment-full size-full wp-image-49312\" alt=\"\" srcset=\"https:\/\/bpicakmiedzychod.pl\/wp-content\/uploads\/2024\/10\/463454788_955653526597852_3214783675101665836_n.jpg 2048w, https:\/\/bpicakmiedzychod.pl\/wp-content\/uploads\/2024\/10\/463454788_955653526597852_3214783675101665836_n-300x240.jpg 300w, https:\/\/bpicakmiedzychod.pl\/wp-content\/uploads\/2024\/10\/463454788_955653526597852_3214783675101665836_n-1024x818.jpg 1024w, https:\/\/bpicakmiedzychod.pl\/wp-content\/uploads\/2024\/10\/463454788_955653526597852_3214783675101665836_n-768x614.jpg 768w, https:\/\/bpicakmiedzychod.pl\/wp-content\/uploads\/2024\/10\/463454788_955653526597852_3214783675101665836_n-1536x1227.jpg 1536w\" sizes=\"(max-width: 2048px) 100vw, 2048px\" \/><\/div><\/a>\n\t\t\t\t<div class=\"elementor-post__text\">\n\t\t\t\t<h3 class=\"elementor-post__title\">\n\t\t\t<a href=\"https:\/\/bpicakmiedzychod.pl\/index.php\/2024\/10\/18\/jesien-w-wierszach-katarzyny-kedzierskiej\/\" >\n\t\t\t\tJesie\u0144 w wierszach Katarzyny K\u0119dzierskiej\t\t\t<\/a>\n\t\t<\/h3>\n\t\t\t\t<div class=\"elementor-post__excerpt\">\n\t\t\t<p>Bardzo mi\u0142o by\u0142o go\u015bci\u0107 w bibliotece poetk\u0119, pani\u0105 Katarzyn\u0119 K\u0119dziersk\u0105 oraz dzieci z grupy motylki z Zesp\u00f3\u0142 Szkolno-Przedszkolny w Kamionnie .\u00a0By\u0142a okazja by pos\u0142ucha\u0107 wielu<\/p>\n\t\t<\/div>\n\t\t\t\t<\/div>\n\t\t\t\t<div class=\"elementor-post__meta-data\">\n\t\t\t\t\t<span class=\"elementor-post-date\">\n\t\t\t18 pa\u017adziernika, 2024\t\t<\/span>\n\t\t\t\t<\/div>\n\t\t\t\t\t<\/div>\n\t\t<\/article>\n\t\t\t\t<article class=\"elementor-post elementor-grid-item post-49277 post type-post status-publish format-standard has-post-thumbnail hentry category-archiwum-biblioteka\" role=\"listitem\">\n\t\t\t<div class=\"elementor-post__card\">\n\t\t\t\t<a class=\"elementor-post__thumbnail__link\" href=\"https:\/\/bpicakmiedzychod.pl\/index.php\/2024\/10\/16\/tu-byl-las-ewy-wyrebskiej\/\" tabindex=\"-1\" ><div class=\"elementor-post__thumbnail\"><img loading=\"lazy\" decoding=\"async\" width=\"1407\" height=\"2048\" src=\"https:\/\/bpicakmiedzychod.pl\/wp-content\/uploads\/2024\/10\/463423322_962076635955287_7798929484982330885_n.jpg\" class=\"attachment-full size-full wp-image-49278\" alt=\"\" srcset=\"https:\/\/bpicakmiedzychod.pl\/wp-content\/uploads\/2024\/10\/463423322_962076635955287_7798929484982330885_n.jpg 1407w, https:\/\/bpicakmiedzychod.pl\/wp-content\/uploads\/2024\/10\/463423322_962076635955287_7798929484982330885_n-206x300.jpg 206w, https:\/\/bpicakmiedzychod.pl\/wp-content\/uploads\/2024\/10\/463423322_962076635955287_7798929484982330885_n-704x1024.jpg 704w, https:\/\/bpicakmiedzychod.pl\/wp-content\/uploads\/2024\/10\/463423322_962076635955287_7798929484982330885_n-768x1118.jpg 768w, https:\/\/bpicakmiedzychod.pl\/wp-content\/uploads\/2024\/10\/463423322_962076635955287_7798929484982330885_n-1055x1536.jpg 1055w\" sizes=\"(max-width: 1407px) 100vw, 1407px\" \/><\/div><\/a>\n\t\t\t\t<div class=\"elementor-post__text\">\n\t\t\t\t<h3 class=\"elementor-post__title\">\n\t\t\t<a href=\"https:\/\/bpicakmiedzychod.pl\/index.php\/2024\/10\/16\/tu-byl-las-ewy-wyrebskiej\/\" >\n\t\t\t\t&#8222;Tu by\u0142 las&#8221; Ewy Wyr\u0119bskiej\t\t\t<\/a>\n\t\t<\/h3>\n\t\t\t\t<div class=\"elementor-post__excerpt\">\n\t\t\t<p>Mamy w Powiat Mi\u0119dzychodzki uznan\u0105 w Polsce poetk\u0119 i nie zawahali\u015bmy si\u0119 zaprosi\u0107 jej do siebie!&#8221;Tu by\u0142 las&#8221;, to poruszaj\u0105cy zbi\u00f3r poezji Ewa Wyrembska &#8211;<\/p>\n\t\t<\/div>\n\t\t\t\t<\/div>\n\t\t\t\t<div class=\"elementor-post__meta-data\">\n\t\t\t\t\t<span class=\"elementor-post-date\">\n\t\t\t16 pa\u017adziernika, 2024\t\t<\/span>\n\t\t\t\t<\/div>\n\t\t\t\t\t<\/div>\n\t\t<\/article>\n\t\t\t\t<\/div>\n\t\t\n\t\t\t\t<div class=\"e-load-more-anchor\" data-page=\"1\" data-max-page=\"45\" data-next-page=\"https:\/\/bpicakmiedzychod.pl\/index.php\/wp-json\/wp\/v2\/pages\/129\/page\/2\/\"><\/div>\n\t\t\t\t<nav class=\"elementor-pagination\" aria-label=\"Paginacja\">\n\t\t\t<span class=\"page-numbers prev\">Wstecz<\/span>\n<span aria-current=\"page\" class=\"page-numbers current\"><span class=\"elementor-screen-only\">Strona<\/span>1<\/span>\n<a class=\"page-numbers\" href=\"https:\/\/bpicakmiedzychod.pl\/index.php\/wp-json\/wp\/v2\/pages\/129\/page\/2\/\"><span class=\"elementor-screen-only\">Strona<\/span>2<\/a>\n<a class=\"page-numbers\" href=\"https:\/\/bpicakmiedzychod.pl\/index.php\/wp-json\/wp\/v2\/pages\/129\/page\/3\/\"><span class=\"elementor-screen-only\">Strona<\/span>3<\/a>\n<span class=\"page-numbers dots\">&hellip;<\/span>\n<a class=\"page-numbers\" href=\"https:\/\/bpicakmiedzychod.pl\/index.php\/wp-json\/wp\/v2\/pages\/129\/page\/45\/\"><span class=\"elementor-screen-only\">Strona<\/span>45<\/a>\n<a class=\"page-numbers next\" href=\"https:\/\/bpicakmiedzychod.pl\/index.php\/wp-json\/wp\/v2\/pages\/129\/page\/2\/\">Dalej<\/a>\t\t<\/nav>\n\t\t\t\t\t\t<\/div>\n\t\t\t\t<\/div>\n\t\t\t\t\t<\/div>\n\t\t<\/div>\n\t\t\t\t\t<\/div>\n\t\t<\/section>\n\t\t\t\t\t<\/div>\n\t\t<\/div>\n\t\t\t\t\t<\/div>\n\t\t<\/section>\n\t\t\t\t<\/div>\n\t\t","protected":false},"excerpt":{"rendered":"<p>Archiwum<\/p>\n","protected":false},"author":1,"featured_media":0,"parent":122,"menu_order":0,"comment_status":"closed","ping_status":"closed","template":"elementor_header_footer","meta":{"footnotes":""},"class_list":["post-129","page","type-page","status-publish","hentry"],"_links":{"self":[{"href":"https:\/\/bpicakmiedzychod.pl\/index.php\/wp-json\/wp\/v2\/pages\/129","targetHints":{"allow":["GET"]}}],"collection":[{"href":"https:\/\/bpicakmiedzychod.pl\/index.php\/wp-json\/wp\/v2\/pages"}],"about":[{"href":"https:\/\/bpicakmiedzychod.pl\/index.php\/wp-json\/wp\/v2\/types\/page"}],"author":[{"embeddable":true,"href":"https:\/\/bpicakmiedzychod.pl\/index.php\/wp-json\/wp\/v2\/users\/1"}],"replies":[{"embeddable":true,"href":"https:\/\/bpicakmiedzychod.pl\/index.php\/wp-json\/wp\/v2\/comments?post=129"}],"version-history":[{"count":31,"href":"https:\/\/bpicakmiedzychod.pl\/index.php\/wp-json\/wp\/v2\/pages\/129\/revisions"}],"predecessor-version":[{"id":20955,"href":"https:\/\/bpicakmiedzychod.pl\/index.php\/wp-json\/wp\/v2\/pages\/129\/revisions\/20955"}],"up":[{"embeddable":true,"href":"https:\/\/bpicakmiedzychod.pl\/index.php\/wp-json\/wp\/v2\/pages\/122"}],"wp:attachment":[{"href":"https:\/\/bpicakmiedzychod.pl\/index.php\/wp-json\/wp\/v2\/media?parent=129"}],"curies":[{"name":"wp","href":"https:\/\/api.w.org\/{rel}","templated":true}]}}