{"id":22864,"date":"2022-01-20T11:04:29","date_gmt":"2022-01-20T11:04:29","guid":{"rendered":"https:\/\/bpicakmiedzychod.pl\/?page_id=22864"},"modified":"2022-01-20T11:09:04","modified_gmt":"2022-01-20T11:09:04","slug":"2022-biblioteka","status":"publish","type":"page","link":"https:\/\/bpicakmiedzychod.pl\/index.php\/biblioteka-publiczna\/galeria\/2022-biblioteka\/","title":{"rendered":"2022 &#8211; biblioteka"},"content":{"rendered":"\t\t<div data-elementor-type=\"wp-page\" data-elementor-id=\"22864\" class=\"elementor elementor-22864\" data-elementor-post-type=\"page\">\n\t\t\t\t\t\t<section data-particle_enable=\"false\" data-particle-mobile-disabled=\"false\" class=\"elementor-section elementor-top-section elementor-element elementor-element-a7089ec elementor-section-full_width elementor-section-height-default elementor-section-height-default\" data-id=\"a7089ec\" data-element_type=\"section\" data-settings=\"{&quot;background_background&quot;:&quot;classic&quot;}\">\n\t\t\t\t\t\t<div class=\"elementor-container elementor-column-gap-wider\">\n\t\t\t\t\t<div class=\"elementor-column elementor-col-50 elementor-top-column elementor-element elementor-element-0e3d341\" data-id=\"0e3d341\" data-element_type=\"column\" data-settings=\"{&quot;background_background&quot;:&quot;classic&quot;}\">\n\t\t\t<div class=\"elementor-widget-wrap elementor-element-populated\">\n\t\t\t\t\t<div class=\"elementor-background-overlay\"><\/div>\n\t\t\t\t\t\t<div class=\"elementor-element elementor-element-9257627 elementor-widget elementor-widget-eael-creative-button\" data-id=\"9257627\" data-element_type=\"widget\" data-widget_type=\"eael-creative-button.default\">\n\t\t\t\t<div class=\"elementor-widget-container\">\n\t\t\t\t\t        <div class=\"eael-creative-button-wrapper\">\n\n            <a class=\"eael-creative-button eael-creative-button--wave\" href=\"https:\/\/bpicakmiedzychod.pl\/index.php\/biblioteka-publiczna\/galeria\/\" data-text=\"Sprawd\u017a\">\n            \t    \n                <div class=\"creative-button-inner\">\n\n                                            <span class=\"eael-creative-button-icon-left\"><\/span>                    \n                    <span class=\"cretive-button-text\">POWR\u00d3T<\/span>\n\n                                    <\/div>\n\t                        <\/a>\n        <\/div>\n        \t\t\t\t<\/div>\n\t\t\t\t<\/div>\n\t\t\t\t\t<\/div>\n\t\t<\/div>\n\t\t\t\t<div class=\"elementor-column elementor-col-50 elementor-top-column elementor-element elementor-element-cb2f30a\" data-id=\"cb2f30a\" data-element_type=\"column\" data-settings=\"{&quot;background_background&quot;:&quot;classic&quot;}\">\n\t\t\t<div class=\"elementor-widget-wrap elementor-element-populated\">\n\t\t\t\t\t\t<div class=\"elementor-element elementor-element-da6ff90 elementor-widget-divider--view-line elementor-widget elementor-widget-divider\" data-id=\"da6ff90\" data-element_type=\"widget\" data-widget_type=\"divider.default\">\n\t\t\t\t<div class=\"elementor-widget-container\">\n\t\t\t\t\t\t\t<div class=\"elementor-divider\">\n\t\t\t<span class=\"elementor-divider-separator\">\n\t\t\t\t\t\t<\/span>\n\t\t<\/div>\n\t\t\t\t\t\t<\/div>\n\t\t\t\t<\/div>\n\t\t\t\t<div class=\"elementor-element elementor-element-1480de0 elementor-widget elementor-widget-heading\" data-id=\"1480de0\" data-element_type=\"widget\" data-widget_type=\"heading.default\">\n\t\t\t\t<div class=\"elementor-widget-container\">\n\t\t\t\t\t<h2 class=\"elementor-heading-title elementor-size-default\">Galeria 2022<\/h2>\t\t\t\t<\/div>\n\t\t\t\t<\/div>\n\t\t\t\t<div class=\"elementor-element elementor-element-c6829c1 elementor-widget elementor-widget-html\" data-id=\"c6829c1\" data-element_type=\"widget\" data-widget_type=\"html.default\">\n\t\t\t\t<div class=\"elementor-widget-container\">\n\t\t\t\t\t<style>\n\n@media screen and (max-width: 1000px) {\nbody{margin-left:0px;}\n}\n\n@media screen and (min-width: 1000px) {\nbody{margin-left:60px;}\n}\n\n\n\n<\/style>\t\t\t\t<\/div>\n\t\t\t\t<\/div>\n\t\t\t\t\t<\/div>\n\t\t<\/div>\n\t\t\t\t\t<\/div>\n\t\t<\/section>\n\t\t\t\t<section data-particle_enable=\"false\" data-particle-mobile-disabled=\"false\" class=\"elementor-section elementor-top-section elementor-element elementor-element-345d114 elementor-section-full_width elementor-section-height-default elementor-section-height-default\" data-id=\"345d114\" data-element_type=\"section\" data-settings=\"{&quot;background_background&quot;:&quot;classic&quot;}\">\n\t\t\t\t\t\t<div class=\"elementor-container elementor-column-gap-no\">\n\t\t\t\t\t<div class=\"elementor-column elementor-col-100 elementor-top-column elementor-element elementor-element-206c028\" data-id=\"206c028\" data-element_type=\"column\">\n\t\t\t<div class=\"elementor-widget-wrap elementor-element-populated\">\n\t\t\t\t\t\t<div class=\"elementor-element elementor-element-8a47493 eael_advanced_menu_hamburger_disable_selected_menu_no eael-advanced-menu-hamburger-align-right eael-advanced-menu--no eael-hamburger--tablet elementor-widget elementor-widget-eael-advanced-menu\" data-id=\"8a47493\" data-element_type=\"widget\" data-widget_type=\"eael-advanced-menu.skin-seven\">\n\t\t\t\t<div class=\"elementor-widget-container\">\n\t\t\t\t\t<style>\n                        @media screen and (max-width: 1024px) {\n                            .eael-hamburger--tablet {\n                                .eael-advanced-menu-horizontal,\n                                .eael-advanced-menu-vertical {\n                                    display: none;\n                                }\n                            }\n                            .eael-hamburger--tablet {\n                                .eael-advanced-menu-container .eael-advanced-menu-toggle {\n                                    display: block;\n                                }\n                            }\n                        }\n                    <\/style>            <div data-hamburger-icon=\"&lt;i aria-hidden=&quot;true&quot; class=&quot;fas fa-bars&quot;&gt;&lt;\/i&gt;\" data-indicator-class=\"&lt;i aria-hidden=&quot;true&quot; class=&quot;fas fa-angle-down&quot;&gt;&lt;\/i&gt;\" data-dropdown-indicator-class=\"&lt;i aria-hidden=&quot;true&quot; class=&quot;fas fa-angle-down&quot;&gt;&lt;\/i&gt;\" class=\"eael-advanced-menu-container eael-advanced-menu-align-center eael-advanced-menu-dropdown-align-left\" data-hamburger-breakpoints=\"{&quot;mobile&quot;:&quot;Mobilny pionowy (&gt; 767px)&quot;,&quot;tablet&quot;:&quot;Pionowy tablet (&gt; 1024px)&quot;,&quot;desktop&quot;:&quot;Desktop (&gt; 2400px)&quot;,&quot;none&quot;:&quot;None&quot;}\" data-hamburger-device=\"tablet\">\n                <ul id=\"menu-2022-biblioteka\" class=\"eael-advanced-menu eael-advanced-menu-dropdown-animate-to-top eael-advanced-menu-indicator eael-advanced-menu-vertical\"><li id=\"menu-item-30247\" class=\"menu-item menu-item-type-post_type menu-item-object-page menu-item-30247\"><a href=\"https:\/\/bpicakmiedzychod.pl\/index.php\/biblioteka-publiczna\/galeria\/2022-biblioteka\/teatr-kamishibai-efekt-matyldy-16-grudnia-2022\/\">Teatr Kamishibai \u201eEfekt Matyldy\u201d \u2013 16 grudnia 2022.<\/a><\/li>\n<li id=\"menu-item-30246\" class=\"menu-item menu-item-type-post_type menu-item-object-page menu-item-30246\"><a href=\"https:\/\/bpicakmiedzychod.pl\/index.php\/biblioteka-publiczna\/galeria\/2022-biblioteka\/sesja-mikolajkowa-6-grudnia-2022\/\">Sesja Miko\u0142ajkowa \u2013 6 grudnia 2022<\/a><\/li>\n<li id=\"menu-item-29608\" class=\"menu-item menu-item-type-post_type menu-item-object-page menu-item-29608\"><a href=\"https:\/\/bpicakmiedzychod.pl\/index.php\/biblioteka-publiczna\/galeria\/2022-biblioteka\/wieczorna-opowiesc-o-pewnym-kapturku-oraz-warsztaty-plastyczne-22-pazdziernika-2022\/\">Wieczorna opowie\u015b\u0107 o pewnym Kapturku oraz warsztaty plastyczne \u2013 22 pa\u017adziernika 2022<\/a><\/li>\n<li id=\"menu-item-29609\" class=\"menu-item menu-item-type-post_type menu-item-object-page menu-item-29609\"><a href=\"https:\/\/bpicakmiedzychod.pl\/index.php\/biblioteka-publiczna\/galeria\/2022-biblioteka\/spektakl-dawne-zabawki-ludowe-w-polsce-22-pazdziernika-2022\/\">Spektakl \u201eDawne zabawki ludowe w Polsce\u201d \u2013 22 pa\u017adziernika 2022<\/a><\/li>\n<li id=\"menu-item-29606\" class=\"menu-item menu-item-type-post_type menu-item-object-page menu-item-29606\"><a href=\"https:\/\/bpicakmiedzychod.pl\/index.php\/biblioteka-publiczna\/galeria\/2022-biblioteka\/nocny-mini-koncert-muzyczne-klasyczne-opowiesci-22-pazdziernika-2022\/\">Nocny mini koncert \u201eMuzyczne klasyczne opowie\u015bci\u201d \u2013 22 pa\u017adziernika 2022<\/a><\/li>\n<li id=\"menu-item-29607\" class=\"menu-item menu-item-type-post_type menu-item-object-page menu-item-29607\"><a href=\"https:\/\/bpicakmiedzychod.pl\/index.php\/biblioteka-publiczna\/galeria\/2022-biblioteka\/sploty-i-splotki-dzierganie-noca-22-pazdziernika-2022\/\">Sploty i sPlotki \u2013 dzierganie noc\u0105 \u2013 22 pa\u017adziernika 2022<\/a><\/li>\n<li id=\"menu-item-29610\" class=\"menu-item menu-item-type-post_type menu-item-object-page menu-item-29610\"><a href=\"https:\/\/bpicakmiedzychod.pl\/index.php\/biblioteka-publiczna\/galeria\/2022-biblioteka\/spotkanie-autorskie-z-magdalena-ludwiczak-21-pazdziernika-2022\/\">Spotkanie autorskie z Magdalen\u0105 Ludwiczak \u2013 21 pa\u017adziernika 2022.<\/a><\/li>\n<li id=\"menu-item-29611\" class=\"menu-item menu-item-type-post_type menu-item-object-page menu-item-29611\"><a href=\"https:\/\/bpicakmiedzychod.pl\/index.php\/biblioteka-publiczna\/galeria\/2022-biblioteka\/zaklad-fotograficzny-camera-ala-minute-21-pazdziernika-2022\/\">Zak\u0142ad fotograficzny \u201eCamera a\u2019la minute\u201d \u2013 21 pa\u017adziernika 2022<\/a><\/li>\n<li id=\"menu-item-29240\" class=\"menu-item menu-item-type-post_type menu-item-object-page menu-item-29240\"><a href=\"https:\/\/bpicakmiedzychod.pl\/index.php\/biblioteka-publiczna\/galeria\/2022-biblioteka\/klub-czytajacych-rodzin-zaby-i-ropuchy-15-pazdziernika-2022\/\">Klub Czytaj\u0105cych Rodzin \u2013 \u017baby i ropuchy \u2013 15 pa\u017adziernika 2022<\/a><\/li>\n<li id=\"menu-item-28878\" class=\"menu-item menu-item-type-post_type menu-item-object-page menu-item-28878\"><a href=\"https:\/\/bpicakmiedzychod.pl\/index.php\/centrum-animacji-kultury\/galeria\/2022-2\/parkuj-z-nami-27-28-sierpnia-2022\/\">Parkuj z Nami \u2013 27-28 sierpnia 2022.<\/a><\/li>\n<li id=\"menu-item-28799\" class=\"menu-item menu-item-type-post_type menu-item-object-page menu-item-28799\"><a href=\"https:\/\/bpicakmiedzychod.pl\/index.php\/biblioteka-publiczna\/galeria\/2022-biblioteka\/sensoryczna-eko-ksiazka-13-lipca-2022\/\">Sensoryczna EKO-ksi\u0105\u017cka \u2013 13 lipca 2022.<\/a><\/li>\n<li id=\"menu-item-28800\" class=\"menu-item menu-item-type-post_type menu-item-object-page menu-item-28800\"><a href=\"https:\/\/bpicakmiedzychod.pl\/index.php\/biblioteka-publiczna\/galeria\/2022-biblioteka\/torba-na-ksiazki-11-lipca-2022\/\">Torba na ksi\u0105\u017cki \u2013 11 lipca 2022.<\/a><\/li>\n<li id=\"menu-item-28801\" class=\"menu-item menu-item-type-post_type menu-item-object-page menu-item-28801\"><a href=\"https:\/\/bpicakmiedzychod.pl\/index.php\/biblioteka-publiczna\/galeria\/2022-biblioteka\/ksiazka-na-sniadanie-6-lipca-2022\/\">Ksi\u0105\u017cka na \u015bniadanie \u2013 6 lipca 2022.<\/a><\/li>\n<li id=\"menu-item-28118\" class=\"menu-item menu-item-type-post_type menu-item-object-page menu-item-28118\"><a href=\"https:\/\/bpicakmiedzychod.pl\/index.php\/biblioteka-publiczna\/galeria\/2022-biblioteka\/pamietnik-z-wakacji-4-lipca-2022\/\">Pami\u0119tnik z wakacji \u2013 4 lipca 2022.<\/a><\/li>\n<li id=\"menu-item-27337\" class=\"menu-item menu-item-type-post_type menu-item-object-page menu-item-27337\"><a href=\"https:\/\/bpicakmiedzychod.pl\/index.php\/klub-czytajacych-rodzin-introligatorskie-handmade-11-czerwca-2022\/\">Klub Czytaj\u0105cych Rodzin \u2013 Introligatorskie HandMade \u2013 11 czerwca 2022.<\/a><\/li>\n<li id=\"menu-item-27012\" class=\"menu-item menu-item-type-post_type menu-item-object-page menu-item-27012\"><a href=\"https:\/\/bpicakmiedzychod.pl\/index.php\/biblioteka-publiczna\/galeria\/2022-biblioteka\/krol-i-krolowa-biblioteki-1-czerwca-2022\/\">Kr\u00f3l i Kr\u00f3lowa Biblioteki \u2013 1 czerwca 2022.<\/a><\/li>\n<li id=\"menu-item-26442\" class=\"menu-item menu-item-type-post_type menu-item-object-page menu-item-26442\"><a href=\"https:\/\/bpicakmiedzychod.pl\/index.php\/biblioteka-publiczna\/galeria\/2022-biblioteka\/klub-czytajacych-rodzin-korea-poludniowa-7-maja-2022\/\">Klub Czytaj\u0105cych Rodzin \u2013 Korea Po\u0142udniowa \u2013 7 maja 2022.<\/a><\/li>\n<li id=\"menu-item-26397\" class=\"menu-item menu-item-type-post_type menu-item-object-page menu-item-26397\"><a href=\"https:\/\/bpicakmiedzychod.pl\/index.php\/biblioteka-publiczna\/galeria\/2022-biblioteka\/powiatowy-konkurs-pieknego-czytania-etap-powiatowy-29-kwietnia-2022\/\">Powiatowy Konkurs Pi\u0119knego Czytania \u2013 etap powiatowy \u2013 29 kwietnia 2022.<\/a><\/li>\n<li id=\"menu-item-26140\" class=\"menu-item menu-item-type-post_type menu-item-object-page menu-item-26140\"><a href=\"https:\/\/bpicakmiedzychod.pl\/index.php\/biblioteka-publiczna\/galeria\/2022-biblioteka\/seminarium-powiatowe-brama-poznania-muzeum-w-rogalinie-26-04-2022\/\">Seminarium powiatowe \u2013 Brama Poznania, Muzeum w Rogalinie \u2013 26 kwietnia 2022.<\/a><\/li>\n<li id=\"menu-item-26102\" class=\"menu-item menu-item-type-post_type menu-item-object-page menu-item-26102\"><a href=\"https:\/\/bpicakmiedzychod.pl\/index.php\/biblioteka-publiczna\/galeria\/2022-biblioteka\/konkurs-pieknego-czytania-etap-gminny-22-kwietnia-2022\/\">Konkurs Pi\u0119knego Czytania \u2013 etap gminny \u2013 22 kwietnia 2022.<\/a><\/li>\n<li id=\"menu-item-25617\" class=\"menu-item menu-item-type-post_type menu-item-object-page menu-item-25617\"><a href=\"https:\/\/bpicakmiedzychod.pl\/index.php\/biblioteka-publiczna\/galeria\/2022-biblioteka\/klub-czytajacych-rodzin-japonia\/\">Klub Czytaj\u0105cych Rodzin \u2013 Japonia \u2013 9 kwietnia 2022.<\/a><\/li>\n<li id=\"menu-item-24975\" class=\"menu-item menu-item-type-post_type menu-item-object-page menu-item-24975\"><a href=\"https:\/\/bpicakmiedzychod.pl\/index.php\/biblioteka-publiczna\/galeria\/2022-biblioteka\/klub-czytajacych-rodzin-minecraft-13-lutego-2022\/\">Klub Czytaj\u0105cych Rodzin \u2013 Minecraft \u2013 13 lutego 2022.<\/a><\/li>\n<li id=\"menu-item-24697\" class=\"menu-item menu-item-type-post_type menu-item-object-page menu-item-24697\"><a href=\"https:\/\/bpicakmiedzychod.pl\/index.php\/biblioteka-publiczna\/galeria\/2022-biblioteka\/dzien-przytulania-bibliotekarza-3-marca-2022\/\">Dzie\u0144 przytulania bibliotekarza \u2013 3 marca 2022.<\/a><\/li>\n<li id=\"menu-item-23923\" class=\"menu-item menu-item-type-post_type menu-item-object-page menu-item-23923\"><a href=\"https:\/\/bpicakmiedzychod.pl\/index.php\/biblioteka-publiczna\/galeria\/2022-biblioteka\/klub-czytajacych-rodzin-walentynki-12-lutego-2022\/\">Klub Czytaj\u0105cych Rodzin \u2013 Walentynki \u2013 12 lutego 2022.<\/a><\/li>\n<li id=\"menu-item-23137\" class=\"menu-item menu-item-type-post_type menu-item-object-page menu-item-23137\"><a href=\"https:\/\/bpicakmiedzychod.pl\/index.php\/biblioteka-publiczna\/galeria\/2022-biblioteka\/ubierz-sie-w-slowa-warsztaty-literacko-artystyczne-26-stycznia-2022\/\">Ubierz si\u0119 w s\u0142owa warsztaty literacko-artystyczne &#8211; 26 stycznia 2022.<\/a><\/li>\n<li id=\"menu-item-23136\" class=\"menu-item menu-item-type-post_type menu-item-object-page menu-item-23136\"><a href=\"https:\/\/bpicakmiedzychod.pl\/index.php\/biblioteka-publiczna\/galeria\/2022-biblioteka\/spotkanie-autorskie-z-zofia-stanecka-26-stycznia\/\">Spotkanie autorskie z Zofi\u0105 Staneck\u0105 \u2013 26 stycznia 2022.<\/a><\/li>\n<li id=\"menu-item-23135\" class=\"menu-item menu-item-type-post_type menu-item-object-page menu-item-23135\"><a href=\"https:\/\/bpicakmiedzychod.pl\/index.php\/biblioteka-publiczna\/galeria\/2022-biblioteka\/warsztaty-z-jezyka-migowego-19-stycznia-2022\/\">Warsztaty z j\u0119zyka migowego \u2013 19 stycznia 2022.<\/a><\/li>\n<li id=\"menu-item-23138\" class=\"menu-item menu-item-type-post_type menu-item-object-page menu-item-23138\"><a href=\"https:\/\/bpicakmiedzychod.pl\/index.php\/biblioteka-publiczna\/galeria\/2022-biblioteka\/spotkanie-autorskie-z-zbigniewem-masternakiem-19-stycznia-2022\/\">Spotkanie autorskie z Zbigniewem Masternakiem \u2013 19 stycznia 2022.<\/a><\/li>\n<li id=\"menu-item-30156\" class=\"menu-item menu-item-type-post_type menu-item-object-page menu-item-30156\"><a href=\"https:\/\/bpicakmiedzychod.pl\/index.php\/biblioteka-publiczna\/projekty\/projekty-2022\/2022-2\/\">2022<\/a><\/li>\n<\/ul>                <button class=\"eael-advanced-menu-toggle\" aria-label=\"Essential Addons Toggle Menu\">\n                    <i aria-hidden=\"true\" class=\"fas fa-bars\"><\/i>                <\/button>\n            <\/div>\n            \t\t\t\t<\/div>\n\t\t\t\t<\/div>\n\t\t\t\t\t<\/div>\n\t\t<\/div>\n\t\t\t\t\t<\/div>\n\t\t<\/section>\n\t\t\t\t<\/div>\n\t\t","protected":false},"excerpt":{"rendered":"<p>POWR\u00d3T Galeria 2022 5 urodziny Studio Ta\u0144ca Remix Mi\u0119dzych\u00f3d go\u015bcinnie wyst\u0105pili: Studio Ta\u0144ca GOLD z MOK Mi\u0119dzyrzecz, Studio Ta\u0144ca Remix Skwierzyna, Zesp\u00f3\u0142 Wokalny ZNAK z CAK Mi\u0119dzych\u00f3d, Nadia i Jasmina Schindler, Gwiazda: LANBERRY<\/p>\n","protected":false},"author":1,"featured_media":0,"parent":165,"menu_order":0,"comment_status":"closed","ping_status":"closed","template":"elementor_header_footer","meta":{"footnotes":""},"class_list":["post-22864","page","type-page","status-publish","hentry"],"_links":{"self":[{"href":"https:\/\/bpicakmiedzychod.pl\/index.php\/wp-json\/wp\/v2\/pages\/22864","targetHints":{"allow":["GET"]}}],"collection":[{"href":"https:\/\/bpicakmiedzychod.pl\/index.php\/wp-json\/wp\/v2\/pages"}],"about":[{"href":"https:\/\/bpicakmiedzychod.pl\/index.php\/wp-json\/wp\/v2\/types\/page"}],"author":[{"embeddable":true,"href":"https:\/\/bpicakmiedzychod.pl\/index.php\/wp-json\/wp\/v2\/users\/1"}],"replies":[{"embeddable":true,"href":"https:\/\/bpicakmiedzychod.pl\/index.php\/wp-json\/wp\/v2\/comments?post=22864"}],"version-history":[{"count":7,"href":"https:\/\/bpicakmiedzychod.pl\/index.php\/wp-json\/wp\/v2\/pages\/22864\/revisions"}],"predecessor-version":[{"id":22873,"href":"https:\/\/bpicakmiedzychod.pl\/index.php\/wp-json\/wp\/v2\/pages\/22864\/revisions\/22873"}],"up":[{"embeddable":true,"href":"https:\/\/bpicakmiedzychod.pl\/index.php\/wp-json\/wp\/v2\/pages\/165"}],"wp:attachment":[{"href":"https:\/\/bpicakmiedzychod.pl\/index.php\/wp-json\/wp\/v2\/media?parent=22864"}],"curies":[{"name":"wp","href":"https:\/\/api.w.org\/{rel}","templated":true}]}}