{"id":29172,"date":"2022-10-18T07:53:05","date_gmt":"2022-10-18T07:53:05","guid":{"rendered":"https:\/\/bpicakmiedzychod.pl\/?page_id=29172"},"modified":"2022-10-18T07:53:32","modified_gmt":"2022-10-18T07:53:32","slug":"jesien-od-kuchni-spotkanie-z-psychodietetyczka-agnieszka-jecz-jak-zadbac-o-dobre-samopoczucie-jesienia-degustacja-potraw-weganskich-15-pazdziernika-2022","status":"publish","type":"page","link":"https:\/\/bpicakmiedzychod.pl\/index.php\/centrum-animacji-kultury\/galeria\/2022-2\/jesien-od-kuchni-spotkanie-z-psychodietetyczka-agnieszka-jecz-jak-zadbac-o-dobre-samopoczucie-jesienia-degustacja-potraw-weganskich-15-pazdziernika-2022\/","title":{"rendered":"\u201eJesie\u0144 od kuchni\u201d \u2013 spotkanie z psychodietetyczk\u0105 Agnieszk\u0105 J\u0119cz \/jak zadba\u0107 o dobre samopoczucie jesieni\u0105, degustacja potraw wega\u0144skich\/ 15 pa\u017adziernika 2022"},"content":{"rendered":"\t\t<div data-elementor-type=\"wp-page\" data-elementor-id=\"29172\" class=\"elementor elementor-29172\" data-elementor-post-type=\"page\">\n\t\t\t\t\t\t<section data-particle_enable=\"false\" data-particle-mobile-disabled=\"false\" class=\"elementor-section elementor-top-section elementor-element elementor-element-2c2b70ac elementor-section-full_width elementor-section-height-default elementor-section-height-default\" data-id=\"2c2b70ac\" data-element_type=\"section\">\n\t\t\t\t\t\t<div class=\"elementor-container elementor-column-gap-default\">\n\t\t\t\t\t<div class=\"elementor-column elementor-col-100 elementor-top-column elementor-element elementor-element-66f5d505\" data-id=\"66f5d505\" data-element_type=\"column\">\n\t\t\t<div class=\"elementor-widget-wrap elementor-element-populated\">\n\t\t\t\t\t\t<div class=\"elementor-element elementor-element-44d15d42 elementor-widget elementor-widget-html\" data-id=\"44d15d42\" data-element_type=\"widget\" data-widget_type=\"html.default\">\n\t\t\t\t<div class=\"elementor-widget-container\">\n\t\t\t\t\t<style>\n\n@media screen and (max-width: 1000px) {\nbody{margin-left:0px;}\n}\n\n@media screen and (min-width: 1000px) {\nbody{margin-left:60px;}\n}\n\n\n\n<\/style>\t\t\t\t<\/div>\n\t\t\t\t<\/div>\n\t\t\t\t<div class=\"elementor-element elementor-element-77c151eb elementor-widget elementor-widget-eael-creative-button\" data-id=\"77c151eb\" data-element_type=\"widget\" data-widget_type=\"eael-creative-button.default\">\n\t\t\t\t<div class=\"elementor-widget-container\">\n\t\t\t\t\t        <div class=\"eael-creative-button-wrapper\">\n\n            <a class=\"eael-creative-button eael-creative-button--winona\" href=\"https:\/\/bpicakmiedzychod.pl\/index.php\/centrum-animacji-kultury\/galeria\/2021-2\/\" data-text=\"Kliknij\">\n            \t    \n                <div class=\"creative-button-inner\">\n\n                                            <span class=\"eael-creative-button-icon-left\"><\/span>                    \n                    <span class=\"cretive-button-text\">Powr\u00f3t do listy galerii<\/span>\n\n                                    <\/div>\n\t                        <\/a>\n        <\/div>\n        \t\t\t\t<\/div>\n\t\t\t\t<\/div>\n\t\t\t\t<div class=\"elementor-element elementor-element-119ba6d2 elementor-widget elementor-widget-gallery\" data-id=\"119ba6d2\" data-element_type=\"widget\" data-settings=\"{&quot;gallery_layout&quot;:&quot;masonry&quot;,&quot;columns&quot;:4,&quot;columns_tablet&quot;:2,&quot;columns_mobile&quot;:1,&quot;gap&quot;:{&quot;unit&quot;:&quot;px&quot;,&quot;size&quot;:10,&quot;sizes&quot;:[]},&quot;gap_tablet&quot;:{&quot;unit&quot;:&quot;px&quot;,&quot;size&quot;:10,&quot;sizes&quot;:[]},&quot;gap_mobile&quot;:{&quot;unit&quot;:&quot;px&quot;,&quot;size&quot;:10,&quot;sizes&quot;:[]},&quot;link_to&quot;:&quot;file&quot;,&quot;overlay_background&quot;:&quot;yes&quot;,&quot;content_hover_animation&quot;:&quot;fade-in&quot;}\" data-widget_type=\"gallery.default\">\n\t\t\t\t<div class=\"elementor-widget-container\">\n\t\t\t\t\t\t\t<div class=\"elementor-gallery__container\">\n\t\t\t\t\t\t\t<a class=\"e-gallery-item elementor-gallery-item elementor-animated-content\" href=\"https:\/\/bpicakmiedzychod.pl\/wp-content\/uploads\/2022\/10\/1-1.jpg\" data-elementor-open-lightbox=\"yes\" data-elementor-lightbox-slideshow=\"119ba6d2\" data-elementor-lightbox-title=\"1\" data-e-action-hash=\"#elementor-action%3Aaction%3Dlightbox%26settings%3DeyJpZCI6MjkxNzQsInVybCI6Imh0dHBzOlwvXC9icGljYWttaWVkenljaG9kLnBsXC93cC1jb250ZW50XC91cGxvYWRzXC8yMDIyXC8xMFwvMS0xLmpwZyIsInNsaWRlc2hvdyI6IjExOWJhNmQyIn0%3D\">\n\t\t\t\t\t<div class=\"e-gallery-image elementor-gallery-item__image\" data-thumbnail=\"https:\/\/bpicakmiedzychod.pl\/wp-content\/uploads\/2022\/10\/1-1-1024x764.jpg\" data-width=\"800\" data-height=\"597\" aria-label=\"\" role=\"img\" ><\/div>\n\t\t\t\t\t\t\t\t\t\t\t<div class=\"elementor-gallery-item__overlay\"><\/div>\n\t\t\t\t\t\t\t\t\t\t\t\t\t\t<\/a>\n\t\t\t\t\t\t\t<a class=\"e-gallery-item elementor-gallery-item elementor-animated-content\" href=\"https:\/\/bpicakmiedzychod.pl\/wp-content\/uploads\/2022\/10\/2-1.jpg\" data-elementor-open-lightbox=\"yes\" data-elementor-lightbox-slideshow=\"119ba6d2\" data-elementor-lightbox-title=\"2\" data-e-action-hash=\"#elementor-action%3Aaction%3Dlightbox%26settings%3DeyJpZCI6MjkxNzUsInVybCI6Imh0dHBzOlwvXC9icGljYWttaWVkenljaG9kLnBsXC93cC1jb250ZW50XC91cGxvYWRzXC8yMDIyXC8xMFwvMi0xLmpwZyIsInNsaWRlc2hvdyI6IjExOWJhNmQyIn0%3D\">\n\t\t\t\t\t<div class=\"e-gallery-image elementor-gallery-item__image\" data-thumbnail=\"https:\/\/bpicakmiedzychod.pl\/wp-content\/uploads\/2022\/10\/2-1-1024x695.jpg\" data-width=\"800\" data-height=\"543\" aria-label=\"\" role=\"img\" ><\/div>\n\t\t\t\t\t\t\t\t\t\t\t<div class=\"elementor-gallery-item__overlay\"><\/div>\n\t\t\t\t\t\t\t\t\t\t\t\t\t\t<\/a>\n\t\t\t\t\t\t\t<a class=\"e-gallery-item elementor-gallery-item elementor-animated-content\" href=\"https:\/\/bpicakmiedzychod.pl\/wp-content\/uploads\/2022\/10\/3-1.jpg\" data-elementor-open-lightbox=\"yes\" data-elementor-lightbox-slideshow=\"119ba6d2\" data-elementor-lightbox-title=\"3\" data-e-action-hash=\"#elementor-action%3Aaction%3Dlightbox%26settings%3DeyJpZCI6MjkxNzYsInVybCI6Imh0dHBzOlwvXC9icGljYWttaWVkenljaG9kLnBsXC93cC1jb250ZW50XC91cGxvYWRzXC8yMDIyXC8xMFwvMy0xLmpwZyIsInNsaWRlc2hvdyI6IjExOWJhNmQyIn0%3D\">\n\t\t\t\t\t<div class=\"e-gallery-image elementor-gallery-item__image\" data-thumbnail=\"https:\/\/bpicakmiedzychod.pl\/wp-content\/uploads\/2022\/10\/3-1-1024x683.jpg\" data-width=\"800\" data-height=\"534\" aria-label=\"\" role=\"img\" ><\/div>\n\t\t\t\t\t\t\t\t\t\t\t<div class=\"elementor-gallery-item__overlay\"><\/div>\n\t\t\t\t\t\t\t\t\t\t\t\t\t\t<\/a>\n\t\t\t\t\t\t\t<a class=\"e-gallery-item elementor-gallery-item elementor-animated-content\" href=\"https:\/\/bpicakmiedzychod.pl\/wp-content\/uploads\/2022\/10\/4-1.jpg\" data-elementor-open-lightbox=\"yes\" data-elementor-lightbox-slideshow=\"119ba6d2\" data-elementor-lightbox-title=\"4\" data-e-action-hash=\"#elementor-action%3Aaction%3Dlightbox%26settings%3DeyJpZCI6MjkxNzcsInVybCI6Imh0dHBzOlwvXC9icGljYWttaWVkenljaG9kLnBsXC93cC1jb250ZW50XC91cGxvYWRzXC8yMDIyXC8xMFwvNC0xLmpwZyIsInNsaWRlc2hvdyI6IjExOWJhNmQyIn0%3D\">\n\t\t\t\t\t<div class=\"e-gallery-image elementor-gallery-item__image\" data-thumbnail=\"https:\/\/bpicakmiedzychod.pl\/wp-content\/uploads\/2022\/10\/4-1-1024x683.jpg\" data-width=\"800\" data-height=\"534\" aria-label=\"\" role=\"img\" ><\/div>\n\t\t\t\t\t\t\t\t\t\t\t<div class=\"elementor-gallery-item__overlay\"><\/div>\n\t\t\t\t\t\t\t\t\t\t\t\t\t\t<\/a>\n\t\t\t\t\t\t\t<a class=\"e-gallery-item elementor-gallery-item elementor-animated-content\" href=\"https:\/\/bpicakmiedzychod.pl\/wp-content\/uploads\/2022\/10\/5-1.jpg\" data-elementor-open-lightbox=\"yes\" data-elementor-lightbox-slideshow=\"119ba6d2\" data-elementor-lightbox-title=\"5\" data-e-action-hash=\"#elementor-action%3Aaction%3Dlightbox%26settings%3DeyJpZCI6MjkxNzgsInVybCI6Imh0dHBzOlwvXC9icGljYWttaWVkenljaG9kLnBsXC93cC1jb250ZW50XC91cGxvYWRzXC8yMDIyXC8xMFwvNS0xLmpwZyIsInNsaWRlc2hvdyI6IjExOWJhNmQyIn0%3D\">\n\t\t\t\t\t<div class=\"e-gallery-image elementor-gallery-item__image\" data-thumbnail=\"https:\/\/bpicakmiedzychod.pl\/wp-content\/uploads\/2022\/10\/5-1-1024x695.jpg\" data-width=\"800\" data-height=\"543\" aria-label=\"\" role=\"img\" ><\/div>\n\t\t\t\t\t\t\t\t\t\t\t<div class=\"elementor-gallery-item__overlay\"><\/div>\n\t\t\t\t\t\t\t\t\t\t\t\t\t\t<\/a>\n\t\t\t\t\t\t\t<a class=\"e-gallery-item elementor-gallery-item elementor-animated-content\" href=\"https:\/\/bpicakmiedzychod.pl\/wp-content\/uploads\/2022\/10\/6-1.jpg\" data-elementor-open-lightbox=\"yes\" data-elementor-lightbox-slideshow=\"119ba6d2\" data-elementor-lightbox-title=\"6\" data-e-action-hash=\"#elementor-action%3Aaction%3Dlightbox%26settings%3DeyJpZCI6MjkxNzksInVybCI6Imh0dHBzOlwvXC9icGljYWttaWVkenljaG9kLnBsXC93cC1jb250ZW50XC91cGxvYWRzXC8yMDIyXC8xMFwvNi0xLmpwZyIsInNsaWRlc2hvdyI6IjExOWJhNmQyIn0%3D\">\n\t\t\t\t\t<div class=\"e-gallery-image elementor-gallery-item__image\" data-thumbnail=\"https:\/\/bpicakmiedzychod.pl\/wp-content\/uploads\/2022\/10\/6-1-1024x737.jpg\" data-width=\"800\" data-height=\"576\" aria-label=\"\" role=\"img\" ><\/div>\n\t\t\t\t\t\t\t\t\t\t\t<div class=\"elementor-gallery-item__overlay\"><\/div>\n\t\t\t\t\t\t\t\t\t\t\t\t\t\t<\/a>\n\t\t\t\t\t\t\t<a class=\"e-gallery-item elementor-gallery-item elementor-animated-content\" href=\"https:\/\/bpicakmiedzychod.pl\/wp-content\/uploads\/2022\/10\/7-1.jpg\" data-elementor-open-lightbox=\"yes\" data-elementor-lightbox-slideshow=\"119ba6d2\" data-elementor-lightbox-title=\"7\" data-e-action-hash=\"#elementor-action%3Aaction%3Dlightbox%26settings%3DeyJpZCI6MjkxODAsInVybCI6Imh0dHBzOlwvXC9icGljYWttaWVkenljaG9kLnBsXC93cC1jb250ZW50XC91cGxvYWRzXC8yMDIyXC8xMFwvNy0xLmpwZyIsInNsaWRlc2hvdyI6IjExOWJhNmQyIn0%3D\">\n\t\t\t\t\t<div class=\"e-gallery-image elementor-gallery-item__image\" data-thumbnail=\"https:\/\/bpicakmiedzychod.pl\/wp-content\/uploads\/2022\/10\/7-1-1024x738.jpg\" data-width=\"800\" data-height=\"577\" aria-label=\"\" role=\"img\" ><\/div>\n\t\t\t\t\t\t\t\t\t\t\t<div class=\"elementor-gallery-item__overlay\"><\/div>\n\t\t\t\t\t\t\t\t\t\t\t\t\t\t<\/a>\n\t\t\t\t\t\t\t<a class=\"e-gallery-item elementor-gallery-item elementor-animated-content\" href=\"https:\/\/bpicakmiedzychod.pl\/wp-content\/uploads\/2022\/10\/8-1.jpg\" data-elementor-open-lightbox=\"yes\" data-elementor-lightbox-slideshow=\"119ba6d2\" data-elementor-lightbox-title=\"8\" data-e-action-hash=\"#elementor-action%3Aaction%3Dlightbox%26settings%3DeyJpZCI6MjkxODEsInVybCI6Imh0dHBzOlwvXC9icGljYWttaWVkenljaG9kLnBsXC93cC1jb250ZW50XC91cGxvYWRzXC8yMDIyXC8xMFwvOC0xLmpwZyIsInNsaWRlc2hvdyI6IjExOWJhNmQyIn0%3D\">\n\t\t\t\t\t<div class=\"e-gallery-image elementor-gallery-item__image\" data-thumbnail=\"https:\/\/bpicakmiedzychod.pl\/wp-content\/uploads\/2022\/10\/8-1-1024x683.jpg\" data-width=\"800\" data-height=\"534\" aria-label=\"\" role=\"img\" ><\/div>\n\t\t\t\t\t\t\t\t\t\t\t<div class=\"elementor-gallery-item__overlay\"><\/div>\n\t\t\t\t\t\t\t\t\t\t\t\t\t\t<\/a>\n\t\t\t\t\t\t\t<a class=\"e-gallery-item elementor-gallery-item elementor-animated-content\" href=\"https:\/\/bpicakmiedzychod.pl\/wp-content\/uploads\/2022\/10\/9-1.jpg\" data-elementor-open-lightbox=\"yes\" data-elementor-lightbox-slideshow=\"119ba6d2\" data-elementor-lightbox-title=\"9\" data-e-action-hash=\"#elementor-action%3Aaction%3Dlightbox%26settings%3DeyJpZCI6MjkxODIsInVybCI6Imh0dHBzOlwvXC9icGljYWttaWVkenljaG9kLnBsXC93cC1jb250ZW50XC91cGxvYWRzXC8yMDIyXC8xMFwvOS0xLmpwZyIsInNsaWRlc2hvdyI6IjExOWJhNmQyIn0%3D\">\n\t\t\t\t\t<div class=\"e-gallery-image elementor-gallery-item__image\" data-thumbnail=\"https:\/\/bpicakmiedzychod.pl\/wp-content\/uploads\/2022\/10\/9-1-1024x688.jpg\" data-width=\"800\" data-height=\"538\" aria-label=\"\" role=\"img\" ><\/div>\n\t\t\t\t\t\t\t\t\t\t\t<div class=\"elementor-gallery-item__overlay\"><\/div>\n\t\t\t\t\t\t\t\t\t\t\t\t\t\t<\/a>\n\t\t\t\t\t\t\t<a class=\"e-gallery-item elementor-gallery-item elementor-animated-content\" href=\"https:\/\/bpicakmiedzychod.pl\/wp-content\/uploads\/2022\/10\/10-1.jpg\" data-elementor-open-lightbox=\"yes\" data-elementor-lightbox-slideshow=\"119ba6d2\" data-elementor-lightbox-title=\"10\" data-e-action-hash=\"#elementor-action%3Aaction%3Dlightbox%26settings%3DeyJpZCI6MjkxODMsInVybCI6Imh0dHBzOlwvXC9icGljYWttaWVkenljaG9kLnBsXC93cC1jb250ZW50XC91cGxvYWRzXC8yMDIyXC8xMFwvMTAtMS5qcGciLCJzbGlkZXNob3ciOiIxMTliYTZkMiJ9\">\n\t\t\t\t\t<div class=\"e-gallery-image elementor-gallery-item__image\" data-thumbnail=\"https:\/\/bpicakmiedzychod.pl\/wp-content\/uploads\/2022\/10\/10-1-1024x737.jpg\" data-width=\"800\" data-height=\"576\" aria-label=\"\" role=\"img\" ><\/div>\n\t\t\t\t\t\t\t\t\t\t\t<div class=\"elementor-gallery-item__overlay\"><\/div>\n\t\t\t\t\t\t\t\t\t\t\t\t\t\t<\/a>\n\t\t\t\t\t\t\t<a class=\"e-gallery-item elementor-gallery-item elementor-animated-content\" href=\"https:\/\/bpicakmiedzychod.pl\/wp-content\/uploads\/2022\/10\/11-1.jpg\" data-elementor-open-lightbox=\"yes\" data-elementor-lightbox-slideshow=\"119ba6d2\" data-elementor-lightbox-title=\"11\" data-e-action-hash=\"#elementor-action%3Aaction%3Dlightbox%26settings%3DeyJpZCI6MjkxODQsInVybCI6Imh0dHBzOlwvXC9icGljYWttaWVkenljaG9kLnBsXC93cC1jb250ZW50XC91cGxvYWRzXC8yMDIyXC8xMFwvMTEtMS5qcGciLCJzbGlkZXNob3ciOiIxMTliYTZkMiJ9\">\n\t\t\t\t\t<div class=\"e-gallery-image elementor-gallery-item__image\" data-thumbnail=\"https:\/\/bpicakmiedzychod.pl\/wp-content\/uploads\/2022\/10\/11-1-1024x658.jpg\" data-width=\"800\" data-height=\"514\" aria-label=\"\" role=\"img\" ><\/div>\n\t\t\t\t\t\t\t\t\t\t\t<div class=\"elementor-gallery-item__overlay\"><\/div>\n\t\t\t\t\t\t\t\t\t\t\t\t\t\t<\/a>\n\t\t\t\t\t\t\t<a class=\"e-gallery-item elementor-gallery-item elementor-animated-content\" href=\"https:\/\/bpicakmiedzychod.pl\/wp-content\/uploads\/2022\/10\/12-1.jpg\" data-elementor-open-lightbox=\"yes\" data-elementor-lightbox-slideshow=\"119ba6d2\" data-elementor-lightbox-title=\"12\" data-e-action-hash=\"#elementor-action%3Aaction%3Dlightbox%26settings%3DeyJpZCI6MjkxODUsInVybCI6Imh0dHBzOlwvXC9icGljYWttaWVkenljaG9kLnBsXC93cC1jb250ZW50XC91cGxvYWRzXC8yMDIyXC8xMFwvMTItMS5qcGciLCJzbGlkZXNob3ciOiIxMTliYTZkMiJ9\">\n\t\t\t\t\t<div class=\"e-gallery-image elementor-gallery-item__image\" data-thumbnail=\"https:\/\/bpicakmiedzychod.pl\/wp-content\/uploads\/2022\/10\/12-1-1024x683.jpg\" data-width=\"800\" data-height=\"534\" aria-label=\"\" role=\"img\" ><\/div>\n\t\t\t\t\t\t\t\t\t\t\t<div class=\"elementor-gallery-item__overlay\"><\/div>\n\t\t\t\t\t\t\t\t\t\t\t\t\t\t<\/a>\n\t\t\t\t\t\t\t<a class=\"e-gallery-item elementor-gallery-item elementor-animated-content\" href=\"https:\/\/bpicakmiedzychod.pl\/wp-content\/uploads\/2022\/10\/13-1.jpg\" data-elementor-open-lightbox=\"yes\" data-elementor-lightbox-slideshow=\"119ba6d2\" data-elementor-lightbox-title=\"13\" data-e-action-hash=\"#elementor-action%3Aaction%3Dlightbox%26settings%3DeyJpZCI6MjkxODYsInVybCI6Imh0dHBzOlwvXC9icGljYWttaWVkenljaG9kLnBsXC93cC1jb250ZW50XC91cGxvYWRzXC8yMDIyXC8xMFwvMTMtMS5qcGciLCJzbGlkZXNob3ciOiIxMTliYTZkMiJ9\">\n\t\t\t\t\t<div class=\"e-gallery-image elementor-gallery-item__image\" data-thumbnail=\"https:\/\/bpicakmiedzychod.pl\/wp-content\/uploads\/2022\/10\/13-1-1024x702.jpg\" data-width=\"800\" data-height=\"548\" aria-label=\"\" role=\"img\" ><\/div>\n\t\t\t\t\t\t\t\t\t\t\t<div class=\"elementor-gallery-item__overlay\"><\/div>\n\t\t\t\t\t\t\t\t\t\t\t\t\t\t<\/a>\n\t\t\t\t\t\t\t<a class=\"e-gallery-item elementor-gallery-item elementor-animated-content\" href=\"https:\/\/bpicakmiedzychod.pl\/wp-content\/uploads\/2022\/10\/14-1.jpg\" data-elementor-open-lightbox=\"yes\" data-elementor-lightbox-slideshow=\"119ba6d2\" data-elementor-lightbox-title=\"14\" data-e-action-hash=\"#elementor-action%3Aaction%3Dlightbox%26settings%3DeyJpZCI6MjkxODcsInVybCI6Imh0dHBzOlwvXC9icGljYWttaWVkenljaG9kLnBsXC93cC1jb250ZW50XC91cGxvYWRzXC8yMDIyXC8xMFwvMTQtMS5qcGciLCJzbGlkZXNob3ciOiIxMTliYTZkMiJ9\">\n\t\t\t\t\t<div class=\"e-gallery-image elementor-gallery-item__image\" data-thumbnail=\"https:\/\/bpicakmiedzychod.pl\/wp-content\/uploads\/2022\/10\/14-1-1024x693.jpg\" data-width=\"800\" data-height=\"541\" aria-label=\"\" role=\"img\" ><\/div>\n\t\t\t\t\t\t\t\t\t\t\t<div class=\"elementor-gallery-item__overlay\"><\/div>\n\t\t\t\t\t\t\t\t\t\t\t\t\t\t<\/a>\n\t\t\t\t\t\t\t<a class=\"e-gallery-item elementor-gallery-item elementor-animated-content\" href=\"https:\/\/bpicakmiedzychod.pl\/wp-content\/uploads\/2022\/10\/15-1.jpg\" data-elementor-open-lightbox=\"yes\" data-elementor-lightbox-slideshow=\"119ba6d2\" data-elementor-lightbox-title=\"15\" data-e-action-hash=\"#elementor-action%3Aaction%3Dlightbox%26settings%3DeyJpZCI6MjkxODgsInVybCI6Imh0dHBzOlwvXC9icGljYWttaWVkenljaG9kLnBsXC93cC1jb250ZW50XC91cGxvYWRzXC8yMDIyXC8xMFwvMTUtMS5qcGciLCJzbGlkZXNob3ciOiIxMTliYTZkMiJ9\">\n\t\t\t\t\t<div class=\"e-gallery-image elementor-gallery-item__image\" data-thumbnail=\"https:\/\/bpicakmiedzychod.pl\/wp-content\/uploads\/2022\/10\/15-1-1024x682.jpg\" data-width=\"800\" data-height=\"533\" aria-label=\"\" role=\"img\" ><\/div>\n\t\t\t\t\t\t\t\t\t\t\t<div class=\"elementor-gallery-item__overlay\"><\/div>\n\t\t\t\t\t\t\t\t\t\t\t\t\t\t<\/a>\n\t\t\t\t\t\t\t<a class=\"e-gallery-item elementor-gallery-item elementor-animated-content\" href=\"https:\/\/bpicakmiedzychod.pl\/wp-content\/uploads\/2022\/10\/16-1.jpg\" data-elementor-open-lightbox=\"yes\" data-elementor-lightbox-slideshow=\"119ba6d2\" data-elementor-lightbox-title=\"16\" data-e-action-hash=\"#elementor-action%3Aaction%3Dlightbox%26settings%3DeyJpZCI6MjkxODksInVybCI6Imh0dHBzOlwvXC9icGljYWttaWVkenljaG9kLnBsXC93cC1jb250ZW50XC91cGxvYWRzXC8yMDIyXC8xMFwvMTYtMS5qcGciLCJzbGlkZXNob3ciOiIxMTliYTZkMiJ9\">\n\t\t\t\t\t<div class=\"e-gallery-image elementor-gallery-item__image\" data-thumbnail=\"https:\/\/bpicakmiedzychod.pl\/wp-content\/uploads\/2022\/10\/16-1-1024x701.jpg\" data-width=\"800\" data-height=\"548\" aria-label=\"\" role=\"img\" ><\/div>\n\t\t\t\t\t\t\t\t\t\t\t<div class=\"elementor-gallery-item__overlay\"><\/div>\n\t\t\t\t\t\t\t\t\t\t\t\t\t\t<\/a>\n\t\t\t\t\t\t\t<a class=\"e-gallery-item elementor-gallery-item elementor-animated-content\" href=\"https:\/\/bpicakmiedzychod.pl\/wp-content\/uploads\/2022\/10\/17-1.jpg\" data-elementor-open-lightbox=\"yes\" data-elementor-lightbox-slideshow=\"119ba6d2\" data-elementor-lightbox-title=\"17\" data-e-action-hash=\"#elementor-action%3Aaction%3Dlightbox%26settings%3DeyJpZCI6MjkxOTAsInVybCI6Imh0dHBzOlwvXC9icGljYWttaWVkenljaG9kLnBsXC93cC1jb250ZW50XC91cGxvYWRzXC8yMDIyXC8xMFwvMTctMS5qcGciLCJzbGlkZXNob3ciOiIxMTliYTZkMiJ9\">\n\t\t\t\t\t<div class=\"e-gallery-image elementor-gallery-item__image\" data-thumbnail=\"https:\/\/bpicakmiedzychod.pl\/wp-content\/uploads\/2022\/10\/17-1-1024x690.jpg\" data-width=\"800\" data-height=\"539\" aria-label=\"\" role=\"img\" ><\/div>\n\t\t\t\t\t\t\t\t\t\t\t<div class=\"elementor-gallery-item__overlay\"><\/div>\n\t\t\t\t\t\t\t\t\t\t\t\t\t\t<\/a>\n\t\t\t\t\t\t\t<a class=\"e-gallery-item elementor-gallery-item elementor-animated-content\" href=\"https:\/\/bpicakmiedzychod.pl\/wp-content\/uploads\/2022\/10\/18-1.jpg\" data-elementor-open-lightbox=\"yes\" data-elementor-lightbox-slideshow=\"119ba6d2\" data-elementor-lightbox-title=\"18\" data-e-action-hash=\"#elementor-action%3Aaction%3Dlightbox%26settings%3DeyJpZCI6MjkxOTEsInVybCI6Imh0dHBzOlwvXC9icGljYWttaWVkenljaG9kLnBsXC93cC1jb250ZW50XC91cGxvYWRzXC8yMDIyXC8xMFwvMTgtMS5qcGciLCJzbGlkZXNob3ciOiIxMTliYTZkMiJ9\">\n\t\t\t\t\t<div class=\"e-gallery-image elementor-gallery-item__image\" data-thumbnail=\"https:\/\/bpicakmiedzychod.pl\/wp-content\/uploads\/2022\/10\/18-1-1024x682.jpg\" data-width=\"800\" data-height=\"533\" aria-label=\"\" role=\"img\" ><\/div>\n\t\t\t\t\t\t\t\t\t\t\t<div class=\"elementor-gallery-item__overlay\"><\/div>\n\t\t\t\t\t\t\t\t\t\t\t\t\t\t<\/a>\n\t\t\t\t\t\t\t<a class=\"e-gallery-item elementor-gallery-item elementor-animated-content\" href=\"https:\/\/bpicakmiedzychod.pl\/wp-content\/uploads\/2022\/10\/19-1.jpg\" data-elementor-open-lightbox=\"yes\" data-elementor-lightbox-slideshow=\"119ba6d2\" data-elementor-lightbox-title=\"19\" data-e-action-hash=\"#elementor-action%3Aaction%3Dlightbox%26settings%3DeyJpZCI6MjkxOTIsInVybCI6Imh0dHBzOlwvXC9icGljYWttaWVkenljaG9kLnBsXC93cC1jb250ZW50XC91cGxvYWRzXC8yMDIyXC8xMFwvMTktMS5qcGciLCJzbGlkZXNob3ciOiIxMTliYTZkMiJ9\">\n\t\t\t\t\t<div class=\"e-gallery-image elementor-gallery-item__image\" data-thumbnail=\"https:\/\/bpicakmiedzychod.pl\/wp-content\/uploads\/2022\/10\/19-1-1024x717.jpg\" data-width=\"800\" data-height=\"560\" aria-label=\"\" role=\"img\" ><\/div>\n\t\t\t\t\t\t\t\t\t\t\t<div class=\"elementor-gallery-item__overlay\"><\/div>\n\t\t\t\t\t\t\t\t\t\t\t\t\t\t<\/a>\n\t\t\t\t\t\t\t<a class=\"e-gallery-item elementor-gallery-item elementor-animated-content\" href=\"https:\/\/bpicakmiedzychod.pl\/wp-content\/uploads\/2022\/10\/20-1.jpg\" data-elementor-open-lightbox=\"yes\" data-elementor-lightbox-slideshow=\"119ba6d2\" data-elementor-lightbox-title=\"20\" data-e-action-hash=\"#elementor-action%3Aaction%3Dlightbox%26settings%3DeyJpZCI6MjkxOTMsInVybCI6Imh0dHBzOlwvXC9icGljYWttaWVkenljaG9kLnBsXC93cC1jb250ZW50XC91cGxvYWRzXC8yMDIyXC8xMFwvMjAtMS5qcGciLCJzbGlkZXNob3ciOiIxMTliYTZkMiJ9\">\n\t\t\t\t\t<div class=\"e-gallery-image elementor-gallery-item__image\" data-thumbnail=\"https:\/\/bpicakmiedzychod.pl\/wp-content\/uploads\/2022\/10\/20-1-755x1024.jpg\" data-width=\"755\" data-height=\"1024\" aria-label=\"\" role=\"img\" ><\/div>\n\t\t\t\t\t\t\t\t\t\t\t<div class=\"elementor-gallery-item__overlay\"><\/div>\n\t\t\t\t\t\t\t\t\t\t\t\t\t\t<\/a>\n\t\t\t\t\t\t\t<a class=\"e-gallery-item elementor-gallery-item elementor-animated-content\" href=\"https:\/\/bpicakmiedzychod.pl\/wp-content\/uploads\/2022\/10\/21-1.jpg\" data-elementor-open-lightbox=\"yes\" data-elementor-lightbox-slideshow=\"119ba6d2\" data-elementor-lightbox-title=\"21\" data-e-action-hash=\"#elementor-action%3Aaction%3Dlightbox%26settings%3DeyJpZCI6MjkxOTQsInVybCI6Imh0dHBzOlwvXC9icGljYWttaWVkenljaG9kLnBsXC93cC1jb250ZW50XC91cGxvYWRzXC8yMDIyXC8xMFwvMjEtMS5qcGciLCJzbGlkZXNob3ciOiIxMTliYTZkMiJ9\">\n\t\t\t\t\t<div class=\"e-gallery-image elementor-gallery-item__image\" data-thumbnail=\"https:\/\/bpicakmiedzychod.pl\/wp-content\/uploads\/2022\/10\/21-1-1024x698.jpg\" data-width=\"800\" data-height=\"545\" aria-label=\"\" role=\"img\" ><\/div>\n\t\t\t\t\t\t\t\t\t\t\t<div class=\"elementor-gallery-item__overlay\"><\/div>\n\t\t\t\t\t\t\t\t\t\t\t\t\t\t<\/a>\n\t\t\t\t\t<\/div>\n\t\t\t\t\t<\/div>\n\t\t\t\t<\/div>\n\t\t\t\t\t<\/div>\n\t\t<\/div>\n\t\t\t\t\t<\/div>\n\t\t<\/section>\n\t\t\t\t<\/div>\n\t\t","protected":false},"excerpt":{"rendered":"<p>Powr\u00f3t do listy galerii<\/p>\n","protected":false},"author":3,"featured_media":0,"parent":22539,"menu_order":0,"comment_status":"closed","ping_status":"closed","template":"elementor_header_footer","meta":{"footnotes":""},"class_list":["post-29172","page","type-page","status-publish","hentry"],"_links":{"self":[{"href":"https:\/\/bpicakmiedzychod.pl\/index.php\/wp-json\/wp\/v2\/pages\/29172","targetHints":{"allow":["GET"]}}],"collection":[{"href":"https:\/\/bpicakmiedzychod.pl\/index.php\/wp-json\/wp\/v2\/pages"}],"about":[{"href":"https:\/\/bpicakmiedzychod.pl\/index.php\/wp-json\/wp\/v2\/types\/page"}],"author":[{"embeddable":true,"href":"https:\/\/bpicakmiedzychod.pl\/index.php\/wp-json\/wp\/v2\/users\/3"}],"replies":[{"embeddable":true,"href":"https:\/\/bpicakmiedzychod.pl\/index.php\/wp-json\/wp\/v2\/comments?post=29172"}],"version-history":[{"count":4,"href":"https:\/\/bpicakmiedzychod.pl\/index.php\/wp-json\/wp\/v2\/pages\/29172\/revisions"}],"predecessor-version":[{"id":29197,"href":"https:\/\/bpicakmiedzychod.pl\/index.php\/wp-json\/wp\/v2\/pages\/29172\/revisions\/29197"}],"up":[{"embeddable":true,"href":"https:\/\/bpicakmiedzychod.pl\/index.php\/wp-json\/wp\/v2\/pages\/22539"}],"wp:attachment":[{"href":"https:\/\/bpicakmiedzychod.pl\/index.php\/wp-json\/wp\/v2\/media?parent=29172"}],"curies":[{"name":"wp","href":"https:\/\/api.w.org\/{rel}","templated":true}]}}