{"id":29558,"date":"2022-11-14T11:56:42","date_gmt":"2022-11-14T11:56:42","guid":{"rendered":"https:\/\/bpicakmiedzychod.pl\/?page_id=29558"},"modified":"2022-11-14T11:58:36","modified_gmt":"2022-11-14T11:58:36","slug":"wieczorna-opowiesc-o-pewnym-kapturku-oraz-warsztaty-plastyczne-22-pazdziernika-2022","status":"publish","type":"page","link":"https:\/\/bpicakmiedzychod.pl\/index.php\/biblioteka-publiczna\/galeria\/2022-biblioteka\/wieczorna-opowiesc-o-pewnym-kapturku-oraz-warsztaty-plastyczne-22-pazdziernika-2022\/","title":{"rendered":"Wieczorna opowie\u015b\u0107 o pewnym Kapturku oraz warsztaty plastyczne &#8211; 22 pa\u017adziernika 2022"},"content":{"rendered":"\t\t<div data-elementor-type=\"wp-page\" data-elementor-id=\"29558\" class=\"elementor elementor-29558\" data-elementor-post-type=\"page\">\n\t\t\t\t\t\t<section data-particle_enable=\"false\" data-particle-mobile-disabled=\"false\" class=\"elementor-section elementor-top-section elementor-element elementor-element-15ae7493 elementor-section-full_width elementor-section-height-default elementor-section-height-default\" data-id=\"15ae7493\" data-element_type=\"section\">\n\t\t\t\t\t\t<div class=\"elementor-container elementor-column-gap-default\">\n\t\t\t\t\t<div class=\"elementor-column elementor-col-100 elementor-top-column elementor-element elementor-element-1b7b7d15\" data-id=\"1b7b7d15\" data-element_type=\"column\">\n\t\t\t<div class=\"elementor-widget-wrap elementor-element-populated\">\n\t\t\t\t\t\t<div class=\"elementor-element elementor-element-1cf668 elementor-widget elementor-widget-html\" data-id=\"1cf668\" data-element_type=\"widget\" data-widget_type=\"html.default\">\n\t\t\t\t<div class=\"elementor-widget-container\">\n\t\t\t\t\t<style>\n\n@media screen and (max-width: 1000px) {\nbody{margin-left:0px;}\n}\n\n@media screen and (min-width: 1000px) {\nbody{margin-left:60px;}\n}\n\n\n\n<\/style>\t\t\t\t<\/div>\n\t\t\t\t<\/div>\n\t\t\t\t<div class=\"elementor-element elementor-element-4954b1e2 elementor-widget elementor-widget-eael-creative-button\" data-id=\"4954b1e2\" data-element_type=\"widget\" data-widget_type=\"eael-creative-button.default\">\n\t\t\t\t<div class=\"elementor-widget-container\">\n\t\t\t\t\t        <div class=\"eael-creative-button-wrapper\">\n\n            <a class=\"eael-creative-button eael-creative-button--winona\" href=\"https:\/\/bpicakmiedzychod.pl\/index.php\/biblioteka-publiczna\/galeria\/2021-2\/\" data-text=\"Kliknij\">\n            \t    \n                <div class=\"creative-button-inner\">\n\n                                            <span class=\"eael-creative-button-icon-left\"><\/span>                    \n                    <span class=\"cretive-button-text\">Powr\u00f3t do listy galerii<\/span>\n\n                                    <\/div>\n\t                        <\/a>\n        <\/div>\n        \t\t\t\t<\/div>\n\t\t\t\t<\/div>\n\t\t\t\t<div class=\"elementor-element elementor-element-1531df1e elementor-widget elementor-widget-gallery\" data-id=\"1531df1e\" data-element_type=\"widget\" data-settings=\"{&quot;gallery_layout&quot;:&quot;masonry&quot;,&quot;columns&quot;:4,&quot;columns_tablet&quot;:2,&quot;columns_mobile&quot;:1,&quot;gap&quot;:{&quot;unit&quot;:&quot;px&quot;,&quot;size&quot;:10,&quot;sizes&quot;:[]},&quot;gap_tablet&quot;:{&quot;unit&quot;:&quot;px&quot;,&quot;size&quot;:10,&quot;sizes&quot;:[]},&quot;gap_mobile&quot;:{&quot;unit&quot;:&quot;px&quot;,&quot;size&quot;:10,&quot;sizes&quot;:[]},&quot;link_to&quot;:&quot;file&quot;,&quot;overlay_background&quot;:&quot;yes&quot;,&quot;content_hover_animation&quot;:&quot;fade-in&quot;}\" data-widget_type=\"gallery.default\">\n\t\t\t\t<div class=\"elementor-widget-container\">\n\t\t\t\t\t\t\t<div class=\"elementor-gallery__container\">\n\t\t\t\t\t\t\t<a class=\"e-gallery-item elementor-gallery-item elementor-animated-content\" href=\"https:\/\/bpicakmiedzychod.pl\/wp-content\/uploads\/2022\/11\/311608803_482153070614315_4769437282812199408_n.jpg\" data-elementor-open-lightbox=\"yes\" data-elementor-lightbox-slideshow=\"1531df1e\" data-elementor-lightbox-title=\"311608803_482153070614315_4769437282812199408_n\" data-e-action-hash=\"#elementor-action%3Aaction%3Dlightbox%26settings%3DeyJpZCI6Mjk1NjEsInVybCI6Imh0dHBzOlwvXC9icGljYWttaWVkenljaG9kLnBsXC93cC1jb250ZW50XC91cGxvYWRzXC8yMDIyXC8xMVwvMzExNjA4ODAzXzQ4MjE1MzA3MDYxNDMxNV80NzY5NDM3MjgyODEyMTk5NDA4X24uanBnIiwic2xpZGVzaG93IjoiMTUzMWRmMWUifQ%3D%3D\">\n\t\t\t\t\t<div class=\"e-gallery-image elementor-gallery-item__image\" data-thumbnail=\"https:\/\/bpicakmiedzychod.pl\/wp-content\/uploads\/2022\/11\/311608803_482153070614315_4769437282812199408_n-1024x638.jpg\" data-width=\"800\" data-height=\"498\" aria-label=\"\" role=\"img\" ><\/div>\n\t\t\t\t\t\t\t\t\t\t\t<div class=\"elementor-gallery-item__overlay\"><\/div>\n\t\t\t\t\t\t\t\t\t\t\t\t\t\t<\/a>\n\t\t\t\t\t\t\t<a class=\"e-gallery-item elementor-gallery-item elementor-animated-content\" href=\"https:\/\/bpicakmiedzychod.pl\/wp-content\/uploads\/2022\/11\/311690933_482154313947524_5368642229102157193_n.jpg\" data-elementor-open-lightbox=\"yes\" data-elementor-lightbox-slideshow=\"1531df1e\" data-elementor-lightbox-title=\"311690933_482154313947524_5368642229102157193_n\" data-e-action-hash=\"#elementor-action%3Aaction%3Dlightbox%26settings%3DeyJpZCI6Mjk1NjIsInVybCI6Imh0dHBzOlwvXC9icGljYWttaWVkenljaG9kLnBsXC93cC1jb250ZW50XC91cGxvYWRzXC8yMDIyXC8xMVwvMzExNjkwOTMzXzQ4MjE1NDMxMzk0NzUyNF81MzY4NjQyMjI5MTAyMTU3MTkzX24uanBnIiwic2xpZGVzaG93IjoiMTUzMWRmMWUifQ%3D%3D\">\n\t\t\t\t\t<div class=\"e-gallery-image elementor-gallery-item__image\" data-thumbnail=\"https:\/\/bpicakmiedzychod.pl\/wp-content\/uploads\/2022\/11\/311690933_482154313947524_5368642229102157193_n-1024x683.jpg\" data-width=\"800\" data-height=\"534\" aria-label=\"\" role=\"img\" ><\/div>\n\t\t\t\t\t\t\t\t\t\t\t<div class=\"elementor-gallery-item__overlay\"><\/div>\n\t\t\t\t\t\t\t\t\t\t\t\t\t\t<\/a>\n\t\t\t\t\t\t\t<a class=\"e-gallery-item elementor-gallery-item elementor-animated-content\" href=\"https:\/\/bpicakmiedzychod.pl\/wp-content\/uploads\/2022\/11\/311713759_482154277280861_2620072602413313402_n.jpg\" data-elementor-open-lightbox=\"yes\" data-elementor-lightbox-slideshow=\"1531df1e\" data-elementor-lightbox-title=\"311713759_482154277280861_2620072602413313402_n\" data-e-action-hash=\"#elementor-action%3Aaction%3Dlightbox%26settings%3DeyJpZCI6Mjk1NjMsInVybCI6Imh0dHBzOlwvXC9icGljYWttaWVkenljaG9kLnBsXC93cC1jb250ZW50XC91cGxvYWRzXC8yMDIyXC8xMVwvMzExNzEzNzU5XzQ4MjE1NDI3NzI4MDg2MV8yNjIwMDcyNjAyNDEzMzEzNDAyX24uanBnIiwic2xpZGVzaG93IjoiMTUzMWRmMWUifQ%3D%3D\">\n\t\t\t\t\t<div class=\"e-gallery-image elementor-gallery-item__image\" data-thumbnail=\"https:\/\/bpicakmiedzychod.pl\/wp-content\/uploads\/2022\/11\/311713759_482154277280861_2620072602413313402_n-1024x727.jpg\" data-width=\"800\" data-height=\"568\" aria-label=\"\" role=\"img\" ><\/div>\n\t\t\t\t\t\t\t\t\t\t\t<div class=\"elementor-gallery-item__overlay\"><\/div>\n\t\t\t\t\t\t\t\t\t\t\t\t\t\t<\/a>\n\t\t\t\t\t\t\t<a class=\"e-gallery-item elementor-gallery-item elementor-animated-content\" href=\"https:\/\/bpicakmiedzychod.pl\/wp-content\/uploads\/2022\/11\/311766509_482154413947514_8438041898493745480_n.jpg\" data-elementor-open-lightbox=\"yes\" data-elementor-lightbox-slideshow=\"1531df1e\" data-elementor-lightbox-title=\"311766509_482154413947514_8438041898493745480_n\" data-e-action-hash=\"#elementor-action%3Aaction%3Dlightbox%26settings%3DeyJpZCI6Mjk1NjQsInVybCI6Imh0dHBzOlwvXC9icGljYWttaWVkenljaG9kLnBsXC93cC1jb250ZW50XC91cGxvYWRzXC8yMDIyXC8xMVwvMzExNzY2NTA5XzQ4MjE1NDQxMzk0NzUxNF84NDM4MDQxODk4NDkzNzQ1NDgwX24uanBnIiwic2xpZGVzaG93IjoiMTUzMWRmMWUifQ%3D%3D\">\n\t\t\t\t\t<div class=\"e-gallery-image elementor-gallery-item__image\" data-thumbnail=\"https:\/\/bpicakmiedzychod.pl\/wp-content\/uploads\/2022\/11\/311766509_482154413947514_8438041898493745480_n-1024x706.jpg\" data-width=\"800\" data-height=\"552\" aria-label=\"\" role=\"img\" ><\/div>\n\t\t\t\t\t\t\t\t\t\t\t<div class=\"elementor-gallery-item__overlay\"><\/div>\n\t\t\t\t\t\t\t\t\t\t\t\t\t\t<\/a>\n\t\t\t\t\t\t\t<a class=\"e-gallery-item elementor-gallery-item elementor-animated-content\" href=\"https:\/\/bpicakmiedzychod.pl\/wp-content\/uploads\/2022\/11\/311876025_482154227280866_4073579646102097964_n.jpg\" data-elementor-open-lightbox=\"yes\" data-elementor-lightbox-slideshow=\"1531df1e\" data-elementor-lightbox-title=\"311876025_482154227280866_4073579646102097964_n\" data-e-action-hash=\"#elementor-action%3Aaction%3Dlightbox%26settings%3DeyJpZCI6Mjk1NjUsInVybCI6Imh0dHBzOlwvXC9icGljYWttaWVkenljaG9kLnBsXC93cC1jb250ZW50XC91cGxvYWRzXC8yMDIyXC8xMVwvMzExODc2MDI1XzQ4MjE1NDIyNzI4MDg2Nl80MDczNTc5NjQ2MTAyMDk3OTY0X24uanBnIiwic2xpZGVzaG93IjoiMTUzMWRmMWUifQ%3D%3D\">\n\t\t\t\t\t<div class=\"e-gallery-image elementor-gallery-item__image\" data-thumbnail=\"https:\/\/bpicakmiedzychod.pl\/wp-content\/uploads\/2022\/11\/311876025_482154227280866_4073579646102097964_n-1024x680.jpg\" data-width=\"800\" data-height=\"531\" aria-label=\"\" role=\"img\" ><\/div>\n\t\t\t\t\t\t\t\t\t\t\t<div class=\"elementor-gallery-item__overlay\"><\/div>\n\t\t\t\t\t\t\t\t\t\t\t\t\t\t<\/a>\n\t\t\t\t\t\t\t<a class=\"e-gallery-item elementor-gallery-item elementor-animated-content\" href=\"https:\/\/bpicakmiedzychod.pl\/wp-content\/uploads\/2022\/11\/311912170_482154350614187_5232901816029680201_n.jpg\" data-elementor-open-lightbox=\"yes\" data-elementor-lightbox-slideshow=\"1531df1e\" data-elementor-lightbox-title=\"311912170_482154350614187_5232901816029680201_n\" data-e-action-hash=\"#elementor-action%3Aaction%3Dlightbox%26settings%3DeyJpZCI6Mjk1NjYsInVybCI6Imh0dHBzOlwvXC9icGljYWttaWVkenljaG9kLnBsXC93cC1jb250ZW50XC91cGxvYWRzXC8yMDIyXC8xMVwvMzExOTEyMTcwXzQ4MjE1NDM1MDYxNDE4N181MjMyOTAxODE2MDI5NjgwMjAxX24uanBnIiwic2xpZGVzaG93IjoiMTUzMWRmMWUifQ%3D%3D\">\n\t\t\t\t\t<div class=\"e-gallery-image elementor-gallery-item__image\" data-thumbnail=\"https:\/\/bpicakmiedzychod.pl\/wp-content\/uploads\/2022\/11\/311912170_482154350614187_5232901816029680201_n-1024x705.jpg\" data-width=\"800\" data-height=\"551\" aria-label=\"\" role=\"img\" ><\/div>\n\t\t\t\t\t\t\t\t\t\t\t<div class=\"elementor-gallery-item__overlay\"><\/div>\n\t\t\t\t\t\t\t\t\t\t\t\t\t\t<\/a>\n\t\t\t\t\t\t\t<a class=\"e-gallery-item elementor-gallery-item elementor-animated-content\" href=\"https:\/\/bpicakmiedzychod.pl\/wp-content\/uploads\/2022\/11\/311979836_482154490614173_5058832880758215754_n.jpg\" data-elementor-open-lightbox=\"yes\" data-elementor-lightbox-slideshow=\"1531df1e\" data-elementor-lightbox-title=\"311979836_482154490614173_5058832880758215754_n\" data-e-action-hash=\"#elementor-action%3Aaction%3Dlightbox%26settings%3DeyJpZCI6Mjk1NjcsInVybCI6Imh0dHBzOlwvXC9icGljYWttaWVkenljaG9kLnBsXC93cC1jb250ZW50XC91cGxvYWRzXC8yMDIyXC8xMVwvMzExOTc5ODM2XzQ4MjE1NDQ5MDYxNDE3M181MDU4ODMyODgwNzU4MjE1NzU0X24uanBnIiwic2xpZGVzaG93IjoiMTUzMWRmMWUifQ%3D%3D\">\n\t\t\t\t\t<div class=\"e-gallery-image elementor-gallery-item__image\" data-thumbnail=\"https:\/\/bpicakmiedzychod.pl\/wp-content\/uploads\/2022\/11\/311979836_482154490614173_5058832880758215754_n-1024x675.jpg\" data-width=\"800\" data-height=\"527\" aria-label=\"\" role=\"img\" ><\/div>\n\t\t\t\t\t\t\t\t\t\t\t<div class=\"elementor-gallery-item__overlay\"><\/div>\n\t\t\t\t\t\t\t\t\t\t\t\t\t\t<\/a>\n\t\t\t\t\t\t\t<a class=\"e-gallery-item elementor-gallery-item elementor-animated-content\" href=\"https:\/\/bpicakmiedzychod.pl\/wp-content\/uploads\/2022\/11\/312199419_482154090614213_97929192452383137_n.jpg\" data-elementor-open-lightbox=\"yes\" data-elementor-lightbox-slideshow=\"1531df1e\" data-elementor-lightbox-title=\"312199419_482154090614213_97929192452383137_n\" data-e-action-hash=\"#elementor-action%3Aaction%3Dlightbox%26settings%3DeyJpZCI6Mjk1NjgsInVybCI6Imh0dHBzOlwvXC9icGljYWttaWVkenljaG9kLnBsXC93cC1jb250ZW50XC91cGxvYWRzXC8yMDIyXC8xMVwvMzEyMTk5NDE5XzQ4MjE1NDA5MDYxNDIxM185NzkyOTE5MjQ1MjM4MzEzN19uLmpwZyIsInNsaWRlc2hvdyI6IjE1MzFkZjFlIn0%3D\">\n\t\t\t\t\t<div class=\"e-gallery-image elementor-gallery-item__image\" data-thumbnail=\"https:\/\/bpicakmiedzychod.pl\/wp-content\/uploads\/2022\/11\/312199419_482154090614213_97929192452383137_n-1024x706.jpg\" data-width=\"800\" data-height=\"552\" aria-label=\"\" role=\"img\" ><\/div>\n\t\t\t\t\t\t\t\t\t\t\t<div class=\"elementor-gallery-item__overlay\"><\/div>\n\t\t\t\t\t\t\t\t\t\t\t\t\t\t<\/a>\n\t\t\t\t\t\t\t<a class=\"e-gallery-item elementor-gallery-item elementor-animated-content\" href=\"https:\/\/bpicakmiedzychod.pl\/wp-content\/uploads\/2022\/11\/312205863_482153997280889_2037346285456747713_n.jpg\" data-elementor-open-lightbox=\"yes\" data-elementor-lightbox-slideshow=\"1531df1e\" data-elementor-lightbox-title=\"312205863_482153997280889_2037346285456747713_n\" data-e-action-hash=\"#elementor-action%3Aaction%3Dlightbox%26settings%3DeyJpZCI6Mjk1NjksInVybCI6Imh0dHBzOlwvXC9icGljYWttaWVkenljaG9kLnBsXC93cC1jb250ZW50XC91cGxvYWRzXC8yMDIyXC8xMVwvMzEyMjA1ODYzXzQ4MjE1Mzk5NzI4MDg4OV8yMDM3MzQ2Mjg1NDU2NzQ3NzEzX24uanBnIiwic2xpZGVzaG93IjoiMTUzMWRmMWUifQ%3D%3D\">\n\t\t\t\t\t<div class=\"e-gallery-image elementor-gallery-item__image\" data-thumbnail=\"https:\/\/bpicakmiedzychod.pl\/wp-content\/uploads\/2022\/11\/312205863_482153997280889_2037346285456747713_n-1024x689.jpg\" data-width=\"800\" data-height=\"538\" aria-label=\"\" role=\"img\" ><\/div>\n\t\t\t\t\t\t\t\t\t\t\t<div class=\"elementor-gallery-item__overlay\"><\/div>\n\t\t\t\t\t\t\t\t\t\t\t\t\t\t<\/a>\n\t\t\t\t\t\t\t<a class=\"e-gallery-item elementor-gallery-item elementor-animated-content\" href=\"https:\/\/bpicakmiedzychod.pl\/wp-content\/uploads\/2022\/11\/312211941_482153977280891_4499369015091399302_n.jpg\" data-elementor-open-lightbox=\"yes\" data-elementor-lightbox-slideshow=\"1531df1e\" data-elementor-lightbox-title=\"312211941_482153977280891_4499369015091399302_n\" data-e-action-hash=\"#elementor-action%3Aaction%3Dlightbox%26settings%3DeyJpZCI6Mjk1NzAsInVybCI6Imh0dHBzOlwvXC9icGljYWttaWVkenljaG9kLnBsXC93cC1jb250ZW50XC91cGxvYWRzXC8yMDIyXC8xMVwvMzEyMjExOTQxXzQ4MjE1Mzk3NzI4MDg5MV80NDk5MzY5MDE1MDkxMzk5MzAyX24uanBnIiwic2xpZGVzaG93IjoiMTUzMWRmMWUifQ%3D%3D\">\n\t\t\t\t\t<div class=\"e-gallery-image elementor-gallery-item__image\" data-thumbnail=\"https:\/\/bpicakmiedzychod.pl\/wp-content\/uploads\/2022\/11\/312211941_482153977280891_4499369015091399302_n-1024x670.jpg\" data-width=\"800\" data-height=\"523\" aria-label=\"\" role=\"img\" ><\/div>\n\t\t\t\t\t\t\t\t\t\t\t<div class=\"elementor-gallery-item__overlay\"><\/div>\n\t\t\t\t\t\t\t\t\t\t\t\t\t\t<\/a>\n\t\t\t\t\t\t\t<a class=\"e-gallery-item elementor-gallery-item elementor-animated-content\" href=\"https:\/\/bpicakmiedzychod.pl\/wp-content\/uploads\/2022\/11\/312284190_482154210614201_5429076187941161958_n.jpg\" data-elementor-open-lightbox=\"yes\" data-elementor-lightbox-slideshow=\"1531df1e\" data-elementor-lightbox-title=\"312284190_482154210614201_5429076187941161958_n\" data-e-action-hash=\"#elementor-action%3Aaction%3Dlightbox%26settings%3DeyJpZCI6Mjk1NzEsInVybCI6Imh0dHBzOlwvXC9icGljYWttaWVkenljaG9kLnBsXC93cC1jb250ZW50XC91cGxvYWRzXC8yMDIyXC8xMVwvMzEyMjg0MTkwXzQ4MjE1NDIxMDYxNDIwMV81NDI5MDc2MTg3OTQxMTYxOTU4X24uanBnIiwic2xpZGVzaG93IjoiMTUzMWRmMWUifQ%3D%3D\">\n\t\t\t\t\t<div class=\"e-gallery-image elementor-gallery-item__image\" data-thumbnail=\"https:\/\/bpicakmiedzychod.pl\/wp-content\/uploads\/2022\/11\/312284190_482154210614201_5429076187941161958_n-1024x684.jpg\" data-width=\"800\" data-height=\"534\" aria-label=\"\" role=\"img\" ><\/div>\n\t\t\t\t\t\t\t\t\t\t\t<div class=\"elementor-gallery-item__overlay\"><\/div>\n\t\t\t\t\t\t\t\t\t\t\t\t\t\t<\/a>\n\t\t\t\t\t\t\t<a class=\"e-gallery-item elementor-gallery-item elementor-animated-content\" href=\"https:\/\/bpicakmiedzychod.pl\/wp-content\/uploads\/2022\/11\/312392675_482153890614233_848269610726256688_n.jpg\" data-elementor-open-lightbox=\"yes\" data-elementor-lightbox-slideshow=\"1531df1e\" data-elementor-lightbox-title=\"312392675_482153890614233_848269610726256688_n\" data-e-action-hash=\"#elementor-action%3Aaction%3Dlightbox%26settings%3DeyJpZCI6Mjk1NzIsInVybCI6Imh0dHBzOlwvXC9icGljYWttaWVkenljaG9kLnBsXC93cC1jb250ZW50XC91cGxvYWRzXC8yMDIyXC8xMVwvMzEyMzkyNjc1XzQ4MjE1Mzg5MDYxNDIzM184NDgyNjk2MTA3MjYyNTY2ODhfbi5qcGciLCJzbGlkZXNob3ciOiIxNTMxZGYxZSJ9\">\n\t\t\t\t\t<div class=\"e-gallery-image elementor-gallery-item__image\" data-thumbnail=\"https:\/\/bpicakmiedzychod.pl\/wp-content\/uploads\/2022\/11\/312392675_482153890614233_848269610726256688_n-1024x659.jpg\" data-width=\"800\" data-height=\"515\" aria-label=\"\" role=\"img\" ><\/div>\n\t\t\t\t\t\t\t\t\t\t\t<div class=\"elementor-gallery-item__overlay\"><\/div>\n\t\t\t\t\t\t\t\t\t\t\t\t\t\t<\/a>\n\t\t\t\t\t\t\t<a class=\"e-gallery-item elementor-gallery-item elementor-animated-content\" href=\"https:\/\/bpicakmiedzychod.pl\/wp-content\/uploads\/2022\/11\/312616104_482153733947582_2756353823437734651_n.jpg\" data-elementor-open-lightbox=\"yes\" data-elementor-lightbox-slideshow=\"1531df1e\" data-elementor-lightbox-title=\"312616104_482153733947582_2756353823437734651_n\" data-e-action-hash=\"#elementor-action%3Aaction%3Dlightbox%26settings%3DeyJpZCI6Mjk1NzMsInVybCI6Imh0dHBzOlwvXC9icGljYWttaWVkenljaG9kLnBsXC93cC1jb250ZW50XC91cGxvYWRzXC8yMDIyXC8xMVwvMzEyNjE2MTA0XzQ4MjE1MzczMzk0NzU4Ml8yNzU2MzUzODIzNDM3NzM0NjUxX24uanBnIiwic2xpZGVzaG93IjoiMTUzMWRmMWUifQ%3D%3D\">\n\t\t\t\t\t<div class=\"e-gallery-image elementor-gallery-item__image\" data-thumbnail=\"https:\/\/bpicakmiedzychod.pl\/wp-content\/uploads\/2022\/11\/312616104_482153733947582_2756353823437734651_n-1024x684.jpg\" data-width=\"800\" data-height=\"534\" aria-label=\"\" role=\"img\" ><\/div>\n\t\t\t\t\t\t\t\t\t\t\t<div class=\"elementor-gallery-item__overlay\"><\/div>\n\t\t\t\t\t\t\t\t\t\t\t\t\t\t<\/a>\n\t\t\t\t\t\t\t<a class=\"e-gallery-item elementor-gallery-item elementor-animated-content\" href=\"https:\/\/bpicakmiedzychod.pl\/wp-content\/uploads\/2022\/11\/312621257_482154177280871_890924471417313826_n.jpg\" data-elementor-open-lightbox=\"yes\" data-elementor-lightbox-slideshow=\"1531df1e\" data-elementor-lightbox-title=\"312621257_482154177280871_890924471417313826_n\" data-e-action-hash=\"#elementor-action%3Aaction%3Dlightbox%26settings%3DeyJpZCI6Mjk1NzQsInVybCI6Imh0dHBzOlwvXC9icGljYWttaWVkenljaG9kLnBsXC93cC1jb250ZW50XC91cGxvYWRzXC8yMDIyXC8xMVwvMzEyNjIxMjU3XzQ4MjE1NDE3NzI4MDg3MV84OTA5MjQ0NzE0MTczMTM4MjZfbi5qcGciLCJzbGlkZXNob3ciOiIxNTMxZGYxZSJ9\">\n\t\t\t\t\t<div class=\"e-gallery-image elementor-gallery-item__image\" data-thumbnail=\"https:\/\/bpicakmiedzychod.pl\/wp-content\/uploads\/2022\/11\/312621257_482154177280871_890924471417313826_n-1024x673.jpg\" data-width=\"800\" data-height=\"526\" aria-label=\"\" role=\"img\" ><\/div>\n\t\t\t\t\t\t\t\t\t\t\t<div class=\"elementor-gallery-item__overlay\"><\/div>\n\t\t\t\t\t\t\t\t\t\t\t\t\t\t<\/a>\n\t\t\t\t\t\t\t<a class=\"e-gallery-item elementor-gallery-item elementor-animated-content\" href=\"https:\/\/bpicakmiedzychod.pl\/wp-content\/uploads\/2022\/11\/312634655_482154457280843_4013385216882465907_n.jpg\" data-elementor-open-lightbox=\"yes\" data-elementor-lightbox-slideshow=\"1531df1e\" data-elementor-lightbox-title=\"312634655_482154457280843_4013385216882465907_n\" data-e-action-hash=\"#elementor-action%3Aaction%3Dlightbox%26settings%3DeyJpZCI6Mjk1NzUsInVybCI6Imh0dHBzOlwvXC9icGljYWttaWVkenljaG9kLnBsXC93cC1jb250ZW50XC91cGxvYWRzXC8yMDIyXC8xMVwvMzEyNjM0NjU1XzQ4MjE1NDQ1NzI4MDg0M180MDEzMzg1MjE2ODgyNDY1OTA3X24uanBnIiwic2xpZGVzaG93IjoiMTUzMWRmMWUifQ%3D%3D\">\n\t\t\t\t\t<div class=\"e-gallery-image elementor-gallery-item__image\" data-thumbnail=\"https:\/\/bpicakmiedzychod.pl\/wp-content\/uploads\/2022\/11\/312634655_482154457280843_4013385216882465907_n-1024x706.jpg\" data-width=\"800\" data-height=\"552\" aria-label=\"\" role=\"img\" ><\/div>\n\t\t\t\t\t\t\t\t\t\t\t<div class=\"elementor-gallery-item__overlay\"><\/div>\n\t\t\t\t\t\t\t\t\t\t\t\t\t\t<\/a>\n\t\t\t\t\t\t\t<a class=\"e-gallery-item elementor-gallery-item elementor-animated-content\" href=\"https:\/\/bpicakmiedzychod.pl\/wp-content\/uploads\/2022\/11\/312648242_482153427280946_5376963486238792790_n.jpg\" data-elementor-open-lightbox=\"yes\" data-elementor-lightbox-slideshow=\"1531df1e\" data-elementor-lightbox-title=\"312648242_482153427280946_5376963486238792790_n\" data-e-action-hash=\"#elementor-action%3Aaction%3Dlightbox%26settings%3DeyJpZCI6Mjk1NzYsInVybCI6Imh0dHBzOlwvXC9icGljYWttaWVkenljaG9kLnBsXC93cC1jb250ZW50XC91cGxvYWRzXC8yMDIyXC8xMVwvMzEyNjQ4MjQyXzQ4MjE1MzQyNzI4MDk0Nl81Mzc2OTYzNDg2MjM4NzkyNzkwX24uanBnIiwic2xpZGVzaG93IjoiMTUzMWRmMWUifQ%3D%3D\">\n\t\t\t\t\t<div class=\"e-gallery-image elementor-gallery-item__image\" data-thumbnail=\"https:\/\/bpicakmiedzychod.pl\/wp-content\/uploads\/2022\/11\/312648242_482153427280946_5376963486238792790_n-1024x681.jpg\" data-width=\"800\" data-height=\"532\" aria-label=\"\" role=\"img\" ><\/div>\n\t\t\t\t\t\t\t\t\t\t\t<div class=\"elementor-gallery-item__overlay\"><\/div>\n\t\t\t\t\t\t\t\t\t\t\t\t\t\t<\/a>\n\t\t\t\t\t\t\t<a class=\"e-gallery-item elementor-gallery-item elementor-animated-content\" href=\"https:\/\/bpicakmiedzychod.pl\/wp-content\/uploads\/2022\/11\/312715487_482153863947569_108912299997279318_n.jpg\" data-elementor-open-lightbox=\"yes\" data-elementor-lightbox-slideshow=\"1531df1e\" data-elementor-lightbox-title=\"312715487_482153863947569_108912299997279318_n\" data-e-action-hash=\"#elementor-action%3Aaction%3Dlightbox%26settings%3DeyJpZCI6Mjk1NzcsInVybCI6Imh0dHBzOlwvXC9icGljYWttaWVkenljaG9kLnBsXC93cC1jb250ZW50XC91cGxvYWRzXC8yMDIyXC8xMVwvMzEyNzE1NDg3XzQ4MjE1Mzg2Mzk0NzU2OV8xMDg5MTIyOTk5OTcyNzkzMThfbi5qcGciLCJzbGlkZXNob3ciOiIxNTMxZGYxZSJ9\">\n\t\t\t\t\t<div class=\"e-gallery-image elementor-gallery-item__image\" data-thumbnail=\"https:\/\/bpicakmiedzychod.pl\/wp-content\/uploads\/2022\/11\/312715487_482153863947569_108912299997279318_n-1024x653.jpg\" data-width=\"800\" data-height=\"510\" aria-label=\"\" role=\"img\" ><\/div>\n\t\t\t\t\t\t\t\t\t\t\t<div class=\"elementor-gallery-item__overlay\"><\/div>\n\t\t\t\t\t\t\t\t\t\t\t\t\t\t<\/a>\n\t\t\t\t\t\t\t<a class=\"e-gallery-item elementor-gallery-item elementor-animated-content\" href=\"https:\/\/bpicakmiedzychod.pl\/wp-content\/uploads\/2022\/11\/312750304_482154393947516_6010079004796589726_n.jpg\" data-elementor-open-lightbox=\"yes\" data-elementor-lightbox-slideshow=\"1531df1e\" data-elementor-lightbox-title=\"312750304_482154393947516_6010079004796589726_n\" data-e-action-hash=\"#elementor-action%3Aaction%3Dlightbox%26settings%3DeyJpZCI6Mjk1NzgsInVybCI6Imh0dHBzOlwvXC9icGljYWttaWVkenljaG9kLnBsXC93cC1jb250ZW50XC91cGxvYWRzXC8yMDIyXC8xMVwvMzEyNzUwMzA0XzQ4MjE1NDM5Mzk0NzUxNl82MDEwMDc5MDA0Nzk2NTg5NzI2X24uanBnIiwic2xpZGVzaG93IjoiMTUzMWRmMWUifQ%3D%3D\">\n\t\t\t\t\t<div class=\"e-gallery-image elementor-gallery-item__image\" data-thumbnail=\"https:\/\/bpicakmiedzychod.pl\/wp-content\/uploads\/2022\/11\/312750304_482154393947516_6010079004796589726_n-1024x683.jpg\" data-width=\"800\" data-height=\"534\" aria-label=\"\" role=\"img\" ><\/div>\n\t\t\t\t\t\t\t\t\t\t\t<div class=\"elementor-gallery-item__overlay\"><\/div>\n\t\t\t\t\t\t\t\t\t\t\t\t\t\t<\/a>\n\t\t\t\t\t\t\t<a class=\"e-gallery-item elementor-gallery-item elementor-animated-content\" href=\"https:\/\/bpicakmiedzychod.pl\/wp-content\/uploads\/2022\/11\/312968745_482153787280910_169403660081256776_n.jpg\" data-elementor-open-lightbox=\"yes\" data-elementor-lightbox-slideshow=\"1531df1e\" data-elementor-lightbox-title=\"312968745_482153787280910_169403660081256776_n\" data-e-action-hash=\"#elementor-action%3Aaction%3Dlightbox%26settings%3DeyJpZCI6Mjk1NzksInVybCI6Imh0dHBzOlwvXC9icGljYWttaWVkenljaG9kLnBsXC93cC1jb250ZW50XC91cGxvYWRzXC8yMDIyXC8xMVwvMzEyOTY4NzQ1XzQ4MjE1Mzc4NzI4MDkxMF8xNjk0MDM2NjAwODEyNTY3NzZfbi5qcGciLCJzbGlkZXNob3ciOiIxNTMxZGYxZSJ9\">\n\t\t\t\t\t<div class=\"e-gallery-image elementor-gallery-item__image\" data-thumbnail=\"https:\/\/bpicakmiedzychod.pl\/wp-content\/uploads\/2022\/11\/312968745_482153787280910_169403660081256776_n-1024x672.jpg\" data-width=\"800\" data-height=\"525\" aria-label=\"\" role=\"img\" ><\/div>\n\t\t\t\t\t\t\t\t\t\t\t<div class=\"elementor-gallery-item__overlay\"><\/div>\n\t\t\t\t\t\t\t\t\t\t\t\t\t\t<\/a>\n\t\t\t\t\t\t\t<a class=\"e-gallery-item elementor-gallery-item elementor-animated-content\" href=\"https:\/\/bpicakmiedzychod.pl\/wp-content\/uploads\/2022\/11\/313025182_482154027280886_8227411888287451259_n.jpg\" data-elementor-open-lightbox=\"yes\" data-elementor-lightbox-slideshow=\"1531df1e\" data-elementor-lightbox-title=\"313025182_482154027280886_8227411888287451259_n\" data-e-action-hash=\"#elementor-action%3Aaction%3Dlightbox%26settings%3DeyJpZCI6Mjk1ODAsInVybCI6Imh0dHBzOlwvXC9icGljYWttaWVkenljaG9kLnBsXC93cC1jb250ZW50XC91cGxvYWRzXC8yMDIyXC8xMVwvMzEzMDI1MTgyXzQ4MjE1NDAyNzI4MDg4Nl84MjI3NDExODg4Mjg3NDUxMjU5X24uanBnIiwic2xpZGVzaG93IjoiMTUzMWRmMWUifQ%3D%3D\">\n\t\t\t\t\t<div class=\"e-gallery-image elementor-gallery-item__image\" data-thumbnail=\"https:\/\/bpicakmiedzychod.pl\/wp-content\/uploads\/2022\/11\/313025182_482154027280886_8227411888287451259_n-1024x697.jpg\" data-width=\"800\" data-height=\"545\" aria-label=\"\" role=\"img\" ><\/div>\n\t\t\t\t\t\t\t\t\t\t\t<div class=\"elementor-gallery-item__overlay\"><\/div>\n\t\t\t\t\t\t\t\t\t\t\t\t\t\t<\/a>\n\t\t\t\t\t\t\t<a class=\"e-gallery-item elementor-gallery-item elementor-animated-content\" href=\"https:\/\/bpicakmiedzychod.pl\/wp-content\/uploads\/2022\/11\/313109058_482153907280898_3215007300184786888_n.jpg\" data-elementor-open-lightbox=\"yes\" data-elementor-lightbox-slideshow=\"1531df1e\" data-elementor-lightbox-title=\"313109058_482153907280898_3215007300184786888_n\" data-e-action-hash=\"#elementor-action%3Aaction%3Dlightbox%26settings%3DeyJpZCI6Mjk1ODEsInVybCI6Imh0dHBzOlwvXC9icGljYWttaWVkenljaG9kLnBsXC93cC1jb250ZW50XC91cGxvYWRzXC8yMDIyXC8xMVwvMzEzMTA5MDU4XzQ4MjE1MzkwNzI4MDg5OF8zMjE1MDA3MzAwMTg0Nzg2ODg4X24uanBnIiwic2xpZGVzaG93IjoiMTUzMWRmMWUifQ%3D%3D\">\n\t\t\t\t\t<div class=\"e-gallery-image elementor-gallery-item__image\" data-thumbnail=\"https:\/\/bpicakmiedzychod.pl\/wp-content\/uploads\/2022\/11\/313109058_482153907280898_3215007300184786888_n-1024x684.jpg\" data-width=\"800\" data-height=\"534\" aria-label=\"\" role=\"img\" ><\/div>\n\t\t\t\t\t\t\t\t\t\t\t<div class=\"elementor-gallery-item__overlay\"><\/div>\n\t\t\t\t\t\t\t\t\t\t\t\t\t\t<\/a>\n\t\t\t\t\t<\/div>\n\t\t\t\t\t<\/div>\n\t\t\t\t<\/div>\n\t\t\t\t\t<\/div>\n\t\t<\/div>\n\t\t\t\t\t<\/div>\n\t\t<\/section>\n\t\t\t\t<\/div>\n\t\t","protected":false},"excerpt":{"rendered":"<p>Powr\u00f3t do listy galerii<\/p>\n","protected":false},"author":4,"featured_media":0,"parent":22864,"menu_order":0,"comment_status":"closed","ping_status":"closed","template":"elementor_header_footer","meta":{"footnotes":""},"class_list":["post-29558","page","type-page","status-publish","hentry"],"_links":{"self":[{"href":"https:\/\/bpicakmiedzychod.pl\/index.php\/wp-json\/wp\/v2\/pages\/29558","targetHints":{"allow":["GET"]}}],"collection":[{"href":"https:\/\/bpicakmiedzychod.pl\/index.php\/wp-json\/wp\/v2\/pages"}],"about":[{"href":"https:\/\/bpicakmiedzychod.pl\/index.php\/wp-json\/wp\/v2\/types\/page"}],"author":[{"embeddable":true,"href":"https:\/\/bpicakmiedzychod.pl\/index.php\/wp-json\/wp\/v2\/users\/4"}],"replies":[{"embeddable":true,"href":"https:\/\/bpicakmiedzychod.pl\/index.php\/wp-json\/wp\/v2\/comments?post=29558"}],"version-history":[{"count":4,"href":"https:\/\/bpicakmiedzychod.pl\/index.php\/wp-json\/wp\/v2\/pages\/29558\/revisions"}],"predecessor-version":[{"id":29584,"href":"https:\/\/bpicakmiedzychod.pl\/index.php\/wp-json\/wp\/v2\/pages\/29558\/revisions\/29584"}],"up":[{"embeddable":true,"href":"https:\/\/bpicakmiedzychod.pl\/index.php\/wp-json\/wp\/v2\/pages\/22864"}],"wp:attachment":[{"href":"https:\/\/bpicakmiedzychod.pl\/index.php\/wp-json\/wp\/v2\/media?parent=29558"}],"curies":[{"name":"wp","href":"https:\/\/api.w.org\/{rel}","templated":true}]}}