{"id":30127,"date":"2022-12-12T13:36:38","date_gmt":"2022-12-12T13:36:38","guid":{"rendered":"https:\/\/bpicakmiedzychod.pl\/?page_id=30127"},"modified":"2022-12-12T13:37:33","modified_gmt":"2022-12-12T13:37:33","slug":"nieznane-oblicza-perkusji-w-poszukiwaniu-dzwiekow-i-brzmien-tomek-szczepaniak-9-grudnia-2022-rok","status":"publish","type":"page","link":"https:\/\/bpicakmiedzychod.pl\/index.php\/centrum-animacji-kultury\/galeria\/2022-2\/nieznane-oblicza-perkusji-w-poszukiwaniu-dzwiekow-i-brzmien-tomek-szczepaniak-9-grudnia-2022-rok\/","title":{"rendered":"&#8222;Nieznane oblicza perkusji &#8211; w poszukiwaniu d\u017awi\u0119k\u00f3w i brzmie\u0144&#8221; &#8211; Tomek Szczepaniak &#8211; 9 grudnia 2022 rok"},"content":{"rendered":"\t\t<div data-elementor-type=\"wp-page\" data-elementor-id=\"30127\" class=\"elementor elementor-30127\" data-elementor-post-type=\"page\">\n\t\t\t\t\t\t<section data-particle_enable=\"false\" data-particle-mobile-disabled=\"false\" class=\"elementor-section elementor-top-section elementor-element elementor-element-73c14608 elementor-section-full_width elementor-section-height-default elementor-section-height-default\" data-id=\"73c14608\" data-element_type=\"section\">\n\t\t\t\t\t\t<div class=\"elementor-container elementor-column-gap-default\">\n\t\t\t\t\t<div class=\"elementor-column elementor-col-100 elementor-top-column elementor-element elementor-element-59d11a0\" data-id=\"59d11a0\" data-element_type=\"column\">\n\t\t\t<div class=\"elementor-widget-wrap elementor-element-populated\">\n\t\t\t\t\t\t<div class=\"elementor-element elementor-element-6285e0c8 elementor-widget elementor-widget-html\" data-id=\"6285e0c8\" data-element_type=\"widget\" data-widget_type=\"html.default\">\n\t\t\t\t<div class=\"elementor-widget-container\">\n\t\t\t\t\t<style>\n\n@media screen and (max-width: 1000px) {\nbody{margin-left:0px;}\n}\n\n@media screen and (min-width: 1000px) {\nbody{margin-left:60px;}\n}\n\n\n\n<\/style>\t\t\t\t<\/div>\n\t\t\t\t<\/div>\n\t\t\t\t<div class=\"elementor-element elementor-element-62f75909 elementor-widget elementor-widget-eael-creative-button\" data-id=\"62f75909\" data-element_type=\"widget\" data-widget_type=\"eael-creative-button.default\">\n\t\t\t\t<div class=\"elementor-widget-container\">\n\t\t\t\t\t        <div class=\"eael-creative-button-wrapper\">\n\n            <a class=\"eael-creative-button eael-creative-button--winona\" href=\"https:\/\/bpicakmiedzychod.pl\/index.php\/centrum-animacji-kultury\/galeria\/2021-2\/\" data-text=\"Kliknij\">\n            \t    \n                <div class=\"creative-button-inner\">\n\n                                            <span class=\"eael-creative-button-icon-left\"><\/span>                    \n                    <span class=\"cretive-button-text\">Powr\u00f3t do listy galerii<\/span>\n\n                                    <\/div>\n\t                        <\/a>\n        <\/div>\n        \t\t\t\t<\/div>\n\t\t\t\t<\/div>\n\t\t\t\t<div class=\"elementor-element elementor-element-143a97a8 elementor-widget elementor-widget-gallery\" data-id=\"143a97a8\" data-element_type=\"widget\" data-settings=\"{&quot;gallery_layout&quot;:&quot;masonry&quot;,&quot;columns&quot;:4,&quot;columns_tablet&quot;:2,&quot;columns_mobile&quot;:1,&quot;gap&quot;:{&quot;unit&quot;:&quot;px&quot;,&quot;size&quot;:10,&quot;sizes&quot;:[]},&quot;gap_tablet&quot;:{&quot;unit&quot;:&quot;px&quot;,&quot;size&quot;:10,&quot;sizes&quot;:[]},&quot;gap_mobile&quot;:{&quot;unit&quot;:&quot;px&quot;,&quot;size&quot;:10,&quot;sizes&quot;:[]},&quot;link_to&quot;:&quot;file&quot;,&quot;overlay_background&quot;:&quot;yes&quot;,&quot;content_hover_animation&quot;:&quot;fade-in&quot;}\" data-widget_type=\"gallery.default\">\n\t\t\t\t<div class=\"elementor-widget-container\">\n\t\t\t\t\t\t\t<div class=\"elementor-gallery__container\">\n\t\t\t\t\t\t\t<a class=\"e-gallery-item elementor-gallery-item elementor-animated-content\" href=\"https:\/\/bpicakmiedzychod.pl\/wp-content\/uploads\/2022\/12\/319170847_5859079837493124_156491343504184246_n.jpg\" data-elementor-open-lightbox=\"yes\" data-elementor-lightbox-slideshow=\"143a97a8\" data-elementor-lightbox-title=\"319170847_5859079837493124_156491343504184246_n\" data-e-action-hash=\"#elementor-action%3Aaction%3Dlightbox%26settings%3DeyJpZCI6MzAxMzgsInVybCI6Imh0dHBzOlwvXC9icGljYWttaWVkenljaG9kLnBsXC93cC1jb250ZW50XC91cGxvYWRzXC8yMDIyXC8xMlwvMzE5MTcwODQ3XzU4NTkwNzk4Mzc0OTMxMjRfMTU2NDkxMzQzNTA0MTg0MjQ2X24uanBnIiwic2xpZGVzaG93IjoiMTQzYTk3YTgifQ%3D%3D\">\n\t\t\t\t\t<div class=\"e-gallery-image elementor-gallery-item__image\" data-thumbnail=\"https:\/\/bpicakmiedzychod.pl\/wp-content\/uploads\/2022\/12\/319170847_5859079837493124_156491343504184246_n.jpg\" data-width=\"600\" data-height=\"450\" aria-label=\"\" role=\"img\" ><\/div>\n\t\t\t\t\t\t\t\t\t\t\t<div class=\"elementor-gallery-item__overlay\"><\/div>\n\t\t\t\t\t\t\t\t\t\t\t\t\t\t<\/a>\n\t\t\t\t\t\t\t<a class=\"e-gallery-item elementor-gallery-item elementor-animated-content\" href=\"https:\/\/bpicakmiedzychod.pl\/wp-content\/uploads\/2022\/12\/317497090_5859080177493090_8717208263284544324_n.jpg\" data-elementor-open-lightbox=\"yes\" data-elementor-lightbox-slideshow=\"143a97a8\" data-elementor-lightbox-title=\"317497090_5859080177493090_8717208263284544324_n\" data-e-action-hash=\"#elementor-action%3Aaction%3Dlightbox%26settings%3DeyJpZCI6MzAxMjksInVybCI6Imh0dHBzOlwvXC9icGljYWttaWVkenljaG9kLnBsXC93cC1jb250ZW50XC91cGxvYWRzXC8yMDIyXC8xMlwvMzE3NDk3MDkwXzU4NTkwODAxNzc0OTMwOTBfODcxNzIwODI2MzI4NDU0NDMyNF9uLmpwZyIsInNsaWRlc2hvdyI6IjE0M2E5N2E4In0%3D\">\n\t\t\t\t\t<div class=\"e-gallery-image elementor-gallery-item__image\" data-thumbnail=\"https:\/\/bpicakmiedzychod.pl\/wp-content\/uploads\/2022\/12\/317497090_5859080177493090_8717208263284544324_n-768x1024.jpg\" data-width=\"768\" data-height=\"1024\" aria-label=\"\" role=\"img\" ><\/div>\n\t\t\t\t\t\t\t\t\t\t\t<div class=\"elementor-gallery-item__overlay\"><\/div>\n\t\t\t\t\t\t\t\t\t\t\t\t\t\t<\/a>\n\t\t\t\t\t\t\t<a class=\"e-gallery-item elementor-gallery-item elementor-animated-content\" href=\"https:\/\/bpicakmiedzychod.pl\/wp-content\/uploads\/2022\/12\/318312447_5859080370826404_1586279199129195902_n.jpg\" data-elementor-open-lightbox=\"yes\" data-elementor-lightbox-slideshow=\"143a97a8\" data-elementor-lightbox-title=\"318312447_5859080370826404_1586279199129195902_n\" data-e-action-hash=\"#elementor-action%3Aaction%3Dlightbox%26settings%3DeyJpZCI6MzAxMzQsInVybCI6Imh0dHBzOlwvXC9icGljYWttaWVkenljaG9kLnBsXC93cC1jb250ZW50XC91cGxvYWRzXC8yMDIyXC8xMlwvMzE4MzEyNDQ3XzU4NTkwODAzNzA4MjY0MDRfMTU4NjI3OTE5OTEyOTE5NTkwMl9uLmpwZyIsInNsaWRlc2hvdyI6IjE0M2E5N2E4In0%3D\">\n\t\t\t\t\t<div class=\"e-gallery-image elementor-gallery-item__image\" data-thumbnail=\"https:\/\/bpicakmiedzychod.pl\/wp-content\/uploads\/2022\/12\/318312447_5859080370826404_1586279199129195902_n-768x1024.jpg\" data-width=\"768\" data-height=\"1024\" aria-label=\"\" role=\"img\" ><\/div>\n\t\t\t\t\t\t\t\t\t\t\t<div class=\"elementor-gallery-item__overlay\"><\/div>\n\t\t\t\t\t\t\t\t\t\t\t\t\t\t<\/a>\n\t\t\t\t\t\t\t<a class=\"e-gallery-item elementor-gallery-item elementor-animated-content\" href=\"https:\/\/bpicakmiedzychod.pl\/wp-content\/uploads\/2022\/12\/318074259_5859080954159679_3137440357444198157_n.jpg\" data-elementor-open-lightbox=\"yes\" data-elementor-lightbox-slideshow=\"143a97a8\" data-elementor-lightbox-title=\"318074259_5859080954159679_3137440357444198157_n\" data-e-action-hash=\"#elementor-action%3Aaction%3Dlightbox%26settings%3DeyJpZCI6MzAxMzIsInVybCI6Imh0dHBzOlwvXC9icGljYWttaWVkenljaG9kLnBsXC93cC1jb250ZW50XC91cGxvYWRzXC8yMDIyXC8xMlwvMzE4MDc0MjU5XzU4NTkwODA5NTQxNTk2NzlfMzEzNzQ0MDM1NzQ0NDE5ODE1N19uLmpwZyIsInNsaWRlc2hvdyI6IjE0M2E5N2E4In0%3D\">\n\t\t\t\t\t<div class=\"e-gallery-image elementor-gallery-item__image\" data-thumbnail=\"https:\/\/bpicakmiedzychod.pl\/wp-content\/uploads\/2022\/12\/318074259_5859080954159679_3137440357444198157_n-768x1024.jpg\" data-width=\"768\" data-height=\"1024\" aria-label=\"\" role=\"img\" ><\/div>\n\t\t\t\t\t\t\t\t\t\t\t<div class=\"elementor-gallery-item__overlay\"><\/div>\n\t\t\t\t\t\t\t\t\t\t\t\t\t\t<\/a>\n\t\t\t\t\t\t\t<a class=\"e-gallery-item elementor-gallery-item elementor-animated-content\" href=\"https:\/\/bpicakmiedzychod.pl\/wp-content\/uploads\/2022\/12\/317834679_5859080100826431_3549441048303883211_n.jpg\" data-elementor-open-lightbox=\"yes\" data-elementor-lightbox-slideshow=\"143a97a8\" data-elementor-lightbox-title=\"317834679_5859080100826431_3549441048303883211_n\" data-e-action-hash=\"#elementor-action%3Aaction%3Dlightbox%26settings%3DeyJpZCI6MzAxMzAsInVybCI6Imh0dHBzOlwvXC9icGljYWttaWVkenljaG9kLnBsXC93cC1jb250ZW50XC91cGxvYWRzXC8yMDIyXC8xMlwvMzE3ODM0Njc5XzU4NTkwODAxMDA4MjY0MzFfMzU0OTQ0MTA0ODMwMzg4MzIxMV9uLmpwZyIsInNsaWRlc2hvdyI6IjE0M2E5N2E4In0%3D\">\n\t\t\t\t\t<div class=\"e-gallery-image elementor-gallery-item__image\" data-thumbnail=\"https:\/\/bpicakmiedzychod.pl\/wp-content\/uploads\/2022\/12\/317834679_5859080100826431_3549441048303883211_n-768x1024.jpg\" data-width=\"768\" data-height=\"1024\" aria-label=\"\" role=\"img\" ><\/div>\n\t\t\t\t\t\t\t\t\t\t\t<div class=\"elementor-gallery-item__overlay\"><\/div>\n\t\t\t\t\t\t\t\t\t\t\t\t\t\t<\/a>\n\t\t\t\t\t\t\t<a class=\"e-gallery-item elementor-gallery-item elementor-animated-content\" href=\"https:\/\/bpicakmiedzychod.pl\/wp-content\/uploads\/2022\/12\/317997145_5859079854159789_436745004866288428_n.jpg\" data-elementor-open-lightbox=\"yes\" data-elementor-lightbox-slideshow=\"143a97a8\" data-elementor-lightbox-title=\"317997145_5859079854159789_436745004866288428_n\" data-e-action-hash=\"#elementor-action%3Aaction%3Dlightbox%26settings%3DeyJpZCI6MzAxMzEsInVybCI6Imh0dHBzOlwvXC9icGljYWttaWVkenljaG9kLnBsXC93cC1jb250ZW50XC91cGxvYWRzXC8yMDIyXC8xMlwvMzE3OTk3MTQ1XzU4NTkwNzk4NTQxNTk3ODlfNDM2NzQ1MDA0ODY2Mjg4NDI4X24uanBnIiwic2xpZGVzaG93IjoiMTQzYTk3YTgifQ%3D%3D\">\n\t\t\t\t\t<div class=\"e-gallery-image elementor-gallery-item__image\" data-thumbnail=\"https:\/\/bpicakmiedzychod.pl\/wp-content\/uploads\/2022\/12\/317997145_5859079854159789_436745004866288428_n-768x1024.jpg\" data-width=\"768\" data-height=\"1024\" aria-label=\"\" role=\"img\" ><\/div>\n\t\t\t\t\t\t\t\t\t\t\t<div class=\"elementor-gallery-item__overlay\"><\/div>\n\t\t\t\t\t\t\t\t\t\t\t\t\t\t<\/a>\n\t\t\t\t\t\t\t<a class=\"e-gallery-item elementor-gallery-item elementor-animated-content\" href=\"https:\/\/bpicakmiedzychod.pl\/wp-content\/uploads\/2022\/12\/318220559_5859081130826328_1027362573690524681_n.jpg\" data-elementor-open-lightbox=\"yes\" data-elementor-lightbox-slideshow=\"143a97a8\" data-elementor-lightbox-title=\"318220559_5859081130826328_1027362573690524681_n\" data-e-action-hash=\"#elementor-action%3Aaction%3Dlightbox%26settings%3DeyJpZCI6MzAxMzMsInVybCI6Imh0dHBzOlwvXC9icGljYWttaWVkenljaG9kLnBsXC93cC1jb250ZW50XC91cGxvYWRzXC8yMDIyXC8xMlwvMzE4MjIwNTU5XzU4NTkwODExMzA4MjYzMjhfMTAyNzM2MjU3MzY5MDUyNDY4MV9uLmpwZyIsInNsaWRlc2hvdyI6IjE0M2E5N2E4In0%3D\">\n\t\t\t\t\t<div class=\"e-gallery-image elementor-gallery-item__image\" data-thumbnail=\"https:\/\/bpicakmiedzychod.pl\/wp-content\/uploads\/2022\/12\/318220559_5859081130826328_1027362573690524681_n-768x1024.jpg\" data-width=\"768\" data-height=\"1024\" aria-label=\"\" role=\"img\" ><\/div>\n\t\t\t\t\t\t\t\t\t\t\t<div class=\"elementor-gallery-item__overlay\"><\/div>\n\t\t\t\t\t\t\t\t\t\t\t\t\t\t<\/a>\n\t\t\t\t\t\t\t<a class=\"e-gallery-item elementor-gallery-item elementor-animated-content\" href=\"https:\/\/bpicakmiedzychod.pl\/wp-content\/uploads\/2022\/12\/318426001_5859081177492990_4763060624089283254_n.jpg\" data-elementor-open-lightbox=\"yes\" data-elementor-lightbox-slideshow=\"143a97a8\" data-elementor-lightbox-title=\"318426001_5859081177492990_4763060624089283254_n\" data-e-action-hash=\"#elementor-action%3Aaction%3Dlightbox%26settings%3DeyJpZCI6MzAxMzUsInVybCI6Imh0dHBzOlwvXC9icGljYWttaWVkenljaG9kLnBsXC93cC1jb250ZW50XC91cGxvYWRzXC8yMDIyXC8xMlwvMzE4NDI2MDAxXzU4NTkwODExNzc0OTI5OTBfNDc2MzA2MDYyNDA4OTI4MzI1NF9uLmpwZyIsInNsaWRlc2hvdyI6IjE0M2E5N2E4In0%3D\">\n\t\t\t\t\t<div class=\"e-gallery-image elementor-gallery-item__image\" data-thumbnail=\"https:\/\/bpicakmiedzychod.pl\/wp-content\/uploads\/2022\/12\/318426001_5859081177492990_4763060624089283254_n-768x1024.jpg\" data-width=\"768\" data-height=\"1024\" aria-label=\"\" role=\"img\" ><\/div>\n\t\t\t\t\t\t\t\t\t\t\t<div class=\"elementor-gallery-item__overlay\"><\/div>\n\t\t\t\t\t\t\t\t\t\t\t\t\t\t<\/a>\n\t\t\t\t\t\t\t<a class=\"e-gallery-item elementor-gallery-item elementor-animated-content\" href=\"https:\/\/bpicakmiedzychod.pl\/wp-content\/uploads\/2022\/12\/319042631_5859080347493073_3207112758213756697_n.jpg\" data-elementor-open-lightbox=\"yes\" data-elementor-lightbox-slideshow=\"143a97a8\" data-elementor-lightbox-title=\"319042631_5859080347493073_3207112758213756697_n\" data-e-action-hash=\"#elementor-action%3Aaction%3Dlightbox%26settings%3DeyJpZCI6MzAxMzcsInVybCI6Imh0dHBzOlwvXC9icGljYWttaWVkenljaG9kLnBsXC93cC1jb250ZW50XC91cGxvYWRzXC8yMDIyXC8xMlwvMzE5MDQyNjMxXzU4NTkwODAzNDc0OTMwNzNfMzIwNzExMjc1ODIxMzc1NjY5N19uLmpwZyIsInNsaWRlc2hvdyI6IjE0M2E5N2E4In0%3D\">\n\t\t\t\t\t<div class=\"e-gallery-image elementor-gallery-item__image\" data-thumbnail=\"https:\/\/bpicakmiedzychod.pl\/wp-content\/uploads\/2022\/12\/319042631_5859080347493073_3207112758213756697_n-768x1024.jpg\" data-width=\"768\" data-height=\"1024\" aria-label=\"\" role=\"img\" ><\/div>\n\t\t\t\t\t\t\t\t\t\t\t<div class=\"elementor-gallery-item__overlay\"><\/div>\n\t\t\t\t\t\t\t\t\t\t\t\t\t\t<\/a>\n\t\t\t\t\t<\/div>\n\t\t\t\t\t<\/div>\n\t\t\t\t<\/div>\n\t\t\t\t\t<\/div>\n\t\t<\/div>\n\t\t\t\t\t<\/div>\n\t\t<\/section>\n\t\t\t\t<\/div>\n\t\t","protected":false},"excerpt":{"rendered":"<p>Powr\u00f3t do listy galerii<\/p>\n","protected":false},"author":3,"featured_media":0,"parent":22539,"menu_order":0,"comment_status":"closed","ping_status":"closed","template":"elementor_header_footer","meta":{"footnotes":""},"class_list":["post-30127","page","type-page","status-publish","hentry"],"_links":{"self":[{"href":"https:\/\/bpicakmiedzychod.pl\/index.php\/wp-json\/wp\/v2\/pages\/30127","targetHints":{"allow":["GET"]}}],"collection":[{"href":"https:\/\/bpicakmiedzychod.pl\/index.php\/wp-json\/wp\/v2\/pages"}],"about":[{"href":"https:\/\/bpicakmiedzychod.pl\/index.php\/wp-json\/wp\/v2\/types\/page"}],"author":[{"embeddable":true,"href":"https:\/\/bpicakmiedzychod.pl\/index.php\/wp-json\/wp\/v2\/users\/3"}],"replies":[{"embeddable":true,"href":"https:\/\/bpicakmiedzychod.pl\/index.php\/wp-json\/wp\/v2\/comments?post=30127"}],"version-history":[{"count":4,"href":"https:\/\/bpicakmiedzychod.pl\/index.php\/wp-json\/wp\/v2\/pages\/30127\/revisions"}],"predecessor-version":[{"id":30141,"href":"https:\/\/bpicakmiedzychod.pl\/index.php\/wp-json\/wp\/v2\/pages\/30127\/revisions\/30141"}],"up":[{"embeddable":true,"href":"https:\/\/bpicakmiedzychod.pl\/index.php\/wp-json\/wp\/v2\/pages\/22539"}],"wp:attachment":[{"href":"https:\/\/bpicakmiedzychod.pl\/index.php\/wp-json\/wp\/v2\/media?parent=30127"}],"curies":[{"name":"wp","href":"https:\/\/api.w.org\/{rel}","templated":true}]}}