{"id":30265,"date":"2023-01-02T10:51:21","date_gmt":"2023-01-02T10:51:21","guid":{"rendered":"https:\/\/bpicakmiedzychod.pl\/?page_id=30265"},"modified":"2023-01-02T10:54:04","modified_gmt":"2023-01-02T10:54:04","slug":"2023-2","status":"publish","type":"page","link":"https:\/\/bpicakmiedzychod.pl\/index.php\/biblioteka-publiczna\/galeria\/2023-2\/","title":{"rendered":"2023 Biblioteka"},"content":{"rendered":"\t\t<div data-elementor-type=\"wp-page\" data-elementor-id=\"30265\" class=\"elementor elementor-30265\" data-elementor-post-type=\"page\">\n\t\t\t\t\t\t<section data-particle_enable=\"false\" data-particle-mobile-disabled=\"false\" class=\"elementor-section elementor-top-section elementor-element elementor-element-e16ce89 elementor-section-full_width elementor-section-height-default elementor-section-height-default\" data-id=\"e16ce89\" data-element_type=\"section\" data-settings=\"{&quot;background_background&quot;:&quot;classic&quot;}\">\n\t\t\t\t\t\t<div class=\"elementor-container elementor-column-gap-wider\">\n\t\t\t\t\t<div class=\"elementor-column elementor-col-50 elementor-top-column elementor-element elementor-element-2ae2848\" data-id=\"2ae2848\" data-element_type=\"column\" data-settings=\"{&quot;background_background&quot;:&quot;classic&quot;}\">\n\t\t\t<div class=\"elementor-widget-wrap elementor-element-populated\">\n\t\t\t\t\t<div class=\"elementor-background-overlay\"><\/div>\n\t\t\t\t\t\t<div class=\"elementor-element elementor-element-8f59648 elementor-widget elementor-widget-eael-creative-button\" data-id=\"8f59648\" data-element_type=\"widget\" data-widget_type=\"eael-creative-button.default\">\n\t\t\t\t<div class=\"elementor-widget-container\">\n\t\t\t\t\t        <div class=\"eael-creative-button-wrapper\">\n\n            <a class=\"eael-creative-button eael-creative-button--wave\" href=\"https:\/\/bpicakmiedzychod.pl\/index.php\/biblioteka-publiczna\/galeria\/\" data-text=\"Sprawd\u017a\">\n            \t    \n                <div class=\"creative-button-inner\">\n\n                                            <span class=\"eael-creative-button-icon-left\"><\/span>                    \n                    <span class=\"cretive-button-text\">POWR\u00d3T<\/span>\n\n                                    <\/div>\n\t                        <\/a>\n        <\/div>\n        \t\t\t\t<\/div>\n\t\t\t\t<\/div>\n\t\t\t\t\t<\/div>\n\t\t<\/div>\n\t\t\t\t<div class=\"elementor-column elementor-col-50 elementor-top-column elementor-element elementor-element-4b3b49d\" data-id=\"4b3b49d\" data-element_type=\"column\" data-settings=\"{&quot;background_background&quot;:&quot;classic&quot;}\">\n\t\t\t<div class=\"elementor-widget-wrap elementor-element-populated\">\n\t\t\t\t\t\t<div class=\"elementor-element elementor-element-32352de elementor-widget-divider--view-line elementor-widget elementor-widget-divider\" data-id=\"32352de\" data-element_type=\"widget\" data-widget_type=\"divider.default\">\n\t\t\t\t<div class=\"elementor-widget-container\">\n\t\t\t\t\t\t\t<div class=\"elementor-divider\">\n\t\t\t<span class=\"elementor-divider-separator\">\n\t\t\t\t\t\t<\/span>\n\t\t<\/div>\n\t\t\t\t\t\t<\/div>\n\t\t\t\t<\/div>\n\t\t\t\t<div class=\"elementor-element elementor-element-6163ca3 elementor-widget elementor-widget-heading\" data-id=\"6163ca3\" data-element_type=\"widget\" data-widget_type=\"heading.default\">\n\t\t\t\t<div class=\"elementor-widget-container\">\n\t\t\t\t\t<h2 class=\"elementor-heading-title elementor-size-default\">Galeria 2023<\/h2>\t\t\t\t<\/div>\n\t\t\t\t<\/div>\n\t\t\t\t<div class=\"elementor-element elementor-element-26241ce elementor-widget elementor-widget-html\" data-id=\"26241ce\" data-element_type=\"widget\" data-widget_type=\"html.default\">\n\t\t\t\t<div class=\"elementor-widget-container\">\n\t\t\t\t\t<style>\n\n@media screen and (max-width: 1000px) {\nbody{margin-left:0px;}\n}\n\n@media screen and (min-width: 1000px) {\nbody{margin-left:60px;}\n}\n\n\n\n<\/style>\t\t\t\t<\/div>\n\t\t\t\t<\/div>\n\t\t\t\t\t<\/div>\n\t\t<\/div>\n\t\t\t\t\t<\/div>\n\t\t<\/section>\n\t\t\t\t<section data-particle_enable=\"false\" data-particle-mobile-disabled=\"false\" class=\"elementor-section elementor-top-section elementor-element elementor-element-dfd4b98 elementor-section-full_width elementor-section-height-default elementor-section-height-default\" data-id=\"dfd4b98\" data-element_type=\"section\" data-settings=\"{&quot;background_background&quot;:&quot;classic&quot;}\">\n\t\t\t\t\t\t<div class=\"elementor-container elementor-column-gap-no\">\n\t\t\t\t\t<div class=\"elementor-column elementor-col-100 elementor-top-column elementor-element elementor-element-e873fa1\" data-id=\"e873fa1\" data-element_type=\"column\">\n\t\t\t<div class=\"elementor-widget-wrap elementor-element-populated\">\n\t\t\t\t\t\t<div class=\"elementor-element elementor-element-12eee04 eael_advanced_menu_hamburger_disable_selected_menu_no eael-advanced-menu-hamburger-align-right eael-advanced-menu--no eael-hamburger--tablet elementor-widget elementor-widget-eael-advanced-menu\" data-id=\"12eee04\" data-element_type=\"widget\" data-widget_type=\"eael-advanced-menu.skin-seven\">\n\t\t\t\t<div class=\"elementor-widget-container\">\n\t\t\t\t\t<style>\n                        @media screen and (max-width: 1024px) {\n                            .eael-hamburger--tablet {\n                                .eael-advanced-menu-horizontal,\n                                .eael-advanced-menu-vertical {\n                                    display: none;\n                                }\n                            }\n                            .eael-hamburger--tablet {\n                                .eael-advanced-menu-container .eael-advanced-menu-toggle {\n                                    display: block;\n                                }\n                            }\n                        }\n                    <\/style>            <div data-hamburger-icon=\"&lt;i aria-hidden=&quot;true&quot; class=&quot;fas fa-bars&quot;&gt;&lt;\/i&gt;\" data-indicator-class=\"&lt;i aria-hidden=&quot;true&quot; class=&quot;fas fa-angle-down&quot;&gt;&lt;\/i&gt;\" data-dropdown-indicator-class=\"&lt;i aria-hidden=&quot;true&quot; class=&quot;fas fa-angle-down&quot;&gt;&lt;\/i&gt;\" class=\"eael-advanced-menu-container eael-advanced-menu-align-center eael-advanced-menu-dropdown-align-left\" data-hamburger-breakpoints=\"{&quot;mobile&quot;:&quot;Mobilny pionowy (&gt; 767px)&quot;,&quot;tablet&quot;:&quot;Pionowy tablet (&gt; 1024px)&quot;,&quot;desktop&quot;:&quot;Desktop (&gt; 2400px)&quot;,&quot;none&quot;:&quot;None&quot;}\" data-hamburger-device=\"tablet\">\n                <ul id=\"menu-2023-biblioteka\" class=\"eael-advanced-menu eael-advanced-menu-dropdown-animate-to-top eael-advanced-menu-indicator eael-advanced-menu-vertical\"><li id=\"menu-item-40336\" class=\"menu-item menu-item-type-post_type menu-item-object-page menu-item-40336\"><a href=\"https:\/\/bpicakmiedzychod.pl\/index.php\/biblioteka-publiczna\/galeria\/2023-2\/klub-czytajacych-rodzin-poezja-spiewana-25-listopada-2023\/\">Klub Czytaj\u0105cych Rodzin \u2013 Poezja \u015bpiewana \u2013 25 listopada 2023<\/a><\/li>\n<li id=\"menu-item-39453\" class=\"menu-item menu-item-type-post_type menu-item-object-page menu-item-39453\"><a href=\"https:\/\/bpicakmiedzychod.pl\/index.php\/biblioteka-publiczna\/galeria\/2023-2\/klub-czytajacych-rodzin-indianie-21-pazdziernika-2023\/\">Klub Czytaj\u0105cych Rodzin \u2013 Indianie \u2013 21 pa\u017adziernika 2023<\/a><\/li>\n<li id=\"menu-item-38853\" class=\"menu-item menu-item-type-post_type menu-item-object-page menu-item-38853\"><a href=\"https:\/\/bpicakmiedzychod.pl\/index.php\/biblioteka-publiczna\/galeria\/2023-2\/klub-czytajacych-rodzin-jesien-23-wrzesnia-2023\/\">Klub Czytaj\u0105cych Rodzin \u2013 Jesie\u0144 \u2013 23 wrze\u015bnia 2023<\/a><\/li>\n<li id=\"menu-item-39019\" class=\"menu-item menu-item-type-post_type menu-item-object-page menu-item-39019\"><a href=\"https:\/\/bpicakmiedzychod.pl\/index.php\/biblioteka-publiczna\/galeria\/2023-2\/parkuj-z-nami-2023-26-27-sierpnia-2023\/\">PARKUJ Z NAMI 2023 \u2013 26-27 sierpnia 2023<\/a><\/li>\n<li id=\"menu-item-39018\" class=\"menu-item menu-item-type-post_type menu-item-object-page menu-item-39018\"><a href=\"https:\/\/bpicakmiedzychod.pl\/index.php\/biblioteka-publiczna\/galeria\/2023-2\/piechota-do-nastepnego-lata-1-sierpnia-2023\/\">Piechot\u0105 do nast\u0119pnego lata \u2013 1 sierpnia 2023<\/a><\/li>\n<li id=\"menu-item-37343\" class=\"menu-item menu-item-type-post_type menu-item-object-page menu-item-37343\"><a href=\"https:\/\/bpicakmiedzychod.pl\/index.php\/biblioteka-publiczna\/galeria\/2023-2\/wakacyjny-piknik-z-animacjami-10-sierpnia-2023\/\">Wakacyjny piknik z animacjami \u2013 10 sierpnia 2023<\/a><\/li>\n<li id=\"menu-item-36643\" class=\"menu-item menu-item-type-post_type menu-item-object-page menu-item-36643\"><a href=\"https:\/\/bpicakmiedzychod.pl\/index.php\/biblioteka-publiczna\/galeria\/2023-2\/natura-zakleta-w-szkle-12-lipca-2023\/\">Natura zakl\u0119ta w szkle \u2013 12 lipca 2023<\/a><\/li>\n<li id=\"menu-item-36549\" class=\"menu-item menu-item-type-post_type menu-item-object-page menu-item-36549\"><a href=\"https:\/\/bpicakmiedzychod.pl\/index.php\/biblioteka-publiczna\/galeria\/2023-2\/malowanie-na-drewnie-10-lipca-2023\/\">Malowanie na drewnie \u2013 10 lipca 2023<\/a><\/li>\n<li id=\"menu-item-36550\" class=\"menu-item menu-item-type-post_type menu-item-object-page menu-item-36550\"><a href=\"https:\/\/bpicakmiedzychod.pl\/index.php\/biblioteka-publiczna\/galeria\/2023-2\/opowiesci-miodem-plynace-i-warsztaty-techniczne-5-lipca-2023\/\">Opowie\u015bci miodem p\u0142yn\u0105ce i warsztaty techniczne \u2013 5 lipca 2023<\/a><\/li>\n<li id=\"menu-item-36551\" class=\"menu-item menu-item-type-post_type menu-item-object-page menu-item-36551\"><a href=\"https:\/\/bpicakmiedzychod.pl\/index.php\/biblioteka-publiczna\/galeria\/2023-2\/warsztaty-z-ziol-i-zielnikowania-3-lipca-2023\/\">Warsztaty z zi\u00f3\u0142 i zielnikowania \u2013 3 lipca 2023<\/a><\/li>\n<li id=\"menu-item-36083\" class=\"menu-item menu-item-type-post_type menu-item-object-page menu-item-36083\"><a href=\"https:\/\/bpicakmiedzychod.pl\/index.php\/biblioteka-publiczna\/galeria\/2023-2\/klub-czytajacych-rodzin-krowy-1-lipca-2023\/\">Klub Czytaj\u0105cych Rodzin \u2013 Krowy \u2013 1 lipca 2023<\/a><\/li>\n<li id=\"menu-item-34355\" class=\"menu-item menu-item-type-post_type menu-item-object-page menu-item-34355\"><a href=\"https:\/\/bpicakmiedzychod.pl\/index.php\/biblioteka-publiczna\/galeria\/2023-2\/swiatowy-dzien-dziergania-w-miejscach-publicznych\/\">\u015awiatowy Dzie\u0144 Dziergania w Miejscach Publicznych \u2013 10 czerwca 2023<\/a><\/li>\n<li id=\"menu-item-34306\" class=\"menu-item menu-item-type-post_type menu-item-object-page menu-item-34306\"><a href=\"https:\/\/bpicakmiedzychod.pl\/index.php\/biblioteka-publiczna\/galeria\/2023-2\/dzien-dziecka-1-czerwca-2023\/\">Dzie\u0144 Dziecka \u2013 1 czerwca 2023<\/a><\/li>\n<li id=\"menu-item-34163\" class=\"menu-item menu-item-type-post_type menu-item-object-page menu-item-34163\"><a href=\"https:\/\/bpicakmiedzychod.pl\/index.php\/biblioteka-publiczna\/galeria\/2023-2\/odjazdowy-bibliotekarz-20-maja-2023\/\">Odjazdowy Bibliotekarz \u2013 20 maja 2023<\/a><\/li>\n<li id=\"menu-item-34078\" class=\"menu-item menu-item-type-post_type menu-item-object-page menu-item-34078\"><a href=\"https:\/\/bpicakmiedzychod.pl\/index.php\/biblioteka-publiczna\/galeria\/2023-2\/klub-czytajacych-rodzin-wilkolaki-13-maja-2023\/\">Klub Czytaj\u0105cych Rodzin \u2013 Wilko\u0142aki \u2013 13 maja 2023<\/a><\/li>\n<li id=\"menu-item-34061\" class=\"menu-item menu-item-type-post_type menu-item-object-page menu-item-34061\"><a href=\"https:\/\/bpicakmiedzychod.pl\/index.php\/biblioteka-publiczna\/galeria\/2023-2\/tydzien-bibliotek-spotkanie-z-rafalem-witkiem\/\">TYDZIE\u0143 BIBLIOTEK | Spotkanie z Rafa\u0142em Witkiem \u2013 12 maja 2023<\/a><\/li>\n<li id=\"menu-item-34014\" class=\"menu-item menu-item-type-post_type menu-item-object-page menu-item-34014\"><a href=\"https:\/\/bpicakmiedzychod.pl\/index.php\/biblioteka-publiczna\/galeria\/2023-2\/tydzien-bibliotek-spotkanie-z-magdalena-ludwiczak-10-maja-2023\/\">TYDZIE\u0143 BIBLIOTEK | Spotkanie z Magdalen\u0105 Ludwiczak \u2013 10 maja 2023<\/a><\/li>\n<li id=\"menu-item-34013\" class=\"menu-item menu-item-type-post_type menu-item-object-page menu-item-34013\"><a href=\"https:\/\/bpicakmiedzychod.pl\/index.php\/biblioteka-publiczna\/galeria\/2023-2\/tydzien-bibliotek-biblioteka-smakow-i-zapachow-10-maja-2023\/\">TYDZIE\u0143 BIBLIOTEK | Biblioteka smak\u00f3w i zapach\u00f3w \u2013 10 maja 2023<\/a><\/li>\n<li id=\"menu-item-34015\" class=\"menu-item menu-item-type-post_type menu-item-object-page menu-item-34015\"><a href=\"https:\/\/bpicakmiedzychod.pl\/index.php\/biblioteka-publiczna\/galeria\/2023-2\/a-ja-jestem-rudy-lis-10-maja-2023\/\">TYDZIE\u0143 BIBLIOTEK | \u201eA ja jestem rudy lis\u2026\u201d \u2013 10 maja 2023<\/a><\/li>\n<li id=\"menu-item-33334\" class=\"menu-item menu-item-type-post_type menu-item-object-page menu-item-33334\"><a href=\"https:\/\/bpicakmiedzychod.pl\/index.php\/biblioteka-publiczna\/galeria\/2023-2\/ii-powiatowy-konkurs-pieknego-czytania-etap-gminny-5-kwietnia-2023\/\">II Powiatowy Konkurs Pi\u0119knego Czytania \u2013 etap gminny \u2013 5 kwietnia 2023<\/a><\/li>\n<li id=\"menu-item-33335\" class=\"menu-item menu-item-type-post_type menu-item-object-page menu-item-33335\"><a href=\"https:\/\/bpicakmiedzychod.pl\/index.php\/biblioteka-publiczna\/galeria\/2023-2\/klub-czytajacych-rodzin-1-kwietnia-2023\/\">Klub Czytaj\u0105cych Rodzin \u2013 1 kwietnia 2023<\/a><\/li>\n<li id=\"menu-item-33188\" class=\"menu-item menu-item-type-post_type menu-item-object-page menu-item-33188\"><a href=\"https:\/\/bpicakmiedzychod.pl\/index.php\/biblioteka-publiczna\/galeria\/2023-2\/ii-powiatowy-konkurs-pieknego-czytania-etap-gminny-29-marca-2023\/\">II Powiatowy Konkurs Pi\u0119knego Czytania \u2013 etap gminny \u2013 29 marca 2023<\/a><\/li>\n<li id=\"menu-item-33114\" class=\"menu-item menu-item-type-post_type menu-item-object-page menu-item-33114\"><a href=\"https:\/\/bpicakmiedzychod.pl\/index.php\/biblioteka-publiczna\/galeria\/2023-2\/swiatowy-dzien-poezji-21-marca-2023\/\">\u015awiatowy Dzie\u0144 Poezji \u2013 21 marca 2023<\/a><\/li>\n<li id=\"menu-item-32611\" class=\"menu-item menu-item-type-post_type menu-item-object-page menu-item-32611\"><a href=\"https:\/\/bpicakmiedzychod.pl\/index.php\/biblioteka-publiczna\/galeria\/2023-2\/spotkania-z-pszczelarzem-marzec-2023\/\">Spotkania z pszczelarzem \u2013 marzec 2023<\/a><\/li>\n<li id=\"menu-item-32273\" class=\"menu-item menu-item-type-post_type menu-item-object-page menu-item-32273\"><a href=\"https:\/\/bpicakmiedzychod.pl\/index.php\/biblioteka-publiczna\/galeria\/2023-2\/klub-czytajacych-rodzin-gimnastyka-i-jej-oblicza-11-marca-2023\/\">Klub Czytaj\u0105cych Rodzin \u2013 Gimnastyka i jej oblicza \u2013 11 marca 2023<\/a><\/li>\n<li id=\"menu-item-31600\" class=\"menu-item menu-item-type-post_type menu-item-object-page menu-item-31600\"><a href=\"https:\/\/bpicakmiedzychod.pl\/index.php\/biblioteka-publiczna\/galeria\/2023-2\/klub-czytajacych-rodzin-gry-na-komputer-i-telefon\/\">Klub Czytaj\u0105cych Rodzin \u2013 Gry na komputer i telefon &#8211; 18 lutego 2023<\/a><\/li>\n<li id=\"menu-item-31507\" class=\"menu-item menu-item-type-post_type menu-item-object-page menu-item-31507\"><a href=\"https:\/\/bpicakmiedzychod.pl\/index.php\/biblioteka-publiczna\/galeria\/2023-2\/kalendarz-od-serca-9-lutego-2023\/\">Kalendarz od serca \u2013 9 lutego 2023<\/a><\/li>\n<li id=\"menu-item-31508\" class=\"menu-item menu-item-type-post_type menu-item-object-page menu-item-31508\"><a href=\"https:\/\/bpicakmiedzychod.pl\/index.php\/biblioteka-publiczna\/galeria\/2023-2\/zima-w-dolinie-muminkow-8-lutego-2023\/\">Zima w Dolinie Mumink\u00f3w \u2013 8 lutego 2023<\/a><\/li>\n<li id=\"menu-item-31509\" class=\"menu-item menu-item-type-post_type menu-item-object-page menu-item-31509\"><a href=\"https:\/\/bpicakmiedzychod.pl\/index.php\/biblioteka-publiczna\/galeria\/2023-2\/teatrzyk-kamishibai-dwa-ptaszki-i-warsztaty-techniczne-6-lutego-2023\/\">Teatrzyk Kamishibai \u201eDwa ptaszki\u201d i warsztaty techniczne \u2013 6 lutego 2023<\/a><\/li>\n<li id=\"menu-item-31510\" class=\"menu-item menu-item-type-post_type menu-item-object-page menu-item-31510\"><a href=\"https:\/\/bpicakmiedzychod.pl\/index.php\/biblioteka-publiczna\/galeria\/2023-2\/sladami-lesnych-tajemnic-1-lutego-2023\/\">\u015aladami le\u015bnych tajemnic \u2013 1 lutego 2023<\/a><\/li>\n<\/ul>                <button class=\"eael-advanced-menu-toggle\" aria-label=\"Essential Addons Toggle Menu\">\n                    <i aria-hidden=\"true\" class=\"fas fa-bars\"><\/i>                <\/button>\n            <\/div>\n            \t\t\t\t<\/div>\n\t\t\t\t<\/div>\n\t\t\t\t\t<\/div>\n\t\t<\/div>\n\t\t\t\t\t<\/div>\n\t\t<\/section>\n\t\t\t\t<\/div>\n\t\t","protected":false},"excerpt":{"rendered":"<p>POWR\u00d3T Galeria 2023<\/p>\n","protected":false},"author":1,"featured_media":0,"parent":165,"menu_order":0,"comment_status":"closed","ping_status":"closed","template":"elementor_header_footer","meta":{"footnotes":""},"class_list":["post-30265","page","type-page","status-publish","hentry"],"_links":{"self":[{"href":"https:\/\/bpicakmiedzychod.pl\/index.php\/wp-json\/wp\/v2\/pages\/30265","targetHints":{"allow":["GET"]}}],"collection":[{"href":"https:\/\/bpicakmiedzychod.pl\/index.php\/wp-json\/wp\/v2\/pages"}],"about":[{"href":"https:\/\/bpicakmiedzychod.pl\/index.php\/wp-json\/wp\/v2\/types\/page"}],"author":[{"embeddable":true,"href":"https:\/\/bpicakmiedzychod.pl\/index.php\/wp-json\/wp\/v2\/users\/1"}],"replies":[{"embeddable":true,"href":"https:\/\/bpicakmiedzychod.pl\/index.php\/wp-json\/wp\/v2\/comments?post=30265"}],"version-history":[{"count":5,"href":"https:\/\/bpicakmiedzychod.pl\/index.php\/wp-json\/wp\/v2\/pages\/30265\/revisions"}],"predecessor-version":[{"id":30271,"href":"https:\/\/bpicakmiedzychod.pl\/index.php\/wp-json\/wp\/v2\/pages\/30265\/revisions\/30271"}],"up":[{"embeddable":true,"href":"https:\/\/bpicakmiedzychod.pl\/index.php\/wp-json\/wp\/v2\/pages\/165"}],"wp:attachment":[{"href":"https:\/\/bpicakmiedzychod.pl\/index.php\/wp-json\/wp\/v2\/media?parent=30265"}],"curies":[{"name":"wp","href":"https:\/\/api.w.org\/{rel}","templated":true}]}}