{"id":41488,"date":"2024-01-15T09:50:05","date_gmt":"2024-01-15T09:50:05","guid":{"rendered":"https:\/\/bpicakmiedzychod.pl\/?page_id=41488"},"modified":"2024-01-15T10:18:54","modified_gmt":"2024-01-15T10:18:54","slug":"2024-2","status":"publish","type":"page","link":"https:\/\/bpicakmiedzychod.pl\/index.php\/biblioteka-publiczna\/galeria\/2024-2\/","title":{"rendered":"2024"},"content":{"rendered":"\t\t<div data-elementor-type=\"wp-page\" data-elementor-id=\"41488\" class=\"elementor elementor-41488\" data-elementor-post-type=\"page\">\n\t\t\t\t\t\t<section data-particle_enable=\"false\" data-particle-mobile-disabled=\"false\" class=\"elementor-section elementor-top-section elementor-element elementor-element-ddb0598 elementor-section-full_width elementor-section-height-default elementor-section-height-default\" data-id=\"ddb0598\" data-element_type=\"section\" data-settings=\"{&quot;background_background&quot;:&quot;classic&quot;}\">\n\t\t\t\t\t\t<div class=\"elementor-container elementor-column-gap-wider\">\n\t\t\t\t\t<div class=\"elementor-column elementor-col-50 elementor-top-column elementor-element elementor-element-e0b0a58\" data-id=\"e0b0a58\" data-element_type=\"column\" data-settings=\"{&quot;background_background&quot;:&quot;classic&quot;}\">\n\t\t\t<div class=\"elementor-widget-wrap elementor-element-populated\">\n\t\t\t\t\t<div class=\"elementor-background-overlay\"><\/div>\n\t\t\t\t\t\t<div class=\"elementor-element elementor-element-be53030 elementor-widget elementor-widget-eael-creative-button\" data-id=\"be53030\" data-element_type=\"widget\" data-widget_type=\"eael-creative-button.default\">\n\t\t\t\t<div class=\"elementor-widget-container\">\n\t\t\t\t\t        <div class=\"eael-creative-button-wrapper\">\n\n            <a class=\"eael-creative-button eael-creative-button--wave\" href=\"https:\/\/bpicakmiedzychod.pl\/index.php\/biblioteka-publiczna\/galeria\/\" data-text=\"Sprawd\u017a\">\n            \t    \n                <div class=\"creative-button-inner\">\n\n                                            <span class=\"eael-creative-button-icon-left\"><\/span>                    \n                    <span class=\"cretive-button-text\">POWR\u00d3T<\/span>\n\n                                    <\/div>\n\t                        <\/a>\n        <\/div>\n        \t\t\t\t<\/div>\n\t\t\t\t<\/div>\n\t\t\t\t\t<\/div>\n\t\t<\/div>\n\t\t\t\t<div class=\"elementor-column elementor-col-50 elementor-top-column elementor-element elementor-element-60d3be7\" data-id=\"60d3be7\" data-element_type=\"column\" data-settings=\"{&quot;background_background&quot;:&quot;classic&quot;}\">\n\t\t\t<div class=\"elementor-widget-wrap elementor-element-populated\">\n\t\t\t\t\t\t<div class=\"elementor-element elementor-element-774d7b5 elementor-widget-divider--view-line elementor-widget elementor-widget-divider\" data-id=\"774d7b5\" data-element_type=\"widget\" data-widget_type=\"divider.default\">\n\t\t\t\t<div class=\"elementor-widget-container\">\n\t\t\t\t\t\t\t<div class=\"elementor-divider\">\n\t\t\t<span class=\"elementor-divider-separator\">\n\t\t\t\t\t\t<\/span>\n\t\t<\/div>\n\t\t\t\t\t\t<\/div>\n\t\t\t\t<\/div>\n\t\t\t\t<div class=\"elementor-element elementor-element-1a68801 elementor-widget elementor-widget-heading\" data-id=\"1a68801\" data-element_type=\"widget\" data-widget_type=\"heading.default\">\n\t\t\t\t<div class=\"elementor-widget-container\">\n\t\t\t\t\t<h2 class=\"elementor-heading-title elementor-size-default\">Galeria 2024<\/h2>\t\t\t\t<\/div>\n\t\t\t\t<\/div>\n\t\t\t\t<div class=\"elementor-element elementor-element-c82fcd4 elementor-widget elementor-widget-html\" data-id=\"c82fcd4\" data-element_type=\"widget\" data-widget_type=\"html.default\">\n\t\t\t\t<div class=\"elementor-widget-container\">\n\t\t\t\t\t<style>\n\n@media screen and (max-width: 1000px) {\nbody{margin-left:0px;}\n}\n\n@media screen and (min-width: 1000px) {\nbody{margin-left:60px;}\n}\n\n\n\n<\/style>\t\t\t\t<\/div>\n\t\t\t\t<\/div>\n\t\t\t\t\t<\/div>\n\t\t<\/div>\n\t\t\t\t\t<\/div>\n\t\t<\/section>\n\t\t\t\t<section data-particle_enable=\"false\" data-particle-mobile-disabled=\"false\" class=\"elementor-section elementor-top-section elementor-element elementor-element-8d608ea elementor-section-full_width elementor-section-height-default elementor-section-height-default\" data-id=\"8d608ea\" data-element_type=\"section\" data-settings=\"{&quot;background_background&quot;:&quot;classic&quot;}\">\n\t\t\t\t\t\t<div class=\"elementor-container elementor-column-gap-no\">\n\t\t\t\t\t<div class=\"elementor-column elementor-col-100 elementor-top-column elementor-element elementor-element-c1e8e2b\" data-id=\"c1e8e2b\" data-element_type=\"column\">\n\t\t\t<div class=\"elementor-widget-wrap elementor-element-populated\">\n\t\t\t\t\t\t<div class=\"elementor-element elementor-element-1584c2b eael_advanced_menu_hamburger_disable_selected_menu_no eael-advanced-menu-hamburger-align-right eael-advanced-menu--no eael-hamburger--tablet elementor-widget elementor-widget-eael-advanced-menu\" data-id=\"1584c2b\" data-element_type=\"widget\" data-widget_type=\"eael-advanced-menu.skin-seven\">\n\t\t\t\t<div class=\"elementor-widget-container\">\n\t\t\t\t\t<style>\n                        @media screen and (max-width: 1024px) {\n                            .eael-hamburger--tablet {\n                                .eael-advanced-menu-horizontal,\n                                .eael-advanced-menu-vertical {\n                                    display: none;\n                                }\n                            }\n                            .eael-hamburger--tablet {\n                                .eael-advanced-menu-container .eael-advanced-menu-toggle {\n                                    display: block;\n                                }\n                            }\n                        }\n                    <\/style>            <div data-hamburger-icon=\"&lt;i aria-hidden=&quot;true&quot; class=&quot;fas fa-bars&quot;&gt;&lt;\/i&gt;\" data-indicator-class=\"&lt;i aria-hidden=&quot;true&quot; class=&quot;fas fa-angle-down&quot;&gt;&lt;\/i&gt;\" data-dropdown-indicator-class=\"&lt;i aria-hidden=&quot;true&quot; class=&quot;fas fa-angle-down&quot;&gt;&lt;\/i&gt;\" class=\"eael-advanced-menu-container eael-advanced-menu-align-center eael-advanced-menu-dropdown-align-left\" data-hamburger-breakpoints=\"{&quot;mobile&quot;:&quot;Mobilny pionowy (&gt; 767px)&quot;,&quot;tablet&quot;:&quot;Pionowy tablet (&gt; 1024px)&quot;,&quot;desktop&quot;:&quot;Desktop (&gt; 2400px)&quot;,&quot;none&quot;:&quot;None&quot;}\" data-hamburger-device=\"tablet\">\n                <ul id=\"menu-2024-biblioteka\" class=\"eael-advanced-menu eael-advanced-menu-dropdown-animate-to-top eael-advanced-menu-indicator eael-advanced-menu-vertical\"><li id=\"menu-item-51001\" class=\"menu-item menu-item-type-post_type menu-item-object-post menu-item-51001\"><a href=\"https:\/\/bpicakmiedzychod.pl\/index.php\/2025\/03\/05\/biblioteczna-sesja-swiateczna-20-grudnia-2024-r\/\">Biblioteczna sesja \u015bwi\u0105teczna \u2013 20 grudnia 2024 r.<\/a><\/li>\n<li id=\"menu-item-50971\" class=\"menu-item menu-item-type-post_type menu-item-object-post menu-item-50971\"><a href=\"https:\/\/bpicakmiedzychod.pl\/index.php\/2025\/03\/05\/spotkanie-swiateczne-z-podopiecznymi-specjalnego-osrodka-szkolno-wychowawczego-w-miedzychodzie-17-grudnia-2025-r\/\">Spotkanie \u015bwi\u0105teczne z podopiecznymi Specjalnego O\u015brodka Szkolno-Wychowawczego w Mi\u0119dzychodzie \u2013 17 grudnia 2025 r.<\/a><\/li>\n<li id=\"menu-item-50956\" class=\"menu-item menu-item-type-post_type menu-item-object-post menu-item-50956\"><a href=\"https:\/\/bpicakmiedzychod.pl\/index.php\/2025\/03\/04\/spotkanie-autorskie-z-katarzyna-sztuba-frackowiak-6-grudnia-2024-r\/\">Spotkanie autorskie z Katarzyn\u0105 Sztub\u0105-Fr\u0105ckowiak \u2013 6 grudnia 2024 r.<\/a><\/li>\n<li id=\"menu-item-50906\" class=\"menu-item menu-item-type-post_type menu-item-object-post menu-item-50906\"><a href=\"https:\/\/bpicakmiedzychod.pl\/index.php\/2025\/03\/04\/spotkania-autorskie-z-jaroslawem-szalata-24-listopada-2024-r\/\">Spotkania autorskie z Jaros\u0142awem Sza\u0142at\u0105 \u2013 24 listopada 2024 r.<\/a><\/li>\n<li id=\"menu-item-50934\" class=\"menu-item menu-item-type-post_type menu-item-object-post menu-item-50934\"><a href=\"https:\/\/bpicakmiedzychod.pl\/index.php\/2025\/03\/04\/biblioteka-na-viii-wielkim-smazeniu-powidel-w-mniszkach-wrzesnia-2024-r\/\">Biblioteka na VIII Wielkim Sma\u017ceniu Powide\u0142 w Mniszkach \u2013 wrze\u015bnia 2024 r.<\/a><\/li>\n<li id=\"menu-item-50924\" class=\"menu-item menu-item-type-post_type menu-item-object-post menu-item-50924\"><a href=\"https:\/\/bpicakmiedzychod.pl\/index.php\/2025\/03\/04\/piknik-z-animacjami-spotkanie-autorskie-z-magdalena-ludwiczak-23-sierpnia-2024-r\/\">Piknik z animacjami \u2013 spotkanie autorskie z Magdalen\u0105 Ludwiczak \u2013 23 sierpnia 2024 r.<\/a><\/li>\n<li id=\"menu-item-50890\" class=\"menu-item menu-item-type-post_type menu-item-object-post menu-item-50890\"><a href=\"https:\/\/bpicakmiedzychod.pl\/index.php\/2025\/03\/04\/piknik-z-animacjami-22-lipca-2024-r\/\">Piknik z animacjami \u2013 22 lipca 2024 r.<\/a><\/li>\n<li id=\"menu-item-50877\" class=\"menu-item menu-item-type-post_type menu-item-object-post menu-item-50877\"><a href=\"https:\/\/bpicakmiedzychod.pl\/index.php\/2025\/03\/04\/siedem-gruszek-janockiego-zabawa-terenowa-12-lipca-2024-r\/\">Siedem gruszek Janockiego \u2013 zabawa terenowa 12 lipca 2024 r<\/a><\/li>\n<li id=\"menu-item-50862\" class=\"menu-item menu-item-type-post_type menu-item-object-post menu-item-50862\"><a href=\"https:\/\/bpicakmiedzychod.pl\/index.php\/2025\/03\/04\/warsztaty-malowania-kamieni-9-lipca-2025-r\/\">Warsztaty malowania kamieni \u2013 9 lipca 2025 r.<\/a><\/li>\n<li id=\"menu-item-46685\" class=\"menu-item menu-item-type-post_type menu-item-object-page menu-item-46685\"><a href=\"https:\/\/bpicakmiedzychod.pl\/index.php\/biblioteka-publiczna\/galeria\/2024-2\/na-spokojnie-warsztaty-o-samotnosci-19-czerwca-2024\/\">NA SPOKOJNIE | warsztaty o samotno\u015bci \u2013 19 czerwca 2024<\/a><\/li>\n<li id=\"menu-item-46686\" class=\"menu-item menu-item-type-post_type menu-item-object-page menu-item-46686\"><a href=\"https:\/\/bpicakmiedzychod.pl\/index.php\/biblioteka-publiczna\/galeria\/2024-2\/swiatowy-dzien-dziergania-w-miejscach-publicznych\/\">\u015awiatowy Dzie\u0144 Dziergania w Miejscach Publicznych \u2013 8 czerwca 2024<\/a><\/li>\n<li id=\"menu-item-45561\" class=\"menu-item menu-item-type-post_type menu-item-object-page menu-item-45561\"><a href=\"https:\/\/bpicakmiedzychod.pl\/index.php\/tydzien-bibliotek-spotkanie-z-januszem-l-wisniewskim-dorosli-i-mlodziez-17-maja-2024\/\">TYDZIE\u0143 BIBLIOTEK | Spotkanie z Januszem L. Wi\u015bniewskim \u2013 doro\u015bli i m\u0142odzie\u017c \u2013 17 maja 2024<\/a><\/li>\n<li id=\"menu-item-45562\" class=\"menu-item menu-item-type-post_type menu-item-object-page menu-item-45562\"><a href=\"https:\/\/bpicakmiedzychod.pl\/index.php\/tydzien-bibliotek-spotkanie-z-januszem-l-wisniewskim-dzieci-17-maja-2024\/\">TYDZIE\u0143 BIBLIOTEK | Spotkanie z Januszem L. Wi\u015bniewskim \u2013 dzieci \u2013 17 maja 2024<\/a><\/li>\n<li id=\"menu-item-45563\" class=\"menu-item menu-item-type-post_type menu-item-object-page menu-item-45563\"><a href=\"https:\/\/bpicakmiedzychod.pl\/index.php\/tydzien-bibliotek-spotkanie-z-kicia-kocia-15-maja-2024\/\">TYDZIE\u0143 BIBLIOTEK | Spotkanie z Kici\u0105 Koci\u0105 \u2013 15 maja 2024<\/a><\/li>\n<li id=\"menu-item-45564\" class=\"menu-item menu-item-type-post_type menu-item-object-page menu-item-45564\"><a href=\"https:\/\/bpicakmiedzychod.pl\/index.php\/tydzien-bibliotek-odjazdowy-bibliotekarz-11-maja-2024\/\">TYDZIE\u0143 BIBLIOTEK | Odjazdowy Bibliotekarz \u2013 11 maja 2024<\/a><\/li>\n<li id=\"menu-item-45565\" class=\"menu-item menu-item-type-post_type menu-item-object-page menu-item-45565\"><a href=\"https:\/\/bpicakmiedzychod.pl\/index.php\/klub-czytajacych-rodzin-pustynie-20-kwietnia-2024\/\">Klub Czytaj\u0105cych Rodzin \u2013 Pustynie \u2013 20 kwietnia 2024<\/a><\/li>\n<li id=\"menu-item-45567\" class=\"menu-item menu-item-type-post_type menu-item-object-page menu-item-45567\"><a href=\"https:\/\/bpicakmiedzychod.pl\/index.php\/final-iii-powiatowego-konkursu-pieknego-czytania-27-marca-2024\/\">Fina\u0142 III Powiatowego Konkursu Pi\u0119knego Czytania \u2013 27 marca 2024<\/a><\/li>\n<li id=\"menu-item-45566\" class=\"menu-item menu-item-type-post_type menu-item-object-page menu-item-45566\"><a href=\"https:\/\/bpicakmiedzychod.pl\/index.php\/biblioteczna-fotosesja-jednorozce\/\">Biblioteczna fotosesja \u2013 jednoro\u017cce<\/a><\/li>\n<li id=\"menu-item-45568\" class=\"menu-item menu-item-type-post_type menu-item-object-page menu-item-45568\"><a href=\"https:\/\/bpicakmiedzychod.pl\/index.php\/klub-czytajacych-rodzin-wielkanoc-23-marca-2024\/\">Klub Czytaj\u0105cych Rodzin \u2013 Wielkanoc \u2013 23 marca 2024<\/a><\/li>\n<li id=\"menu-item-43680\" class=\"menu-item menu-item-type-post_type menu-item-object-page menu-item-43680\"><a href=\"https:\/\/bpicakmiedzychod.pl\/index.php\/iii-powiatowy-konkurs-pieknego-czytania-20-marca-2024\/\">III Powiatowy Konkurs Pi\u0119knego Czytania \u2013 20 marca 2024<\/a><\/li>\n<li id=\"menu-item-43622\" class=\"menu-item menu-item-type-post_type menu-item-object-page menu-item-43622\"><a href=\"https:\/\/bpicakmiedzychod.pl\/index.php\/ferie-filia-lowyn-akademia-pana-kleksa-kleksografia-23-lutego-2024\/\">FERIE Filia \u0141owy\u0144 \u2013 Akademia Pana Kleksa \u2013 Kleksografia \u2013 23 lutego 2024<\/a><\/li>\n<li id=\"menu-item-43623\" class=\"menu-item menu-item-type-post_type menu-item-object-page menu-item-43623\"><a href=\"https:\/\/bpicakmiedzychod.pl\/index.php\/ferie-filia-kamionna-warsztaty-malarskie-14-lutego-2024\/\">FERIE \u2013 Kaligrafia w praktyce \u2013 21 lutego 2024<\/a><\/li>\n<li id=\"menu-item-43624\" class=\"menu-item menu-item-type-post_type menu-item-object-page menu-item-43624\"><a href=\"https:\/\/bpicakmiedzychod.pl\/index.php\/ferie-badz-moja-walentynka-14-lutego-2024\/\">FERIE \u2013 B\u0105d\u017a moj\u0105 walentynk\u0105 \u2013 14 lutego 2024<\/a><\/li>\n<li id=\"menu-item-43508\" class=\"menu-item menu-item-type-post_type menu-item-object-page menu-item-43508\"><a href=\"https:\/\/bpicakmiedzychod.pl\/index.php\/centrum-animacji-kultury\/galeria\/2024-2\/ferie-tancowala-igla-z-nitka-13-lutego-2024\/\">FERIE \u2013 Ta\u0144cowa\u0142a ig\u0142a z nitk\u0105 \u2013 13 lutego 2024<\/a><\/li>\n<li id=\"menu-item-42697\" class=\"menu-item menu-item-type-post_type menu-item-object-page menu-item-42697\"><a href=\"https:\/\/bpicakmiedzychod.pl\/index.php\/klub-czytajacych-rodzin-mineraly-10-lutego-2024\/\">Klub Czytaj\u0105cych Rodzin \u2013 Minera\u0142y \u2013 10 lutego 2024<\/a><\/li>\n<li id=\"menu-item-41747\" class=\"menu-item menu-item-type-post_type menu-item-object-page menu-item-41747\"><a href=\"https:\/\/bpicakmiedzychod.pl\/index.php\/biblioteka-publiczna\/galeria\/2024-2\/klub-czytajacych-rodzin-maski-w-zyciu-i-w-literaturze-13-stycznia-2024\/\">Klub Czytaj\u0105cych Rodzin \u2013 Maski w \u017cyciu i w literaturze \u2013 13 stycznia 2024<\/a><\/li>\n<\/ul>                <button class=\"eael-advanced-menu-toggle\" aria-label=\"Essential Addons Toggle Menu\">\n                    <i aria-hidden=\"true\" class=\"fas fa-bars\"><\/i>                <\/button>\n            <\/div>\n            \t\t\t\t<\/div>\n\t\t\t\t<\/div>\n\t\t\t\t\t<\/div>\n\t\t<\/div>\n\t\t\t\t\t<\/div>\n\t\t<\/section>\n\t\t\t\t<\/div>\n\t\t","protected":false},"excerpt":{"rendered":"<p>POWR\u00d3T Galeria 2024<\/p>\n","protected":false},"author":1,"featured_media":0,"parent":165,"menu_order":0,"comment_status":"closed","ping_status":"closed","template":"elementor_header_footer","meta":{"footnotes":""},"class_list":["post-41488","page","type-page","status-publish","hentry"],"_links":{"self":[{"href":"https:\/\/bpicakmiedzychod.pl\/index.php\/wp-json\/wp\/v2\/pages\/41488","targetHints":{"allow":["GET"]}}],"collection":[{"href":"https:\/\/bpicakmiedzychod.pl\/index.php\/wp-json\/wp\/v2\/pages"}],"about":[{"href":"https:\/\/bpicakmiedzychod.pl\/index.php\/wp-json\/wp\/v2\/types\/page"}],"author":[{"embeddable":true,"href":"https:\/\/bpicakmiedzychod.pl\/index.php\/wp-json\/wp\/v2\/users\/1"}],"replies":[{"embeddable":true,"href":"https:\/\/bpicakmiedzychod.pl\/index.php\/wp-json\/wp\/v2\/comments?post=41488"}],"version-history":[{"count":10,"href":"https:\/\/bpicakmiedzychod.pl\/index.php\/wp-json\/wp\/v2\/pages\/41488\/revisions"}],"predecessor-version":[{"id":41522,"href":"https:\/\/bpicakmiedzychod.pl\/index.php\/wp-json\/wp\/v2\/pages\/41488\/revisions\/41522"}],"up":[{"embeddable":true,"href":"https:\/\/bpicakmiedzychod.pl\/index.php\/wp-json\/wp\/v2\/pages\/165"}],"wp:attachment":[{"href":"https:\/\/bpicakmiedzychod.pl\/index.php\/wp-json\/wp\/v2\/media?parent=41488"}],"curies":[{"name":"wp","href":"https:\/\/api.w.org\/{rel}","templated":true}]}}