{"id":4415,"date":"2021-07-07T13:09:50","date_gmt":"2021-07-07T13:09:50","guid":{"rendered":"https:\/\/bpicakmiedzychod.pl\/?page_id=4415"},"modified":"2021-07-07T13:13:31","modified_gmt":"2021-07-07T13:13:31","slug":"ii-powiatowe-koledowanie-na-chor-i-orkiestre-6-stycznia-2017","status":"publish","type":"page","link":"https:\/\/bpicakmiedzychod.pl\/index.php\/centrum-animacji-kultury\/galeria\/2017-2\/ii-powiatowe-koledowanie-na-chor-i-orkiestre-6-stycznia-2017\/","title":{"rendered":"II Powiatowe Kol\u0119dowanie na Ch\u00f3r i Orkiestr\u0119 &#8211; 6 stycznia 2017."},"content":{"rendered":"\t\t<div data-elementor-type=\"wp-page\" data-elementor-id=\"4415\" class=\"elementor elementor-4415\" data-elementor-post-type=\"page\">\n\t\t\t\t\t\t<section data-particle_enable=\"false\" data-particle-mobile-disabled=\"false\" class=\"elementor-section elementor-top-section elementor-element elementor-element-408e65a elementor-section-boxed elementor-section-height-default elementor-section-height-default\" data-id=\"408e65a\" data-element_type=\"section\">\n\t\t\t\t\t\t<div class=\"elementor-container elementor-column-gap-default\">\n\t\t\t\t\t<div class=\"elementor-column elementor-col-100 elementor-top-column elementor-element elementor-element-069d174\" data-id=\"069d174\" data-element_type=\"column\">\n\t\t\t<div class=\"elementor-widget-wrap elementor-element-populated\">\n\t\t\t\t\t\t\t<\/div>\n\t\t<\/div>\n\t\t\t\t\t<\/div>\n\t\t<\/section>\n\t\t\t\t<section data-particle_enable=\"false\" data-particle-mobile-disabled=\"false\" class=\"elementor-section elementor-top-section elementor-element elementor-element-bbc3b4d elementor-section-full_width elementor-section-height-default elementor-section-height-default\" data-id=\"bbc3b4d\" data-element_type=\"section\">\n\t\t\t\t\t\t<div class=\"elementor-container elementor-column-gap-default\">\n\t\t\t\t\t<div class=\"elementor-column elementor-col-100 elementor-top-column elementor-element elementor-element-4a2f9a6\" data-id=\"4a2f9a6\" data-element_type=\"column\">\n\t\t\t<div class=\"elementor-widget-wrap elementor-element-populated\">\n\t\t\t\t\t\t<div class=\"elementor-element elementor-element-f8f5fe1 elementor-widget elementor-widget-eael-creative-button\" data-id=\"f8f5fe1\" data-element_type=\"widget\" data-widget_type=\"eael-creative-button.default\">\n\t\t\t\t<div class=\"elementor-widget-container\">\n\t\t\t\t\t        <div class=\"eael-creative-button-wrapper\">\n\n            <a class=\"eael-creative-button eael-creative-button--winona\" href=\"https:\/\/bpicakmiedzychod.pl\/index.php\/centrum-animacji-kultury\/galeria\/2017-2\/\" data-text=\"Kliknij\">\n            \t    \n                <div class=\"creative-button-inner\">\n\n                                            <span class=\"eael-creative-button-icon-left\"><\/span>                    \n                    <span class=\"cretive-button-text\">Powr\u00f3t do listy galerii<\/span>\n\n                                    <\/div>\n\t                        <\/a>\n        <\/div>\n        \t\t\t\t<\/div>\n\t\t\t\t<\/div>\n\t\t\t\t<div class=\"elementor-element elementor-element-d5b020c elementor-widget elementor-widget-gallery\" data-id=\"d5b020c\" data-element_type=\"widget\" data-settings=\"{&quot;gallery_layout&quot;:&quot;masonry&quot;,&quot;columns&quot;:4,&quot;columns_tablet&quot;:2,&quot;columns_mobile&quot;:1,&quot;gap&quot;:{&quot;unit&quot;:&quot;px&quot;,&quot;size&quot;:10,&quot;sizes&quot;:[]},&quot;gap_tablet&quot;:{&quot;unit&quot;:&quot;px&quot;,&quot;size&quot;:10,&quot;sizes&quot;:[]},&quot;gap_mobile&quot;:{&quot;unit&quot;:&quot;px&quot;,&quot;size&quot;:10,&quot;sizes&quot;:[]},&quot;link_to&quot;:&quot;file&quot;,&quot;overlay_background&quot;:&quot;yes&quot;,&quot;content_hover_animation&quot;:&quot;fade-in&quot;}\" data-widget_type=\"gallery.default\">\n\t\t\t\t<div class=\"elementor-widget-container\">\n\t\t\t\t\t\t\t<div class=\"elementor-gallery__container\">\n\t\t\t\t\t\t\t<a class=\"e-gallery-item elementor-gallery-item elementor-animated-content\" href=\"https:\/\/bpicakmiedzychod.pl\/wp-content\/uploads\/2021\/07\/1-35.jpg\" data-elementor-open-lightbox=\"yes\" data-elementor-lightbox-slideshow=\"d5b020c\" data-elementor-lightbox-title=\"1\" data-e-action-hash=\"#elementor-action%3Aaction%3Dlightbox%26settings%3DeyJpZCI6NDQxNywidXJsIjoiaHR0cHM6XC9cL2JwaWNha21pZWR6eWNob2QucGxcL3dwLWNvbnRlbnRcL3VwbG9hZHNcLzIwMjFcLzA3XC8xLTM1LmpwZyIsInNsaWRlc2hvdyI6ImQ1YjAyMGMifQ%3D%3D\">\n\t\t\t\t\t<div class=\"e-gallery-image elementor-gallery-item__image\" data-thumbnail=\"https:\/\/bpicakmiedzychod.pl\/wp-content\/uploads\/2021\/07\/1-35.jpg\" data-width=\"700\" data-height=\"467\" aria-label=\"\" role=\"img\" ><\/div>\n\t\t\t\t\t\t\t\t\t\t\t<div class=\"elementor-gallery-item__overlay\"><\/div>\n\t\t\t\t\t\t\t\t\t\t\t\t\t\t<\/a>\n\t\t\t\t\t\t\t<a class=\"e-gallery-item elementor-gallery-item elementor-animated-content\" href=\"https:\/\/bpicakmiedzychod.pl\/wp-content\/uploads\/2021\/07\/2-35.jpg\" data-elementor-open-lightbox=\"yes\" data-elementor-lightbox-slideshow=\"d5b020c\" data-elementor-lightbox-title=\"2\" data-e-action-hash=\"#elementor-action%3Aaction%3Dlightbox%26settings%3DeyJpZCI6NDQxOCwidXJsIjoiaHR0cHM6XC9cL2JwaWNha21pZWR6eWNob2QucGxcL3dwLWNvbnRlbnRcL3VwbG9hZHNcLzIwMjFcLzA3XC8yLTM1LmpwZyIsInNsaWRlc2hvdyI6ImQ1YjAyMGMifQ%3D%3D\">\n\t\t\t\t\t<div class=\"e-gallery-image elementor-gallery-item__image\" data-thumbnail=\"https:\/\/bpicakmiedzychod.pl\/wp-content\/uploads\/2021\/07\/2-35.jpg\" data-width=\"700\" data-height=\"467\" aria-label=\"\" role=\"img\" ><\/div>\n\t\t\t\t\t\t\t\t\t\t\t<div class=\"elementor-gallery-item__overlay\"><\/div>\n\t\t\t\t\t\t\t\t\t\t\t\t\t\t<\/a>\n\t\t\t\t\t\t\t<a class=\"e-gallery-item elementor-gallery-item elementor-animated-content\" href=\"https:\/\/bpicakmiedzychod.pl\/wp-content\/uploads\/2021\/07\/3-35.jpg\" data-elementor-open-lightbox=\"yes\" data-elementor-lightbox-slideshow=\"d5b020c\" data-elementor-lightbox-title=\"3\" data-e-action-hash=\"#elementor-action%3Aaction%3Dlightbox%26settings%3DeyJpZCI6NDQxOSwidXJsIjoiaHR0cHM6XC9cL2JwaWNha21pZWR6eWNob2QucGxcL3dwLWNvbnRlbnRcL3VwbG9hZHNcLzIwMjFcLzA3XC8zLTM1LmpwZyIsInNsaWRlc2hvdyI6ImQ1YjAyMGMifQ%3D%3D\">\n\t\t\t\t\t<div class=\"e-gallery-image elementor-gallery-item__image\" data-thumbnail=\"https:\/\/bpicakmiedzychod.pl\/wp-content\/uploads\/2021\/07\/3-35.jpg\" data-width=\"700\" data-height=\"467\" aria-label=\"\" role=\"img\" ><\/div>\n\t\t\t\t\t\t\t\t\t\t\t<div class=\"elementor-gallery-item__overlay\"><\/div>\n\t\t\t\t\t\t\t\t\t\t\t\t\t\t<\/a>\n\t\t\t\t\t\t\t<a class=\"e-gallery-item elementor-gallery-item elementor-animated-content\" href=\"https:\/\/bpicakmiedzychod.pl\/wp-content\/uploads\/2021\/07\/4-35.jpg\" data-elementor-open-lightbox=\"yes\" data-elementor-lightbox-slideshow=\"d5b020c\" data-elementor-lightbox-title=\"4\" data-e-action-hash=\"#elementor-action%3Aaction%3Dlightbox%26settings%3DeyJpZCI6NDQyMCwidXJsIjoiaHR0cHM6XC9cL2JwaWNha21pZWR6eWNob2QucGxcL3dwLWNvbnRlbnRcL3VwbG9hZHNcLzIwMjFcLzA3XC80LTM1LmpwZyIsInNsaWRlc2hvdyI6ImQ1YjAyMGMifQ%3D%3D\">\n\t\t\t\t\t<div class=\"e-gallery-image elementor-gallery-item__image\" data-thumbnail=\"https:\/\/bpicakmiedzychod.pl\/wp-content\/uploads\/2021\/07\/4-35.jpg\" data-width=\"700\" data-height=\"467\" aria-label=\"\" role=\"img\" ><\/div>\n\t\t\t\t\t\t\t\t\t\t\t<div class=\"elementor-gallery-item__overlay\"><\/div>\n\t\t\t\t\t\t\t\t\t\t\t\t\t\t<\/a>\n\t\t\t\t\t\t\t<a class=\"e-gallery-item elementor-gallery-item elementor-animated-content\" href=\"https:\/\/bpicakmiedzychod.pl\/wp-content\/uploads\/2021\/07\/6-34.jpg\" data-elementor-open-lightbox=\"yes\" data-elementor-lightbox-slideshow=\"d5b020c\" data-elementor-lightbox-title=\"6\" data-e-action-hash=\"#elementor-action%3Aaction%3Dlightbox%26settings%3DeyJpZCI6NDQyMiwidXJsIjoiaHR0cHM6XC9cL2JwaWNha21pZWR6eWNob2QucGxcL3dwLWNvbnRlbnRcL3VwbG9hZHNcLzIwMjFcLzA3XC82LTM0LmpwZyIsInNsaWRlc2hvdyI6ImQ1YjAyMGMifQ%3D%3D\">\n\t\t\t\t\t<div class=\"e-gallery-image elementor-gallery-item__image\" data-thumbnail=\"https:\/\/bpicakmiedzychod.pl\/wp-content\/uploads\/2021\/07\/6-34.jpg\" data-width=\"700\" data-height=\"467\" aria-label=\"\" role=\"img\" ><\/div>\n\t\t\t\t\t\t\t\t\t\t\t<div class=\"elementor-gallery-item__overlay\"><\/div>\n\t\t\t\t\t\t\t\t\t\t\t\t\t\t<\/a>\n\t\t\t\t\t\t\t<a class=\"e-gallery-item elementor-gallery-item elementor-animated-content\" href=\"https:\/\/bpicakmiedzychod.pl\/wp-content\/uploads\/2021\/07\/7-32.jpg\" data-elementor-open-lightbox=\"yes\" data-elementor-lightbox-slideshow=\"d5b020c\" data-elementor-lightbox-title=\"7\" data-e-action-hash=\"#elementor-action%3Aaction%3Dlightbox%26settings%3DeyJpZCI6NDQyMywidXJsIjoiaHR0cHM6XC9cL2JwaWNha21pZWR6eWNob2QucGxcL3dwLWNvbnRlbnRcL3VwbG9hZHNcLzIwMjFcLzA3XC83LTMyLmpwZyIsInNsaWRlc2hvdyI6ImQ1YjAyMGMifQ%3D%3D\">\n\t\t\t\t\t<div class=\"e-gallery-image elementor-gallery-item__image\" data-thumbnail=\"https:\/\/bpicakmiedzychod.pl\/wp-content\/uploads\/2021\/07\/7-32.jpg\" data-width=\"700\" data-height=\"467\" aria-label=\"\" role=\"img\" ><\/div>\n\t\t\t\t\t\t\t\t\t\t\t<div class=\"elementor-gallery-item__overlay\"><\/div>\n\t\t\t\t\t\t\t\t\t\t\t\t\t\t<\/a>\n\t\t\t\t\t\t\t<a class=\"e-gallery-item elementor-gallery-item elementor-animated-content\" href=\"https:\/\/bpicakmiedzychod.pl\/wp-content\/uploads\/2021\/07\/8-31.jpg\" data-elementor-open-lightbox=\"yes\" data-elementor-lightbox-slideshow=\"d5b020c\" data-elementor-lightbox-title=\"8\" data-e-action-hash=\"#elementor-action%3Aaction%3Dlightbox%26settings%3DeyJpZCI6NDQyNCwidXJsIjoiaHR0cHM6XC9cL2JwaWNha21pZWR6eWNob2QucGxcL3dwLWNvbnRlbnRcL3VwbG9hZHNcLzIwMjFcLzA3XC84LTMxLmpwZyIsInNsaWRlc2hvdyI6ImQ1YjAyMGMifQ%3D%3D\">\n\t\t\t\t\t<div class=\"e-gallery-image elementor-gallery-item__image\" data-thumbnail=\"https:\/\/bpicakmiedzychod.pl\/wp-content\/uploads\/2021\/07\/8-31.jpg\" data-width=\"700\" data-height=\"467\" aria-label=\"\" role=\"img\" ><\/div>\n\t\t\t\t\t\t\t\t\t\t\t<div class=\"elementor-gallery-item__overlay\"><\/div>\n\t\t\t\t\t\t\t\t\t\t\t\t\t\t<\/a>\n\t\t\t\t\t\t\t<a class=\"e-gallery-item elementor-gallery-item elementor-animated-content\" href=\"https:\/\/bpicakmiedzychod.pl\/wp-content\/uploads\/2021\/07\/9-29.jpg\" data-elementor-open-lightbox=\"yes\" data-elementor-lightbox-slideshow=\"d5b020c\" data-elementor-lightbox-title=\"9\" data-e-action-hash=\"#elementor-action%3Aaction%3Dlightbox%26settings%3DeyJpZCI6NDQyNSwidXJsIjoiaHR0cHM6XC9cL2JwaWNha21pZWR6eWNob2QucGxcL3dwLWNvbnRlbnRcL3VwbG9hZHNcLzIwMjFcLzA3XC85LTI5LmpwZyIsInNsaWRlc2hvdyI6ImQ1YjAyMGMifQ%3D%3D\">\n\t\t\t\t\t<div class=\"e-gallery-image elementor-gallery-item__image\" data-thumbnail=\"https:\/\/bpicakmiedzychod.pl\/wp-content\/uploads\/2021\/07\/9-29.jpg\" data-width=\"700\" data-height=\"467\" aria-label=\"\" role=\"img\" ><\/div>\n\t\t\t\t\t\t\t\t\t\t\t<div class=\"elementor-gallery-item__overlay\"><\/div>\n\t\t\t\t\t\t\t\t\t\t\t\t\t\t<\/a>\n\t\t\t\t\t\t\t<a class=\"e-gallery-item elementor-gallery-item elementor-animated-content\" href=\"https:\/\/bpicakmiedzychod.pl\/wp-content\/uploads\/2021\/07\/10-25.jpg\" data-elementor-open-lightbox=\"yes\" data-elementor-lightbox-slideshow=\"d5b020c\" data-elementor-lightbox-title=\"10\" data-e-action-hash=\"#elementor-action%3Aaction%3Dlightbox%26settings%3DeyJpZCI6NDQyNiwidXJsIjoiaHR0cHM6XC9cL2JwaWNha21pZWR6eWNob2QucGxcL3dwLWNvbnRlbnRcL3VwbG9hZHNcLzIwMjFcLzA3XC8xMC0yNS5qcGciLCJzbGlkZXNob3ciOiJkNWIwMjBjIn0%3D\">\n\t\t\t\t\t<div class=\"e-gallery-image elementor-gallery-item__image\" data-thumbnail=\"https:\/\/bpicakmiedzychod.pl\/wp-content\/uploads\/2021\/07\/10-25.jpg\" data-width=\"700\" data-height=\"467\" aria-label=\"\" role=\"img\" ><\/div>\n\t\t\t\t\t\t\t\t\t\t\t<div class=\"elementor-gallery-item__overlay\"><\/div>\n\t\t\t\t\t\t\t\t\t\t\t\t\t\t<\/a>\n\t\t\t\t\t<\/div>\n\t\t\t\t\t<\/div>\n\t\t\t\t<\/div>\n\t\t\t\t\t<\/div>\n\t\t<\/div>\n\t\t\t\t\t<\/div>\n\t\t<\/section>\n\t\t\t\t<\/div>\n\t\t","protected":false},"excerpt":{"rendered":"<p>Powr\u00f3t do listy galerii<\/p>\n","protected":false},"author":1,"featured_media":0,"parent":112,"menu_order":0,"comment_status":"closed","ping_status":"closed","template":"elementor_header_footer","meta":{"footnotes":""},"class_list":["post-4415","page","type-page","status-publish","hentry"],"_links":{"self":[{"href":"https:\/\/bpicakmiedzychod.pl\/index.php\/wp-json\/wp\/v2\/pages\/4415","targetHints":{"allow":["GET"]}}],"collection":[{"href":"https:\/\/bpicakmiedzychod.pl\/index.php\/wp-json\/wp\/v2\/pages"}],"about":[{"href":"https:\/\/bpicakmiedzychod.pl\/index.php\/wp-json\/wp\/v2\/types\/page"}],"author":[{"embeddable":true,"href":"https:\/\/bpicakmiedzychod.pl\/index.php\/wp-json\/wp\/v2\/users\/1"}],"replies":[{"embeddable":true,"href":"https:\/\/bpicakmiedzychod.pl\/index.php\/wp-json\/wp\/v2\/comments?post=4415"}],"version-history":[{"count":7,"href":"https:\/\/bpicakmiedzychod.pl\/index.php\/wp-json\/wp\/v2\/pages\/4415\/revisions"}],"predecessor-version":[{"id":4433,"href":"https:\/\/bpicakmiedzychod.pl\/index.php\/wp-json\/wp\/v2\/pages\/4415\/revisions\/4433"}],"up":[{"embeddable":true,"href":"https:\/\/bpicakmiedzychod.pl\/index.php\/wp-json\/wp\/v2\/pages\/112"}],"wp:attachment":[{"href":"https:\/\/bpicakmiedzychod.pl\/index.php\/wp-json\/wp\/v2\/media?parent=4415"}],"curies":[{"name":"wp","href":"https:\/\/api.w.org\/{rel}","templated":true}]}}