{"id":4813,"date":"2021-07-07T14:10:06","date_gmt":"2021-07-07T14:10:06","guid":{"rendered":"https:\/\/bpicakmiedzychod.pl\/?page_id=4813"},"modified":"2021-07-07T14:11:38","modified_gmt":"2021-07-07T14:11:38","slug":"kabaret-skeczow-meczacych-9-kwietnia-2017","status":"publish","type":"page","link":"https:\/\/bpicakmiedzychod.pl\/index.php\/centrum-animacji-kultury\/galeria\/2017-2\/kabaret-skeczow-meczacych-9-kwietnia-2017\/","title":{"rendered":"Kabaret Skecz\u00f3w M\u0119cz\u0105cych &#8211; 9 kwietnia 2017."},"content":{"rendered":"\t\t<div data-elementor-type=\"wp-page\" data-elementor-id=\"4813\" class=\"elementor elementor-4813\" data-elementor-post-type=\"page\">\n\t\t\t\t\t\t<section data-particle_enable=\"false\" data-particle-mobile-disabled=\"false\" class=\"elementor-section elementor-top-section elementor-element elementor-element-8a2eea4 elementor-section-boxed elementor-section-height-default elementor-section-height-default\" data-id=\"8a2eea4\" data-element_type=\"section\">\n\t\t\t\t\t\t<div class=\"elementor-container elementor-column-gap-default\">\n\t\t\t\t\t<div class=\"elementor-column elementor-col-100 elementor-top-column elementor-element elementor-element-7dd24d2\" data-id=\"7dd24d2\" data-element_type=\"column\">\n\t\t\t<div class=\"elementor-widget-wrap elementor-element-populated\">\n\t\t\t\t\t\t\t<\/div>\n\t\t<\/div>\n\t\t\t\t\t<\/div>\n\t\t<\/section>\n\t\t\t\t<section data-particle_enable=\"false\" data-particle-mobile-disabled=\"false\" class=\"elementor-section elementor-top-section elementor-element elementor-element-7b82047 elementor-section-full_width elementor-section-height-default elementor-section-height-default\" data-id=\"7b82047\" data-element_type=\"section\">\n\t\t\t\t\t\t<div class=\"elementor-container elementor-column-gap-default\">\n\t\t\t\t\t<div class=\"elementor-column elementor-col-100 elementor-top-column elementor-element elementor-element-c042a14\" data-id=\"c042a14\" data-element_type=\"column\">\n\t\t\t<div class=\"elementor-widget-wrap elementor-element-populated\">\n\t\t\t\t\t\t<div class=\"elementor-element elementor-element-26c9633 elementor-widget elementor-widget-eael-creative-button\" data-id=\"26c9633\" data-element_type=\"widget\" data-widget_type=\"eael-creative-button.default\">\n\t\t\t\t<div class=\"elementor-widget-container\">\n\t\t\t\t\t        <div class=\"eael-creative-button-wrapper\">\n\n            <a class=\"eael-creative-button eael-creative-button--winona\" href=\"https:\/\/bpicakmiedzychod.pl\/index.php\/centrum-animacji-kultury\/galeria\/2017-2\/\" data-text=\"Kliknij\">\n            \t    \n                <div class=\"creative-button-inner\">\n\n                                            <span class=\"eael-creative-button-icon-left\"><\/span>                    \n                    <span class=\"cretive-button-text\">Powr\u00f3t do listy galerii<\/span>\n\n                                    <\/div>\n\t                        <\/a>\n        <\/div>\n        \t\t\t\t<\/div>\n\t\t\t\t<\/div>\n\t\t\t\t<div class=\"elementor-element elementor-element-d7275a6 elementor-widget elementor-widget-gallery\" data-id=\"d7275a6\" data-element_type=\"widget\" data-settings=\"{&quot;gallery_layout&quot;:&quot;masonry&quot;,&quot;columns&quot;:4,&quot;columns_tablet&quot;:2,&quot;columns_mobile&quot;:1,&quot;gap&quot;:{&quot;unit&quot;:&quot;px&quot;,&quot;size&quot;:10,&quot;sizes&quot;:[]},&quot;gap_tablet&quot;:{&quot;unit&quot;:&quot;px&quot;,&quot;size&quot;:10,&quot;sizes&quot;:[]},&quot;gap_mobile&quot;:{&quot;unit&quot;:&quot;px&quot;,&quot;size&quot;:10,&quot;sizes&quot;:[]},&quot;link_to&quot;:&quot;file&quot;,&quot;overlay_background&quot;:&quot;yes&quot;,&quot;content_hover_animation&quot;:&quot;fade-in&quot;}\" data-widget_type=\"gallery.default\">\n\t\t\t\t<div class=\"elementor-widget-container\">\n\t\t\t\t\t\t\t<div class=\"elementor-gallery__container\">\n\t\t\t\t\t\t\t<a class=\"e-gallery-item elementor-gallery-item elementor-animated-content\" href=\"https:\/\/bpicakmiedzychod.pl\/wp-content\/uploads\/2021\/07\/1-52.jpg\" data-elementor-open-lightbox=\"yes\" data-elementor-lightbox-slideshow=\"d7275a6\" data-elementor-lightbox-title=\"1\" data-e-action-hash=\"#elementor-action%3Aaction%3Dlightbox%26settings%3DeyJpZCI6NDgxOCwidXJsIjoiaHR0cHM6XC9cL2JwaWNha21pZWR6eWNob2QucGxcL3dwLWNvbnRlbnRcL3VwbG9hZHNcLzIwMjFcLzA3XC8xLTUyLmpwZyIsInNsaWRlc2hvdyI6ImQ3Mjc1YTYifQ%3D%3D\">\n\t\t\t\t\t<div class=\"e-gallery-image elementor-gallery-item__image\" data-thumbnail=\"https:\/\/bpicakmiedzychod.pl\/wp-content\/uploads\/2021\/07\/1-52.jpg\" data-width=\"700\" data-height=\"424\" aria-label=\"\" role=\"img\" ><\/div>\n\t\t\t\t\t\t\t\t\t\t\t<div class=\"elementor-gallery-item__overlay\"><\/div>\n\t\t\t\t\t\t\t\t\t\t\t\t\t\t<\/a>\n\t\t\t\t\t\t\t<a class=\"e-gallery-item elementor-gallery-item elementor-animated-content\" href=\"https:\/\/bpicakmiedzychod.pl\/wp-content\/uploads\/2021\/07\/2-52.jpg\" data-elementor-open-lightbox=\"yes\" data-elementor-lightbox-slideshow=\"d7275a6\" data-elementor-lightbox-title=\"2\" data-e-action-hash=\"#elementor-action%3Aaction%3Dlightbox%26settings%3DeyJpZCI6NDgxOSwidXJsIjoiaHR0cHM6XC9cL2JwaWNha21pZWR6eWNob2QucGxcL3dwLWNvbnRlbnRcL3VwbG9hZHNcLzIwMjFcLzA3XC8yLTUyLmpwZyIsInNsaWRlc2hvdyI6ImQ3Mjc1YTYifQ%3D%3D\">\n\t\t\t\t\t<div class=\"e-gallery-image elementor-gallery-item__image\" data-thumbnail=\"https:\/\/bpicakmiedzychod.pl\/wp-content\/uploads\/2021\/07\/2-52.jpg\" data-width=\"700\" data-height=\"749\" aria-label=\"\" role=\"img\" ><\/div>\n\t\t\t\t\t\t\t\t\t\t\t<div class=\"elementor-gallery-item__overlay\"><\/div>\n\t\t\t\t\t\t\t\t\t\t\t\t\t\t<\/a>\n\t\t\t\t\t\t\t<a class=\"e-gallery-item elementor-gallery-item elementor-animated-content\" href=\"https:\/\/bpicakmiedzychod.pl\/wp-content\/uploads\/2021\/07\/3-52.jpg\" data-elementor-open-lightbox=\"yes\" data-elementor-lightbox-slideshow=\"d7275a6\" data-elementor-lightbox-title=\"3\" data-e-action-hash=\"#elementor-action%3Aaction%3Dlightbox%26settings%3DeyJpZCI6NDgyMSwidXJsIjoiaHR0cHM6XC9cL2JwaWNha21pZWR6eWNob2QucGxcL3dwLWNvbnRlbnRcL3VwbG9hZHNcLzIwMjFcLzA3XC8zLTUyLmpwZyIsInNsaWRlc2hvdyI6ImQ3Mjc1YTYifQ%3D%3D\">\n\t\t\t\t\t<div class=\"e-gallery-image elementor-gallery-item__image\" data-thumbnail=\"https:\/\/bpicakmiedzychod.pl\/wp-content\/uploads\/2021\/07\/3-52.jpg\" data-width=\"700\" data-height=\"496\" aria-label=\"\" role=\"img\" ><\/div>\n\t\t\t\t\t\t\t\t\t\t\t<div class=\"elementor-gallery-item__overlay\"><\/div>\n\t\t\t\t\t\t\t\t\t\t\t\t\t\t<\/a>\n\t\t\t\t\t\t\t<a class=\"e-gallery-item elementor-gallery-item elementor-animated-content\" href=\"https:\/\/bpicakmiedzychod.pl\/wp-content\/uploads\/2021\/07\/4-52.jpg\" data-elementor-open-lightbox=\"yes\" data-elementor-lightbox-slideshow=\"d7275a6\" data-elementor-lightbox-title=\"4\" data-e-action-hash=\"#elementor-action%3Aaction%3Dlightbox%26settings%3DeyJpZCI6NDgyMiwidXJsIjoiaHR0cHM6XC9cL2JwaWNha21pZWR6eWNob2QucGxcL3dwLWNvbnRlbnRcL3VwbG9hZHNcLzIwMjFcLzA3XC80LTUyLmpwZyIsInNsaWRlc2hvdyI6ImQ3Mjc1YTYifQ%3D%3D\">\n\t\t\t\t\t<div class=\"e-gallery-image elementor-gallery-item__image\" data-thumbnail=\"https:\/\/bpicakmiedzychod.pl\/wp-content\/uploads\/2021\/07\/4-52.jpg\" data-width=\"700\" data-height=\"543\" aria-label=\"\" role=\"img\" ><\/div>\n\t\t\t\t\t\t\t\t\t\t\t<div class=\"elementor-gallery-item__overlay\"><\/div>\n\t\t\t\t\t\t\t\t\t\t\t\t\t\t<\/a>\n\t\t\t\t\t\t\t<a class=\"e-gallery-item elementor-gallery-item elementor-animated-content\" href=\"https:\/\/bpicakmiedzychod.pl\/wp-content\/uploads\/2021\/07\/5-50.jpg\" data-elementor-open-lightbox=\"yes\" data-elementor-lightbox-slideshow=\"d7275a6\" data-elementor-lightbox-title=\"5\" data-e-action-hash=\"#elementor-action%3Aaction%3Dlightbox%26settings%3DeyJpZCI6NDgyMywidXJsIjoiaHR0cHM6XC9cL2JwaWNha21pZWR6eWNob2QucGxcL3dwLWNvbnRlbnRcL3VwbG9hZHNcLzIwMjFcLzA3XC81LTUwLmpwZyIsInNsaWRlc2hvdyI6ImQ3Mjc1YTYifQ%3D%3D\">\n\t\t\t\t\t<div class=\"e-gallery-image elementor-gallery-item__image\" data-thumbnail=\"https:\/\/bpicakmiedzychod.pl\/wp-content\/uploads\/2021\/07\/5-50.jpg\" data-width=\"700\" data-height=\"463\" aria-label=\"\" role=\"img\" ><\/div>\n\t\t\t\t\t\t\t\t\t\t\t<div class=\"elementor-gallery-item__overlay\"><\/div>\n\t\t\t\t\t\t\t\t\t\t\t\t\t\t<\/a>\n\t\t\t\t\t\t\t<a class=\"e-gallery-item elementor-gallery-item elementor-animated-content\" href=\"https:\/\/bpicakmiedzychod.pl\/wp-content\/uploads\/2021\/07\/6-50.jpg\" data-elementor-open-lightbox=\"yes\" data-elementor-lightbox-slideshow=\"d7275a6\" data-elementor-lightbox-title=\"6\" data-e-action-hash=\"#elementor-action%3Aaction%3Dlightbox%26settings%3DeyJpZCI6NDgyNCwidXJsIjoiaHR0cHM6XC9cL2JwaWNha21pZWR6eWNob2QucGxcL3dwLWNvbnRlbnRcL3VwbG9hZHNcLzIwMjFcLzA3XC82LTUwLmpwZyIsInNsaWRlc2hvdyI6ImQ3Mjc1YTYifQ%3D%3D\">\n\t\t\t\t\t<div class=\"e-gallery-image elementor-gallery-item__image\" data-thumbnail=\"https:\/\/bpicakmiedzychod.pl\/wp-content\/uploads\/2021\/07\/6-50-614x1024.jpg\" data-width=\"614\" data-height=\"1024\" aria-label=\"\" role=\"img\" ><\/div>\n\t\t\t\t\t\t\t\t\t\t\t<div class=\"elementor-gallery-item__overlay\"><\/div>\n\t\t\t\t\t\t\t\t\t\t\t\t\t\t<\/a>\n\t\t\t\t\t\t\t<a class=\"e-gallery-item elementor-gallery-item elementor-animated-content\" href=\"https:\/\/bpicakmiedzychod.pl\/wp-content\/uploads\/2021\/07\/7-48.jpg\" data-elementor-open-lightbox=\"yes\" data-elementor-lightbox-slideshow=\"d7275a6\" data-elementor-lightbox-title=\"7\" data-e-action-hash=\"#elementor-action%3Aaction%3Dlightbox%26settings%3DeyJpZCI6NDgyNSwidXJsIjoiaHR0cHM6XC9cL2JwaWNha21pZWR6eWNob2QucGxcL3dwLWNvbnRlbnRcL3VwbG9hZHNcLzIwMjFcLzA3XC83LTQ4LmpwZyIsInNsaWRlc2hvdyI6ImQ3Mjc1YTYifQ%3D%3D\">\n\t\t\t\t\t<div class=\"e-gallery-image elementor-gallery-item__image\" data-thumbnail=\"https:\/\/bpicakmiedzychod.pl\/wp-content\/uploads\/2021\/07\/7-48.jpg\" data-width=\"700\" data-height=\"463\" aria-label=\"\" role=\"img\" ><\/div>\n\t\t\t\t\t\t\t\t\t\t\t<div class=\"elementor-gallery-item__overlay\"><\/div>\n\t\t\t\t\t\t\t\t\t\t\t\t\t\t<\/a>\n\t\t\t\t\t\t\t<a class=\"e-gallery-item elementor-gallery-item elementor-animated-content\" href=\"https:\/\/bpicakmiedzychod.pl\/wp-content\/uploads\/2021\/07\/8-45.jpg\" data-elementor-open-lightbox=\"yes\" data-elementor-lightbox-slideshow=\"d7275a6\" data-elementor-lightbox-title=\"8\" data-e-action-hash=\"#elementor-action%3Aaction%3Dlightbox%26settings%3DeyJpZCI6NDgyNiwidXJsIjoiaHR0cHM6XC9cL2JwaWNha21pZWR6eWNob2QucGxcL3dwLWNvbnRlbnRcL3VwbG9hZHNcLzIwMjFcLzA3XC84LTQ1LmpwZyIsInNsaWRlc2hvdyI6ImQ3Mjc1YTYifQ%3D%3D\">\n\t\t\t\t\t<div class=\"e-gallery-image elementor-gallery-item__image\" data-thumbnail=\"https:\/\/bpicakmiedzychod.pl\/wp-content\/uploads\/2021\/07\/8-45.jpg\" data-width=\"700\" data-height=\"539\" aria-label=\"\" role=\"img\" ><\/div>\n\t\t\t\t\t\t\t\t\t\t\t<div class=\"elementor-gallery-item__overlay\"><\/div>\n\t\t\t\t\t\t\t\t\t\t\t\t\t\t<\/a>\n\t\t\t\t\t\t\t<a class=\"e-gallery-item elementor-gallery-item elementor-animated-content\" href=\"https:\/\/bpicakmiedzychod.pl\/wp-content\/uploads\/2021\/07\/9-43.jpg\" data-elementor-open-lightbox=\"yes\" data-elementor-lightbox-slideshow=\"d7275a6\" data-elementor-lightbox-title=\"9\" data-e-action-hash=\"#elementor-action%3Aaction%3Dlightbox%26settings%3DeyJpZCI6NDgyNywidXJsIjoiaHR0cHM6XC9cL2JwaWNha21pZWR6eWNob2QucGxcL3dwLWNvbnRlbnRcL3VwbG9hZHNcLzIwMjFcLzA3XC85LTQzLmpwZyIsInNsaWRlc2hvdyI6ImQ3Mjc1YTYifQ%3D%3D\">\n\t\t\t\t\t<div class=\"e-gallery-image elementor-gallery-item__image\" data-thumbnail=\"https:\/\/bpicakmiedzychod.pl\/wp-content\/uploads\/2021\/07\/9-43.jpg\" data-width=\"700\" data-height=\"463\" aria-label=\"\" role=\"img\" ><\/div>\n\t\t\t\t\t\t\t\t\t\t\t<div class=\"elementor-gallery-item__overlay\"><\/div>\n\t\t\t\t\t\t\t\t\t\t\t\t\t\t<\/a>\n\t\t\t\t\t\t\t<a class=\"e-gallery-item elementor-gallery-item elementor-animated-content\" href=\"https:\/\/bpicakmiedzychod.pl\/wp-content\/uploads\/2021\/07\/10-37.jpg\" data-elementor-open-lightbox=\"yes\" data-elementor-lightbox-slideshow=\"d7275a6\" data-elementor-lightbox-title=\"10\" data-e-action-hash=\"#elementor-action%3Aaction%3Dlightbox%26settings%3DeyJpZCI6NDgyOCwidXJsIjoiaHR0cHM6XC9cL2JwaWNha21pZWR6eWNob2QucGxcL3dwLWNvbnRlbnRcL3VwbG9hZHNcLzIwMjFcLzA3XC8xMC0zNy5qcGciLCJzbGlkZXNob3ciOiJkNzI3NWE2In0%3D\">\n\t\t\t\t\t<div class=\"e-gallery-image elementor-gallery-item__image\" data-thumbnail=\"https:\/\/bpicakmiedzychod.pl\/wp-content\/uploads\/2021\/07\/10-37.jpg\" data-width=\"700\" data-height=\"463\" aria-label=\"\" role=\"img\" ><\/div>\n\t\t\t\t\t\t\t\t\t\t\t<div class=\"elementor-gallery-item__overlay\"><\/div>\n\t\t\t\t\t\t\t\t\t\t\t\t\t\t<\/a>\n\t\t\t\t\t\t\t<a class=\"e-gallery-item elementor-gallery-item elementor-animated-content\" href=\"https:\/\/bpicakmiedzychod.pl\/wp-content\/uploads\/2021\/07\/11-30.jpg\" data-elementor-open-lightbox=\"yes\" data-elementor-lightbox-slideshow=\"d7275a6\" data-elementor-lightbox-title=\"11\" data-e-action-hash=\"#elementor-action%3Aaction%3Dlightbox%26settings%3DeyJpZCI6NDgyOSwidXJsIjoiaHR0cHM6XC9cL2JwaWNha21pZWR6eWNob2QucGxcL3dwLWNvbnRlbnRcL3VwbG9hZHNcLzIwMjFcLzA3XC8xMS0zMC5qcGciLCJzbGlkZXNob3ciOiJkNzI3NWE2In0%3D\">\n\t\t\t\t\t<div class=\"e-gallery-image elementor-gallery-item__image\" data-thumbnail=\"https:\/\/bpicakmiedzychod.pl\/wp-content\/uploads\/2021\/07\/11-30.jpg\" data-width=\"700\" data-height=\"463\" aria-label=\"\" role=\"img\" ><\/div>\n\t\t\t\t\t\t\t\t\t\t\t<div class=\"elementor-gallery-item__overlay\"><\/div>\n\t\t\t\t\t\t\t\t\t\t\t\t\t\t<\/a>\n\t\t\t\t\t\t\t<a class=\"e-gallery-item elementor-gallery-item elementor-animated-content\" href=\"https:\/\/bpicakmiedzychod.pl\/wp-content\/uploads\/2021\/07\/12-28.jpg\" data-elementor-open-lightbox=\"yes\" data-elementor-lightbox-slideshow=\"d7275a6\" data-elementor-lightbox-title=\"12\" data-e-action-hash=\"#elementor-action%3Aaction%3Dlightbox%26settings%3DeyJpZCI6NDgzMCwidXJsIjoiaHR0cHM6XC9cL2JwaWNha21pZWR6eWNob2QucGxcL3dwLWNvbnRlbnRcL3VwbG9hZHNcLzIwMjFcLzA3XC8xMi0yOC5qcGciLCJzbGlkZXNob3ciOiJkNzI3NWE2In0%3D\">\n\t\t\t\t\t<div class=\"e-gallery-image elementor-gallery-item__image\" data-thumbnail=\"https:\/\/bpicakmiedzychod.pl\/wp-content\/uploads\/2021\/07\/12-28.jpg\" data-width=\"700\" data-height=\"463\" aria-label=\"\" role=\"img\" ><\/div>\n\t\t\t\t\t\t\t\t\t\t\t<div class=\"elementor-gallery-item__overlay\"><\/div>\n\t\t\t\t\t\t\t\t\t\t\t\t\t\t<\/a>\n\t\t\t\t\t\t\t<a class=\"e-gallery-item elementor-gallery-item elementor-animated-content\" href=\"https:\/\/bpicakmiedzychod.pl\/wp-content\/uploads\/2021\/07\/13-28.jpg\" data-elementor-open-lightbox=\"yes\" data-elementor-lightbox-slideshow=\"d7275a6\" data-elementor-lightbox-title=\"13\" data-e-action-hash=\"#elementor-action%3Aaction%3Dlightbox%26settings%3DeyJpZCI6NDgzMSwidXJsIjoiaHR0cHM6XC9cL2JwaWNha21pZWR6eWNob2QucGxcL3dwLWNvbnRlbnRcL3VwbG9hZHNcLzIwMjFcLzA3XC8xMy0yOC5qcGciLCJzbGlkZXNob3ciOiJkNzI3NWE2In0%3D\">\n\t\t\t\t\t<div class=\"e-gallery-image elementor-gallery-item__image\" data-thumbnail=\"https:\/\/bpicakmiedzychod.pl\/wp-content\/uploads\/2021\/07\/13-28.jpg\" data-width=\"700\" data-height=\"438\" aria-label=\"\" role=\"img\" ><\/div>\n\t\t\t\t\t\t\t\t\t\t\t<div class=\"elementor-gallery-item__overlay\"><\/div>\n\t\t\t\t\t\t\t\t\t\t\t\t\t\t<\/a>\n\t\t\t\t\t\t\t<a class=\"e-gallery-item elementor-gallery-item elementor-animated-content\" href=\"https:\/\/bpicakmiedzychod.pl\/wp-content\/uploads\/2021\/07\/14-27.jpg\" data-elementor-open-lightbox=\"yes\" data-elementor-lightbox-slideshow=\"d7275a6\" data-elementor-lightbox-title=\"14\" data-e-action-hash=\"#elementor-action%3Aaction%3Dlightbox%26settings%3DeyJpZCI6NDgzMiwidXJsIjoiaHR0cHM6XC9cL2JwaWNha21pZWR6eWNob2QucGxcL3dwLWNvbnRlbnRcL3VwbG9hZHNcLzIwMjFcLzA3XC8xNC0yNy5qcGciLCJzbGlkZXNob3ciOiJkNzI3NWE2In0%3D\">\n\t\t\t\t\t<div class=\"e-gallery-image elementor-gallery-item__image\" data-thumbnail=\"https:\/\/bpicakmiedzychod.pl\/wp-content\/uploads\/2021\/07\/14-27.jpg\" data-width=\"700\" data-height=\"463\" aria-label=\"\" role=\"img\" ><\/div>\n\t\t\t\t\t\t\t\t\t\t\t<div class=\"elementor-gallery-item__overlay\"><\/div>\n\t\t\t\t\t\t\t\t\t\t\t\t\t\t<\/a>\n\t\t\t\t\t\t\t<a class=\"e-gallery-item elementor-gallery-item elementor-animated-content\" href=\"https:\/\/bpicakmiedzychod.pl\/wp-content\/uploads\/2021\/07\/15-23.jpg\" data-elementor-open-lightbox=\"yes\" data-elementor-lightbox-slideshow=\"d7275a6\" data-elementor-lightbox-title=\"15\" data-e-action-hash=\"#elementor-action%3Aaction%3Dlightbox%26settings%3DeyJpZCI6NDgzMywidXJsIjoiaHR0cHM6XC9cL2JwaWNha21pZWR6eWNob2QucGxcL3dwLWNvbnRlbnRcL3VwbG9hZHNcLzIwMjFcLzA3XC8xNS0yMy5qcGciLCJzbGlkZXNob3ciOiJkNzI3NWE2In0%3D\">\n\t\t\t\t\t<div class=\"e-gallery-image elementor-gallery-item__image\" data-thumbnail=\"https:\/\/bpicakmiedzychod.pl\/wp-content\/uploads\/2021\/07\/15-23.jpg\" data-width=\"700\" data-height=\"448\" aria-label=\"\" role=\"img\" ><\/div>\n\t\t\t\t\t\t\t\t\t\t\t<div class=\"elementor-gallery-item__overlay\"><\/div>\n\t\t\t\t\t\t\t\t\t\t\t\t\t\t<\/a>\n\t\t\t\t\t\t\t<a class=\"e-gallery-item elementor-gallery-item elementor-animated-content\" href=\"https:\/\/bpicakmiedzychod.pl\/wp-content\/uploads\/2021\/07\/16-23.jpg\" data-elementor-open-lightbox=\"yes\" data-elementor-lightbox-slideshow=\"d7275a6\" data-elementor-lightbox-title=\"16\" data-e-action-hash=\"#elementor-action%3Aaction%3Dlightbox%26settings%3DeyJpZCI6NDgzNCwidXJsIjoiaHR0cHM6XC9cL2JwaWNha21pZWR6eWNob2QucGxcL3dwLWNvbnRlbnRcL3VwbG9hZHNcLzIwMjFcLzA3XC8xNi0yMy5qcGciLCJzbGlkZXNob3ciOiJkNzI3NWE2In0%3D\">\n\t\t\t\t\t<div class=\"e-gallery-image elementor-gallery-item__image\" data-thumbnail=\"https:\/\/bpicakmiedzychod.pl\/wp-content\/uploads\/2021\/07\/16-23.jpg\" data-width=\"700\" data-height=\"558\" aria-label=\"\" role=\"img\" ><\/div>\n\t\t\t\t\t\t\t\t\t\t\t<div class=\"elementor-gallery-item__overlay\"><\/div>\n\t\t\t\t\t\t\t\t\t\t\t\t\t\t<\/a>\n\t\t\t\t\t\t\t<a class=\"e-gallery-item elementor-gallery-item elementor-animated-content\" href=\"https:\/\/bpicakmiedzychod.pl\/wp-content\/uploads\/2021\/07\/17-22.jpg\" data-elementor-open-lightbox=\"yes\" data-elementor-lightbox-slideshow=\"d7275a6\" data-elementor-lightbox-title=\"17\" data-e-action-hash=\"#elementor-action%3Aaction%3Dlightbox%26settings%3DeyJpZCI6NDgzNSwidXJsIjoiaHR0cHM6XC9cL2JwaWNha21pZWR6eWNob2QucGxcL3dwLWNvbnRlbnRcL3VwbG9hZHNcLzIwMjFcLzA3XC8xNy0yMi5qcGciLCJzbGlkZXNob3ciOiJkNzI3NWE2In0%3D\">\n\t\t\t\t\t<div class=\"e-gallery-image elementor-gallery-item__image\" data-thumbnail=\"https:\/\/bpicakmiedzychod.pl\/wp-content\/uploads\/2021\/07\/17-22.jpg\" data-width=\"700\" data-height=\"497\" aria-label=\"\" role=\"img\" ><\/div>\n\t\t\t\t\t\t\t\t\t\t\t<div class=\"elementor-gallery-item__overlay\"><\/div>\n\t\t\t\t\t\t\t\t\t\t\t\t\t\t<\/a>\n\t\t\t\t\t\t\t<a class=\"e-gallery-item elementor-gallery-item elementor-animated-content\" href=\"https:\/\/bpicakmiedzychod.pl\/wp-content\/uploads\/2021\/07\/18-20.jpg\" data-elementor-open-lightbox=\"yes\" data-elementor-lightbox-slideshow=\"d7275a6\" data-elementor-lightbox-title=\"18\" data-e-action-hash=\"#elementor-action%3Aaction%3Dlightbox%26settings%3DeyJpZCI6NDgzNiwidXJsIjoiaHR0cHM6XC9cL2JwaWNha21pZWR6eWNob2QucGxcL3dwLWNvbnRlbnRcL3VwbG9hZHNcLzIwMjFcLzA3XC8xOC0yMC5qcGciLCJzbGlkZXNob3ciOiJkNzI3NWE2In0%3D\">\n\t\t\t\t\t<div class=\"e-gallery-image elementor-gallery-item__image\" data-thumbnail=\"https:\/\/bpicakmiedzychod.pl\/wp-content\/uploads\/2021\/07\/18-20.jpg\" data-width=\"700\" data-height=\"463\" aria-label=\"\" role=\"img\" ><\/div>\n\t\t\t\t\t\t\t\t\t\t\t<div class=\"elementor-gallery-item__overlay\"><\/div>\n\t\t\t\t\t\t\t\t\t\t\t\t\t\t<\/a>\n\t\t\t\t\t\t\t<a class=\"e-gallery-item elementor-gallery-item elementor-animated-content\" href=\"https:\/\/bpicakmiedzychod.pl\/wp-content\/uploads\/2021\/07\/19-19.jpg\" data-elementor-open-lightbox=\"yes\" data-elementor-lightbox-slideshow=\"d7275a6\" data-elementor-lightbox-title=\"19\" data-e-action-hash=\"#elementor-action%3Aaction%3Dlightbox%26settings%3DeyJpZCI6NDgzNywidXJsIjoiaHR0cHM6XC9cL2JwaWNha21pZWR6eWNob2QucGxcL3dwLWNvbnRlbnRcL3VwbG9hZHNcLzIwMjFcLzA3XC8xOS0xOS5qcGciLCJzbGlkZXNob3ciOiJkNzI3NWE2In0%3D\">\n\t\t\t\t\t<div class=\"e-gallery-image elementor-gallery-item__image\" data-thumbnail=\"https:\/\/bpicakmiedzychod.pl\/wp-content\/uploads\/2021\/07\/19-19.jpg\" data-width=\"700\" data-height=\"463\" aria-label=\"\" role=\"img\" ><\/div>\n\t\t\t\t\t\t\t\t\t\t\t<div class=\"elementor-gallery-item__overlay\"><\/div>\n\t\t\t\t\t\t\t\t\t\t\t\t\t\t<\/a>\n\t\t\t\t\t\t\t<a class=\"e-gallery-item elementor-gallery-item elementor-animated-content\" href=\"https:\/\/bpicakmiedzychod.pl\/wp-content\/uploads\/2021\/07\/20-18.jpg\" data-elementor-open-lightbox=\"yes\" data-elementor-lightbox-slideshow=\"d7275a6\" data-elementor-lightbox-title=\"20\" data-e-action-hash=\"#elementor-action%3Aaction%3Dlightbox%26settings%3DeyJpZCI6NDgzOCwidXJsIjoiaHR0cHM6XC9cL2JwaWNha21pZWR6eWNob2QucGxcL3dwLWNvbnRlbnRcL3VwbG9hZHNcLzIwMjFcLzA3XC8yMC0xOC5qcGciLCJzbGlkZXNob3ciOiJkNzI3NWE2In0%3D\">\n\t\t\t\t\t<div class=\"e-gallery-image elementor-gallery-item__image\" data-thumbnail=\"https:\/\/bpicakmiedzychod.pl\/wp-content\/uploads\/2021\/07\/20-18.jpg\" data-width=\"700\" data-height=\"946\" aria-label=\"\" role=\"img\" ><\/div>\n\t\t\t\t\t\t\t\t\t\t\t<div class=\"elementor-gallery-item__overlay\"><\/div>\n\t\t\t\t\t\t\t\t\t\t\t\t\t\t<\/a>\n\t\t\t\t\t<\/div>\n\t\t\t\t\t<\/div>\n\t\t\t\t<\/div>\n\t\t\t\t\t<\/div>\n\t\t<\/div>\n\t\t\t\t\t<\/div>\n\t\t<\/section>\n\t\t\t\t<\/div>\n\t\t","protected":false},"excerpt":{"rendered":"<p>Powr\u00f3t do listy galerii<\/p>\n","protected":false},"author":1,"featured_media":0,"parent":112,"menu_order":0,"comment_status":"closed","ping_status":"closed","template":"elementor_header_footer","meta":{"footnotes":""},"class_list":["post-4813","page","type-page","status-publish","hentry"],"_links":{"self":[{"href":"https:\/\/bpicakmiedzychod.pl\/index.php\/wp-json\/wp\/v2\/pages\/4813","targetHints":{"allow":["GET"]}}],"collection":[{"href":"https:\/\/bpicakmiedzychod.pl\/index.php\/wp-json\/wp\/v2\/pages"}],"about":[{"href":"https:\/\/bpicakmiedzychod.pl\/index.php\/wp-json\/wp\/v2\/types\/page"}],"author":[{"embeddable":true,"href":"https:\/\/bpicakmiedzychod.pl\/index.php\/wp-json\/wp\/v2\/users\/1"}],"replies":[{"embeddable":true,"href":"https:\/\/bpicakmiedzychod.pl\/index.php\/wp-json\/wp\/v2\/comments?post=4813"}],"version-history":[{"count":4,"href":"https:\/\/bpicakmiedzychod.pl\/index.php\/wp-json\/wp\/v2\/pages\/4813\/revisions"}],"predecessor-version":[{"id":4841,"href":"https:\/\/bpicakmiedzychod.pl\/index.php\/wp-json\/wp\/v2\/pages\/4813\/revisions\/4841"}],"up":[{"embeddable":true,"href":"https:\/\/bpicakmiedzychod.pl\/index.php\/wp-json\/wp\/v2\/pages\/112"}],"wp:attachment":[{"href":"https:\/\/bpicakmiedzychod.pl\/index.php\/wp-json\/wp\/v2\/media?parent=4813"}],"curies":[{"name":"wp","href":"https:\/\/api.w.org\/{rel}","templated":true}]}}