{"id":50394,"date":"2025-01-10T11:11:03","date_gmt":"2025-01-10T11:11:03","guid":{"rendered":"https:\/\/bpicakmiedzychod.pl\/?page_id=50394"},"modified":"2026-01-21T14:27:27","modified_gmt":"2026-01-21T14:27:27","slug":"2025-2","status":"publish","type":"page","link":"https:\/\/bpicakmiedzychod.pl\/index.php\/centrum-animacji-kultury\/galeria\/2025-2\/","title":{"rendered":"2025"},"content":{"rendered":"\t\t<div data-elementor-type=\"wp-page\" data-elementor-id=\"50394\" class=\"elementor elementor-50394\" data-elementor-post-type=\"page\">\n\t\t\t\t\t\t<section data-particle_enable=\"false\" data-particle-mobile-disabled=\"false\" class=\"elementor-section elementor-top-section elementor-element elementor-element-c71c31a elementor-section-full_width elementor-section-height-default elementor-section-height-default\" data-id=\"c71c31a\" data-element_type=\"section\" data-settings=\"{&quot;background_background&quot;:&quot;classic&quot;}\">\n\t\t\t\t\t\t<div class=\"elementor-container elementor-column-gap-wider\">\n\t\t\t\t\t<div class=\"elementor-column elementor-col-50 elementor-top-column elementor-element elementor-element-bc03dc0\" data-id=\"bc03dc0\" data-element_type=\"column\" data-settings=\"{&quot;background_background&quot;:&quot;classic&quot;}\">\n\t\t\t<div class=\"elementor-widget-wrap elementor-element-populated\">\n\t\t\t\t\t<div class=\"elementor-background-overlay\"><\/div>\n\t\t\t\t\t\t<div class=\"elementor-element elementor-element-9c2a81c elementor-widget elementor-widget-eael-creative-button\" data-id=\"9c2a81c\" data-element_type=\"widget\" data-widget_type=\"eael-creative-button.default\">\n\t\t\t\t<div class=\"elementor-widget-container\">\n\t\t\t\t\t        <div class=\"eael-creative-button-wrapper\">\n\n            <a class=\"eael-creative-button eael-creative-button--wave\" href=\"https:\/\/bpicakmiedzychod.pl\/index.php\/centrum-animacji-kultury\/galeria\/\" data-text=\"Sprawd\u017a\">\n            \t    \n                <div class=\"creative-button-inner\">\n\n                                            <span class=\"eael-creative-button-icon-left\"><\/span>                    \n                    <span class=\"cretive-button-text\">POWR\u00d3T<\/span>\n\n                                    <\/div>\n\t                        <\/a>\n        <\/div>\n        \t\t\t\t<\/div>\n\t\t\t\t<\/div>\n\t\t\t\t\t<\/div>\n\t\t<\/div>\n\t\t\t\t<div class=\"elementor-column elementor-col-50 elementor-top-column elementor-element elementor-element-6cebf29\" data-id=\"6cebf29\" data-element_type=\"column\" data-settings=\"{&quot;background_background&quot;:&quot;classic&quot;}\">\n\t\t\t<div class=\"elementor-widget-wrap elementor-element-populated\">\n\t\t\t\t\t\t<div class=\"elementor-element elementor-element-979c50c elementor-widget-divider--view-line elementor-widget elementor-widget-divider\" data-id=\"979c50c\" data-element_type=\"widget\" data-widget_type=\"divider.default\">\n\t\t\t\t<div class=\"elementor-widget-container\">\n\t\t\t\t\t\t\t<div class=\"elementor-divider\">\n\t\t\t<span class=\"elementor-divider-separator\">\n\t\t\t\t\t\t<\/span>\n\t\t<\/div>\n\t\t\t\t\t\t<\/div>\n\t\t\t\t<\/div>\n\t\t\t\t<div class=\"elementor-element elementor-element-73b8c31 elementor-widget elementor-widget-heading\" data-id=\"73b8c31\" data-element_type=\"widget\" data-widget_type=\"heading.default\">\n\t\t\t\t<div class=\"elementor-widget-container\">\n\t\t\t\t\t<h2 class=\"elementor-heading-title elementor-size-default\">Galeria 2025<\/h2>\t\t\t\t<\/div>\n\t\t\t\t<\/div>\n\t\t\t\t<div class=\"elementor-element elementor-element-978b4ae elementor-widget elementor-widget-html\" data-id=\"978b4ae\" data-element_type=\"widget\" data-widget_type=\"html.default\">\n\t\t\t\t<div class=\"elementor-widget-container\">\n\t\t\t\t\t<style>\n\n@media screen and (max-width: 1000px) {\nbody{margin-left:0px;}\n}\n\n@media screen and (min-width: 1000px) {\nbody{margin-left:60px;}\n}\n\n\n\n<\/style>\t\t\t\t<\/div>\n\t\t\t\t<\/div>\n\t\t\t\t\t<\/div>\n\t\t<\/div>\n\t\t\t\t\t<\/div>\n\t\t<\/section>\n\t\t\t\t<section data-particle_enable=\"false\" data-particle-mobile-disabled=\"false\" class=\"elementor-section elementor-top-section elementor-element elementor-element-0fff113 elementor-section-full_width elementor-section-height-default elementor-section-height-default\" data-id=\"0fff113\" data-element_type=\"section\" data-settings=\"{&quot;background_background&quot;:&quot;classic&quot;}\">\n\t\t\t\t\t\t<div class=\"elementor-container elementor-column-gap-no\">\n\t\t\t\t\t<div class=\"elementor-column elementor-col-100 elementor-top-column elementor-element elementor-element-acf4b14\" data-id=\"acf4b14\" data-element_type=\"column\">\n\t\t\t<div class=\"elementor-widget-wrap elementor-element-populated\">\n\t\t\t\t\t\t<div class=\"elementor-element elementor-element-93b8266 eael_advanced_menu_hamburger_disable_selected_menu_no eael-advanced-menu-hamburger-align-right eael-advanced-menu--no eael-hamburger--tablet elementor-widget elementor-widget-eael-advanced-menu\" data-id=\"93b8266\" data-element_type=\"widget\" data-widget_type=\"eael-advanced-menu.skin-seven\">\n\t\t\t\t<div class=\"elementor-widget-container\">\n\t\t\t\t\t<style>\n                        @media screen and (max-width: 1024px) {\n                            .eael-hamburger--tablet {\n                                .eael-advanced-menu-horizontal,\n                                .eael-advanced-menu-vertical {\n                                    display: none;\n                                }\n                            }\n                            .eael-hamburger--tablet {\n                                .eael-advanced-menu-container .eael-advanced-menu-toggle {\n                                    display: block;\n                                }\n                            }\n                        }\n                    <\/style>            <div data-hamburger-icon=\"&lt;i aria-hidden=&quot;true&quot; class=&quot;fas fa-bars&quot;&gt;&lt;\/i&gt;\" data-indicator-class=\"&lt;i aria-hidden=&quot;true&quot; class=&quot;fas fa-angle-down&quot;&gt;&lt;\/i&gt;\" data-dropdown-indicator-class=\"&lt;i aria-hidden=&quot;true&quot; class=&quot;fas fa-angle-down&quot;&gt;&lt;\/i&gt;\" class=\"eael-advanced-menu-container eael-advanced-menu-align-center eael-advanced-menu-dropdown-align-left\" data-hamburger-breakpoints=\"{&quot;mobile&quot;:&quot;Mobilny pionowy (&gt; 767px)&quot;,&quot;tablet&quot;:&quot;Pionowy tablet (&gt; 1024px)&quot;,&quot;desktop&quot;:&quot;Desktop (&gt; 2400px)&quot;,&quot;none&quot;:&quot;None&quot;}\" data-hamburger-device=\"tablet\">\n                <ul id=\"menu-2025-centrum\" class=\"eael-advanced-menu eael-advanced-menu-dropdown-animate-to-top eael-advanced-menu-indicator eael-advanced-menu-vertical\"><li id=\"menu-item-58698\" class=\"menu-item menu-item-type-post_type menu-item-object-post menu-item-58698\"><a href=\"https:\/\/bpicakmiedzychod.pl\/index.php\/2025\/12\/18\/swiateczny-nastroj-zaczarowal-nas-koledy-i-pastoralki-w-choralnych-odswietnych-opracowaniach-zespol-wokalny-forever-5-state-of-angels-studio-piosenki-zespol-wokalny-zupa-ogorkowa-17-grudnia\/\">\u015awi\u0105teczny nastr\u00f3j zaczarowa\u0142 Nas .. Kol\u0119dy i pastora\u0142ki w ch\u00f3ralnych, od\u015bwi\u0119tnych opracowaniach \u2013 Zesp\u00f3\u0142 wokalny Forever 5, State of Angels, Studio Piosenki, Zesp\u00f3\u0142 wokalny Zupa Og\u00f3rkowa \u2013 17 grudnia 2025 rok<\/a><\/li>\n<li id=\"menu-item-58619\" class=\"menu-item menu-item-type-post_type menu-item-object-post menu-item-58619\"><a href=\"https:\/\/bpicakmiedzychod.pl\/index.php\/2025\/12\/08\/jarmark-bozonarodzeniowy-wystepy-artystyczne-animacje-dla-dzieci-rekodzielo-6-grudnia-2025-rok\/\">Jarmark Bo\u017conarodzeniowy \u2013 wyst\u0119py artystyczne, animacje dla dzieci, r\u0119kodzie\u0142o \u2013 6 grudnia 2025 rok<\/a><\/li>\n<li id=\"menu-item-58438\" class=\"menu-item menu-item-type-post_type menu-item-object-post menu-item-58438\"><a href=\"https:\/\/bpicakmiedzychod.pl\/index.php\/2025\/12\/08\/jarmark-bozonarodzeniowy-stoiska-rekodzielnicze-warsztaty-gastronomia-6-grudnia-2025-rok\/\">Jarmark Bo\u017conarodzeniowy \u2013 stoiska r\u0119kodzielnicze, warsztaty, gastronomia \u2013 6 grudnia 2025 rok<\/a><\/li>\n<li id=\"menu-item-58378\" class=\"menu-item menu-item-type-post_type menu-item-object-post menu-item-58378\"><a href=\"https:\/\/bpicakmiedzychod.pl\/index.php\/2025\/12\/08\/koncert-swiateczny-zespol-piesni-i-tanca-laniki-6-grudnia-2025-rok\/\">Koncert \u015awi\u0105teczny \u2013 Zesp\u00f3\u0142 Pie\u015bni i Ta\u0144ca \u0141aniki \u2013 6 grudnia 2025 rok<\/a><\/li>\n<li id=\"menu-item-58121\" class=\"menu-item menu-item-type-post_type menu-item-object-post menu-item-58121\"><a href=\"https:\/\/bpicakmiedzychod.pl\/index.php\/2025\/11\/12\/glos-pokolen-lutnia-dla-niepodleglej-105-lecie-choru-lutnia-oraz-25-lecie-pracy-artystycznej-dyrygenta-szczepana-kaszynskiego-uczniowie-zespolu-szkolno-przedszkolnego-w-lowyniu\/\">\u201eG\u0141OS POKOLE\u0143 \u2013 Lutnia dla Niepodleg\u0142ej\u201d \u2013 105 lecie Ch\u00f3ru Lutnia oraz 25 lecie pracy artystycznej dyrygenta Szczepana Kaszy\u0144skiego (uczniowie Zespo\u0142u Szkolno-Przedszkolnego w \u0141owyniu)<\/a><\/li>\n<li id=\"menu-item-57676\" class=\"menu-item menu-item-type-post_type menu-item-object-post menu-item-57676\"><a href=\"https:\/\/bpicakmiedzychod.pl\/index.php\/2025\/11\/03\/miedzychodzkie-zaduszki-jazzowe-2-listopada-2025-rok\/\">Mi\u0119dzychodzkie Zaduszki Jazzowe \u2013 2 listopada 2025 rok<\/a><\/li>\n<li id=\"menu-item-57719\" class=\"menu-item menu-item-type-post_type menu-item-object-post menu-item-57719\"><a href=\"https:\/\/bpicakmiedzychod.pl\/index.php\/2025\/11\/03\/jesienne-warsztaty-halloween-25-pazdziernika-2025\/\">Jesienne Warsztaty Halloween \u2013 25 pa\u017adziernika 2025<\/a><\/li>\n<li id=\"menu-item-57372\" class=\"menu-item menu-item-type-post_type menu-item-object-post menu-item-57372\"><a href=\"https:\/\/bpicakmiedzychod.pl\/index.php\/2025\/10\/16\/puszcza-notecka-pelna-przygod-dzis-w-rytmie-dwoch-kolek\/\">\u201ePuszcza Notecka pe\u0142na przyg\u00f3d\u201d \u2013 dzi\u015b w rytmie dw\u00f3ch k\u00f3\u0142ek! 15 pa\u017adziernika 2025<\/a><\/li>\n<li id=\"menu-item-57392\" class=\"menu-item menu-item-type-post_type menu-item-object-post menu-item-57392\"><a href=\"https:\/\/bpicakmiedzychod.pl\/index.php\/2025\/10\/16\/koncert-slaskie-szlagiery-damian-holecki-28-wrzesnia-2025\/\">Koncert \u015al\u0105skie Szlagiery: Damian Holecki \u2013 28 wrze\u015bnia 2025<\/a><\/li>\n<li id=\"menu-item-57120\" class=\"menu-item menu-item-type-post_type menu-item-object-post menu-item-57120\"><a href=\"https:\/\/bpicakmiedzychod.pl\/index.php\/2025\/09\/15\/xxii-swieto-podgrzybka-w-radgoszczy\/\">XXII \u015awi\u0119to Podgrzybka w Radgoszczy 13 wrze\u015bnia 2025<\/a><\/li>\n<li id=\"menu-item-56390\" class=\"menu-item menu-item-type-post_type menu-item-object-post menu-item-56390\"><a href=\"https:\/\/bpicakmiedzychod.pl\/index.php\/2025\/09\/08\/dozynki-gminno-parafialne-w-kamionnie-6-wrzesnia-2025-rok\/\">Do\u017cynki Gminno-Parafialne w Kamionnie  \u2013 6 wrze\u015bnia 2025 rok<\/a><\/li>\n<li id=\"menu-item-56466\" class=\"menu-item menu-item-type-post_type menu-item-object-post menu-item-56466\"><a href=\"https:\/\/bpicakmiedzychod.pl\/index.php\/2025\/09\/08\/polkolonia-z-animaster-w-cak-miedzychod-turnus-18-22-sierpnia-2025\/\">P\u00f3\u0142kolonia z Animaster w CAK Mi\u0119dzych\u00f3d \u2013 turnus: 18-22 sierpnia 2025<\/a><\/li>\n<li id=\"menu-item-56510\" class=\"menu-item menu-item-type-post_type menu-item-object-post menu-item-56510\"><a href=\"https:\/\/bpicakmiedzychod.pl\/index.php\/2025\/09\/08\/wakacje-w-miedzychodzie-miesiac-sierpien-2025\/\">Wakacje w Mi\u0119dzychodzie \u2013 miesi\u0105c sierpie\u0144 2025<\/a><\/li>\n<li id=\"menu-item-55269\" class=\"menu-item menu-item-type-post_type menu-item-object-post menu-item-55269\"><a href=\"https:\/\/bpicakmiedzychod.pl\/index.php\/2025\/07\/30\/wakacje-w-miedzychodzie-miesiac-lipiec-2025\/\">Wakacje w Mi\u0119dzychodzie \u2013 miesi\u0105c lipiec 2025<\/a><\/li>\n<li id=\"menu-item-54805\" class=\"menu-item menu-item-type-post_type menu-item-object-post menu-item-54805\"><a href=\"https:\/\/bpicakmiedzychod.pl\/index.php\/2025\/06\/26\/dni-miedzychodu-2025-dzien-iii-koncerty-lokalnych-artystow-bonanza-brass-band-oraz-koncert-big-cyc-22-czerwca-2025\/\">Dni Mi\u0119dzychodu 2025 dzie\u0144 III \u2013 koncerty lokalnych artyst\u00f3w, Bonanza Brass Band oraz koncert Big Cyc \u2013 22 czerwca 2025<\/a><\/li>\n<li id=\"menu-item-54376\" class=\"menu-item menu-item-type-post_type menu-item-object-post menu-item-54376\"><a href=\"https:\/\/bpicakmiedzychod.pl\/index.php\/2025\/06\/26\/dni-miedzychodu-2025-dzien-ii-stanica-nad-rzeka-warta-parada-koncerty-lokalnych-zespolow-koncert-natalia-szroeder-z-zespolem-filipek-nel-dj-wajs-bartes-rafuss-21-czerwca-2025\/\">Dni Mi\u0119dzychodu 2025 dzie\u0144 II \u2013 Stanica nad rzek\u0105 Wart\u0105 \u2013 PARADA, koncerty lokalnych zespo\u0142\u00f3w, koncert Natalia Szroeder z zespo\u0142em, Filipek &#038; Nel , DJ: Wajs, Bartes, Rafuss \u2013 21 czerwca 2025<\/a><\/li>\n<li id=\"menu-item-53914\" class=\"menu-item menu-item-type-post_type menu-item-object-post menu-item-53914\"><a href=\"https:\/\/bpicakmiedzychod.pl\/index.php\/2025\/06\/26\/dni-miedzychodu-dzien-i-noc-swietojanska-20-czerwca-2025\/\">Dni Mi\u0119dzychodu 2025 \u2013 dzie\u0144 I \u201eNoc \u015awi\u0119toja\u0144ska\u201d &#8211; Studio Ta\u0144ca Remix Mi\u0119dzych\u00f3d, zesp\u00f3\u0142 Jurad, DJ Rafuss na tarasie Restauracji Neptun &#8211; 20 czerwca 2025<\/a><\/li>\n<li id=\"menu-item-53287\" class=\"menu-item menu-item-type-post_type menu-item-object-post menu-item-53287\"><a href=\"https:\/\/bpicakmiedzychod.pl\/index.php\/2025\/06\/17\/musical-ukladanka-z-krainy-oz-scena-wyobrazni-studio-piosenki-studio-tanca-remix-miedzychod\/\">Musical \u201eUk\u0142adanka z Krainy OZ\u201d \u2013 Scena Wyobra\u017ani, Studio Piosenki, Studio Ta\u0144ca Remix Mi\u0119dzych\u00f3d &#8211; 14 czerwca 2025<\/a><\/li>\n<li id=\"menu-item-53364\" class=\"menu-item menu-item-type-post_type menu-item-object-post menu-item-53364\"><a href=\"https:\/\/bpicakmiedzychod.pl\/index.php\/2025\/06\/17\/dzien-dziecka-na-sportowo-wspolnie-z-magic-game-1-czerwca-2025\/\">Dzie\u0144 Dziecka na Sportowo wsp\u00f3lnie z Magic Game \u2013 1 czerwca 2025<\/a><\/li>\n<li id=\"menu-item-53401\" class=\"menu-item menu-item-type-post_type menu-item-object-post menu-item-53401\"><a href=\"https:\/\/bpicakmiedzychod.pl\/index.php\/2025\/06\/17\/duety-tercety-kwartety-dzieciece-sekrety-koncert-studia-piosenki-29-maja-2025-rok\/\">Duety, tercety, kwartety.. dzieci\u0119ce sekrety \u2013 koncert Studia Piosenki \u2013 29 maja 2025 rok<\/a><\/li>\n<li id=\"menu-item-52843\" class=\"menu-item menu-item-type-post_type menu-item-object-post menu-item-52843\"><a href=\"https:\/\/bpicakmiedzychod.pl\/index.php\/2025\/05\/28\/35-lecie-samorzadu-gminnego-27-maja-2025-rok\/\">35 \u2013 lecie Samorz\u0105du Gminnego \u2013 27 maja 2025 rok<\/a><\/li>\n<li id=\"menu-item-52826\" class=\"menu-item menu-item-type-post_type menu-item-object-post menu-item-52826\"><a href=\"https:\/\/bpicakmiedzychod.pl\/index.php\/2025\/05\/28\/powrocmy-jak-za-dawnych-lat-koncert-zespolu-wokalnego-forever-five-25-maja-2025-rok\/\">POWR\u00d3\u0106MY JAK ZA DAWNYCH LAT \u2013 koncert Zespo\u0142u Wokalnego FOREVER FIVE \u2013 25 maja 2025 rok<\/a><\/li>\n<li id=\"menu-item-52751\" class=\"menu-item menu-item-type-post_type menu-item-object-post menu-item-52751\"><a href=\"https:\/\/bpicakmiedzychod.pl\/index.php\/2025\/05\/28\/koncert-charytatywny-dla-mariusza-i-kuby-wspolorganizacja-24-maja-2025-r\/\">Koncert Charytatywny dla Mariusza i Kuby \u2013 wsp\u00f3\u0142organizacja \u2013 24 maja 2025 r.<\/a><\/li>\n<li id=\"menu-item-52442\" class=\"menu-item menu-item-type-post_type menu-item-object-post menu-item-52442\"><a href=\"https:\/\/bpicakmiedzychod.pl\/index.php\/2025\/05\/19\/10-miedzychodzka-noc-muzeow-z-muzeum-regionalne-w-miedzychodzie-oraz-centrum-edukacji-regionalnej-i-przyrodniczej-w-mniszkach\/\">10. Mi\u0119dzychodzka Noc Muze\u00f3w z Muzeum Regionalne w Mi\u0119dzychodzie oraz Centrum Edukacji Regionalnej i Przyrodniczej w Mniszkach &#8211; 17 maja 2025<\/a><\/li>\n<li id=\"menu-item-52478\" class=\"menu-item menu-item-type-post_type menu-item-object-post menu-item-52478\"><a href=\"https:\/\/bpicakmiedzychod.pl\/index.php\/2025\/05\/19\/stand-up-mama-na-obrotach-13-maja-2025-rok\/\">Stand Up MAMA NA OBROTACH \u2013 13 maja 2025 rok<\/a><\/li>\n<li id=\"menu-item-52546\" class=\"menu-item menu-item-type-post_type menu-item-object-post menu-item-52546\"><a href=\"https:\/\/bpicakmiedzychod.pl\/index.php\/2025\/05\/19\/powiatowy-festiwal-przedszkolaki-zdolne-dzieciaki-7-maja-2025\/\">Powiatowy Festiwal \u2013 \u201ePrzedszkolaki Zdolne Dzieciaki\u201d \u2013 7 maja 2025<\/a><\/li>\n<li id=\"menu-item-52602\" class=\"menu-item menu-item-type-post_type menu-item-object-post menu-item-52602\"><a href=\"https:\/\/bpicakmiedzychod.pl\/index.php\/2025\/05\/19\/majordanowka-w-miedzychodzie-ogrodek-jordanowski-1-maja-2025-rok\/\">MAJordan\u00d3WKA w Mi\u0119dzychodzie \u2013 Ogr\u00f3dek Jordanowski \u2013 1 maja 2025 rok<\/a><\/li>\n<li id=\"menu-item-52010\" class=\"menu-item menu-item-type-post_type menu-item-object-post menu-item-52010\"><a href=\"https:\/\/bpicakmiedzychod.pl\/index.php\/2025\/04\/15\/para-art-2025-festiwal-piosenki-13-kwietnia-2025\/\">PARA ART 2025 \u2013 FESTIWAL PIOSENKI \u2013 13 KWIETNIA 2025<\/a><\/li>\n<li id=\"menu-item-51894\" class=\"menu-item menu-item-type-post_type menu-item-object-post menu-item-51894\"><a href=\"https:\/\/bpicakmiedzychod.pl\/index.php\/2025\/04\/15\/para-art-2025-targi-sztuki-12-kwietnia-2025\/\">PARA ART 2025 \u2013 TARGI SZTUKI \u2013 12 KWIETNIA 2025<\/a><\/li>\n<li id=\"menu-item-51830\" class=\"menu-item menu-item-type-post_type menu-item-object-post menu-item-51830\"><a href=\"https:\/\/bpicakmiedzychod.pl\/index.php\/2025\/04\/15\/para-art-2025-recytator-11-kwietnia-2025\/\">PARA ART 2025 \u2013 RECYTATOR \u2013 11 KWIETNIA 2025<\/a><\/li>\n<li id=\"menu-item-51607\" class=\"menu-item menu-item-type-post_type menu-item-object-post menu-item-51607\"><a href=\"https:\/\/bpicakmiedzychod.pl\/index.php\/2025\/04\/07\/stand-up-ewa-blachnio-27-marca-2025-rok\/\">Stand Up Ewa B\u0142achnio \u2013 27 marca 2025 rok<\/a><\/li>\n<li id=\"menu-item-51460\" class=\"menu-item menu-item-type-post_type menu-item-object-post menu-item-51460\"><a href=\"https:\/\/bpicakmiedzychod.pl\/index.php\/2025\/03\/18\/koncert-najpiekniejszej-muzyki-filmowej-w-wykonaniu-kwartetu-smyczkowego-ejos-music-16-marca-2025\/\">Koncert Najpi\u0119kniejszej muzyki filmowej w wykonaniu Kwartetu Smyczkowego Ejos Music \u2013 16 marca 2025<\/a><\/li>\n<li id=\"menu-item-51362\" class=\"menu-item menu-item-type-post_type menu-item-object-post menu-item-51362\"><a href=\"https:\/\/bpicakmiedzychod.pl\/index.php\/2025\/03\/13\/szlagierowy-zawrot-glowy-zespol-marsaalam-oraz-mirek-szoltysek-9-marca-2025-rok\/\">\u201eSzlagierowy zawr\u00f3t g\u0142owy\u201d Zesp\u00f3\u0142 MarsaAlam oraz Mirek Szo\u0142tysek \u2013 9 marca 2025 rok<\/a><\/li>\n<li id=\"menu-item-51341\" class=\"menu-item menu-item-type-post_type menu-item-object-post menu-item-51341\"><a href=\"https:\/\/bpicakmiedzychod.pl\/index.php\/2025\/03\/13\/koncert-z-okazji-dnia-kobiet-8-marca-2025-rok\/\">Koncert z okazji Dnia Kobiet \u2013 8 marca 2025 rok<\/a><\/li>\n<li id=\"menu-item-51388\" class=\"menu-item menu-item-type-post_type menu-item-object-post menu-item-51388\"><a href=\"https:\/\/bpicakmiedzychod.pl\/index.php\/2025\/03\/13\/koncert-studia-piosenki-zakochani-sa-wsrod-nas-28-lutego-2025-rok\/\">Koncert Studia Piosenki \u201eZakochani s\u0105 w\u015br\u00f3d Nas\u201d \u2013 28 lutego 2025 rok<\/a><\/li>\n<li id=\"menu-item-51403\" class=\"menu-item menu-item-type-post_type menu-item-object-post menu-item-51403\"><a href=\"https:\/\/bpicakmiedzychod.pl\/index.php\/2025\/03\/13\/kabaret-paranienormalni-14-luty-2025-rok\/\">Kabaret Paranienormalni \u2013 14 luty 2025 rok<\/a><\/li>\n<li id=\"menu-item-50583\" class=\"menu-item menu-item-type-post_type menu-item-object-post menu-item-50583\"><a href=\"https:\/\/bpicakmiedzychod.pl\/index.php\/2025\/02\/06\/zimowisko-maski-karnawalowe-30-stycznia-2025\/\">ZIMOWISKO \u2013 maski karnawa\u0142owe \u2013 30 stycznia 2025<\/a><\/li>\n<li id=\"menu-item-50613\" class=\"menu-item menu-item-type-post_type menu-item-object-post menu-item-50613\"><a href=\"https:\/\/bpicakmiedzychod.pl\/index.php\/2025\/02\/06\/kosmiczne-pokaz-baniek-mydlanych-28-stycznia-2025-r\/\">ZIMOWISKO &#8211; Kosmiczny Pokaz Baniek Mydlanych \u2013 28 stycznia 2025 r.<\/a><\/li>\n<li id=\"menu-item-50680\" class=\"menu-item menu-item-type-post_type menu-item-object-post menu-item-50680\"><a href=\"https:\/\/bpicakmiedzychod.pl\/index.php\/2025\/02\/06\/zimowa-polkolonia-w-cak-miedzychod-20-stycznia-do-24-stycznia-2025-r\/\">Zimowa P\u00d3\u0141KOLONIA w CAK Mi\u0119dzych\u00f3d \u2013 20 stycznia do 24 stycznia 2025 r.<\/a><\/li>\n<li id=\"menu-item-50543\" class=\"menu-item menu-item-type-post_type menu-item-object-post menu-item-50543\"><a href=\"https:\/\/bpicakmiedzychod.pl\/index.php\/2025\/01\/20\/spektakl-taneczny-titanic-studio-tanca-remix-miedzychod-18-stycznia-2025-r\/\">Spektakl taneczny \u201eTITANIC\u201d \u2013 Studio Ta\u0144ca Remix Mi\u0119dzych\u00f3d \u2013 18 stycznia 2025 r.<\/a><\/li>\n<li id=\"menu-item-50478\" class=\"menu-item menu-item-type-post_type menu-item-object-post menu-item-50478\"><a href=\"https:\/\/bpicakmiedzychod.pl\/index.php\/2025\/01\/16\/chor-lutnia-oraz-choru-canto-choralis-z-drezdenka-koncert-koled-w-kosciele-pw-swietego-jana-chrzciciela-w-miedzychodzie-12-stycznia-2025-r\/\">Ch\u00f3r Lutnia oraz Ch\u00f3r Canto Choralis z Drezdenka \u2013 Koncert Kol\u0119d w Ko\u015bciele pw. \u015awi\u0119tego Jana Chrzciciela w Mi\u0119dzychodzie \u2013 12 stycznia 2025 r.<\/a><\/li>\n<li id=\"menu-item-50464\" class=\"menu-item menu-item-type-post_type menu-item-object-post menu-item-50464\"><a href=\"https:\/\/bpicakmiedzychod.pl\/index.php\/2025\/01\/16\/koncert-noworoczny-orkiestry-detej-miedzychod-goscinnie-kapela-z-lokazji-ze-zbaszynia-oraz-magdalena-stec-12-stycznia-2025-r\/\">Koncert Noworoczny Orkiestry D\u0119tej Mi\u0119dzych\u00f3d \u2013 go\u015bcinnie: Kapela z \u0141okazji ze Zb\u0105szynia oraz Magdalena Stec \u2013 12 stycznia 2025 r.<\/a><\/li>\n<li id=\"menu-item-50392\" class=\"menu-item menu-item-type-post_type menu-item-object-post menu-item-50392\"><a href=\"https:\/\/bpicakmiedzychod.pl\/index.php\/2025\/01\/10\/akompaniator-teatr-muzyczny-z-poznania-5-stycznia-2025-r\/\">\u201eAkompaniator\u201d Teatr Muzyczny z Poznania 5 stycznia 2025 r.<\/a><\/li>\n<\/ul>                <button class=\"eael-advanced-menu-toggle\" aria-label=\"Essential Addons Toggle Menu\">\n                    <i aria-hidden=\"true\" class=\"fas fa-bars\"><\/i>                <\/button>\n            <\/div>\n            \t\t\t\t<\/div>\n\t\t\t\t<\/div>\n\t\t\t\t\t<\/div>\n\t\t<\/div>\n\t\t\t\t\t<\/div>\n\t\t<\/section>\n\t\t\t\t<\/div>\n\t\t","protected":false},"excerpt":{"rendered":"<p>POWR\u00d3T Galeria 2025 \u015awi\u0105teczny nastr\u00f3j zaczarowa\u0142 Nas .. Kol\u0119dy i pastora\u0142ki w ch\u00f3ralnych, od\u015bwi\u0119tnych opracowaniach \u2013 Zesp\u00f3\u0142 wokalny Forever 5, State of Angels, Studio Piosenki, Zesp\u00f3\u0142 wokalny Zupa Og\u00f3rkowa \u2013 17 grudnia 2025 rok Jarmark Bo\u017conarodzeniowy \u2013 wyst\u0119py artystyczne, animacje dla dzieci, r\u0119kodzie\u0142o \u2013 6 grudnia 2025 rok Jarmark Bo\u017conarodzeniowy \u2013 stoiska r\u0119kodzielnicze, warsztaty, gastronomia [&hellip;]<\/p>\n","protected":false},"author":1,"featured_media":0,"parent":84,"menu_order":0,"comment_status":"closed","ping_status":"closed","template":"elementor_header_footer","meta":{"footnotes":""},"class_list":["post-50394","page","type-page","status-publish","hentry"],"_links":{"self":[{"href":"https:\/\/bpicakmiedzychod.pl\/index.php\/wp-json\/wp\/v2\/pages\/50394","targetHints":{"allow":["GET"]}}],"collection":[{"href":"https:\/\/bpicakmiedzychod.pl\/index.php\/wp-json\/wp\/v2\/pages"}],"about":[{"href":"https:\/\/bpicakmiedzychod.pl\/index.php\/wp-json\/wp\/v2\/types\/page"}],"author":[{"embeddable":true,"href":"https:\/\/bpicakmiedzychod.pl\/index.php\/wp-json\/wp\/v2\/users\/1"}],"replies":[{"embeddable":true,"href":"https:\/\/bpicakmiedzychod.pl\/index.php\/wp-json\/wp\/v2\/comments?post=50394"}],"version-history":[{"count":18,"href":"https:\/\/bpicakmiedzychod.pl\/index.php\/wp-json\/wp\/v2\/pages\/50394\/revisions"}],"predecessor-version":[{"id":59180,"href":"https:\/\/bpicakmiedzychod.pl\/index.php\/wp-json\/wp\/v2\/pages\/50394\/revisions\/59180"}],"up":[{"embeddable":true,"href":"https:\/\/bpicakmiedzychod.pl\/index.php\/wp-json\/wp\/v2\/pages\/84"}],"wp:attachment":[{"href":"https:\/\/bpicakmiedzychod.pl\/index.php\/wp-json\/wp\/v2\/media?parent=50394"}],"curies":[{"name":"wp","href":"https:\/\/api.w.org\/{rel}","templated":true}]}}