{"id":50404,"date":"2025-01-10T11:19:03","date_gmt":"2025-01-10T11:19:03","guid":{"rendered":"https:\/\/bpicakmiedzychod.pl\/?page_id=50404"},"modified":"2025-07-07T10:01:52","modified_gmt":"2025-07-07T10:01:52","slug":"2025-2","status":"publish","type":"page","link":"https:\/\/bpicakmiedzychod.pl\/index.php\/biblioteka-publiczna\/galeria\/2025-2\/","title":{"rendered":"2025"},"content":{"rendered":"\t\t<div data-elementor-type=\"wp-page\" data-elementor-id=\"50404\" class=\"elementor elementor-50404\" data-elementor-post-type=\"page\">\n\t\t\t\t\t\t<section data-particle_enable=\"false\" data-particle-mobile-disabled=\"false\" class=\"elementor-section elementor-top-section elementor-element elementor-element-34d4abe elementor-section-full_width elementor-section-height-default elementor-section-height-default\" data-id=\"34d4abe\" data-element_type=\"section\" data-settings=\"{&quot;background_background&quot;:&quot;classic&quot;}\">\n\t\t\t\t\t\t<div class=\"elementor-container elementor-column-gap-wider\">\n\t\t\t\t\t<div class=\"elementor-column elementor-col-50 elementor-top-column elementor-element elementor-element-2ae9111\" data-id=\"2ae9111\" data-element_type=\"column\" data-settings=\"{&quot;background_background&quot;:&quot;classic&quot;}\">\n\t\t\t<div class=\"elementor-widget-wrap elementor-element-populated\">\n\t\t\t\t\t<div class=\"elementor-background-overlay\"><\/div>\n\t\t\t\t\t\t<div class=\"elementor-element elementor-element-3bfd864 elementor-widget elementor-widget-eael-creative-button\" data-id=\"3bfd864\" data-element_type=\"widget\" data-widget_type=\"eael-creative-button.default\">\n\t\t\t\t<div class=\"elementor-widget-container\">\n\t\t\t\t\t        <div class=\"eael-creative-button-wrapper\">\n\n            <a class=\"eael-creative-button eael-creative-button--wave\" href=\"https:\/\/bpicakmiedzychod.pl\/index.php\/biblioteka-publiczna\/galeria\/\" data-text=\"Sprawd\u017a\">\n            \t    \n                <div class=\"creative-button-inner\">\n\n                                            <span class=\"eael-creative-button-icon-left\"><\/span>                    \n                    <span class=\"cretive-button-text\">POWR\u00d3T<\/span>\n\n                                    <\/div>\n\t                        <\/a>\n        <\/div>\n        \t\t\t\t<\/div>\n\t\t\t\t<\/div>\n\t\t\t\t\t<\/div>\n\t\t<\/div>\n\t\t\t\t<div class=\"elementor-column elementor-col-50 elementor-top-column elementor-element elementor-element-99ca331\" data-id=\"99ca331\" data-element_type=\"column\" data-settings=\"{&quot;background_background&quot;:&quot;classic&quot;}\">\n\t\t\t<div class=\"elementor-widget-wrap elementor-element-populated\">\n\t\t\t\t\t\t<div class=\"elementor-element elementor-element-e08ba48 elementor-widget-divider--view-line elementor-widget elementor-widget-divider\" data-id=\"e08ba48\" data-element_type=\"widget\" data-widget_type=\"divider.default\">\n\t\t\t\t<div class=\"elementor-widget-container\">\n\t\t\t\t\t\t\t<div class=\"elementor-divider\">\n\t\t\t<span class=\"elementor-divider-separator\">\n\t\t\t\t\t\t<\/span>\n\t\t<\/div>\n\t\t\t\t\t\t<\/div>\n\t\t\t\t<\/div>\n\t\t\t\t<div class=\"elementor-element elementor-element-23e2f0b elementor-widget elementor-widget-heading\" data-id=\"23e2f0b\" data-element_type=\"widget\" data-widget_type=\"heading.default\">\n\t\t\t\t<div class=\"elementor-widget-container\">\n\t\t\t\t\t<h2 class=\"elementor-heading-title elementor-size-default\">Galeria 2025<\/h2>\t\t\t\t<\/div>\n\t\t\t\t<\/div>\n\t\t\t\t<div class=\"elementor-element elementor-element-284253d elementor-widget elementor-widget-html\" data-id=\"284253d\" data-element_type=\"widget\" data-widget_type=\"html.default\">\n\t\t\t\t<div class=\"elementor-widget-container\">\n\t\t\t\t\t<style>\n\n@media screen and (max-width: 1000px) {\nbody{margin-left:0px;}\n}\n\n@media screen and (min-width: 1000px) {\nbody{margin-left:60px;}\n}\n\n\n\n<\/style>\t\t\t\t<\/div>\n\t\t\t\t<\/div>\n\t\t\t\t\t<\/div>\n\t\t<\/div>\n\t\t\t\t\t<\/div>\n\t\t<\/section>\n\t\t\t\t<section data-particle_enable=\"false\" data-particle-mobile-disabled=\"false\" class=\"elementor-section elementor-top-section elementor-element elementor-element-2f4d276 elementor-section-full_width elementor-section-height-default elementor-section-height-default\" data-id=\"2f4d276\" data-element_type=\"section\" data-settings=\"{&quot;background_background&quot;:&quot;classic&quot;}\">\n\t\t\t\t\t\t<div class=\"elementor-container elementor-column-gap-no\">\n\t\t\t\t\t<div class=\"elementor-column elementor-col-100 elementor-top-column elementor-element elementor-element-e14234f\" data-id=\"e14234f\" data-element_type=\"column\">\n\t\t\t<div class=\"elementor-widget-wrap elementor-element-populated\">\n\t\t\t\t\t\t<div class=\"elementor-element elementor-element-2eccbdc eael_advanced_menu_hamburger_disable_selected_menu_no eael-advanced-menu-hamburger-align-right eael-advanced-menu--no eael-hamburger--tablet elementor-widget elementor-widget-eael-advanced-menu\" data-id=\"2eccbdc\" data-element_type=\"widget\" data-widget_type=\"eael-advanced-menu.skin-seven\">\n\t\t\t\t<div class=\"elementor-widget-container\">\n\t\t\t\t\t<style>\n                        @media screen and (max-width: 1024px) {\n                            .eael-hamburger--tablet {\n                                .eael-advanced-menu-horizontal,\n                                .eael-advanced-menu-vertical {\n                                    display: none;\n                                }\n                            }\n                            .eael-hamburger--tablet {\n                                .eael-advanced-menu-container .eael-advanced-menu-toggle {\n                                    display: block;\n                                }\n                            }\n                        }\n                    <\/style>            <div data-hamburger-icon=\"&lt;i aria-hidden=&quot;true&quot; class=&quot;fas fa-bars&quot;&gt;&lt;\/i&gt;\" data-indicator-class=\"&lt;i aria-hidden=&quot;true&quot; class=&quot;fas fa-angle-down&quot;&gt;&lt;\/i&gt;\" data-dropdown-indicator-class=\"&lt;i aria-hidden=&quot;true&quot; class=&quot;fas fa-angle-down&quot;&gt;&lt;\/i&gt;\" class=\"eael-advanced-menu-container eael-advanced-menu-align-center eael-advanced-menu-dropdown-align-left\" data-hamburger-breakpoints=\"{&quot;mobile&quot;:&quot;Mobilny pionowy (&gt; 767px)&quot;,&quot;tablet&quot;:&quot;Pionowy tablet (&gt; 1024px)&quot;,&quot;desktop&quot;:&quot;Desktop (&gt; 2400px)&quot;,&quot;none&quot;:&quot;None&quot;}\" data-hamburger-device=\"tablet\">\n                <ul id=\"menu-2025-biblioteka\" class=\"eael-advanced-menu eael-advanced-menu-dropdown-animate-to-top eael-advanced-menu-indicator eael-advanced-menu-vertical\"><li id=\"menu-item-57468\" class=\"menu-item menu-item-type-post_type menu-item-object-post menu-item-57468\"><a href=\"https:\/\/bpicakmiedzychod.pl\/index.php\/2025\/10\/23\/sploty-i-splotki-upiekszaja-miedzychod-22-pazdziernika-2025-2\/\">Sploty i sPlotki upi\u0119kszaj\u0105 Mi\u0119dzych\u00f3d \u2013 22 pa\u017adziernika 2025<\/a><\/li>\n<li id=\"menu-item-57406\" class=\"menu-item menu-item-type-post_type menu-item-object-post menu-item-57406\"><a href=\"https:\/\/bpicakmiedzychod.pl\/index.php\/2025\/10\/17\/dezinformacja-fake-news-manipulacja-wyklad-15-pazdziernika-2025\/\">Dezinformacja fake news, manipulacja \u2013 wyk\u0142ad 15 pa\u017adziernika 2025<\/a><\/li>\n<li id=\"menu-item-57326\" class=\"menu-item menu-item-type-post_type menu-item-object-post menu-item-57326\"><a href=\"https:\/\/bpicakmiedzychod.pl\/index.php\/2025\/10\/13\/pawel-j-sochacki-spotkanie-autorskie-10-pazdziernika-2025-2\/\">Pawe\u0142 J. Sochacki \u2013 spotkanie autorskie 10 pa\u017adziernika 2025.<\/a><\/li>\n<li id=\"menu-item-57337\" class=\"menu-item menu-item-type-post_type menu-item-object-post menu-item-57337\"><a href=\"https:\/\/bpicakmiedzychod.pl\/index.php\/2025\/10\/13\/mlodziez-w-unii-europejskiej-10-pazdziernika-2025\/\">M\u0142odzie\u017c w Unii Europejskiej \u2013 10 pa\u017adziernika 2025<\/a><\/li>\n<li id=\"menu-item-57219\" class=\"menu-item menu-item-type-post_type menu-item-object-post menu-item-57219\"><a href=\"https:\/\/bpicakmiedzychod.pl\/index.php\/2025\/09\/30\/spotkanie-autorskie-z-bohdanem-kolomijczukiem-26-wrzesien-2025\/\">Spotkanie autorskie z Bohdanem Ko\u0142omijczukiem \u2013 26 wrzesie\u0144 2025.<\/a><\/li>\n<li id=\"menu-item-57187\" class=\"menu-item menu-item-type-post_type menu-item-object-post menu-item-57187\"><a href=\"https:\/\/bpicakmiedzychod.pl\/index.php\/2025\/09\/17\/czytalscy-spotkanie-z-kolekcjonerem-pajakow-tomaszem-wycech-13-wrzesnia-2025\/\">Czytalscy \u2013 spotkanie z kolekcjonerem paj\u0105k\u00f3w Tomaszem Wycech \u2013 13 wrze\u015bnia 2025<\/a><\/li>\n<li id=\"menu-item-55382\" class=\"menu-item menu-item-type-post_type menu-item-object-post menu-item-55382\"><a href=\"https:\/\/bpicakmiedzychod.pl\/index.php\/2025\/08\/08\/party-z-kicia-kocia-7-sierpnia-2025\/\">Party z KICI\u0104 KOCI\u0104 \u2013 7 sierpnia 2025<\/a><\/li>\n<li id=\"menu-item-55311\" class=\"menu-item menu-item-type-post_type menu-item-object-post menu-item-55311\"><a href=\"https:\/\/bpicakmiedzychod.pl\/index.php\/2025\/07\/31\/spotkanie-autorskie-z-magdalena-ludwiczak-promujace-ksiazke-dla-dzieci-pt-glaskalnia-dla-kotow-29-sierpnia-2025-p\/\">Spotkanie autorskie z Magdalen\u0105 Ludwiczak  promuj\u0105ce ksi\u0105\u017ck\u0119 dla dzieci pt. \u201eG\u0142askalnia dla kot\u00f3w\u201d- 29 sierpnia 2025 p<\/a><\/li>\n<li id=\"menu-item-54914\" class=\"menu-item menu-item-type-post_type menu-item-object-post menu-item-54914\"><a href=\"https:\/\/bpicakmiedzychod.pl\/index.php\/2025\/07\/07\/w-swiecie-calineczki-warsztaty-kreatywne-dla-dzieci-4-lipca-2025\/\">\u201eW \u015bwiecie Calineczki\u201d \u2013 warsztaty kreatywne dla dzieci \u2013 4 lipca 2025.<\/a><\/li>\n<li id=\"menu-item-55000\" class=\"menu-item menu-item-type-post_type menu-item-object-post menu-item-55000\"><a href=\"https:\/\/bpicakmiedzychod.pl\/index.php\/2025\/07\/07\/odjazdowy-bibliotekarz-xii-rodzinny-rajd-rowerowy-sladami-granicy-wersalskiej-28-czerwca-2025\/\">\u201eOdjazdowy Bibliotekarz\u201d \u2013 XII Rodzinny Rajd Rowerowy \u015aladami Granicy Wersalskiej \u2013 28 czerwca 2025.<\/a><\/li>\n<li id=\"menu-item-55008\" class=\"menu-item menu-item-type-post_type menu-item-object-post menu-item-55008\"><a href=\"https:\/\/bpicakmiedzychod.pl\/index.php\/2025\/07\/07\/na-herbatce-u-pani-ksiazki-zakonczenie-roku-szkolnego-25-czerwca-2025\/\">Na herbatce u Pani Ksi\u0105\u017cki \u2013 zako\u0144czenie roku szkolnego \u2013 25 czerwca 2025.<\/a><\/li>\n<li id=\"menu-item-54989\" class=\"menu-item menu-item-type-post_type menu-item-object-post menu-item-54989\"><a href=\"https:\/\/bpicakmiedzychod.pl\/index.php\/2025\/07\/07\/bookcrossing-czyli-uwolnij-ksiazke-17-czerwca-2025\/\">Bookcrossing, czyli uwolnij ksi\u0105\u017ck\u0119 \u2013 17 czerwca 2025.<\/a><\/li>\n<li id=\"menu-item-54974\" class=\"menu-item menu-item-type-post_type menu-item-object-post menu-item-54974\"><a href=\"https:\/\/bpicakmiedzychod.pl\/index.php\/2025\/07\/07\/swiatowy-dzien-dziergania-w-miejscach-publicznych-15-czerwca-2025-3\/\">\u015awiatowy Dzie\u0144 Dziergania w Miejscach Publicznych \u2013 15 czerwca 2025.<\/a><\/li>\n<li id=\"menu-item-54949\" class=\"menu-item menu-item-type-post_type menu-item-object-post menu-item-54949\"><a href=\"https:\/\/bpicakmiedzychod.pl\/index.php\/2025\/07\/07\/koniec-roku-szkolnego-u-czytalskich-6-czerwca-2025\/\">Koniec roku szkolnego u Czytalskich \u2013 6 czerwca 2025.<\/a><\/li>\n<li id=\"menu-item-52971\" class=\"menu-item menu-item-type-post_type menu-item-object-post menu-item-52971\"><a href=\"https:\/\/bpicakmiedzychod.pl\/index.php\/2025\/06\/05\/spotkania-autorskie-z-magdalena-ludwiczak-4-czerwca-2025-r\/\">Spotkania autorskie z Magdalen\u0105 Ludwiczak \u2013 4 czerwca 2025 r.<\/a><\/li>\n<li id=\"menu-item-52897\" class=\"menu-item menu-item-type-post_type menu-item-object-post menu-item-52897\"><a href=\"https:\/\/bpicakmiedzychod.pl\/index.php\/2025\/06\/02\/dzien-dziecka-z-biblioteka-1-czerwca-2025-r\/\">Dzie\u0144 Dziecka z Bibliotek\u0105- 1 czerwca 2025 r.<\/a><\/li>\n<li id=\"menu-item-52702\" class=\"menu-item menu-item-type-post_type menu-item-object-post menu-item-52702\"><a href=\"https:\/\/bpicakmiedzychod.pl\/index.php\/2025\/05\/27\/promocja-ksiazki-pt-gmina-ewangelicka-w-sierakowie-23-maja-2025-r\/\">Promocja ksi\u0105\u017cki pt.\u201dGmina ewangelicka w Sierakowie\u201d \u2013 23 maja 2025 r.<\/a><\/li>\n<li id=\"menu-item-52621\" class=\"menu-item menu-item-type-post_type menu-item-object-post menu-item-52621\"><a href=\"https:\/\/bpicakmiedzychod.pl\/index.php\/2025\/05\/20\/klub-czytajacych-rodzin-czytalscy-17-05-2025r\/\">Klub czytaj\u0105cych rodzin \u201eCzytalscy\u201d -17.05.2025r.<\/a><\/li>\n<li id=\"menu-item-52338\" class=\"menu-item menu-item-type-post_type menu-item-object-post menu-item-52338\"><a href=\"https:\/\/bpicakmiedzychod.pl\/index.php\/2025\/05\/13\/spotkanie-autorskie-z-lukaszem-wierzbickim-13-maja-2025r\/\">Spotkanie autorskie z \u0141ukaszem Wierzbickim \u2013 13 maja 2025r.<\/a><\/li>\n<li id=\"menu-item-52024\" class=\"menu-item menu-item-type-post_type menu-item-object-post menu-item-52024\"><a href=\"https:\/\/bpicakmiedzychod.pl\/index.php\/2025\/04\/17\/iv-powiatowy-konkurs-pieknego-czytania-etap-powiatowy-16-kwietnia-2025r\/\">IV Powiatowy Konkurs pi\u0119knego Czytania \u2013 etap powiatowy \u2013 16 kwietnia 2025r.<\/a><\/li>\n<li id=\"menu-item-51736\" class=\"menu-item menu-item-type-post_type menu-item-object-post menu-item-51736\"><a href=\"https:\/\/bpicakmiedzychod.pl\/index.php\/2025\/04\/14\/spotkanie-autorskie-z-jerzym-muzyka-12-kwietnia-2025r\/\">Spotkanie autorskie z Jerzym Muzyk\u0105 \u2013 12 kwietnia 2025r.<\/a><\/li>\n<li id=\"menu-item-51683\" class=\"menu-item menu-item-type-post_type menu-item-object-post menu-item-51683\"><a href=\"https:\/\/bpicakmiedzychod.pl\/index.php\/2025\/04\/11\/powiatowy-konkurs-pieknego-czytania-etap-gminny-4-kwietnia-2025r\/\">Powiatowy Konkurs Pi\u0119knego Czytania \u2013 etap gminny 4 kwietnia 2025r<\/a><\/li>\n<li id=\"menu-item-51545\" class=\"menu-item menu-item-type-post_type menu-item-object-post menu-item-51545\"><a href=\"https:\/\/bpicakmiedzychod.pl\/index.php\/2025\/03\/24\/spotkanie-autorskie-z-irena-wachowiak-21-03-2025-r\/\">Spotkanie autorskie z Iren\u0105 Wachowiak \u2013 21 marca 2025 r.<\/a><\/li>\n<li id=\"menu-item-51544\" class=\"menu-item menu-item-type-post_type menu-item-object-post menu-item-51544\"><a href=\"https:\/\/bpicakmiedzychod.pl\/index.php\/2025\/03\/24\/klub-czytajacych-rodzin-kosmos-15-marca-2025-r\/\">Klub czytaj\u0105cych rodzin \u2013 Kosmos \u2013 15 marca 2025 r.<\/a><\/li>\n<li id=\"menu-item-51015\" class=\"menu-item menu-item-type-post_type menu-item-object-post menu-item-51015\"><a href=\"https:\/\/bpicakmiedzychod.pl\/index.php\/2025\/03\/05\/biblioteczne-walentynki-14-lutego-2025-r\/\">Biblioteczne Walentynki \u2013 14 lutego 2025 r<\/a><\/li>\n<li id=\"menu-item-51061\" class=\"menu-item menu-item-type-post_type menu-item-object-post menu-item-51061\"><a href=\"https:\/\/bpicakmiedzychod.pl\/index.php\/2025\/03\/05\/klub-czytajacych-rodzin-emocje-8-lutego-2025-r\/\">Klub czytaj\u0105cych rodzin \u2013 Emocje \u2013 8 lutego 2025 r<\/a><\/li>\n<li id=\"menu-item-51049\" class=\"menu-item menu-item-type-post_type menu-item-object-post menu-item-51049\"><a href=\"https:\/\/bpicakmiedzychod.pl\/index.php\/2025\/03\/05\/pomaluje-swoj-swiat-na-zolto-i-na-niebiesko-warsztaty-kreatywne-22-stycznia-2025-r\/\">Pomaluj\u0119 sw\u00f3j \u015bwiat na \u017c\u00f3\u0142to i na niebiesko \u2013 warsztaty kreatywne- 22 stycznia 2025 r<\/a><\/li>\n<li id=\"menu-item-51032\" class=\"menu-item menu-item-type-post_type menu-item-object-post menu-item-51032\"><a href=\"https:\/\/bpicakmiedzychod.pl\/index.php\/2025\/03\/05\/klub-czytajacych-rodzin-pierwsza-pomoc-18-stycznia-2025r\/\">Klub czytaj\u0105cych rodzin \u2013 Pierwsza pomoc- 18 stycznia 2025r.<\/a><\/li>\n<\/ul>                <button class=\"eael-advanced-menu-toggle\" aria-label=\"Essential Addons Toggle Menu\">\n                    <i aria-hidden=\"true\" class=\"fas fa-bars\"><\/i>                <\/button>\n            <\/div>\n            \t\t\t\t<\/div>\n\t\t\t\t<\/div>\n\t\t\t\t\t<\/div>\n\t\t<\/div>\n\t\t\t\t\t<\/div>\n\t\t<\/section>\n\t\t\t\t<\/div>\n\t\t","protected":false},"excerpt":{"rendered":"<p>POWR\u00d3T Galeria 2025 \u201eW \u015bwiecie Calineczki\u201d \u2013 warsztaty kreatywne dla dzieci \u2013 4 lipca 2025. \u201eOdjazdowy Bibliotekarz\u201d \u2013 XII Rodzinny Rajd Rowerowy \u015aladami Granicy Wersalskiej \u2013 28 czerwca 2025. Na herbatce u Pani Ksi\u0105\u017cki \u2013 zako\u0144czenie roku szkolnego \u2013 25 czerwca 2025. Bookcrossing, czyli uwolnij ksi\u0105\u017ck\u0119 \u2013 17 czerwca 2025. \u015awiatowy Dzie\u0144 Dziergania w Miejscach [&hellip;]<\/p>\n","protected":false},"author":1,"featured_media":0,"parent":165,"menu_order":0,"comment_status":"closed","ping_status":"closed","template":"elementor_header_footer","meta":{"footnotes":""},"class_list":["post-50404","page","type-page","status-publish","hentry"],"_links":{"self":[{"href":"https:\/\/bpicakmiedzychod.pl\/index.php\/wp-json\/wp\/v2\/pages\/50404","targetHints":{"allow":["GET"]}}],"collection":[{"href":"https:\/\/bpicakmiedzychod.pl\/index.php\/wp-json\/wp\/v2\/pages"}],"about":[{"href":"https:\/\/bpicakmiedzychod.pl\/index.php\/wp-json\/wp\/v2\/types\/page"}],"author":[{"embeddable":true,"href":"https:\/\/bpicakmiedzychod.pl\/index.php\/wp-json\/wp\/v2\/users\/1"}],"replies":[{"embeddable":true,"href":"https:\/\/bpicakmiedzychod.pl\/index.php\/wp-json\/wp\/v2\/comments?post=50404"}],"version-history":[{"count":8,"href":"https:\/\/bpicakmiedzychod.pl\/index.php\/wp-json\/wp\/v2\/pages\/50404\/revisions"}],"predecessor-version":[{"id":59497,"href":"https:\/\/bpicakmiedzychod.pl\/index.php\/wp-json\/wp\/v2\/pages\/50404\/revisions\/59497"}],"up":[{"embeddable":true,"href":"https:\/\/bpicakmiedzychod.pl\/index.php\/wp-json\/wp\/v2\/pages\/165"}],"wp:attachment":[{"href":"https:\/\/bpicakmiedzychod.pl\/index.php\/wp-json\/wp\/v2\/media?parent=50404"}],"curies":[{"name":"wp","href":"https:\/\/api.w.org\/{rel}","templated":true}]}}