{"id":54,"date":"2021-06-21T09:19:14","date_gmt":"2021-06-21T09:19:14","guid":{"rendered":"https:\/\/bpicakmiedzychod.pl\/?page_id=54"},"modified":"2026-01-30T09:40:15","modified_gmt":"2026-01-30T09:40:15","slug":"kadra-cak","status":"publish","type":"page","link":"https:\/\/bpicakmiedzychod.pl\/index.php\/centrum-animacji-kultury\/o-nas\/kadra-cak\/","title":{"rendered":"Kadra CAK"},"content":{"rendered":"\t\t<div data-elementor-type=\"wp-page\" data-elementor-id=\"54\" class=\"elementor elementor-54\" data-elementor-post-type=\"page\">\n\t\t\t\t\t\t<section data-particle_enable=\"false\" data-particle-mobile-disabled=\"false\" class=\"elementor-section elementor-top-section elementor-element elementor-element-60d0f32 elementor-section-full_width elementor-section-height-default elementor-section-height-default\" data-id=\"60d0f32\" data-element_type=\"section\" data-settings=\"{&quot;background_background&quot;:&quot;classic&quot;}\">\n\t\t\t\t\t\t<div class=\"elementor-container elementor-column-gap-no\">\n\t\t\t\t\t<div class=\"elementor-column elementor-col-25 elementor-top-column elementor-element elementor-element-ac74abf\" data-id=\"ac74abf\" data-element_type=\"column\">\n\t\t\t<div class=\"elementor-widget-wrap elementor-element-populated\">\n\t\t\t\t\t\t<div class=\"elementor-element elementor-element-c5eee61 elementor-widget-divider--view-line elementor-widget elementor-widget-divider\" data-id=\"c5eee61\" data-element_type=\"widget\" data-widget_type=\"divider.default\">\n\t\t\t\t<div class=\"elementor-widget-container\">\n\t\t\t\t\t\t\t<div class=\"elementor-divider\">\n\t\t\t<span class=\"elementor-divider-separator\">\n\t\t\t\t\t\t<\/span>\n\t\t<\/div>\n\t\t\t\t\t\t<\/div>\n\t\t\t\t<\/div>\n\t\t\t\t<div class=\"elementor-element elementor-element-6a0bbe0 elementor-widget elementor-widget-heading\" data-id=\"6a0bbe0\" data-element_type=\"widget\" data-widget_type=\"heading.default\">\n\t\t\t\t<div class=\"elementor-widget-container\">\n\t\t\t\t\t<h2 class=\"elementor-heading-title elementor-size-default\">Kadra CAK<\/h2>\t\t\t\t<\/div>\n\t\t\t\t<\/div>\n\t\t\t\t<div class=\"elementor-element elementor-element-d0b158f elementor-widget elementor-widget-html\" data-id=\"d0b158f\" data-element_type=\"widget\" data-widget_type=\"html.default\">\n\t\t\t\t<div class=\"elementor-widget-container\">\n\t\t\t\t\t<style>\n\n@media screen and (max-width: 1000px) {\nbody{margin-left:0px;}\n}\n\n@media screen and (min-width: 1000px) {\nbody{margin-left:60px;}\n}\n\n\n\n<\/style>\t\t\t\t<\/div>\n\t\t\t\t<\/div>\n\t\t\t\t\t<\/div>\n\t\t<\/div>\n\t\t\t\t<div class=\"elementor-column elementor-col-25 elementor-top-column elementor-element elementor-element-e9cb24a\" data-id=\"e9cb24a\" data-element_type=\"column\">\n\t\t\t<div class=\"elementor-widget-wrap elementor-element-populated\">\n\t\t\t\t\t\t<div class=\"elementor-element elementor-element-4ad338f osoba elementor-widget elementor-widget-eael-interactive-promo\" data-id=\"4ad338f\" data-element_type=\"widget\" data-widget_type=\"eael-interactive-promo.default\">\n\t\t\t\t<div class=\"elementor-widget-container\">\n\t\t\t\t\t\t\t<div id=\"eael-promo-4ad338f\" class=\"eael-interactive-promo\">\n\t\t\t<figure class=\"effect-apollo\">\n\t\t\t\t<img decoding=\"async\" alt=\"\" src=\"https:\/\/bpicakmiedzychod.pl\/wp-content\/uploads\/2025\/03\/dyrektor-1.png\">\t\t\t\t<figcaption>\n\t\t\t\t\t<div>\n\t\t\t\t\t\t\n\t\t\t\t\t\t<p><p><strong>Dyrektor<\/strong><br \/><br \/>Jakub Zachcia\u0142<\/p><\/p>\n\t\t\t\t\t<\/div>\n\t\t\t\t\t                        <a href=\"#\"><\/a>\n\t\t\t\t\t\t\t\t\t<\/figcaption>\n\t\t\t<\/figure>\n\t\t<\/div>\n\t\t\t\t\t\t<\/div>\n\t\t\t\t<\/div>\n\t\t\t\t\t<\/div>\n\t\t<\/div>\n\t\t\t\t<div class=\"elementor-column elementor-col-25 elementor-top-column elementor-element elementor-element-0621ac1\" data-id=\"0621ac1\" data-element_type=\"column\">\n\t\t\t<div class=\"elementor-widget-wrap elementor-element-populated\">\n\t\t\t\t\t\t<div class=\"elementor-element elementor-element-b238016 osoba elementor-widget elementor-widget-eael-interactive-promo\" data-id=\"b238016\" data-element_type=\"widget\" data-widget_type=\"eael-interactive-promo.default\">\n\t\t\t\t<div class=\"elementor-widget-container\">\n\t\t\t\t\t\t\t<div id=\"eael-promo-b238016\" class=\"eael-interactive-promo\">\n\t\t\t<figure class=\"effect-apollo\">\n\t\t\t\t<img decoding=\"async\" alt=\"\" src=\"https:\/\/bpicakmiedzychod.pl\/wp-content\/uploads\/2021\/10\/aleksandra_m_t.jpg\">\t\t\t\t<figcaption>\n\t\t\t\t\t<div>\n\t\t\t\t\t\t\n\t\t\t\t\t\t<p><strong>G\u0142\u00f3wny specjalista ds. kadr i p\u0142ac, ksi\u0119gowa<\/strong>\n<br>\nAleksandra\nMamet-Taczanowska\n<br>\n<i class=\"fas fa-phone-alt\"><\/i>\u00a0 95 308 83 91<\/p>\n\t\t\t\t\t<\/div>\n\t\t\t\t\t                        <a href=\"#\"><\/a>\n\t\t\t\t\t\t\t\t\t<\/figcaption>\n\t\t\t<\/figure>\n\t\t<\/div>\n\t\t\t\t\t\t<\/div>\n\t\t\t\t<\/div>\n\t\t\t\t\t<\/div>\n\t\t<\/div>\n\t\t\t\t<div class=\"elementor-column elementor-col-25 elementor-top-column elementor-element elementor-element-ead2726\" data-id=\"ead2726\" data-element_type=\"column\">\n\t\t\t<div class=\"elementor-widget-wrap elementor-element-populated\">\n\t\t\t\t\t\t<div class=\"elementor-element elementor-element-df6cf47 osoba elementor-widget elementor-widget-eael-interactive-promo\" data-id=\"df6cf47\" data-element_type=\"widget\" data-widget_type=\"eael-interactive-promo.default\">\n\t\t\t\t<div class=\"elementor-widget-container\">\n\t\t\t\t\t\t\t<div id=\"eael-promo-df6cf47\" class=\"eael-interactive-promo\">\n\t\t\t<figure class=\"effect-apollo\">\n\t\t\t\t<img decoding=\"async\" alt=\"\" src=\"https:\/\/bpicakmiedzychod.pl\/wp-content\/uploads\/2021\/10\/karolina_g_1.jpg\">\t\t\t\t<figcaption>\n\t\t\t\t\t<div>\n\t\t\t\t\t\t\n\t\t\t\t\t\t<p><strong>G\u0142\u00f3wna Ksi\u0119gowa<\/strong>\n<br>\nKarolina Grocholewska\n<br>\n<i class=\"fas fa-phone-alt\"><\/i>\u00a0 95 308 83 91<\/p>\n\t\t\t\t\t<\/div>\n\t\t\t\t\t                        <a href=\"#\"><\/a>\n\t\t\t\t\t\t\t\t\t<\/figcaption>\n\t\t\t<\/figure>\n\t\t<\/div>\n\t\t\t\t\t\t<\/div>\n\t\t\t\t<\/div>\n\t\t\t\t\t<\/div>\n\t\t<\/div>\n\t\t\t\t\t<\/div>\n\t\t<\/section>\n\t\t\t\t<section data-particle_enable=\"false\" data-particle-mobile-disabled=\"false\" class=\"elementor-section elementor-top-section elementor-element elementor-element-2c71887 elementor-section-full_width elementor-section-height-default elementor-section-height-default\" data-id=\"2c71887\" data-element_type=\"section\">\n\t\t\t\t\t\t<div class=\"elementor-container elementor-column-gap-no\">\n\t\t\t\t\t<div class=\"elementor-column elementor-col-25 elementor-top-column elementor-element elementor-element-2cb57eb\" data-id=\"2cb57eb\" data-element_type=\"column\">\n\t\t\t<div class=\"elementor-widget-wrap\">\n\t\t\t\t\t\t\t<\/div>\n\t\t<\/div>\n\t\t\t\t<div class=\"elementor-column elementor-col-25 elementor-top-column elementor-element elementor-element-8facc51\" data-id=\"8facc51\" data-element_type=\"column\">\n\t\t\t<div class=\"elementor-widget-wrap elementor-element-populated\">\n\t\t\t\t\t\t<div class=\"elementor-element elementor-element-35f7668 osoba elementor-widget elementor-widget-eael-interactive-promo\" data-id=\"35f7668\" data-element_type=\"widget\" data-widget_type=\"eael-interactive-promo.default\">\n\t\t\t\t<div class=\"elementor-widget-container\">\n\t\t\t\t\t\t\t<div id=\"eael-promo-35f7668\" class=\"eael-interactive-promo\">\n\t\t\t<figure class=\"effect-apollo\">\n\t\t\t\t<img decoding=\"async\" alt=\"\" src=\"https:\/\/bpicakmiedzychod.pl\/wp-content\/uploads\/2021\/10\/monika_c.jpg\">\t\t\t\t<figcaption>\n\t\t\t\t\t<div>\n\t\t\t\t\t\t\n\t\t\t\t\t\t<p><strong>Specjalista ds. kadr,\nreferent administracyjny, kasjer<\/strong>\n<br>\nMonika Cejba\n<br>\n<i class=\"fas fa-phone-alt\"><\/i> 95 308 83 93<\/p>\n\t\t\t\t\t<\/div>\n\t\t\t\t\t                        <a href=\"#\"><\/a>\n\t\t\t\t\t\t\t\t\t<\/figcaption>\n\t\t\t<\/figure>\n\t\t<\/div>\n\t\t\t\t\t\t<\/div>\n\t\t\t\t<\/div>\n\t\t\t\t\t<\/div>\n\t\t<\/div>\n\t\t\t\t<div class=\"elementor-column elementor-col-25 elementor-top-column elementor-element elementor-element-b8526d2\" data-id=\"b8526d2\" data-element_type=\"column\">\n\t\t\t<div class=\"elementor-widget-wrap elementor-element-populated\">\n\t\t\t\t\t\t<div class=\"elementor-element elementor-element-8c6b032 osoba elementor-widget elementor-widget-eael-interactive-promo\" data-id=\"8c6b032\" data-element_type=\"widget\" data-widget_type=\"eael-interactive-promo.default\">\n\t\t\t\t<div class=\"elementor-widget-container\">\n\t\t\t\t\t\t\t<div id=\"eael-promo-8c6b032\" class=\"eael-interactive-promo\">\n\t\t\t<figure class=\"effect-apollo\">\n\t\t\t\t<img decoding=\"async\" alt=\"\" src=\"https:\/\/bpicakmiedzychod.pl\/wp-content\/uploads\/2021\/10\/beata_b_1.jpg\">\t\t\t\t<figcaption>\n\t\t\t\t\t<div>\n\t\t\t\t\t\t\n\t\t\t\t\t\t<p><p><strong>Koordynator dzia\u0142a\u0144 merytoryczno - technicznych<\/strong><br \/><br \/>Beata Bilska<br \/><br \/><i class=\"fas fa-phone-alt\"><\/i> 95 308 83 99<\/p><\/p>\n\t\t\t\t\t<\/div>\n\t\t\t\t\t                        <a href=\"#\"><\/a>\n\t\t\t\t\t\t\t\t\t<\/figcaption>\n\t\t\t<\/figure>\n\t\t<\/div>\n\t\t\t\t\t\t<\/div>\n\t\t\t\t<\/div>\n\t\t\t\t\t<\/div>\n\t\t<\/div>\n\t\t\t\t<div class=\"elementor-column elementor-col-25 elementor-top-column elementor-element elementor-element-f8bc079\" data-id=\"f8bc079\" data-element_type=\"column\">\n\t\t\t<div class=\"elementor-widget-wrap elementor-element-populated\">\n\t\t\t\t\t\t<div class=\"elementor-element elementor-element-a00ef00 osoba elementor-widget elementor-widget-eael-interactive-promo\" data-id=\"a00ef00\" data-element_type=\"widget\" data-widget_type=\"eael-interactive-promo.default\">\n\t\t\t\t<div class=\"elementor-widget-container\">\n\t\t\t\t\t\t\t<div id=\"eael-promo-a00ef00\" class=\"eael-interactive-promo\">\n\t\t\t<figure class=\"effect-apollo\">\n\t\t\t\t<img decoding=\"async\" alt=\"\" src=\"https:\/\/bpicakmiedzychod.pl\/wp-content\/uploads\/2021\/10\/aleksandra_p_p.jpg\">\t\t\t\t<figcaption>\n\t\t\t\t\t<div>\n\t\t\t\t\t\t\n\t\t\t\t\t\t<p><p><strong>Instruktor ds. reklamy i organizacji imprez<br \/><\/strong>Aleksandra Puk<br \/><i class=\"fas fa-phone-alt\"><\/i> 95 308 83 92<\/p><\/p>\n\t\t\t\t\t<\/div>\n\t\t\t\t\t                        <a href=\"#\"><\/a>\n\t\t\t\t\t\t\t\t\t<\/figcaption>\n\t\t\t<\/figure>\n\t\t<\/div>\n\t\t\t\t\t\t<\/div>\n\t\t\t\t<\/div>\n\t\t\t\t\t<\/div>\n\t\t<\/div>\n\t\t\t\t\t<\/div>\n\t\t<\/section>\n\t\t\t\t<section data-particle_enable=\"false\" data-particle-mobile-disabled=\"false\" class=\"elementor-section elementor-top-section elementor-element elementor-element-96e9cad elementor-section-full_width elementor-section-height-default elementor-section-height-default\" data-id=\"96e9cad\" data-element_type=\"section\">\n\t\t\t\t\t\t<div class=\"elementor-container elementor-column-gap-no\">\n\t\t\t\t\t<div class=\"elementor-column elementor-col-25 elementor-top-column elementor-element elementor-element-55a253e\" data-id=\"55a253e\" data-element_type=\"column\">\n\t\t\t<div class=\"elementor-widget-wrap\">\n\t\t\t\t\t\t\t<\/div>\n\t\t<\/div>\n\t\t\t\t<div class=\"elementor-column elementor-col-25 elementor-top-column elementor-element elementor-element-dc3c023\" data-id=\"dc3c023\" data-element_type=\"column\">\n\t\t\t<div class=\"elementor-widget-wrap elementor-element-populated\">\n\t\t\t\t\t\t<div class=\"elementor-element elementor-element-0dde9b2 osoba elementor-widget elementor-widget-eael-interactive-promo\" data-id=\"0dde9b2\" data-element_type=\"widget\" data-widget_type=\"eael-interactive-promo.default\">\n\t\t\t\t<div class=\"elementor-widget-container\">\n\t\t\t\t\t\t\t<div id=\"eael-promo-0dde9b2\" class=\"eael-interactive-promo\">\n\t\t\t<figure class=\"effect-apollo\">\n\t\t\t\t<img decoding=\"async\" alt=\"\" src=\"https:\/\/bpicakmiedzychod.pl\/wp-content\/uploads\/2024\/09\/1Patrycja1-1-scaled.jpg\">\t\t\t\t<figcaption>\n\t\t\t\t\t<div>\n\t\t\t\t\t\t\n\t\t\t\t\t\t<p><strong>Specjalista ds. administracyjno - biurowych<\/strong>\n<br>\nPatrycja Ratajczak\n<br>\n<i class=\"fas fa-phone-alt\"><\/i> 95 748 26 02<\/p>\n\t\t\t\t\t<\/div>\n\t\t\t\t\t                        <a href=\"#\"><\/a>\n\t\t\t\t\t\t\t\t\t<\/figcaption>\n\t\t\t<\/figure>\n\t\t<\/div>\n\t\t\t\t\t\t<\/div>\n\t\t\t\t<\/div>\n\t\t\t\t\t<\/div>\n\t\t<\/div>\n\t\t\t\t<div class=\"elementor-column elementor-col-25 elementor-top-column elementor-element elementor-element-46e2244\" data-id=\"46e2244\" data-element_type=\"column\">\n\t\t\t<div class=\"elementor-widget-wrap elementor-element-populated\">\n\t\t\t\t\t\t<div class=\"elementor-element elementor-element-e8f0d6d osoba elementor-widget elementor-widget-eael-interactive-promo\" data-id=\"e8f0d6d\" data-element_type=\"widget\" data-widget_type=\"eael-interactive-promo.default\">\n\t\t\t\t<div class=\"elementor-widget-container\">\n\t\t\t\t\t\t\t<div id=\"eael-promo-e8f0d6d\" class=\"eael-interactive-promo\">\n\t\t\t<figure class=\"effect-apollo\">\n\t\t\t\t<img decoding=\"async\" alt=\"\" src=\"https:\/\/bpicakmiedzychod.pl\/wp-content\/uploads\/2021\/10\/zbigniew_c.jpg\">\t\t\t\t<figcaption>\n\t\t\t\t\t<div>\n\t\t\t\t\t\t\n\t\t\t\t\t\t<p><strong>Instruktor ds. plastyki\n<\/strong>Zbigniew Jakubowski\n<br>\n<i class=\"fas fa-phone-alt\"><\/i> 95 308 83 92<\/p>\n\t\t\t\t\t<\/div>\n\t\t\t\t\t                        <a href=\"#\"><\/a>\n\t\t\t\t\t\t\t\t\t<\/figcaption>\n\t\t\t<\/figure>\n\t\t<\/div>\n\t\t\t\t\t\t<\/div>\n\t\t\t\t<\/div>\n\t\t\t\t\t<\/div>\n\t\t<\/div>\n\t\t\t\t<div class=\"elementor-column elementor-col-25 elementor-top-column elementor-element elementor-element-e2bec39\" data-id=\"e2bec39\" data-element_type=\"column\">\n\t\t\t<div class=\"elementor-widget-wrap elementor-element-populated\">\n\t\t\t\t\t\t<div class=\"elementor-element elementor-element-54e8aa4 osoba elementor-widget elementor-widget-eael-interactive-promo\" data-id=\"54e8aa4\" data-element_type=\"widget\" data-widget_type=\"eael-interactive-promo.default\">\n\t\t\t\t<div class=\"elementor-widget-container\">\n\t\t\t\t\t\t\t<div id=\"eael-promo-54e8aa4\" class=\"eael-interactive-promo\">\n\t\t\t<figure class=\"effect-apollo\">\n\t\t\t\t<img decoding=\"async\" alt=\"\" src=\"https:\/\/bpicakmiedzychod.pl\/wp-content\/uploads\/2021\/10\/maciej_s.jpg\">\t\t\t\t<figcaption>\n\t\t\t\t\t<div>\n\t\t\t\t\t\t\n\t\t\t\t\t\t<p><p><strong>Operator urz\u0105dze\u0144 elektro-akustycznych<br \/><\/strong>Maciej Sawala<\/p><\/p>\n\t\t\t\t\t<\/div>\n\t\t\t\t\t                        <a href=\"#\"><\/a>\n\t\t\t\t\t\t\t\t\t<\/figcaption>\n\t\t\t<\/figure>\n\t\t<\/div>\n\t\t\t\t\t\t<\/div>\n\t\t\t\t<\/div>\n\t\t\t\t\t<\/div>\n\t\t<\/div>\n\t\t\t\t\t<\/div>\n\t\t<\/section>\n\t\t\t\t<section data-particle_enable=\"false\" data-particle-mobile-disabled=\"false\" class=\"elementor-section elementor-top-section elementor-element elementor-element-8c6e1ca elementor-section-full_width elementor-section-height-default elementor-section-height-default\" data-id=\"8c6e1ca\" data-element_type=\"section\">\n\t\t\t\t\t\t<div class=\"elementor-container elementor-column-gap-no\">\n\t\t\t\t\t<div class=\"elementor-column elementor-col-25 elementor-top-column elementor-element elementor-element-b6fcd1a\" data-id=\"b6fcd1a\" data-element_type=\"column\">\n\t\t\t<div class=\"elementor-widget-wrap\">\n\t\t\t\t\t\t\t<\/div>\n\t\t<\/div>\n\t\t\t\t<div class=\"elementor-column elementor-col-25 elementor-top-column elementor-element elementor-element-b12bf91\" data-id=\"b12bf91\" data-element_type=\"column\">\n\t\t\t<div class=\"elementor-widget-wrap elementor-element-populated\">\n\t\t\t\t\t\t<div class=\"elementor-element elementor-element-4288670 osoba elementor-widget elementor-widget-eael-interactive-promo\" data-id=\"4288670\" data-element_type=\"widget\" data-widget_type=\"eael-interactive-promo.default\">\n\t\t\t\t<div class=\"elementor-widget-container\">\n\t\t\t\t\t\t\t<div id=\"eael-promo-4288670\" class=\"eael-interactive-promo\">\n\t\t\t<figure class=\"effect-apollo\">\n\t\t\t\t<img decoding=\"async\" alt=\"\" src=\"https:\/\/bpicakmiedzychod.pl\/wp-content\/uploads\/2021\/10\/jaroslaw_c.jpg\">\t\t\t\t<figcaption>\n\t\t\t\t\t<div>\n\t\t\t\t\t\t\n\t\t\t\t\t\t<p><p><strong>Akustyk, pracownik gospodarczy, kierowca<br \/><\/strong>Jaros\u0142aw Cichosz<\/p><\/p>\n\t\t\t\t\t<\/div>\n\t\t\t\t\t                        <a href=\"#\"><\/a>\n\t\t\t\t\t\t\t\t\t<\/figcaption>\n\t\t\t<\/figure>\n\t\t<\/div>\n\t\t\t\t\t\t<\/div>\n\t\t\t\t<\/div>\n\t\t\t\t\t<\/div>\n\t\t<\/div>\n\t\t\t\t<div class=\"elementor-column elementor-col-25 elementor-top-column elementor-element elementor-element-4b4ca2e\" data-id=\"4b4ca2e\" data-element_type=\"column\">\n\t\t\t<div class=\"elementor-widget-wrap elementor-element-populated\">\n\t\t\t\t\t\t<div class=\"elementor-element elementor-element-01c898f osoba elementor-widget elementor-widget-eael-interactive-promo\" data-id=\"01c898f\" data-element_type=\"widget\" data-widget_type=\"eael-interactive-promo.default\">\n\t\t\t\t<div class=\"elementor-widget-container\">\n\t\t\t\t\t\t\t<div id=\"eael-promo-01c898f\" class=\"eael-interactive-promo\">\n\t\t\t<figure class=\"effect-apollo\">\n\t\t\t\t<img decoding=\"async\" alt=\"\" src=\"https:\/\/bpicakmiedzychod.pl\/wp-content\/uploads\/2024\/09\/2Ewa-scaled.jpg\">\t\t\t\t<figcaption>\n\t\t\t\t\t<div>\n\t\t\t\t\t\t\n\t\t\t\t\t\t<p><p><strong>Pracownik gospodarczy<br \/><\/strong>Ewa Patela<\/p><\/p>\n\t\t\t\t\t<\/div>\n\t\t\t\t\t                        <a href=\"#\"><\/a>\n\t\t\t\t\t\t\t\t\t<\/figcaption>\n\t\t\t<\/figure>\n\t\t<\/div>\n\t\t\t\t\t\t<\/div>\n\t\t\t\t<\/div>\n\t\t\t\t\t<\/div>\n\t\t<\/div>\n\t\t\t\t<div class=\"elementor-column elementor-col-25 elementor-top-column elementor-element elementor-element-cbaf6b8\" data-id=\"cbaf6b8\" data-element_type=\"column\">\n\t\t\t<div class=\"elementor-widget-wrap\">\n\t\t\t\t\t\t\t<\/div>\n\t\t<\/div>\n\t\t\t\t\t<\/div>\n\t\t<\/section>\n\t\t\t\t<section data-particle_enable=\"false\" data-particle-mobile-disabled=\"false\" class=\"elementor-section elementor-top-section elementor-element elementor-element-68b916b elementor-section-full_width elementor-section-height-default elementor-section-height-default\" data-id=\"68b916b\" data-element_type=\"section\">\n\t\t\t\t\t\t<div class=\"elementor-container elementor-column-gap-no\">\n\t\t\t\t\t<div class=\"elementor-column elementor-col-25 elementor-top-column elementor-element elementor-element-8e34639\" data-id=\"8e34639\" data-element_type=\"column\">\n\t\t\t<div class=\"elementor-widget-wrap\">\n\t\t\t\t\t\t\t<\/div>\n\t\t<\/div>\n\t\t\t\t<div class=\"elementor-column elementor-col-25 elementor-top-column elementor-element elementor-element-124d8fe\" data-id=\"124d8fe\" data-element_type=\"column\">\n\t\t\t<div class=\"elementor-widget-wrap elementor-element-populated\">\n\t\t\t\t\t\t<div class=\"elementor-element elementor-element-e7373bb osoba elementor-hidden-desktop elementor-hidden-tablet elementor-hidden-mobile elementor-widget elementor-widget-eael-interactive-promo\" data-id=\"e7373bb\" data-element_type=\"widget\" data-widget_type=\"eael-interactive-promo.default\">\n\t\t\t\t<div class=\"elementor-widget-container\">\n\t\t\t\t\t\t\t<div id=\"eael-promo-e7373bb\" class=\"eael-interactive-promo\">\n\t\t\t<figure class=\"effect-apollo\">\n\t\t\t\t<img decoding=\"async\" alt=\"\" src=\"https:\/\/bpicakmiedzychod.pl\/wp-content\/uploads\/2021\/10\/natalia_c.jpg\">\t\t\t\t<figcaption>\n\t\t\t\t\t<div>\n\t\t\t\t\t\t\n\t\t\t\t\t\t<p><p><strong>Dyrektor<\/strong><\/p><p>Natalia Czarnecka\u200b<\/p><\/p>\n\t\t\t\t\t<\/div>\n\t\t\t\t\t                        <a href=\"#\"><\/a>\n\t\t\t\t\t\t\t\t\t<\/figcaption>\n\t\t\t<\/figure>\n\t\t<\/div>\n\t\t\t\t\t\t<\/div>\n\t\t\t\t<\/div>\n\t\t\t\t\t<\/div>\n\t\t<\/div>\n\t\t\t\t<div class=\"elementor-column elementor-col-25 elementor-top-column elementor-element elementor-element-cc6b5cd\" data-id=\"cc6b5cd\" data-element_type=\"column\">\n\t\t\t<div class=\"elementor-widget-wrap elementor-element-populated\">\n\t\t\t\t\t\t<div class=\"elementor-element elementor-element-3863067 osoba elementor-widget elementor-widget-eael-interactive-promo\" data-id=\"3863067\" data-element_type=\"widget\" data-widget_type=\"eael-interactive-promo.default\">\n\t\t\t\t<div class=\"elementor-widget-container\">\n\t\t\t\t\t\t\t<div id=\"eael-promo-3863067\" class=\"eael-interactive-promo\">\n\t\t\t<figure class=\"effect-apollo\">\n\t\t\t\t<img decoding=\"async\" alt=\"\" src=\"\">\t\t\t\t<figcaption>\n\t\t\t\t\t<div>\n\t\t\t\t\t\t\n\t\t\t\t\t\t<p><p><strong>Pracownik gospodarczy<br \/><\/strong>Maria Gliszczy\u0144ska<\/p><\/p>\n\t\t\t\t\t<\/div>\n\t\t\t\t\t                        <a href=\"#\"><\/a>\n\t\t\t\t\t\t\t\t\t<\/figcaption>\n\t\t\t<\/figure>\n\t\t<\/div>\n\t\t\t\t\t\t<\/div>\n\t\t\t\t<\/div>\n\t\t\t\t<div class=\"elementor-element elementor-element-1fe17e0 osoba elementor-hidden-desktop elementor-hidden-tablet elementor-hidden-mobile elementor-widget elementor-widget-eael-interactive-promo\" data-id=\"1fe17e0\" data-element_type=\"widget\" data-widget_type=\"eael-interactive-promo.default\">\n\t\t\t\t<div class=\"elementor-widget-container\">\n\t\t\t\t\t\t\t<div id=\"eael-promo-1fe17e0\" class=\"eael-interactive-promo\">\n\t\t\t<figure class=\"effect-apollo\">\n\t\t\t\t<img decoding=\"async\" alt=\"\" src=\"https:\/\/bpicakmiedzychod.pl\/wp-content\/uploads\/2021\/10\/natalia_c.jpg\">\t\t\t\t<figcaption>\n\t\t\t\t\t<div>\n\t\t\t\t\t\t\n\t\t\t\t\t\t<p><p><strong>Dyrektor<\/strong><\/p><p>Natalia Czarnecka\u200b<\/p><\/p>\n\t\t\t\t\t<\/div>\n\t\t\t\t\t                        <a href=\"#\"><\/a>\n\t\t\t\t\t\t\t\t\t<\/figcaption>\n\t\t\t<\/figure>\n\t\t<\/div>\n\t\t\t\t\t\t<\/div>\n\t\t\t\t<\/div>\n\t\t\t\t\t<\/div>\n\t\t<\/div>\n\t\t\t\t<div class=\"elementor-column elementor-col-25 elementor-top-column elementor-element elementor-element-2e41efb\" data-id=\"2e41efb\" data-element_type=\"column\">\n\t\t\t<div class=\"elementor-widget-wrap\">\n\t\t\t\t\t\t\t<\/div>\n\t\t<\/div>\n\t\t\t\t\t<\/div>\n\t\t<\/section>\n\t\t\t\t<\/div>\n\t\t","protected":false},"excerpt":{"rendered":"<p>Kadra CAK Dyrektor Jakub Zachcia\u0142 G\u0142\u00f3wny specjalista ds. kadr i p\u0142ac, ksi\u0119gowa Aleksandra Mamet-Taczanowska \u00a0 95 308 83 91 G\u0142\u00f3wna Ksi\u0119gowa Karolina Grocholewska \u00a0 95 308 83 91 Specjalista ds. kadr, referent administracyjny, kasjer Monika Cejba 95 308 83 93 Koordynator dzia\u0142a\u0144 merytoryczno &#8211; technicznych Beata Bilska 95 308 83 99 Instruktor ds. reklamy i [&hellip;]<\/p>\n","protected":false},"author":1,"featured_media":0,"parent":50,"menu_order":0,"comment_status":"closed","ping_status":"closed","template":"elementor_header_footer","meta":{"footnotes":""},"class_list":["post-54","page","type-page","status-publish","hentry"],"_links":{"self":[{"href":"https:\/\/bpicakmiedzychod.pl\/index.php\/wp-json\/wp\/v2\/pages\/54","targetHints":{"allow":["GET"]}}],"collection":[{"href":"https:\/\/bpicakmiedzychod.pl\/index.php\/wp-json\/wp\/v2\/pages"}],"about":[{"href":"https:\/\/bpicakmiedzychod.pl\/index.php\/wp-json\/wp\/v2\/types\/page"}],"author":[{"embeddable":true,"href":"https:\/\/bpicakmiedzychod.pl\/index.php\/wp-json\/wp\/v2\/users\/1"}],"replies":[{"embeddable":true,"href":"https:\/\/bpicakmiedzychod.pl\/index.php\/wp-json\/wp\/v2\/comments?post=54"}],"version-history":[{"count":201,"href":"https:\/\/bpicakmiedzychod.pl\/index.php\/wp-json\/wp\/v2\/pages\/54\/revisions"}],"predecessor-version":[{"id":59242,"href":"https:\/\/bpicakmiedzychod.pl\/index.php\/wp-json\/wp\/v2\/pages\/54\/revisions\/59242"}],"up":[{"embeddable":true,"href":"https:\/\/bpicakmiedzychod.pl\/index.php\/wp-json\/wp\/v2\/pages\/50"}],"wp:attachment":[{"href":"https:\/\/bpicakmiedzychod.pl\/index.php\/wp-json\/wp\/v2\/media?parent=54"}],"curies":[{"name":"wp","href":"https:\/\/api.w.org\/{rel}","templated":true}]}}