{"id":55554,"date":"2025-08-13T11:18:07","date_gmt":"2025-08-13T11:18:07","guid":{"rendered":"https:\/\/bpicakmiedzychod.pl\/?page_id=55554"},"modified":"2025-08-22T16:18:00","modified_gmt":"2025-08-22T16:18:00","slug":"senso-maluszki","status":"publish","type":"page","link":"https:\/\/bpicakmiedzychod.pl\/index.php\/centrum-animacji-kultury\/zajecia\/wszystkie-sekcje\/senso-maluszki\/","title":{"rendered":"Senso Maluszki"},"content":{"rendered":"\t\t<div data-elementor-type=\"wp-page\" data-elementor-id=\"55554\" class=\"elementor elementor-55554\" data-elementor-post-type=\"page\">\n\t\t\t\t\t\t<section data-particle_enable=\"false\" data-particle-mobile-disabled=\"false\" class=\"elementor-section elementor-top-section elementor-element elementor-element-832595a elementor-section-full_width elementor-section-height-default elementor-section-height-default\" data-id=\"832595a\" data-element_type=\"section\">\n\t\t\t\t\t\t<div class=\"elementor-container elementor-column-gap-wider\">\n\t\t\t\t\t<div class=\"elementor-column elementor-col-100 elementor-top-column elementor-element elementor-element-b817a8e\" data-id=\"b817a8e\" data-element_type=\"column\">\n\t\t\t<div class=\"elementor-widget-wrap elementor-element-populated\">\n\t\t\t\t\t\t<div class=\"elementor-element elementor-element-2a4ae82 elementor-widget elementor-widget-html\" data-id=\"2a4ae82\" data-element_type=\"widget\" data-widget_type=\"html.default\">\n\t\t\t\t<div class=\"elementor-widget-container\">\n\t\t\t\t\t<style>\n\n@media screen and (max-width: 1000px) {\nbody{margin-left:0px;}\n}\n\n@media screen and (min-width: 1000px) {\nbody{margin-left:60px;}\n}\n\n\n\n<\/style>\t\t\t\t<\/div>\n\t\t\t\t<\/div>\n\t\t\t\t<div class=\"elementor-element elementor-element-12bee10 elementor-widget-divider--view-line elementor-widget elementor-widget-divider\" data-id=\"12bee10\" data-element_type=\"widget\" data-widget_type=\"divider.default\">\n\t\t\t\t<div class=\"elementor-widget-container\">\n\t\t\t\t\t\t\t<div class=\"elementor-divider\">\n\t\t\t<span class=\"elementor-divider-separator\">\n\t\t\t\t\t\t<\/span>\n\t\t<\/div>\n\t\t\t\t\t\t<\/div>\n\t\t\t\t<\/div>\n\t\t\t\t<div class=\"elementor-element elementor-element-2a7a3e2 elementor-widget elementor-widget-heading\" data-id=\"2a7a3e2\" data-element_type=\"widget\" data-widget_type=\"heading.default\">\n\t\t\t\t<div class=\"elementor-widget-container\">\n\t\t\t\t\t<h2 class=\"elementor-heading-title elementor-size-default\">Senso Maluszki - zaj\u0119cia multisensoryczne dla najm\u0142odszych<\/h2>\t\t\t\t<\/div>\n\t\t\t\t<\/div>\n\t\t\t\t\t<\/div>\n\t\t<\/div>\n\t\t\t\t\t<\/div>\n\t\t<\/section>\n\t\t\t\t<section data-particle_enable=\"false\" data-particle-mobile-disabled=\"false\" class=\"elementor-section elementor-top-section elementor-element elementor-element-8773be8 elementor-section-full_width elementor-section-height-default elementor-section-height-default\" data-id=\"8773be8\" data-element_type=\"section\">\n\t\t\t\t\t\t<div class=\"elementor-container elementor-column-gap-wider\">\n\t\t\t\t\t<div class=\"elementor-column elementor-col-100 elementor-top-column elementor-element elementor-element-fac4ad9\" data-id=\"fac4ad9\" data-element_type=\"column\">\n\t\t\t<div class=\"elementor-widget-wrap elementor-element-populated\">\n\t\t\t\t\t\t<div class=\"elementor-element elementor-element-4c43186 elementor-widget elementor-widget-text-editor\" data-id=\"4c43186\" data-element_type=\"widget\" data-widget_type=\"text-editor.default\">\n\t\t\t\t<div class=\"elementor-widget-container\">\n\t\t\t\t\t\t\t\t\t<p data-start=\"277\" data-end=\"568\"><strong data-start=\"277\" data-end=\"295\">Senso Maluszki<\/strong> to magiczna przestrze\u0144 stworzona specjalnie dla najm\u0142odszych dzieci i ich opiekun\u00f3w \u2013 pe\u0142na kolor\u00f3w, d\u017awi\u0119k\u00f3w, faktur i zapach\u00f3w. To tutaj maluchy odkrywaj\u0105 \u015bwiat wszystkimi zmys\u0142ami, rozwijaj\u0105 swoj\u0105 ciekawo\u015b\u0107, motoryk\u0119 i poczucie bezpiecze\u0144stwa poprzez zabaw\u0119 i blisko\u015b\u0107. Zaj\u0119cia multisensoryczne wspieraj\u0105 naturalny rozw\u00f3j dziecka, pobudzaj\u0105c zmys\u0142 wzroku, s\u0142uchu, dotyku, r\u00f3wnowagi i propriocepcji. Ka\u017cde spotkanie to inna przygoda! Zapraszamy maluszki od 6 miesi\u0119cy do 3 lat (wraz z opiekunami) do wsp\u00f3lnego odkrywania \u015bwiata wszystkimi zmys\u0142ami.<\/p><p>Instruktor sekcji: <b>Anna Wo\u017ana <\/b>pedagog sztuki, absolwentka Uniwersytetu Artystycznego w Poznaniu. Od ponad 7 lat z pasj\u0105 pracuje z dzie\u0107mi i doros\u0142ymi, wspieraj\u0105c ich rozw\u00f3j poprzez tw\u00f3rczo\u015b\u0107 i zabaw\u0119. Regularnie poszerza swoje kwalifikacje, m.in. w zakresie arteterapii oraz plastyki sensorycznej, aby jeszcze lepiej odpowiada\u0107 na potrzeby ma\u0142ych i du\u017cych uczestnik\u00f3w zaj\u0119\u0107<b>.<\/b><\/p>\t\t\t\t\t\t\t\t<\/div>\n\t\t\t\t<\/div>\n\t\t\t\t\t<\/div>\n\t\t<\/div>\n\t\t\t\t\t<\/div>\n\t\t<\/section>\n\t\t\t\t<\/div>\n\t\t","protected":false},"excerpt":{"rendered":"<p>Senso Maluszki &#8211; zaj\u0119cia multisensoryczne dla najm\u0142odszych Senso Maluszki to magiczna przestrze\u0144 stworzona specjalnie dla najm\u0142odszych dzieci i ich opiekun\u00f3w \u2013 pe\u0142na kolor\u00f3w, d\u017awi\u0119k\u00f3w, faktur i zapach\u00f3w. To tutaj maluchy odkrywaj\u0105 \u015bwiat wszystkimi zmys\u0142ami, rozwijaj\u0105 swoj\u0105 ciekawo\u015b\u0107, motoryk\u0119 i poczucie bezpiecze\u0144stwa poprzez zabaw\u0119 i blisko\u015b\u0107. Zaj\u0119cia multisensoryczne wspieraj\u0105 naturalny rozw\u00f3j dziecka, pobudzaj\u0105c zmys\u0142 wzroku, s\u0142uchu, [&hellip;]<\/p>\n","protected":false},"author":1,"featured_media":0,"parent":12990,"menu_order":0,"comment_status":"closed","ping_status":"closed","template":"elementor_header_footer","meta":{"footnotes":""},"class_list":["post-55554","page","type-page","status-publish","hentry"],"_links":{"self":[{"href":"https:\/\/bpicakmiedzychod.pl\/index.php\/wp-json\/wp\/v2\/pages\/55554","targetHints":{"allow":["GET"]}}],"collection":[{"href":"https:\/\/bpicakmiedzychod.pl\/index.php\/wp-json\/wp\/v2\/pages"}],"about":[{"href":"https:\/\/bpicakmiedzychod.pl\/index.php\/wp-json\/wp\/v2\/types\/page"}],"author":[{"embeddable":true,"href":"https:\/\/bpicakmiedzychod.pl\/index.php\/wp-json\/wp\/v2\/users\/1"}],"replies":[{"embeddable":true,"href":"https:\/\/bpicakmiedzychod.pl\/index.php\/wp-json\/wp\/v2\/comments?post=55554"}],"version-history":[{"count":16,"href":"https:\/\/bpicakmiedzychod.pl\/index.php\/wp-json\/wp\/v2\/pages\/55554\/revisions"}],"predecessor-version":[{"id":55812,"href":"https:\/\/bpicakmiedzychod.pl\/index.php\/wp-json\/wp\/v2\/pages\/55554\/revisions\/55812"}],"up":[{"embeddable":true,"href":"https:\/\/bpicakmiedzychod.pl\/index.php\/wp-json\/wp\/v2\/pages\/12990"}],"wp:attachment":[{"href":"https:\/\/bpicakmiedzychod.pl\/index.php\/wp-json\/wp\/v2\/media?parent=55554"}],"curies":[{"name":"wp","href":"https:\/\/api.w.org\/{rel}","templated":true}]}}