{"id":57738,"date":"2025-11-04T14:02:22","date_gmt":"2025-11-04T14:02:22","guid":{"rendered":"https:\/\/bpicakmiedzychod.pl\/?page_id=57738"},"modified":"2025-11-04T14:14:21","modified_gmt":"2025-11-04T14:14:21","slug":"rodo-monitoring","status":"publish","type":"page","link":"https:\/\/bpicakmiedzychod.pl\/index.php\/centrum-animacji-kultury\/rodo-monitoring\/","title":{"rendered":"RODO monitoring"},"content":{"rendered":"\t\t<div data-elementor-type=\"wp-page\" data-elementor-id=\"57738\" class=\"elementor elementor-57738\" data-elementor-post-type=\"page\">\n\t\t\t\t\t\t<section data-particle_enable=\"false\" data-particle-mobile-disabled=\"false\" class=\"elementor-section elementor-top-section elementor-element elementor-element-d019bc2 elementor-section-full_width elementor-section-height-default elementor-section-height-default\" data-id=\"d019bc2\" data-element_type=\"section\">\n\t\t\t\t\t\t<div class=\"elementor-container elementor-column-gap-wider\">\n\t\t\t\t\t<div class=\"elementor-column elementor-col-100 elementor-top-column elementor-element elementor-element-db1a10d\" data-id=\"db1a10d\" data-element_type=\"column\">\n\t\t\t<div class=\"elementor-widget-wrap elementor-element-populated\">\n\t\t\t\t\t\t<div class=\"elementor-element elementor-element-3506807 elementor-widget elementor-widget-html\" data-id=\"3506807\" data-element_type=\"widget\" data-widget_type=\"html.default\">\n\t\t\t\t<div class=\"elementor-widget-container\">\n\t\t\t\t\t<style>\n\n@media screen and (max-width: 1000px) {\nbody{margin-left:0px;}\n}\n\n@media screen and (min-width: 1000px) {\nbody{margin-left:60px;}\n}\n\n\n\n<\/style>\t\t\t\t<\/div>\n\t\t\t\t<\/div>\n\t\t\t\t<div class=\"elementor-element elementor-element-bc32f2a elementor-widget-divider--view-line elementor-widget elementor-widget-divider\" data-id=\"bc32f2a\" data-element_type=\"widget\" data-widget_type=\"divider.default\">\n\t\t\t\t<div class=\"elementor-widget-container\">\n\t\t\t\t\t\t\t<div class=\"elementor-divider\">\n\t\t\t<span class=\"elementor-divider-separator\">\n\t\t\t\t\t\t<\/span>\n\t\t<\/div>\n\t\t\t\t\t\t<\/div>\n\t\t\t\t<\/div>\n\t\t\t\t<div class=\"elementor-element elementor-element-26008f5 elementor-widget elementor-widget-heading\" data-id=\"26008f5\" data-element_type=\"widget\" data-widget_type=\"heading.default\">\n\t\t\t\t<div class=\"elementor-widget-container\">\n\t\t\t\t\t<h2 class=\"elementor-heading-title elementor-size-default\">KLAUZULA INFORMACYJNA DOTYCZ\u0104CA PRZETWARZANIA WIZERUNKU (MONITORING WIZYJNY)<\/h2>\t\t\t\t<\/div>\n\t\t\t\t<\/div>\n\t\t\t\t<div class=\"elementor-element elementor-element-1d07e74 elementor-widget__width-initial elementor-widget elementor-widget-text-editor\" data-id=\"1d07e74\" data-element_type=\"widget\" data-widget_type=\"text-editor.default\">\n\t\t\t\t<div class=\"elementor-widget-container\">\n\t\t\t\t\t\t\t\t\t<p>Zgodnie z art. 13 ust. 1 i 2 Rozporz\u0105dzenia Parlamentu Europejskiego i Rady (UE) 2016\/679 z dnia 27 kwietnia 2016 roku w sprawie ochrony os\u00f3b fizycznych w zwi\u0105zku z przetwarzaniem danych osobowych i w sprawie swobodnego przep\u0142ywu takich danych oraz uchylenia dyrektywy 95\/46\/WE (dalej RODO), obowi\u0105zuj\u0105cego od 25 maja 2018 r., informuj\u0119, i\u017c:<\/p>\t\t\t\t\t\t\t\t<\/div>\n\t\t\t\t<\/div>\n\t\t\t\t<div class=\"elementor-element elementor-element-46b111f elementor-widget__width-initial elementor-widget elementor-widget-text-editor\" data-id=\"46b111f\" data-element_type=\"widget\" data-widget_type=\"text-editor.default\">\n\t\t\t\t<div class=\"elementor-widget-container\">\n\t\t\t\t\t\t\t\t\t<p><strong>1<\/strong> Administratorem Pani\/Pana danych osobowych w postaci wizerunku jest Biblioteka Publiczna i Centrum Animacji Kultury im. Jana Daniela Janockiego w Mi\u0119dzychodzie, Plac Ko\u015bciuszki 9, 64-400 Mi\u0119dzych\u00f3d. Kontakt z administratorem jest mo\u017cliwy tak\u017ce za pomoc\u0105 adresu mailowego: <a href=\"mailto:sekretariat@bpicakmiedzychod.pl\">sekretariat@bpicakmiedzychod.pl<\/a>,<\/p><p><strong>2<\/strong> Inspektorem Ochrony Danych jest Aleksandra Cnota-Miko\u0142ajec. Kontakt z inspektorem jest mo\u017cliwy za pomoc\u0105 adres\u00f3w mailowych: aleksandra@eduodo.pl lub iod@eduodo.pl,<\/p><p><strong>3<\/strong> Pani\/Pana dane osobowe w postaci wizerunku przetwarzane b\u0119d\u0105 na podstawie art. 6 ust. 1 lit. e RODO oraz art. 22<sup>2<\/sup> ustawy z dnia 26 czerwca 1974 r. \u2013 Kodeks Pracy celem:<\/p><ol style=\"list-style-type: lower-alpha;\"><li>zapewnienia bezpiecze\u0144stwa pracownikom oraz osobom przebywaj\u0105cym w budynku oraz najbli\u017cszym otoczeniu budynk\u00f3w administratora,<\/li><li>zapewnienia bezpiecze\u0144stwa infrastruktury i zasob\u00f3w nale\u017c\u0105cych do administratora.<\/li><\/ol><p><br \/><strong>4.<\/strong> Odbiorcami Pani\/Pana danych osobowych mog\u0105 by\u0107:<\/p><ol style=\"list-style-type: lower-alpha;\"><li><span style=\"font-size: 1em;\">organy w\u0142adzy publicznej oraz podmioty wykonuj\u0105ce zadania publiczne lub dzia\u0142aj\u0105cych na zlecenie organ\u00f3w w\u0142adzy publicznej, w zakresie i w celach, kt\u00f3re wynikaj\u0105 z przepis\u00f3w powszechnie obowi\u0105zuj\u0105cego prawa,<\/span><\/li><li><span style=\"font-size: 1em;\">inne podmioty, kt\u00f3re na podstawie stosownych um\u00f3w podpisanych z administratorem przetwarzaj\u0105 jego dane osobowe w celu realizacji zada\u0144 serwisowych urz\u0105dze\u0144 rejestruj\u0105cych,<br \/><br \/><\/span><\/li><\/ol><p><strong>5.<\/strong> Pani\/Pana dane osobowe w postaci wizerunku przechowywane b\u0119d\u0105 maksymalnie przez okres 7 dni.<\/p><p><strong>6.<\/strong> Ma Pani\/Pan prawo do \u017c\u0105dania od Administratora:<\/p><ol style=\"list-style-type: lower-alpha;\"><li>dost\u0119pu do nagra\u0144 w uzasadnionych przypadkach,<\/li><li>informacji o istnieniu monitoringu, jego celach, zakresie itp.,<\/li><li>usuni\u0119cia i ograniczenia przetwarzania danych,<\/li><li>anonimizacji wizerunku,<\/li><li>przetwarzania wizerunku przez ograniczony czas,<\/li><li>do wniesienia sprzeciwu wobec przetwarzania danych,<\/li><\/ol><p><strong><br \/>7.<\/strong> W celu skorzystania oraz uzyskania informacji dotycz\u0105cych praw okre\u015blonych powy\u017cej (lit. a-f) nale\u017cy skontaktowa\u0107 si\u0119 z Administratorem lub z Inspektorem Ochrony Danych.<\/p><p><strong>8.<\/strong> Przys\u0142uguje Pani\/Panu prawo do wniesienia skargi do Prezesa Urz\u0119du Ochrony Danych Osobowych, gdy uzna Pani\/Pan, \u017ce przetwarzanie Pani\/Pana danych osobowych narusza przepisy ustawy o ochronie danych osobowych, a od 25 maja 2018 r. Rozporz\u0105dzenia Parlamentu Europejskiego i Rady (UE) 2016\/679 z dnia 27 kwietnia 2016 roku w sprawie ochrony os\u00f3b fizycznych w zwi\u0105zku z przetwarzaniem danych osobowych i w sprawie swobodnego przep\u0142ywu takich danych oraz uchylenia dyrektywy 95\/46\/WE.<\/p>\t\t\t\t\t\t\t\t<\/div>\n\t\t\t\t<\/div>\n\t\t\t\t\t<\/div>\n\t\t<\/div>\n\t\t\t\t\t<\/div>\n\t\t<\/section>\n\t\t\t\t<\/div>\n\t\t","protected":false},"excerpt":{"rendered":"<p>KLAUZULA INFORMACYJNA DOTYCZ\u0104CA PRZETWARZANIA WIZERUNKU (MONITORING WIZYJNY) Zgodnie z art. 13 ust. 1 i 2 Rozporz\u0105dzenia Parlamentu Europejskiego i Rady (UE) 2016\/679 z dnia 27 kwietnia 2016 roku w sprawie ochrony os\u00f3b fizycznych w zwi\u0105zku z przetwarzaniem danych osobowych i w sprawie swobodnego przep\u0142ywu takich danych oraz uchylenia dyrektywy 95\/46\/WE (dalej RODO), obowi\u0105zuj\u0105cego od 25 [&hellip;]<\/p>\n","protected":false},"author":1,"featured_media":0,"parent":11,"menu_order":0,"comment_status":"closed","ping_status":"closed","template":"elementor_header_footer","meta":{"footnotes":""},"class_list":["post-57738","page","type-page","status-publish","hentry"],"_links":{"self":[{"href":"https:\/\/bpicakmiedzychod.pl\/index.php\/wp-json\/wp\/v2\/pages\/57738","targetHints":{"allow":["GET"]}}],"collection":[{"href":"https:\/\/bpicakmiedzychod.pl\/index.php\/wp-json\/wp\/v2\/pages"}],"about":[{"href":"https:\/\/bpicakmiedzychod.pl\/index.php\/wp-json\/wp\/v2\/types\/page"}],"author":[{"embeddable":true,"href":"https:\/\/bpicakmiedzychod.pl\/index.php\/wp-json\/wp\/v2\/users\/1"}],"replies":[{"embeddable":true,"href":"https:\/\/bpicakmiedzychod.pl\/index.php\/wp-json\/wp\/v2\/comments?post=57738"}],"version-history":[{"count":7,"href":"https:\/\/bpicakmiedzychod.pl\/index.php\/wp-json\/wp\/v2\/pages\/57738\/revisions"}],"predecessor-version":[{"id":57745,"href":"https:\/\/bpicakmiedzychod.pl\/index.php\/wp-json\/wp\/v2\/pages\/57738\/revisions\/57745"}],"up":[{"embeddable":true,"href":"https:\/\/bpicakmiedzychod.pl\/index.php\/wp-json\/wp\/v2\/pages\/11"}],"wp:attachment":[{"href":"https:\/\/bpicakmiedzychod.pl\/index.php\/wp-json\/wp\/v2\/media?parent=57738"}],"curies":[{"name":"wp","href":"https:\/\/api.w.org\/{rel}","templated":true}]}}