{"id":6960,"date":"2021-07-08T10:10:18","date_gmt":"2021-07-08T10:10:18","guid":{"rendered":"https:\/\/bpicakmiedzychod.pl\/?page_id=6960"},"modified":"2021-07-08T10:11:29","modified_gmt":"2021-07-08T10:11:29","slug":"czas-na-sztuke-i-muzyke-koncert-w-wykonaniu-meskiego-choru-arion-oraz-wernisaz-malarski-krzysztofa-suterskiego-16-czerwca-2018","status":"publish","type":"page","link":"https:\/\/bpicakmiedzychod.pl\/index.php\/centrum-animacji-kultury\/galeria\/2018-2\/czas-na-sztuke-i-muzyke-koncert-w-wykonaniu-meskiego-choru-arion-oraz-wernisaz-malarski-krzysztofa-suterskiego-16-czerwca-2018\/","title":{"rendered":"Czas na sztuk\u0119 i muzyk\u0119 &#8211; koncert w wykonaniu M\u0119skiego Ch\u00f3ru ARION oraz wernisa\u017c malarski Krzysztofa Suterskiego &#8211; 16 czerwca 2018."},"content":{"rendered":"\t\t<div data-elementor-type=\"wp-page\" data-elementor-id=\"6960\" class=\"elementor elementor-6960\" data-elementor-post-type=\"page\">\n\t\t\t\t\t\t<section data-particle_enable=\"false\" data-particle-mobile-disabled=\"false\" class=\"elementor-section elementor-top-section elementor-element elementor-element-4418592 elementor-section-boxed elementor-section-height-default elementor-section-height-default\" data-id=\"4418592\" data-element_type=\"section\">\n\t\t\t\t\t\t<div class=\"elementor-container elementor-column-gap-default\">\n\t\t\t\t\t<div class=\"elementor-column elementor-col-100 elementor-top-column elementor-element elementor-element-5cb81ec\" data-id=\"5cb81ec\" data-element_type=\"column\">\n\t\t\t<div class=\"elementor-widget-wrap elementor-element-populated\">\n\t\t\t\t\t\t\t<\/div>\n\t\t<\/div>\n\t\t\t\t\t<\/div>\n\t\t<\/section>\n\t\t\t\t<section data-particle_enable=\"false\" data-particle-mobile-disabled=\"false\" class=\"elementor-section elementor-top-section elementor-element elementor-element-dca510c elementor-section-full_width elementor-section-height-default elementor-section-height-default\" data-id=\"dca510c\" data-element_type=\"section\">\n\t\t\t\t\t\t<div class=\"elementor-container elementor-column-gap-default\">\n\t\t\t\t\t<div class=\"elementor-column elementor-col-100 elementor-top-column elementor-element elementor-element-73f0ef5\" data-id=\"73f0ef5\" data-element_type=\"column\">\n\t\t\t<div class=\"elementor-widget-wrap elementor-element-populated\">\n\t\t\t\t\t\t<div class=\"elementor-element elementor-element-4a79cfc elementor-widget elementor-widget-eael-creative-button\" data-id=\"4a79cfc\" data-element_type=\"widget\" data-widget_type=\"eael-creative-button.default\">\n\t\t\t\t<div class=\"elementor-widget-container\">\n\t\t\t\t\t        <div class=\"eael-creative-button-wrapper\">\n\n            <a class=\"eael-creative-button eael-creative-button--winona\" href=\"https:\/\/bpicakmiedzychod.pl\/index.php\/centrum-animacji-kultury\/galeria\/2018-2\/\" data-text=\"Kliknij\">\n            \t    \n                <div class=\"creative-button-inner\">\n\n                                            <span class=\"eael-creative-button-icon-left\"><\/span>                    \n                    <span class=\"cretive-button-text\">Powr\u00f3t do listy galerii<\/span>\n\n                                    <\/div>\n\t                        <\/a>\n        <\/div>\n        \t\t\t\t<\/div>\n\t\t\t\t<\/div>\n\t\t\t\t<div class=\"elementor-element elementor-element-50ebeed elementor-widget elementor-widget-gallery\" data-id=\"50ebeed\" data-element_type=\"widget\" data-settings=\"{&quot;gallery_layout&quot;:&quot;masonry&quot;,&quot;columns&quot;:4,&quot;columns_tablet&quot;:2,&quot;columns_mobile&quot;:1,&quot;gap&quot;:{&quot;unit&quot;:&quot;px&quot;,&quot;size&quot;:10,&quot;sizes&quot;:[]},&quot;gap_tablet&quot;:{&quot;unit&quot;:&quot;px&quot;,&quot;size&quot;:10,&quot;sizes&quot;:[]},&quot;gap_mobile&quot;:{&quot;unit&quot;:&quot;px&quot;,&quot;size&quot;:10,&quot;sizes&quot;:[]},&quot;link_to&quot;:&quot;file&quot;,&quot;overlay_background&quot;:&quot;yes&quot;,&quot;content_hover_animation&quot;:&quot;fade-in&quot;}\" data-widget_type=\"gallery.default\">\n\t\t\t\t<div class=\"elementor-widget-container\">\n\t\t\t\t\t\t\t<div class=\"elementor-gallery__container\">\n\t\t\t\t\t\t\t<a class=\"e-gallery-item elementor-gallery-item elementor-animated-content\" href=\"https:\/\/bpicakmiedzychod.pl\/wp-content\/uploads\/2021\/07\/1-119.jpg\" data-elementor-open-lightbox=\"yes\" data-elementor-lightbox-slideshow=\"50ebeed\" data-elementor-lightbox-title=\"1\" data-e-action-hash=\"#elementor-action%3Aaction%3Dlightbox%26settings%3DeyJpZCI6Njk2MywidXJsIjoiaHR0cHM6XC9cL2JwaWNha21pZWR6eWNob2QucGxcL3dwLWNvbnRlbnRcL3VwbG9hZHNcLzIwMjFcLzA3XC8xLTExOS5qcGciLCJzbGlkZXNob3ciOiI1MGViZWVkIn0%3D\">\n\t\t\t\t\t<div class=\"e-gallery-image elementor-gallery-item__image\" data-thumbnail=\"https:\/\/bpicakmiedzychod.pl\/wp-content\/uploads\/2021\/07\/1-119.jpg\" data-width=\"750\" data-height=\"499\" aria-label=\"\" role=\"img\" ><\/div>\n\t\t\t\t\t\t\t\t\t\t\t<div class=\"elementor-gallery-item__overlay\"><\/div>\n\t\t\t\t\t\t\t\t\t\t\t\t\t\t<\/a>\n\t\t\t\t\t\t\t<a class=\"e-gallery-item elementor-gallery-item elementor-animated-content\" href=\"https:\/\/bpicakmiedzychod.pl\/wp-content\/uploads\/2021\/07\/2-119.jpg\" data-elementor-open-lightbox=\"yes\" data-elementor-lightbox-slideshow=\"50ebeed\" data-elementor-lightbox-title=\"2\" data-e-action-hash=\"#elementor-action%3Aaction%3Dlightbox%26settings%3DeyJpZCI6Njk2NCwidXJsIjoiaHR0cHM6XC9cL2JwaWNha21pZWR6eWNob2QucGxcL3dwLWNvbnRlbnRcL3VwbG9hZHNcLzIwMjFcLzA3XC8yLTExOS5qcGciLCJzbGlkZXNob3ciOiI1MGViZWVkIn0%3D\">\n\t\t\t\t\t<div class=\"e-gallery-image elementor-gallery-item__image\" data-thumbnail=\"https:\/\/bpicakmiedzychod.pl\/wp-content\/uploads\/2021\/07\/2-119.jpg\" data-width=\"750\" data-height=\"500\" aria-label=\"\" role=\"img\" ><\/div>\n\t\t\t\t\t\t\t\t\t\t\t<div class=\"elementor-gallery-item__overlay\"><\/div>\n\t\t\t\t\t\t\t\t\t\t\t\t\t\t<\/a>\n\t\t\t\t\t\t\t<a class=\"e-gallery-item elementor-gallery-item elementor-animated-content\" href=\"https:\/\/bpicakmiedzychod.pl\/wp-content\/uploads\/2021\/07\/3-119.jpg\" data-elementor-open-lightbox=\"yes\" data-elementor-lightbox-slideshow=\"50ebeed\" data-elementor-lightbox-title=\"3\" data-e-action-hash=\"#elementor-action%3Aaction%3Dlightbox%26settings%3DeyJpZCI6Njk2NSwidXJsIjoiaHR0cHM6XC9cL2JwaWNha21pZWR6eWNob2QucGxcL3dwLWNvbnRlbnRcL3VwbG9hZHNcLzIwMjFcLzA3XC8zLTExOS5qcGciLCJzbGlkZXNob3ciOiI1MGViZWVkIn0%3D\">\n\t\t\t\t\t<div class=\"e-gallery-image elementor-gallery-item__image\" data-thumbnail=\"https:\/\/bpicakmiedzychod.pl\/wp-content\/uploads\/2021\/07\/3-119.jpg\" data-width=\"750\" data-height=\"500\" aria-label=\"\" role=\"img\" ><\/div>\n\t\t\t\t\t\t\t\t\t\t\t<div class=\"elementor-gallery-item__overlay\"><\/div>\n\t\t\t\t\t\t\t\t\t\t\t\t\t\t<\/a>\n\t\t\t\t\t\t\t<a class=\"e-gallery-item elementor-gallery-item elementor-animated-content\" href=\"https:\/\/bpicakmiedzychod.pl\/wp-content\/uploads\/2021\/07\/4-119.jpg\" data-elementor-open-lightbox=\"yes\" data-elementor-lightbox-slideshow=\"50ebeed\" data-elementor-lightbox-title=\"4\" data-e-action-hash=\"#elementor-action%3Aaction%3Dlightbox%26settings%3DeyJpZCI6Njk2NiwidXJsIjoiaHR0cHM6XC9cL2JwaWNha21pZWR6eWNob2QucGxcL3dwLWNvbnRlbnRcL3VwbG9hZHNcLzIwMjFcLzA3XC80LTExOS5qcGciLCJzbGlkZXNob3ciOiI1MGViZWVkIn0%3D\">\n\t\t\t\t\t<div class=\"e-gallery-image elementor-gallery-item__image\" data-thumbnail=\"https:\/\/bpicakmiedzychod.pl\/wp-content\/uploads\/2021\/07\/4-119.jpg\" data-width=\"750\" data-height=\"500\" aria-label=\"\" role=\"img\" ><\/div>\n\t\t\t\t\t\t\t\t\t\t\t<div class=\"elementor-gallery-item__overlay\"><\/div>\n\t\t\t\t\t\t\t\t\t\t\t\t\t\t<\/a>\n\t\t\t\t\t\t\t<a class=\"e-gallery-item elementor-gallery-item elementor-animated-content\" href=\"https:\/\/bpicakmiedzychod.pl\/wp-content\/uploads\/2021\/07\/5-117.jpg\" data-elementor-open-lightbox=\"yes\" data-elementor-lightbox-slideshow=\"50ebeed\" data-elementor-lightbox-title=\"5\" data-e-action-hash=\"#elementor-action%3Aaction%3Dlightbox%26settings%3DeyJpZCI6Njk2NywidXJsIjoiaHR0cHM6XC9cL2JwaWNha21pZWR6eWNob2QucGxcL3dwLWNvbnRlbnRcL3VwbG9hZHNcLzIwMjFcLzA3XC81LTExNy5qcGciLCJzbGlkZXNob3ciOiI1MGViZWVkIn0%3D\">\n\t\t\t\t\t<div class=\"e-gallery-image elementor-gallery-item__image\" data-thumbnail=\"https:\/\/bpicakmiedzychod.pl\/wp-content\/uploads\/2021\/07\/5-117.jpg\" data-width=\"750\" data-height=\"500\" aria-label=\"\" role=\"img\" ><\/div>\n\t\t\t\t\t\t\t\t\t\t\t<div class=\"elementor-gallery-item__overlay\"><\/div>\n\t\t\t\t\t\t\t\t\t\t\t\t\t\t<\/a>\n\t\t\t\t\t\t\t<a class=\"e-gallery-item elementor-gallery-item elementor-animated-content\" href=\"https:\/\/bpicakmiedzychod.pl\/wp-content\/uploads\/2021\/07\/6-115.jpg\" data-elementor-open-lightbox=\"yes\" data-elementor-lightbox-slideshow=\"50ebeed\" data-elementor-lightbox-title=\"6\" data-e-action-hash=\"#elementor-action%3Aaction%3Dlightbox%26settings%3DeyJpZCI6Njk2OCwidXJsIjoiaHR0cHM6XC9cL2JwaWNha21pZWR6eWNob2QucGxcL3dwLWNvbnRlbnRcL3VwbG9hZHNcLzIwMjFcLzA3XC82LTExNS5qcGciLCJzbGlkZXNob3ciOiI1MGViZWVkIn0%3D\">\n\t\t\t\t\t<div class=\"e-gallery-image elementor-gallery-item__image\" data-thumbnail=\"https:\/\/bpicakmiedzychod.pl\/wp-content\/uploads\/2021\/07\/6-115.jpg\" data-width=\"750\" data-height=\"500\" aria-label=\"\" role=\"img\" ><\/div>\n\t\t\t\t\t\t\t\t\t\t\t<div class=\"elementor-gallery-item__overlay\"><\/div>\n\t\t\t\t\t\t\t\t\t\t\t\t\t\t<\/a>\n\t\t\t\t\t\t\t<a class=\"e-gallery-item elementor-gallery-item elementor-animated-content\" href=\"https:\/\/bpicakmiedzychod.pl\/wp-content\/uploads\/2021\/07\/7-112.jpg\" data-elementor-open-lightbox=\"yes\" data-elementor-lightbox-slideshow=\"50ebeed\" data-elementor-lightbox-title=\"7\" data-e-action-hash=\"#elementor-action%3Aaction%3Dlightbox%26settings%3DeyJpZCI6Njk2OSwidXJsIjoiaHR0cHM6XC9cL2JwaWNha21pZWR6eWNob2QucGxcL3dwLWNvbnRlbnRcL3VwbG9hZHNcLzIwMjFcLzA3XC83LTExMi5qcGciLCJzbGlkZXNob3ciOiI1MGViZWVkIn0%3D\">\n\t\t\t\t\t<div class=\"e-gallery-image elementor-gallery-item__image\" data-thumbnail=\"https:\/\/bpicakmiedzychod.pl\/wp-content\/uploads\/2021\/07\/7-112.jpg\" data-width=\"750\" data-height=\"499\" aria-label=\"\" role=\"img\" ><\/div>\n\t\t\t\t\t\t\t\t\t\t\t<div class=\"elementor-gallery-item__overlay\"><\/div>\n\t\t\t\t\t\t\t\t\t\t\t\t\t\t<\/a>\n\t\t\t\t\t\t\t<a class=\"e-gallery-item elementor-gallery-item elementor-animated-content\" href=\"https:\/\/bpicakmiedzychod.pl\/wp-content\/uploads\/2021\/07\/8-108.jpg\" data-elementor-open-lightbox=\"yes\" data-elementor-lightbox-slideshow=\"50ebeed\" data-elementor-lightbox-title=\"8\" data-e-action-hash=\"#elementor-action%3Aaction%3Dlightbox%26settings%3DeyJpZCI6Njk3MCwidXJsIjoiaHR0cHM6XC9cL2JwaWNha21pZWR6eWNob2QucGxcL3dwLWNvbnRlbnRcL3VwbG9hZHNcLzIwMjFcLzA3XC84LTEwOC5qcGciLCJzbGlkZXNob3ciOiI1MGViZWVkIn0%3D\">\n\t\t\t\t\t<div class=\"e-gallery-image elementor-gallery-item__image\" data-thumbnail=\"https:\/\/bpicakmiedzychod.pl\/wp-content\/uploads\/2021\/07\/8-108.jpg\" data-width=\"750\" data-height=\"500\" aria-label=\"\" role=\"img\" ><\/div>\n\t\t\t\t\t\t\t\t\t\t\t<div class=\"elementor-gallery-item__overlay\"><\/div>\n\t\t\t\t\t\t\t\t\t\t\t\t\t\t<\/a>\n\t\t\t\t\t\t\t<a class=\"e-gallery-item elementor-gallery-item elementor-animated-content\" href=\"https:\/\/bpicakmiedzychod.pl\/wp-content\/uploads\/2021\/07\/9-102.jpg\" data-elementor-open-lightbox=\"yes\" data-elementor-lightbox-slideshow=\"50ebeed\" data-elementor-lightbox-title=\"9\" data-e-action-hash=\"#elementor-action%3Aaction%3Dlightbox%26settings%3DeyJpZCI6Njk3MSwidXJsIjoiaHR0cHM6XC9cL2JwaWNha21pZWR6eWNob2QucGxcL3dwLWNvbnRlbnRcL3VwbG9hZHNcLzIwMjFcLzA3XC85LTEwMi5qcGciLCJzbGlkZXNob3ciOiI1MGViZWVkIn0%3D\">\n\t\t\t\t\t<div class=\"e-gallery-image elementor-gallery-item__image\" data-thumbnail=\"https:\/\/bpicakmiedzychod.pl\/wp-content\/uploads\/2021\/07\/9-102.jpg\" data-width=\"750\" data-height=\"500\" aria-label=\"\" role=\"img\" ><\/div>\n\t\t\t\t\t\t\t\t\t\t\t<div class=\"elementor-gallery-item__overlay\"><\/div>\n\t\t\t\t\t\t\t\t\t\t\t\t\t\t<\/a>\n\t\t\t\t\t<\/div>\n\t\t\t\t\t<\/div>\n\t\t\t\t<\/div>\n\t\t\t\t\t<\/div>\n\t\t<\/div>\n\t\t\t\t\t<\/div>\n\t\t<\/section>\n\t\t\t\t<\/div>\n\t\t","protected":false},"excerpt":{"rendered":"<p>Powr\u00f3t do listy galerii<\/p>\n","protected":false},"author":1,"featured_media":0,"parent":114,"menu_order":0,"comment_status":"closed","ping_status":"closed","template":"elementor_header_footer","meta":{"footnotes":""},"class_list":["post-6960","page","type-page","status-publish","hentry"],"_links":{"self":[{"href":"https:\/\/bpicakmiedzychod.pl\/index.php\/wp-json\/wp\/v2\/pages\/6960","targetHints":{"allow":["GET"]}}],"collection":[{"href":"https:\/\/bpicakmiedzychod.pl\/index.php\/wp-json\/wp\/v2\/pages"}],"about":[{"href":"https:\/\/bpicakmiedzychod.pl\/index.php\/wp-json\/wp\/v2\/types\/page"}],"author":[{"embeddable":true,"href":"https:\/\/bpicakmiedzychod.pl\/index.php\/wp-json\/wp\/v2\/users\/1"}],"replies":[{"embeddable":true,"href":"https:\/\/bpicakmiedzychod.pl\/index.php\/wp-json\/wp\/v2\/comments?post=6960"}],"version-history":[{"count":4,"href":"https:\/\/bpicakmiedzychod.pl\/index.php\/wp-json\/wp\/v2\/pages\/6960\/revisions"}],"predecessor-version":[{"id":6974,"href":"https:\/\/bpicakmiedzychod.pl\/index.php\/wp-json\/wp\/v2\/pages\/6960\/revisions\/6974"}],"up":[{"embeddable":true,"href":"https:\/\/bpicakmiedzychod.pl\/index.php\/wp-json\/wp\/v2\/pages\/114"}],"wp:attachment":[{"href":"https:\/\/bpicakmiedzychod.pl\/index.php\/wp-json\/wp\/v2\/media?parent=6960"}],"curies":[{"name":"wp","href":"https:\/\/api.w.org\/{rel}","templated":true}]}}