{"id":8192,"date":"2021-07-08T13:31:07","date_gmt":"2021-07-08T13:31:07","guid":{"rendered":"https:\/\/bpicakmiedzychod.pl\/?page_id=8192"},"modified":"2021-07-08T13:32:34","modified_gmt":"2021-07-08T13:32:34","slug":"magia-swiat-bozego-narodzenia-zespol-choralny-totus-tuus-zespol-wokalny-finart-dzieciecy-zespol-wokalny-znak-oraz-studium-muzyczne-arton-20-stycznia-2019","status":"publish","type":"page","link":"https:\/\/bpicakmiedzychod.pl\/index.php\/centrum-animacji-kultury\/galeria\/2019-2\/magia-swiat-bozego-narodzenia-zespol-choralny-totus-tuus-zespol-wokalny-finart-dzieciecy-zespol-wokalny-znak-oraz-studium-muzyczne-arton-20-stycznia-2019\/","title":{"rendered":"Magia \u015awi\u0105t Bo\u017cego Narodzenia &#8211; Zesp\u00f3\u0142 Ch\u00f3ralny Totus Tuus, Zesp\u00f3\u0142 Wokalny FinArt, Dzieci\u0119cy Zesp\u00f3\u0142 Wokalny ZNAK oraz Studium Muzyczne ARTON &#8211; 20 stycznia 2019."},"content":{"rendered":"\t\t<div data-elementor-type=\"wp-page\" data-elementor-id=\"8192\" class=\"elementor elementor-8192\" data-elementor-post-type=\"page\">\n\t\t\t\t\t\t<section data-particle_enable=\"false\" data-particle-mobile-disabled=\"false\" class=\"elementor-section elementor-top-section elementor-element elementor-element-7640fcc elementor-section-boxed elementor-section-height-default elementor-section-height-default\" data-id=\"7640fcc\" data-element_type=\"section\">\n\t\t\t\t\t\t<div class=\"elementor-container elementor-column-gap-default\">\n\t\t\t\t\t<div class=\"elementor-column elementor-col-100 elementor-top-column elementor-element elementor-element-fbe2023\" data-id=\"fbe2023\" data-element_type=\"column\">\n\t\t\t<div class=\"elementor-widget-wrap elementor-element-populated\">\n\t\t\t\t\t\t\t<\/div>\n\t\t<\/div>\n\t\t\t\t\t<\/div>\n\t\t<\/section>\n\t\t\t\t<section data-particle_enable=\"false\" data-particle-mobile-disabled=\"false\" class=\"elementor-section elementor-top-section elementor-element elementor-element-e74394b elementor-section-full_width elementor-section-height-default elementor-section-height-default\" data-id=\"e74394b\" data-element_type=\"section\">\n\t\t\t\t\t\t<div class=\"elementor-container elementor-column-gap-default\">\n\t\t\t\t\t<div class=\"elementor-column elementor-col-100 elementor-top-column elementor-element elementor-element-22d17fe\" data-id=\"22d17fe\" data-element_type=\"column\">\n\t\t\t<div class=\"elementor-widget-wrap elementor-element-populated\">\n\t\t\t\t\t\t<div class=\"elementor-element elementor-element-41e73f0 elementor-widget elementor-widget-eael-creative-button\" data-id=\"41e73f0\" data-element_type=\"widget\" data-widget_type=\"eael-creative-button.default\">\n\t\t\t\t<div class=\"elementor-widget-container\">\n\t\t\t\t\t        <div class=\"eael-creative-button-wrapper\">\n\n            <a class=\"eael-creative-button eael-creative-button--winona\" href=\"https:\/\/bpicakmiedzychod.pl\/index.php\/centrum-animacji-kultury\/galeria\/2019-2\/\" data-text=\"Kliknij\">\n            \t    \n                <div class=\"creative-button-inner\">\n\n                                            <span class=\"eael-creative-button-icon-left\"><\/span>                    \n                    <span class=\"cretive-button-text\">Powr\u00f3t do listy galerii<\/span>\n\n                                    <\/div>\n\t                        <\/a>\n        <\/div>\n        \t\t\t\t<\/div>\n\t\t\t\t<\/div>\n\t\t\t\t<div class=\"elementor-element elementor-element-5fbac07 elementor-widget elementor-widget-gallery\" data-id=\"5fbac07\" data-element_type=\"widget\" data-settings=\"{&quot;gallery_layout&quot;:&quot;masonry&quot;,&quot;columns&quot;:4,&quot;columns_tablet&quot;:2,&quot;columns_mobile&quot;:1,&quot;gap&quot;:{&quot;unit&quot;:&quot;px&quot;,&quot;size&quot;:10,&quot;sizes&quot;:[]},&quot;gap_tablet&quot;:{&quot;unit&quot;:&quot;px&quot;,&quot;size&quot;:10,&quot;sizes&quot;:[]},&quot;gap_mobile&quot;:{&quot;unit&quot;:&quot;px&quot;,&quot;size&quot;:10,&quot;sizes&quot;:[]},&quot;link_to&quot;:&quot;file&quot;,&quot;overlay_background&quot;:&quot;yes&quot;,&quot;content_hover_animation&quot;:&quot;fade-in&quot;}\" data-widget_type=\"gallery.default\">\n\t\t\t\t<div class=\"elementor-widget-container\">\n\t\t\t\t\t\t\t<div class=\"elementor-gallery__container\">\n\t\t\t\t\t\t\t<a class=\"e-gallery-item elementor-gallery-item elementor-animated-content\" href=\"https:\/\/bpicakmiedzychod.pl\/wp-content\/uploads\/2021\/07\/1-160.jpg\" data-elementor-open-lightbox=\"yes\" data-elementor-lightbox-slideshow=\"5fbac07\" data-elementor-lightbox-title=\"1\" data-e-action-hash=\"#elementor-action%3Aaction%3Dlightbox%26settings%3DeyJpZCI6ODE5NCwidXJsIjoiaHR0cHM6XC9cL2JwaWNha21pZWR6eWNob2QucGxcL3dwLWNvbnRlbnRcL3VwbG9hZHNcLzIwMjFcLzA3XC8xLTE2MC5qcGciLCJzbGlkZXNob3ciOiI1ZmJhYzA3In0%3D\">\n\t\t\t\t\t<div class=\"e-gallery-image elementor-gallery-item__image\" data-thumbnail=\"https:\/\/bpicakmiedzychod.pl\/wp-content\/uploads\/2021\/07\/1-160-1024x683.jpg\" data-width=\"800\" data-height=\"534\" aria-label=\"\" role=\"img\" ><\/div>\n\t\t\t\t\t\t\t\t\t\t\t<div class=\"elementor-gallery-item__overlay\"><\/div>\n\t\t\t\t\t\t\t\t\t\t\t\t\t\t<\/a>\n\t\t\t\t\t\t\t<a class=\"e-gallery-item elementor-gallery-item elementor-animated-content\" href=\"https:\/\/bpicakmiedzychod.pl\/wp-content\/uploads\/2021\/07\/2-160.jpg\" data-elementor-open-lightbox=\"yes\" data-elementor-lightbox-slideshow=\"5fbac07\" data-elementor-lightbox-title=\"2\" data-e-action-hash=\"#elementor-action%3Aaction%3Dlightbox%26settings%3DeyJpZCI6ODE5NSwidXJsIjoiaHR0cHM6XC9cL2JwaWNha21pZWR6eWNob2QucGxcL3dwLWNvbnRlbnRcL3VwbG9hZHNcLzIwMjFcLzA3XC8yLTE2MC5qcGciLCJzbGlkZXNob3ciOiI1ZmJhYzA3In0%3D\">\n\t\t\t\t\t<div class=\"e-gallery-image elementor-gallery-item__image\" data-thumbnail=\"https:\/\/bpicakmiedzychod.pl\/wp-content\/uploads\/2021\/07\/2-160-1024x683.jpg\" data-width=\"800\" data-height=\"534\" aria-label=\"\" role=\"img\" ><\/div>\n\t\t\t\t\t\t\t\t\t\t\t<div class=\"elementor-gallery-item__overlay\"><\/div>\n\t\t\t\t\t\t\t\t\t\t\t\t\t\t<\/a>\n\t\t\t\t\t\t\t<a class=\"e-gallery-item elementor-gallery-item elementor-animated-content\" href=\"https:\/\/bpicakmiedzychod.pl\/wp-content\/uploads\/2021\/07\/3-159.jpg\" data-elementor-open-lightbox=\"yes\" data-elementor-lightbox-slideshow=\"5fbac07\" data-elementor-lightbox-title=\"3\" data-e-action-hash=\"#elementor-action%3Aaction%3Dlightbox%26settings%3DeyJpZCI6ODE5NiwidXJsIjoiaHR0cHM6XC9cL2JwaWNha21pZWR6eWNob2QucGxcL3dwLWNvbnRlbnRcL3VwbG9hZHNcLzIwMjFcLzA3XC8zLTE1OS5qcGciLCJzbGlkZXNob3ciOiI1ZmJhYzA3In0%3D\">\n\t\t\t\t\t<div class=\"e-gallery-image elementor-gallery-item__image\" data-thumbnail=\"https:\/\/bpicakmiedzychod.pl\/wp-content\/uploads\/2021\/07\/3-159-1024x682.jpg\" data-width=\"800\" data-height=\"533\" aria-label=\"\" role=\"img\" ><\/div>\n\t\t\t\t\t\t\t\t\t\t\t<div class=\"elementor-gallery-item__overlay\"><\/div>\n\t\t\t\t\t\t\t\t\t\t\t\t\t\t<\/a>\n\t\t\t\t\t\t\t<a class=\"e-gallery-item elementor-gallery-item elementor-animated-content\" href=\"https:\/\/bpicakmiedzychod.pl\/wp-content\/uploads\/2021\/07\/4-160.jpg\" data-elementor-open-lightbox=\"yes\" data-elementor-lightbox-slideshow=\"5fbac07\" data-elementor-lightbox-title=\"4\" data-e-action-hash=\"#elementor-action%3Aaction%3Dlightbox%26settings%3DeyJpZCI6ODE5NywidXJsIjoiaHR0cHM6XC9cL2JwaWNha21pZWR6eWNob2QucGxcL3dwLWNvbnRlbnRcL3VwbG9hZHNcLzIwMjFcLzA3XC80LTE2MC5qcGciLCJzbGlkZXNob3ciOiI1ZmJhYzA3In0%3D\">\n\t\t\t\t\t<div class=\"e-gallery-image elementor-gallery-item__image\" data-thumbnail=\"https:\/\/bpicakmiedzychod.pl\/wp-content\/uploads\/2021\/07\/4-160-1024x683.jpg\" data-width=\"800\" data-height=\"534\" aria-label=\"\" role=\"img\" ><\/div>\n\t\t\t\t\t\t\t\t\t\t\t<div class=\"elementor-gallery-item__overlay\"><\/div>\n\t\t\t\t\t\t\t\t\t\t\t\t\t\t<\/a>\n\t\t\t\t\t\t\t<a class=\"e-gallery-item elementor-gallery-item elementor-animated-content\" href=\"https:\/\/bpicakmiedzychod.pl\/wp-content\/uploads\/2021\/07\/5-157.jpg\" data-elementor-open-lightbox=\"yes\" data-elementor-lightbox-slideshow=\"5fbac07\" data-elementor-lightbox-title=\"5\" data-e-action-hash=\"#elementor-action%3Aaction%3Dlightbox%26settings%3DeyJpZCI6ODE5OCwidXJsIjoiaHR0cHM6XC9cL2JwaWNha21pZWR6eWNob2QucGxcL3dwLWNvbnRlbnRcL3VwbG9hZHNcLzIwMjFcLzA3XC81LTE1Ny5qcGciLCJzbGlkZXNob3ciOiI1ZmJhYzA3In0%3D\">\n\t\t\t\t\t<div class=\"e-gallery-image elementor-gallery-item__image\" data-thumbnail=\"https:\/\/bpicakmiedzychod.pl\/wp-content\/uploads\/2021\/07\/5-157-1024x683.jpg\" data-width=\"800\" data-height=\"534\" aria-label=\"\" role=\"img\" ><\/div>\n\t\t\t\t\t\t\t\t\t\t\t<div class=\"elementor-gallery-item__overlay\"><\/div>\n\t\t\t\t\t\t\t\t\t\t\t\t\t\t<\/a>\n\t\t\t\t\t\t\t<a class=\"e-gallery-item elementor-gallery-item elementor-animated-content\" href=\"https:\/\/bpicakmiedzychod.pl\/wp-content\/uploads\/2021\/07\/6-154.jpg\" data-elementor-open-lightbox=\"yes\" data-elementor-lightbox-slideshow=\"5fbac07\" data-elementor-lightbox-title=\"6\" data-e-action-hash=\"#elementor-action%3Aaction%3Dlightbox%26settings%3DeyJpZCI6ODE5OSwidXJsIjoiaHR0cHM6XC9cL2JwaWNha21pZWR6eWNob2QucGxcL3dwLWNvbnRlbnRcL3VwbG9hZHNcLzIwMjFcLzA3XC82LTE1NC5qcGciLCJzbGlkZXNob3ciOiI1ZmJhYzA3In0%3D\">\n\t\t\t\t\t<div class=\"e-gallery-image elementor-gallery-item__image\" data-thumbnail=\"https:\/\/bpicakmiedzychod.pl\/wp-content\/uploads\/2021\/07\/6-154-1024x683.jpg\" data-width=\"800\" data-height=\"534\" aria-label=\"\" role=\"img\" ><\/div>\n\t\t\t\t\t\t\t\t\t\t\t<div class=\"elementor-gallery-item__overlay\"><\/div>\n\t\t\t\t\t\t\t\t\t\t\t\t\t\t<\/a>\n\t\t\t\t\t\t\t<a class=\"e-gallery-item elementor-gallery-item elementor-animated-content\" href=\"https:\/\/bpicakmiedzychod.pl\/wp-content\/uploads\/2021\/07\/7-149.jpg\" data-elementor-open-lightbox=\"yes\" data-elementor-lightbox-slideshow=\"5fbac07\" data-elementor-lightbox-title=\"7\" data-e-action-hash=\"#elementor-action%3Aaction%3Dlightbox%26settings%3DeyJpZCI6ODIwMCwidXJsIjoiaHR0cHM6XC9cL2JwaWNha21pZWR6eWNob2QucGxcL3dwLWNvbnRlbnRcL3VwbG9hZHNcLzIwMjFcLzA3XC83LTE0OS5qcGciLCJzbGlkZXNob3ciOiI1ZmJhYzA3In0%3D\">\n\t\t\t\t\t<div class=\"e-gallery-image elementor-gallery-item__image\" data-thumbnail=\"https:\/\/bpicakmiedzychod.pl\/wp-content\/uploads\/2021\/07\/7-149-1024x683.jpg\" data-width=\"800\" data-height=\"534\" aria-label=\"\" role=\"img\" ><\/div>\n\t\t\t\t\t\t\t\t\t\t\t<div class=\"elementor-gallery-item__overlay\"><\/div>\n\t\t\t\t\t\t\t\t\t\t\t\t\t\t<\/a>\n\t\t\t\t\t\t\t<a class=\"e-gallery-item elementor-gallery-item elementor-animated-content\" href=\"https:\/\/bpicakmiedzychod.pl\/wp-content\/uploads\/2021\/07\/8-145.jpg\" data-elementor-open-lightbox=\"yes\" data-elementor-lightbox-slideshow=\"5fbac07\" data-elementor-lightbox-title=\"8\" data-e-action-hash=\"#elementor-action%3Aaction%3Dlightbox%26settings%3DeyJpZCI6ODIwMSwidXJsIjoiaHR0cHM6XC9cL2JwaWNha21pZWR6eWNob2QucGxcL3dwLWNvbnRlbnRcL3VwbG9hZHNcLzIwMjFcLzA3XC84LTE0NS5qcGciLCJzbGlkZXNob3ciOiI1ZmJhYzA3In0%3D\">\n\t\t\t\t\t<div class=\"e-gallery-image elementor-gallery-item__image\" data-thumbnail=\"https:\/\/bpicakmiedzychod.pl\/wp-content\/uploads\/2021\/07\/8-145-1024x683.jpg\" data-width=\"800\" data-height=\"534\" aria-label=\"\" role=\"img\" ><\/div>\n\t\t\t\t\t\t\t\t\t\t\t<div class=\"elementor-gallery-item__overlay\"><\/div>\n\t\t\t\t\t\t\t\t\t\t\t\t\t\t<\/a>\n\t\t\t\t\t\t\t<a class=\"e-gallery-item elementor-gallery-item elementor-animated-content\" href=\"https:\/\/bpicakmiedzychod.pl\/wp-content\/uploads\/2021\/07\/9-137.jpg\" data-elementor-open-lightbox=\"yes\" data-elementor-lightbox-slideshow=\"5fbac07\" data-elementor-lightbox-title=\"9\" data-e-action-hash=\"#elementor-action%3Aaction%3Dlightbox%26settings%3DeyJpZCI6ODIwMiwidXJsIjoiaHR0cHM6XC9cL2JwaWNha21pZWR6eWNob2QucGxcL3dwLWNvbnRlbnRcL3VwbG9hZHNcLzIwMjFcLzA3XC85LTEzNy5qcGciLCJzbGlkZXNob3ciOiI1ZmJhYzA3In0%3D\">\n\t\t\t\t\t<div class=\"e-gallery-image elementor-gallery-item__image\" data-thumbnail=\"https:\/\/bpicakmiedzychod.pl\/wp-content\/uploads\/2021\/07\/9-137-1024x683.jpg\" data-width=\"800\" data-height=\"534\" aria-label=\"\" role=\"img\" ><\/div>\n\t\t\t\t\t\t\t\t\t\t\t<div class=\"elementor-gallery-item__overlay\"><\/div>\n\t\t\t\t\t\t\t\t\t\t\t\t\t\t<\/a>\n\t\t\t\t\t\t\t<a class=\"e-gallery-item elementor-gallery-item elementor-animated-content\" href=\"https:\/\/bpicakmiedzychod.pl\/wp-content\/uploads\/2021\/07\/10-124.jpg\" data-elementor-open-lightbox=\"yes\" data-elementor-lightbox-slideshow=\"5fbac07\" data-elementor-lightbox-title=\"10\" data-e-action-hash=\"#elementor-action%3Aaction%3Dlightbox%26settings%3DeyJpZCI6ODIwMywidXJsIjoiaHR0cHM6XC9cL2JwaWNha21pZWR6eWNob2QucGxcL3dwLWNvbnRlbnRcL3VwbG9hZHNcLzIwMjFcLzA3XC8xMC0xMjQuanBnIiwic2xpZGVzaG93IjoiNWZiYWMwNyJ9\">\n\t\t\t\t\t<div class=\"e-gallery-image elementor-gallery-item__image\" data-thumbnail=\"https:\/\/bpicakmiedzychod.pl\/wp-content\/uploads\/2021\/07\/10-124-1024x683.jpg\" data-width=\"800\" data-height=\"534\" aria-label=\"\" role=\"img\" ><\/div>\n\t\t\t\t\t\t\t\t\t\t\t<div class=\"elementor-gallery-item__overlay\"><\/div>\n\t\t\t\t\t\t\t\t\t\t\t\t\t\t<\/a>\n\t\t\t\t\t\t\t<a class=\"e-gallery-item elementor-gallery-item elementor-animated-content\" href=\"https:\/\/bpicakmiedzychod.pl\/wp-content\/uploads\/2021\/07\/11-115.jpg\" data-elementor-open-lightbox=\"yes\" data-elementor-lightbox-slideshow=\"5fbac07\" data-elementor-lightbox-title=\"11\" data-e-action-hash=\"#elementor-action%3Aaction%3Dlightbox%26settings%3DeyJpZCI6ODIwNCwidXJsIjoiaHR0cHM6XC9cL2JwaWNha21pZWR6eWNob2QucGxcL3dwLWNvbnRlbnRcL3VwbG9hZHNcLzIwMjFcLzA3XC8xMS0xMTUuanBnIiwic2xpZGVzaG93IjoiNWZiYWMwNyJ9\">\n\t\t\t\t\t<div class=\"e-gallery-image elementor-gallery-item__image\" data-thumbnail=\"https:\/\/bpicakmiedzychod.pl\/wp-content\/uploads\/2021\/07\/11-115-1024x683.jpg\" data-width=\"800\" data-height=\"534\" aria-label=\"\" role=\"img\" ><\/div>\n\t\t\t\t\t\t\t\t\t\t\t<div class=\"elementor-gallery-item__overlay\"><\/div>\n\t\t\t\t\t\t\t\t\t\t\t\t\t\t<\/a>\n\t\t\t\t\t\t\t<a class=\"e-gallery-item elementor-gallery-item elementor-animated-content\" href=\"https:\/\/bpicakmiedzychod.pl\/wp-content\/uploads\/2021\/07\/12-108.jpg\" data-elementor-open-lightbox=\"yes\" data-elementor-lightbox-slideshow=\"5fbac07\" data-elementor-lightbox-title=\"12\" data-e-action-hash=\"#elementor-action%3Aaction%3Dlightbox%26settings%3DeyJpZCI6ODIwNSwidXJsIjoiaHR0cHM6XC9cL2JwaWNha21pZWR6eWNob2QucGxcL3dwLWNvbnRlbnRcL3VwbG9hZHNcLzIwMjFcLzA3XC8xMi0xMDguanBnIiwic2xpZGVzaG93IjoiNWZiYWMwNyJ9\">\n\t\t\t\t\t<div class=\"e-gallery-image elementor-gallery-item__image\" data-thumbnail=\"https:\/\/bpicakmiedzychod.pl\/wp-content\/uploads\/2021\/07\/12-108-1024x683.jpg\" data-width=\"800\" data-height=\"534\" aria-label=\"\" role=\"img\" ><\/div>\n\t\t\t\t\t\t\t\t\t\t\t<div class=\"elementor-gallery-item__overlay\"><\/div>\n\t\t\t\t\t\t\t\t\t\t\t\t\t\t<\/a>\n\t\t\t\t\t\t\t<a class=\"e-gallery-item elementor-gallery-item elementor-animated-content\" href=\"https:\/\/bpicakmiedzychod.pl\/wp-content\/uploads\/2021\/07\/13-105.jpg\" data-elementor-open-lightbox=\"yes\" data-elementor-lightbox-slideshow=\"5fbac07\" data-elementor-lightbox-title=\"13\" data-e-action-hash=\"#elementor-action%3Aaction%3Dlightbox%26settings%3DeyJpZCI6ODIwNiwidXJsIjoiaHR0cHM6XC9cL2JwaWNha21pZWR6eWNob2QucGxcL3dwLWNvbnRlbnRcL3VwbG9hZHNcLzIwMjFcLzA3XC8xMy0xMDUuanBnIiwic2xpZGVzaG93IjoiNWZiYWMwNyJ9\">\n\t\t\t\t\t<div class=\"e-gallery-image elementor-gallery-item__image\" data-thumbnail=\"https:\/\/bpicakmiedzychod.pl\/wp-content\/uploads\/2021\/07\/13-105-1024x683.jpg\" data-width=\"800\" data-height=\"534\" aria-label=\"\" role=\"img\" ><\/div>\n\t\t\t\t\t\t\t\t\t\t\t<div class=\"elementor-gallery-item__overlay\"><\/div>\n\t\t\t\t\t\t\t\t\t\t\t\t\t\t<\/a>\n\t\t\t\t\t\t\t<a class=\"e-gallery-item elementor-gallery-item elementor-animated-content\" href=\"https:\/\/bpicakmiedzychod.pl\/wp-content\/uploads\/2021\/07\/14-99.jpg\" data-elementor-open-lightbox=\"yes\" data-elementor-lightbox-slideshow=\"5fbac07\" data-elementor-lightbox-title=\"14\" data-e-action-hash=\"#elementor-action%3Aaction%3Dlightbox%26settings%3DeyJpZCI6ODIwNywidXJsIjoiaHR0cHM6XC9cL2JwaWNha21pZWR6eWNob2QucGxcL3dwLWNvbnRlbnRcL3VwbG9hZHNcLzIwMjFcLzA3XC8xNC05OS5qcGciLCJzbGlkZXNob3ciOiI1ZmJhYzA3In0%3D\">\n\t\t\t\t\t<div class=\"e-gallery-image elementor-gallery-item__image\" data-thumbnail=\"https:\/\/bpicakmiedzychod.pl\/wp-content\/uploads\/2021\/07\/14-99-1024x683.jpg\" data-width=\"800\" data-height=\"534\" aria-label=\"\" role=\"img\" ><\/div>\n\t\t\t\t\t\t\t\t\t\t\t<div class=\"elementor-gallery-item__overlay\"><\/div>\n\t\t\t\t\t\t\t\t\t\t\t\t\t\t<\/a>\n\t\t\t\t\t\t\t<a class=\"e-gallery-item elementor-gallery-item elementor-animated-content\" href=\"https:\/\/bpicakmiedzychod.pl\/wp-content\/uploads\/2021\/07\/15-91.jpg\" data-elementor-open-lightbox=\"yes\" data-elementor-lightbox-slideshow=\"5fbac07\" data-elementor-lightbox-title=\"15\" data-e-action-hash=\"#elementor-action%3Aaction%3Dlightbox%26settings%3DeyJpZCI6ODIwOCwidXJsIjoiaHR0cHM6XC9cL2JwaWNha21pZWR6eWNob2QucGxcL3dwLWNvbnRlbnRcL3VwbG9hZHNcLzIwMjFcLzA3XC8xNS05MS5qcGciLCJzbGlkZXNob3ciOiI1ZmJhYzA3In0%3D\">\n\t\t\t\t\t<div class=\"e-gallery-image elementor-gallery-item__image\" data-thumbnail=\"https:\/\/bpicakmiedzychod.pl\/wp-content\/uploads\/2021\/07\/15-91-1024x683.jpg\" data-width=\"800\" data-height=\"534\" aria-label=\"\" role=\"img\" ><\/div>\n\t\t\t\t\t\t\t\t\t\t\t<div class=\"elementor-gallery-item__overlay\"><\/div>\n\t\t\t\t\t\t\t\t\t\t\t\t\t\t<\/a>\n\t\t\t\t\t\t\t<a class=\"e-gallery-item elementor-gallery-item elementor-animated-content\" href=\"https:\/\/bpicakmiedzychod.pl\/wp-content\/uploads\/2021\/07\/16-85.jpg\" data-elementor-open-lightbox=\"yes\" data-elementor-lightbox-slideshow=\"5fbac07\" data-elementor-lightbox-title=\"16\" data-e-action-hash=\"#elementor-action%3Aaction%3Dlightbox%26settings%3DeyJpZCI6ODIwOSwidXJsIjoiaHR0cHM6XC9cL2JwaWNha21pZWR6eWNob2QucGxcL3dwLWNvbnRlbnRcL3VwbG9hZHNcLzIwMjFcLzA3XC8xNi04NS5qcGciLCJzbGlkZXNob3ciOiI1ZmJhYzA3In0%3D\">\n\t\t\t\t\t<div class=\"e-gallery-image elementor-gallery-item__image\" data-thumbnail=\"https:\/\/bpicakmiedzychod.pl\/wp-content\/uploads\/2021\/07\/16-85-1024x683.jpg\" data-width=\"800\" data-height=\"534\" aria-label=\"\" role=\"img\" ><\/div>\n\t\t\t\t\t\t\t\t\t\t\t<div class=\"elementor-gallery-item__overlay\"><\/div>\n\t\t\t\t\t\t\t\t\t\t\t\t\t\t<\/a>\n\t\t\t\t\t\t\t<a class=\"e-gallery-item elementor-gallery-item elementor-animated-content\" href=\"https:\/\/bpicakmiedzychod.pl\/wp-content\/uploads\/2021\/07\/17-80.jpg\" data-elementor-open-lightbox=\"yes\" data-elementor-lightbox-slideshow=\"5fbac07\" data-elementor-lightbox-title=\"17\" data-e-action-hash=\"#elementor-action%3Aaction%3Dlightbox%26settings%3DeyJpZCI6ODIxMCwidXJsIjoiaHR0cHM6XC9cL2JwaWNha21pZWR6eWNob2QucGxcL3dwLWNvbnRlbnRcL3VwbG9hZHNcLzIwMjFcLzA3XC8xNy04MC5qcGciLCJzbGlkZXNob3ciOiI1ZmJhYzA3In0%3D\">\n\t\t\t\t\t<div class=\"e-gallery-image elementor-gallery-item__image\" data-thumbnail=\"https:\/\/bpicakmiedzychod.pl\/wp-content\/uploads\/2021\/07\/17-80-1024x683.jpg\" data-width=\"800\" data-height=\"534\" aria-label=\"\" role=\"img\" ><\/div>\n\t\t\t\t\t\t\t\t\t\t\t<div class=\"elementor-gallery-item__overlay\"><\/div>\n\t\t\t\t\t\t\t\t\t\t\t\t\t\t<\/a>\n\t\t\t\t\t\t\t<a class=\"e-gallery-item elementor-gallery-item elementor-animated-content\" href=\"https:\/\/bpicakmiedzychod.pl\/wp-content\/uploads\/2021\/07\/18-76.jpg\" data-elementor-open-lightbox=\"yes\" data-elementor-lightbox-slideshow=\"5fbac07\" data-elementor-lightbox-title=\"18\" data-e-action-hash=\"#elementor-action%3Aaction%3Dlightbox%26settings%3DeyJpZCI6ODIxMSwidXJsIjoiaHR0cHM6XC9cL2JwaWNha21pZWR6eWNob2QucGxcL3dwLWNvbnRlbnRcL3VwbG9hZHNcLzIwMjFcLzA3XC8xOC03Ni5qcGciLCJzbGlkZXNob3ciOiI1ZmJhYzA3In0%3D\">\n\t\t\t\t\t<div class=\"e-gallery-image elementor-gallery-item__image\" data-thumbnail=\"https:\/\/bpicakmiedzychod.pl\/wp-content\/uploads\/2021\/07\/18-76-1024x682.jpg\" data-width=\"800\" data-height=\"533\" aria-label=\"\" role=\"img\" ><\/div>\n\t\t\t\t\t\t\t\t\t\t\t<div class=\"elementor-gallery-item__overlay\"><\/div>\n\t\t\t\t\t\t\t\t\t\t\t\t\t\t<\/a>\n\t\t\t\t\t\t\t<a class=\"e-gallery-item elementor-gallery-item elementor-animated-content\" href=\"https:\/\/bpicakmiedzychod.pl\/wp-content\/uploads\/2021\/07\/19-72.jpg\" data-elementor-open-lightbox=\"yes\" data-elementor-lightbox-slideshow=\"5fbac07\" data-elementor-lightbox-title=\"19\" data-e-action-hash=\"#elementor-action%3Aaction%3Dlightbox%26settings%3DeyJpZCI6ODIxMiwidXJsIjoiaHR0cHM6XC9cL2JwaWNha21pZWR6eWNob2QucGxcL3dwLWNvbnRlbnRcL3VwbG9hZHNcLzIwMjFcLzA3XC8xOS03Mi5qcGciLCJzbGlkZXNob3ciOiI1ZmJhYzA3In0%3D\">\n\t\t\t\t\t<div class=\"e-gallery-image elementor-gallery-item__image\" data-thumbnail=\"https:\/\/bpicakmiedzychod.pl\/wp-content\/uploads\/2021\/07\/19-72-1024x683.jpg\" data-width=\"800\" data-height=\"534\" aria-label=\"\" role=\"img\" ><\/div>\n\t\t\t\t\t\t\t\t\t\t\t<div class=\"elementor-gallery-item__overlay\"><\/div>\n\t\t\t\t\t\t\t\t\t\t\t\t\t\t<\/a>\n\t\t\t\t\t\t\t<a class=\"e-gallery-item elementor-gallery-item elementor-animated-content\" href=\"https:\/\/bpicakmiedzychod.pl\/wp-content\/uploads\/2021\/07\/20-69.jpg\" data-elementor-open-lightbox=\"yes\" data-elementor-lightbox-slideshow=\"5fbac07\" data-elementor-lightbox-title=\"20\" data-e-action-hash=\"#elementor-action%3Aaction%3Dlightbox%26settings%3DeyJpZCI6ODIxMywidXJsIjoiaHR0cHM6XC9cL2JwaWNha21pZWR6eWNob2QucGxcL3dwLWNvbnRlbnRcL3VwbG9hZHNcLzIwMjFcLzA3XC8yMC02OS5qcGciLCJzbGlkZXNob3ciOiI1ZmJhYzA3In0%3D\">\n\t\t\t\t\t<div class=\"e-gallery-image elementor-gallery-item__image\" data-thumbnail=\"https:\/\/bpicakmiedzychod.pl\/wp-content\/uploads\/2021\/07\/20-69-1024x683.jpg\" data-width=\"800\" data-height=\"534\" aria-label=\"\" role=\"img\" ><\/div>\n\t\t\t\t\t\t\t\t\t\t\t<div class=\"elementor-gallery-item__overlay\"><\/div>\n\t\t\t\t\t\t\t\t\t\t\t\t\t\t<\/a>\n\t\t\t\t\t\t\t<a class=\"e-gallery-item elementor-gallery-item elementor-animated-content\" href=\"https:\/\/bpicakmiedzychod.pl\/wp-content\/uploads\/2021\/07\/21-64.jpg\" data-elementor-open-lightbox=\"yes\" data-elementor-lightbox-slideshow=\"5fbac07\" data-elementor-lightbox-title=\"21\" data-e-action-hash=\"#elementor-action%3Aaction%3Dlightbox%26settings%3DeyJpZCI6ODIxNCwidXJsIjoiaHR0cHM6XC9cL2JwaWNha21pZWR6eWNob2QucGxcL3dwLWNvbnRlbnRcL3VwbG9hZHNcLzIwMjFcLzA3XC8yMS02NC5qcGciLCJzbGlkZXNob3ciOiI1ZmJhYzA3In0%3D\">\n\t\t\t\t\t<div class=\"e-gallery-image elementor-gallery-item__image\" data-thumbnail=\"https:\/\/bpicakmiedzychod.pl\/wp-content\/uploads\/2021\/07\/21-64-1024x683.jpg\" data-width=\"800\" data-height=\"534\" aria-label=\"\" role=\"img\" ><\/div>\n\t\t\t\t\t\t\t\t\t\t\t<div class=\"elementor-gallery-item__overlay\"><\/div>\n\t\t\t\t\t\t\t\t\t\t\t\t\t\t<\/a>\n\t\t\t\t\t\t\t<a class=\"e-gallery-item elementor-gallery-item elementor-animated-content\" href=\"https:\/\/bpicakmiedzychod.pl\/wp-content\/uploads\/2021\/07\/22-60.jpg\" data-elementor-open-lightbox=\"yes\" data-elementor-lightbox-slideshow=\"5fbac07\" data-elementor-lightbox-title=\"22\" data-e-action-hash=\"#elementor-action%3Aaction%3Dlightbox%26settings%3DeyJpZCI6ODIxNSwidXJsIjoiaHR0cHM6XC9cL2JwaWNha21pZWR6eWNob2QucGxcL3dwLWNvbnRlbnRcL3VwbG9hZHNcLzIwMjFcLzA3XC8yMi02MC5qcGciLCJzbGlkZXNob3ciOiI1ZmJhYzA3In0%3D\">\n\t\t\t\t\t<div class=\"e-gallery-image elementor-gallery-item__image\" data-thumbnail=\"https:\/\/bpicakmiedzychod.pl\/wp-content\/uploads\/2021\/07\/22-60-1024x683.jpg\" data-width=\"800\" data-height=\"534\" aria-label=\"\" role=\"img\" ><\/div>\n\t\t\t\t\t\t\t\t\t\t\t<div class=\"elementor-gallery-item__overlay\"><\/div>\n\t\t\t\t\t\t\t\t\t\t\t\t\t\t<\/a>\n\t\t\t\t\t<\/div>\n\t\t\t\t\t<\/div>\n\t\t\t\t<\/div>\n\t\t\t\t\t<\/div>\n\t\t<\/div>\n\t\t\t\t\t<\/div>\n\t\t<\/section>\n\t\t\t\t<\/div>\n\t\t","protected":false},"excerpt":{"rendered":"<p>Powr\u00f3t do listy galerii<\/p>\n","protected":false},"author":1,"featured_media":0,"parent":116,"menu_order":0,"comment_status":"closed","ping_status":"closed","template":"elementor_header_footer","meta":{"footnotes":""},"class_list":["post-8192","page","type-page","status-publish","hentry"],"_links":{"self":[{"href":"https:\/\/bpicakmiedzychod.pl\/index.php\/wp-json\/wp\/v2\/pages\/8192","targetHints":{"allow":["GET"]}}],"collection":[{"href":"https:\/\/bpicakmiedzychod.pl\/index.php\/wp-json\/wp\/v2\/pages"}],"about":[{"href":"https:\/\/bpicakmiedzychod.pl\/index.php\/wp-json\/wp\/v2\/types\/page"}],"author":[{"embeddable":true,"href":"https:\/\/bpicakmiedzychod.pl\/index.php\/wp-json\/wp\/v2\/users\/1"}],"replies":[{"embeddable":true,"href":"https:\/\/bpicakmiedzychod.pl\/index.php\/wp-json\/wp\/v2\/comments?post=8192"}],"version-history":[{"count":4,"href":"https:\/\/bpicakmiedzychod.pl\/index.php\/wp-json\/wp\/v2\/pages\/8192\/revisions"}],"predecessor-version":[{"id":8218,"href":"https:\/\/bpicakmiedzychod.pl\/index.php\/wp-json\/wp\/v2\/pages\/8192\/revisions\/8218"}],"up":[{"embeddable":true,"href":"https:\/\/bpicakmiedzychod.pl\/index.php\/wp-json\/wp\/v2\/pages\/116"}],"wp:attachment":[{"href":"https:\/\/bpicakmiedzychod.pl\/index.php\/wp-json\/wp\/v2\/media?parent=8192"}],"curies":[{"name":"wp","href":"https:\/\/api.w.org\/{rel}","templated":true}]}}